{"id":6184,"date":"2024-09-16T16:00:43","date_gmt":"2024-09-16T14:00:43","guid":{"rendered":"https:\/\/shop.natureneem.com\/politica-de-devolucao-e-reembolso\/"},"modified":"2024-10-07T14:39:56","modified_gmt":"2024-10-07T12:39:56","slug":"politica-de-devolucao-e-reembolso","status":"publish","type":"page","link":"https:\/\/shop.natureneem.com\/pt-pt\/politica-de-devolucao-e-reembolso\/","title":{"rendered":"Pol\u00edtica de devolu\u00e7\u00e3o e reembolso"},"content":{"rendered":"<h3>Obrigado por fazeres as tuas compras na Nature Neem e-Shop.<\/h3>\n<div>\n<p style=\"padding-left: 40px;\">Se, por qualquer raz\u00e3o, n\u00e3o ficares completamente satisfeito com uma compra, convidamos-te a rever a nossa pol\u00edtica de reembolsos e devolu\u00e7\u00f5es.<\/p>\n<p style=\"padding-left: 40px;\">Os seguintes termos s\u00e3o aplic\u00e1veis a quaisquer produtos que tenhas adquirido connosco.<\/p>\n<h2>Interpreta\u00e7\u00e3o e defini\u00e7\u00f5es<\/h2>\n<h3 style=\"padding-left: 40px;\">Interpreta\u00e7\u00e3o<\/h3>\n<p style=\"padding-left: 80px;\">As palavras cuja letra inicial \u00e9 mai\u00fascula t\u00eam significados definidos nas seguintes condi\u00e7\u00f5es.<br \/>\nAs defini\u00e7\u00f5es seguintes t\u00eam o mesmo significado, independentemente do facto de aparecerem no singular ou no plural. <\/p>\n<h3 style=\"padding-left: 40px;\">Defini\u00e7\u00f5es<\/h3>\n<p style=\"padding-left: 80px;\">Para efeitos da presente Pol\u00edtica de Devolu\u00e7\u00e3o e Reembolso:<\/p>\n<ul>\n<li style=\"list-style-type: none;\">\n<ul>\n<li style=\"list-style-type: none;\">\n<ul>\n<li>Empresa (referida como &#8220;a Empresa&#8221;, &#8220;N\u00f3s&#8221;, &#8220;Nos&#8221; ou &#8220;Nosso&#8221; no presente Acordo) refere-se \u00e0 Nature Neem, 58-A, Bajanai Madam Street Namakkal 637 001.<\/li>\n<li>Os bens referem-se aos artigos propostos para venda no Servi\u00e7o.<\/li>\n<li>As encomendas significam um pedido do Utilizador para nos comprar Bens.<\/li>\n<li>O servi\u00e7o refere-se ao s\u00edtio Web.<\/li>\n<li>O s\u00edtio Web remete para a Nature Neem e-Shop, acess\u00edvel a partir de https:\/\/shop.natureneem.com\/<\/li>\n<li>Tu significa o indiv\u00edduo que acede ou utiliza o Servi\u00e7o, ou a empresa, ou outra entidade legal em nome da qual esse indiv\u00edduo est\u00e1 a aceder ou a utilizar o Servi\u00e7o, conforme aplic\u00e1vel.<\/li>\n<\/ul>\n<\/li>\n<\/ul>\n<\/li>\n<\/ul>\n<h3 style=\"padding-left: 40px;\">Os teus direitos de cancelamento da encomenda<\/h3>\n<p style=\"padding-left: 80px;\">Tens o direito de anular a tua encomenda no prazo de 7 dias, sem necessidade de indicar qualquer motivo.<\/p>\n<p style=\"padding-left: 120px;\">O prazo para a anula\u00e7\u00e3o de uma encomenda \u00e9 de 7 dias a contar da data em que o Utilizador recebeu a mercadoria ou em que um terceiro por ele designado, que n\u00e3o seja o transportador, toma posse do produto entregue.<\/p>\n<p style=\"padding-left: 120px;\">Para exerceres o teu direito de cancelamento, tens de nos informar da tua decis\u00e3o atrav\u00e9s de uma declara\u00e7\u00e3o clara.<br \/>\nPodes informar-nos da tua decis\u00e3o atrav\u00e9s de: <\/p>\n<p style=\"padding-left: 120px;\">Por correio eletr\u00f3nico: <strong>info@natureneem.com<\/strong><\/p>\n<p style=\"padding-left: 120px;\">A ESAB reembolsar\u00e1 o Cliente no prazo m\u00e1ximo de 14 dias a contar do dia em que receber os Bens devolvidos.<br \/>\nA ESAB utilizar\u00e1 os mesmos meios de pagamento que o Cliente utilizou para a Encomenda e o Cliente n\u00e3o incorrer\u00e1 em quaisquer taxas por esse reembolso. <\/p>\n<h3 style=\"padding-left: 40px;\">Condi\u00e7\u00f5es de devolu\u00e7\u00e3o<\/h3>\n<p style=\"padding-left: 80px;\">Para que os bens sejam eleg\u00edveis para devolu\u00e7\u00e3o, certifica-te de que:<\/p>\n<ul>\n<li style=\"list-style-type: none;\">\n<ul>\n<li style=\"list-style-type: none;\">\n<ul>\n<li>Os bens foram comprados nos \u00faltimos 7 dias<\/li>\n<li>Os bens est\u00e3o na embalagem original<\/li>\n<li>Os seguintes bens n\u00e3o podem ser devolvidos:\n<ul>\n<li>O fornecimento de Bens feitos de acordo com as especifica\u00e7\u00f5es do Cliente ou claramente personalizados.<\/li>\n<li>Fornecimento de bens que, devido \u00e0 sua natureza, n\u00e3o possam ser devolvidos, se deteriorem rapidamente ou cujo prazo de validade tenha expirado.<\/li>\n<li>O fornecimento de bens que n\u00e3o possam ser devolvidos por raz\u00f5es de prote\u00e7\u00e3o da sa\u00fade ou de higiene e que n\u00e3o tenham sido selados ap\u00f3s a entrega.<\/li>\n<li>O fornecimento de Bens que, ap\u00f3s a entrega, e de acordo com a sua natureza, se encontrem inseparavelmente misturados com outros artigos.<\/li>\n<\/ul>\n<\/li>\n<\/ul>\n<\/li>\n<\/ul>\n<\/li>\n<\/ul>\n<p style=\"padding-left: 80px;\">Reservamo-nos o direito de recusar a devolu\u00e7\u00e3o de qualquer mercadoria que n\u00e3o cumpra as condi\u00e7\u00f5es de devolu\u00e7\u00e3o acima referidas, segundo o nosso crit\u00e9rio exclusivo.<\/p>\n<p style=\"padding-left: 80px;\">Apenas os produtos de pre\u00e7o normal podem ser reembolsados. Infelizmente, os Bens em promo\u00e7\u00e3o n\u00e3o podem ser reembolsados. Esta exclus\u00e3o pode n\u00e3o se aplicar a ti se n\u00e3o for permitida pela legisla\u00e7\u00e3o aplic\u00e1vel.  <\/p>\n<h3 style=\"padding-left: 40px;\">Devolu\u00e7\u00e3o de mercadorias<\/h3>\n<p style=\"padding-left: 80px;\">O Cliente \u00e9 respons\u00e1vel pelo custo e risco da devolu\u00e7\u00e3o dos Bens.<br \/>\nDeves enviar os Bens para a seguinte morada: <\/p>\n<ul>\n<li style=\"list-style-type: none;\">\n<ul>\n<li style=\"list-style-type: none;\">\n<ul>\n<li>Nature Neem<br \/>\n58-A, Bajanai Madam Street<br \/>\nNamakkal 637 001<br \/>\nTamil Nadu, \u00cdndia<\/li>\n<\/ul>\n<\/li>\n<\/ul>\n<\/li>\n<\/ul>\n<p style=\"padding-left: 120px;\">N\u00e3o podemos ser responsabilizados por bens danificados ou perdidos no envio de devolu\u00e7\u00e3o.<br \/>\nPor conseguinte, recomendamos um servi\u00e7o de correio seguro e rastre\u00e1vel. N\u00e3o podemos emitir um reembolso sem a rece\u00e7\u00e3o efectiva dos Produtos ou sem o comprovativo de rece\u00e7\u00e3o da devolu\u00e7\u00e3o. <\/p>\n<h3 style=\"padding-left: 40px;\">Ofertas e produtos gratuitos<\/h3>\n<p style=\"padding-left: 80px;\">Se os Produtos tiverem sido marcados como oferta quando foram comprados e depois enviados diretamente para ti, receber\u00e1s um cr\u00e9dito de oferta no valor da tua devolu\u00e7\u00e3o.<br \/>\nAssim que o produto devolvido for recebido, ser-te-\u00e1 enviado um certificado de oferta. <\/p>\n<p style=\"padding-left: 80px;\">Se os Produtos n\u00e3o tiverem sido marcados como presente aquando da compra, ou se o presenteador tiver enviado a Encomenda para si pr\u00f3prio para a entregar mais tarde a ti, enviaremos o reembolso ao presenteador.<\/p>\n<h3 style=\"padding-left: 40px;\">Contacta-nos<\/h3>\n<p style=\"padding-left: 80px;\">Se tiveres alguma d\u00favida sobre a nossa Pol\u00edtica de Devolu\u00e7\u00f5es e Reembolsos, contacta-nos:<\/p>\n<p style=\"padding-left: 80px;\">Por correio eletr\u00f3nico: <strong>info@natureneem.com<\/strong><\/p>\n<\/div>\n<p style=\"padding-left: 40px; text-align: right;\">Data de entrada em vigor: <strong>5 de maio de 2023<\/strong><\/p>\n","protected":false},"excerpt":{"rendered":"<p>Obrigado por fazeres as tuas compras na Nature Neem e-Shop. Se, por qualquer raz\u00e3o, n\u00e3o ficares completamente satisfeito com uma compra, convidamos-te a rever a nossa pol\u00edtica de reembolsos e devolu\u00e7\u00f5es. Os seguintes termos s\u00e3o aplic\u00e1veis a quaisquer produtos que tenhas adquirido connosco. Interpreta\u00e7\u00e3o e defini\u00e7\u00f5es Interpreta\u00e7\u00e3o As palavras cuja letra inicial \u00e9 mai\u00fascula t\u00eam [&hellip;]<\/p>\n","protected":false},"author":3,"featured_media":0,"parent":0,"menu_order":0,"comment_status":"closed","ping_status":"closed","template":"","meta":{"footnotes":""},"class_list":["post-6184","page","type-page","status-publish","hentry"],"yoast_head":"<!-- This site is optimized with the Yoast SEO Premium plugin v27.1 (Yoast SEO v27.2) - https:\/\/yoast.com\/product\/yoast-seo-premium-wordpress\/ -->\n<title>Pol\u00edtica de devolu\u00e7\u00e3o e reembolso - NatureNeem e-Shop<\/title>\n<meta name=\"robots\" content=\"index, follow, max-snippet:-1, max-image-preview:large, max-video-preview:-1\" \/>\n<link rel=\"canonical\" href=\"https:\/\/shop.natureneem.com\/pt-pt\/politica-de-devolucao-e-reembolso\/\" \/>\n<meta property=\"og:locale\" content=\"pt_PT\" \/>\n<meta property=\"og:type\" content=\"article\" \/>\n<meta property=\"og:title\" content=\"Pol\u00edtica de devolu\u00e7\u00e3o e reembolso\" \/>\n<meta property=\"og:description\" content=\"Obrigado por fazeres as tuas compras na Nature Neem e-Shop. Se, por qualquer raz\u00e3o, n\u00e3o ficares completamente satisfeito com uma compra, convidamos-te a rever a nossa pol\u00edtica de reembolsos e devolu\u00e7\u00f5es. Os seguintes termos s\u00e3o aplic\u00e1veis a quaisquer produtos que tenhas adquirido connosco. Interpreta\u00e7\u00e3o e defini\u00e7\u00f5es Interpreta\u00e7\u00e3o As palavras cuja letra inicial \u00e9 mai\u00fascula t\u00eam [&hellip;]\" \/>\n<meta property=\"og:url\" content=\"https:\/\/shop.natureneem.com\/pt-pt\/politica-de-devolucao-e-reembolso\/\" \/>\n<meta property=\"og:site_name\" content=\"NatureNeem e-Shop\" \/>\n<meta property=\"article:publisher\" content=\"https:\/\/www.facebook.com\/natureneemindia\/\" \/>\n<meta property=\"article:modified_time\" content=\"2024-10-07T12:39:56+00:00\" \/>\n<meta property=\"og:image\" content=\"https:\/\/shop.natureneem.com\/wp-content\/uploads\/2024\/09\/nn-logo-2024_social_yoast2.jpg\" \/>\n\t<meta property=\"og:image:width\" content=\"1200\" \/>\n\t<meta property=\"og:image:height\" content=\"675\" \/>\n\t<meta property=\"og:image:type\" content=\"image\/jpeg\" \/>\n<meta name=\"twitter:card\" content=\"summary_large_image\" \/>\n<meta name=\"twitter:site\" content=\"@natureneem\" \/>\n<meta name=\"twitter:label1\" content=\"Tempo estimado de leitura\" \/>\n\t<meta name=\"twitter:data1\" content=\"4 minutos\" \/>\n<script type=\"application\/ld+json\" class=\"yoast-schema-graph\">{\"@context\":\"https:\/\/schema.org\",\"@graph\":[{\"@type\":\"WebPage\",\"@id\":\"https:\/\/shop.natureneem.com\/pt-pt\/politica-de-devolucao-e-reembolso\/\",\"url\":\"https:\/\/shop.natureneem.com\/pt-pt\/politica-de-devolucao-e-reembolso\/\",\"name\":\"Pol\u00edtica de devolu\u00e7\u00e3o e reembolso - NatureNeem e-Shop\",\"isPartOf\":{\"@id\":\"https:\/\/shop.natureneem.com\/pt-pt\/#website\"},\"datePublished\":\"2024-09-16T14:00:43+00:00\",\"dateModified\":\"2024-10-07T12:39:56+00:00\",\"breadcrumb\":{\"@id\":\"https:\/\/shop.natureneem.com\/pt-pt\/politica-de-devolucao-e-reembolso\/#breadcrumb\"},\"inLanguage\":\"pt-PT\",\"potentialAction\":[{\"@type\":\"ReadAction\",\"target\":[\"https:\/\/shop.natureneem.com\/pt-pt\/politica-de-devolucao-e-reembolso\/\"]}]},{\"@type\":\"BreadcrumbList\",\"@id\":\"https:\/\/shop.natureneem.com\/pt-pt\/politica-de-devolucao-e-reembolso\/#breadcrumb\",\"itemListElement\":[{\"@type\":\"ListItem\",\"position\":1,\"name\":\"Home\",\"item\":\"https:\/\/shop.natureneem.com\/pt-pt\/casa\/\"},{\"@type\":\"ListItem\",\"position\":2,\"name\":\"Pol\u00edtica de devolu\u00e7\u00e3o e reembolso\"}]},{\"@type\":\"WebSite\",\"@id\":\"https:\/\/shop.natureneem.com\/pt-pt\/#website\",\"url\":\"https:\/\/shop.natureneem.com\/pt-pt\/\",\"name\":\"NatureNeem e-Shop\",\"description\":\"Official Shop from Nature Neem\",\"publisher\":{\"@id\":\"https:\/\/shop.natureneem.com\/pt-pt\/#organization\"},\"alternateName\":\"Nature Neem\",\"potentialAction\":[{\"@type\":\"SearchAction\",\"target\":{\"@type\":\"EntryPoint\",\"urlTemplate\":\"https:\/\/shop.natureneem.com\/pt-pt\/?s={search_term_string}\"},\"query-input\":{\"@type\":\"PropertyValueSpecification\",\"valueRequired\":true,\"valueName\":\"search_term_string\"}}],\"inLanguage\":\"pt-PT\"},{\"@type\":\"Organization\",\"@id\":\"https:\/\/shop.natureneem.com\/pt-pt\/#organization\",\"name\":\"Nature Neem\",\"alternateName\":\"Lorsun SAS\",\"url\":\"https:\/\/shop.natureneem.com\/pt-pt\/\",\"logo\":{\"@type\":\"ImageObject\",\"inLanguage\":\"pt-PT\",\"@id\":\"https:\/\/shop.natureneem.com\/pt-pt\/#\/schema\/logo\/image\/\",\"url\":\"https:\/\/shop.natureneem.com\/wp-content\/uploads\/2024\/09\/nn-logo-symbole-2024-01.svg\",\"contentUrl\":\"https:\/\/shop.natureneem.com\/wp-content\/uploads\/2024\/09\/nn-logo-symbole-2024-01.svg\",\"width\":1,\"height\":1,\"caption\":\"Nature Neem\"},\"image\":{\"@id\":\"https:\/\/shop.natureneem.com\/pt-pt\/#\/schema\/logo\/image\/\"},\"sameAs\":[\"https:\/\/www.facebook.com\/natureneemindia\/\",\"https:\/\/x.com\/natureneem\",\"https:\/\/www.youtube.com\/user\/natureneem\",\"https:\/\/www.linkedin.com\/company\/natureneem\"],\"description\":\"Estamos empenhados no desenvolvimento e comercializa\u00e7\u00e3o de solu\u00e7\u00f5es ecol\u00f3gicas. Continuamos a inventar estas solu\u00e7\u00f5es alternativas naturais que podem substituir eficazmente os produtos de s\u00edntese qu\u00edmica que prejudicam o nosso ambiente. A nossa equipa \u00e9 especialmente competente na proposta de insumos agr\u00edcolas biol\u00f3gicos. Tamb\u00e9m actuamos como uma associa\u00e7\u00e3o de pessoas com ideias semelhantes que acreditam que a natureza sustenta a solu\u00e7\u00e3o para todos os problemas ambientais enfrentados pelos seres humanos.   \",\"email\":\"info@natureneem.com\",\"telephone\":\"+91 77084 00899\",\"legalName\":\"NATURE NEEM PRODUCTS\",\"vatID\":\"FR08891657884\",\"numberOfEmployees\":{\"@type\":\"QuantitativeValue\",\"minValue\":\"51\",\"maxValue\":\"200\"},\"publishingPrinciples\":\"https:\/\/shop.natureneem.com\/\",\"actionableFeedbackPolicy\":\"https:\/\/shop.natureneem.com\/return-and-refund-policy\/\",\"hasMerchantReturnPolicy\":{\"@type\":\"MerchantReturnPolicy\",\"merchantReturnLink\":\"https:\/\/shop.natureneem.com\/return-and-refund-policy\/\"}}]}<\/script>\n<!-- \/ Yoast SEO Premium plugin. -->","yoast_head_json":{"title":"Pol\u00edtica de devolu\u00e7\u00e3o e reembolso - NatureNeem e-Shop","robots":{"index":"index","follow":"follow","max-snippet":"max-snippet:-1","max-image-preview":"max-image-preview:large","max-video-preview":"max-video-preview:-1"},"canonical":"https:\/\/shop.natureneem.com\/pt-pt\/politica-de-devolucao-e-reembolso\/","og_locale":"pt_PT","og_type":"article","og_title":"Pol\u00edtica de devolu\u00e7\u00e3o e reembolso","og_description":"Obrigado por fazeres as tuas compras na Nature Neem e-Shop. Se, por qualquer raz\u00e3o, n\u00e3o ficares completamente satisfeito com uma compra, convidamos-te a rever a nossa pol\u00edtica de reembolsos e devolu\u00e7\u00f5es. Os seguintes termos s\u00e3o aplic\u00e1veis a quaisquer produtos que tenhas adquirido connosco. Interpreta\u00e7\u00e3o e defini\u00e7\u00f5es Interpreta\u00e7\u00e3o As palavras cuja letra inicial \u00e9 mai\u00fascula t\u00eam [&hellip;]","og_url":"https:\/\/shop.natureneem.com\/pt-pt\/politica-de-devolucao-e-reembolso\/","og_site_name":"NatureNeem e-Shop","article_publisher":"https:\/\/www.facebook.com\/natureneemindia\/","article_modified_time":"2024-10-07T12:39:56+00:00","og_image":[{"width":1200,"height":675,"url":"https:\/\/shop.natureneem.com\/wp-content\/uploads\/2024\/09\/nn-logo-2024_social_yoast2.jpg","type":"image\/jpeg"}],"twitter_card":"summary_large_image","twitter_site":"@natureneem","twitter_misc":{"Tempo estimado de leitura":"4 minutos"},"schema":{"@context":"https:\/\/schema.org","@graph":[{"@type":"WebPage","@id":"https:\/\/shop.natureneem.com\/pt-pt\/politica-de-devolucao-e-reembolso\/","url":"https:\/\/shop.natureneem.com\/pt-pt\/politica-de-devolucao-e-reembolso\/","name":"Pol\u00edtica de devolu\u00e7\u00e3o e reembolso - NatureNeem e-Shop","isPartOf":{"@id":"https:\/\/shop.natureneem.com\/pt-pt\/#website"},"datePublished":"2024-09-16T14:00:43+00:00","dateModified":"2024-10-07T12:39:56+00:00","breadcrumb":{"@id":"https:\/\/shop.natureneem.com\/pt-pt\/politica-de-devolucao-e-reembolso\/#breadcrumb"},"inLanguage":"pt-PT","potentialAction":[{"@type":"ReadAction","target":["https:\/\/shop.natureneem.com\/pt-pt\/politica-de-devolucao-e-reembolso\/"]}]},{"@type":"BreadcrumbList","@id":"https:\/\/shop.natureneem.com\/pt-pt\/politica-de-devolucao-e-reembolso\/#breadcrumb","itemListElement":[{"@type":"ListItem","position":1,"name":"Home","item":"https:\/\/shop.natureneem.com\/pt-pt\/casa\/"},{"@type":"ListItem","position":2,"name":"Pol\u00edtica de devolu\u00e7\u00e3o e reembolso"}]},{"@type":"WebSite","@id":"https:\/\/shop.natureneem.com\/pt-pt\/#website","url":"https:\/\/shop.natureneem.com\/pt-pt\/","name":"NatureNeem e-Shop","description":"Official Shop from Nature Neem","publisher":{"@id":"https:\/\/shop.natureneem.com\/pt-pt\/#organization"},"alternateName":"Nature Neem","potentialAction":[{"@type":"SearchAction","target":{"@type":"EntryPoint","urlTemplate":"https:\/\/shop.natureneem.com\/pt-pt\/?s={search_term_string}"},"query-input":{"@type":"PropertyValueSpecification","valueRequired":true,"valueName":"search_term_string"}}],"inLanguage":"pt-PT"},{"@type":"Organization","@id":"https:\/\/shop.natureneem.com\/pt-pt\/#organization","name":"Nature Neem","alternateName":"Lorsun SAS","url":"https:\/\/shop.natureneem.com\/pt-pt\/","logo":{"@type":"ImageObject","inLanguage":"pt-PT","@id":"https:\/\/shop.natureneem.com\/pt-pt\/#\/schema\/logo\/image\/","url":"https:\/\/shop.natureneem.com\/wp-content\/uploads\/2024\/09\/nn-logo-symbole-2024-01.svg","contentUrl":"https:\/\/shop.natureneem.com\/wp-content\/uploads\/2024\/09\/nn-logo-symbole-2024-01.svg","width":1,"height":1,"caption":"Nature Neem"},"image":{"@id":"https:\/\/shop.natureneem.com\/pt-pt\/#\/schema\/logo\/image\/"},"sameAs":["https:\/\/www.facebook.com\/natureneemindia\/","https:\/\/x.com\/natureneem","https:\/\/www.youtube.com\/user\/natureneem","https:\/\/www.linkedin.com\/company\/natureneem"],"description":"Estamos empenhados no desenvolvimento e comercializa\u00e7\u00e3o de solu\u00e7\u00f5es ecol\u00f3gicas. Continuamos a inventar estas solu\u00e7\u00f5es alternativas naturais que podem substituir eficazmente os produtos de s\u00edntese qu\u00edmica que prejudicam o nosso ambiente. A nossa equipa \u00e9 especialmente competente na proposta de insumos agr\u00edcolas biol\u00f3gicos. Tamb\u00e9m actuamos como uma associa\u00e7\u00e3o de pessoas com ideias semelhantes que acreditam que a natureza sustenta a solu\u00e7\u00e3o para todos os problemas ambientais enfrentados pelos seres humanos.   ","email":"info@natureneem.com","telephone":"+91 77084 00899","legalName":"NATURE NEEM PRODUCTS","vatID":"FR08891657884","numberOfEmployees":{"@type":"QuantitativeValue","minValue":"51","maxValue":"200"},"publishingPrinciples":"https:\/\/shop.natureneem.com\/","actionableFeedbackPolicy":"https:\/\/shop.natureneem.com\/return-and-refund-policy\/","hasMerchantReturnPolicy":{"@type":"MerchantReturnPolicy","merchantReturnLink":"https:\/\/shop.natureneem.com\/return-and-refund-policy\/"}}]}},"_links":{"self":[{"href":"https:\/\/shop.natureneem.com\/pt-pt\/wp-json\/wp\/v2\/pages\/6184","targetHints":{"allow":["GET"]}}],"collection":[{"href":"https:\/\/shop.natureneem.com\/pt-pt\/wp-json\/wp\/v2\/pages"}],"about":[{"href":"https:\/\/shop.natureneem.com\/pt-pt\/wp-json\/wp\/v2\/types\/page"}],"author":[{"embeddable":true,"href":"https:\/\/shop.natureneem.com\/pt-pt\/wp-json\/wp\/v2\/users\/3"}],"replies":[{"embeddable":true,"href":"https:\/\/shop.natureneem.com\/pt-pt\/wp-json\/wp\/v2\/comments?post=6184"}],"version-history":[{"count":0,"href":"https:\/\/shop.natureneem.com\/pt-pt\/wp-json\/wp\/v2\/pages\/6184\/revisions"}],"wp:attachment":[{"href":"https:\/\/shop.natureneem.com\/pt-pt\/wp-json\/wp\/v2\/media?parent=6184"}],"curies":[{"name":"wp","href":"https:\/\/api.w.org\/{rel}","templated":true}]}}