{"id":10187,"date":"2024-11-27T20:31:38","date_gmt":"2024-11-27T19:31:38","guid":{"rendered":"https:\/\/shop.natureneem.com\/e-shop\/oleo-de-mostarda\/"},"modified":"2025-04-03T00:10:48","modified_gmt":"2025-04-02T22:10:48","slug":"oleo-de-mostarda","status":"publish","type":"product","link":"https:\/\/shop.natureneem.com\/pt-pt\/e-shop\/oleo-de-mostarda\/","title":{"rendered":"\u00d3leo de mostarda"},"content":{"rendered":"<h2 style=\"text-align: left;\"><strong>\u00d3leo 100% puro, prensado a frio, de sementes de mostarda amarela<\/strong><\/h2>\n<h3 style=\"text-align: justify;\"><strong>O que \u00e9 que faz a diferen\u00e7a no nosso \u00f3leo de mostarda?<\/strong><\/h3>\n<h4 style=\"text-align: justify; padding-left: 40px;\"><strong>\u00d3leo de mostarda Nature Neem<\/strong><\/h4>\n<div style=\"text-align: justify; padding-left: 40px;\">O nosso \u00f3leo de mostarda \u00e9 obtido a partir das sementes de mostarda amarela Brassica Alba, que t\u00eam um baixo teor de \u00e1cido er\u00facico (tamb\u00e9m chamada mostarda branca). \u00c9 prensado a frio, n\u00e3o refinado e puro. Al\u00e9m disso, o sabor \u00e9 mais vibrante e pungente e a cor \u00e9 mais escura, o que indica a sua pureza e composi\u00e7\u00e3o natural.  <\/div>\n<h4 style=\"text-align: justify; padding-left: 40px;\"><strong>Outros \u00f3leos de mostarda mais baratos<\/strong><\/h4>\n<p style=\"text-align: justify; padding-left: 40px;\">A maioria dos produtos de \u00f3leo de mostarda dispon\u00edveis no mercado \u00e9 obtida atrav\u00e9s de m\u00e9todos de extra\u00e7\u00e3o mais baratos, utilizando solventes qu\u00edmicos e calor elevado. O cheiro deste \u00f3leo extra\u00eddo quimicamente \u00e9 t\u00e3o ran\u00e7oso que \u00e9 feito usando um processo de branqueamento para o desodorizar. Por isso, este \u00f3leo n\u00e3o refinado parece ser claro e mais barato. Al\u00e9m disso, este processo industrial cria \u00e1cidos gordos inflamat\u00f3rios \u00f3mega 6 e \u00e1cido er\u00facico que n\u00e3o s\u00e3o bons para o nosso corpo.   <\/p>\n<h3 style=\"text-align: justify;\"><strong>Benef\u00edcios do \u00f3leo de mostarda para a pele<\/strong><\/h3>\n<ul>\n<li style=\"text-align: justify;\"><strong>Elimina as linhas e as rugas da pele: <\/strong>Os \u00e1cidos \u00f3mega ricos e o \u00e1cido alfa-linol\u00e9nico previnem o envelhecimento precoce da pele. O \u00f3leo de mostarda aumenta a produ\u00e7\u00e3o de colag\u00e9nio, essencial para manter a pele jovem. <\/li>\n<li style=\"text-align: justify;\"><strong>Erup\u00e7\u00f5es cut\u00e2neas: <\/strong>As suas propriedades antimicrobianas e antif\u00fangicas s\u00e3o eficazes no tratamento de problemas de pele como erup\u00e7\u00f5es cut\u00e2neas, borbulhas e comich\u00e3o. \u00c9 um bom rem\u00e9dio para as alergias da pele. <\/li>\n<li style=\"text-align: justify;\"><strong>Esfolia\u00e7\u00e3o: <\/strong>O \u00f3leo de mostarda \u00e9 utilizado para esfoliar e nutrir a pele. Limpa os poros da pele, actua como um produto de limpeza natural e d\u00e1-lhe um tom de pele mais brilhante. <\/li>\n<\/ul>\n<h3 style=\"text-align: justify;\"><strong>\u00d3leo de mostarda para a tosse e a constipa\u00e7\u00e3o<\/strong><\/h3>\n<p style=\"text-align: justify; padding-left: 40px;\">\u00c9 um rem\u00e9dio natural para as constipa\u00e7\u00f5es, a tosse e a congest\u00e3o. Inalar vapor contendo \u00f3leo de mostarda \u00e9 conhecido por limpar a congest\u00e3o e trazer al\u00edvio. Tamb\u00e9m \u00e9 \u00fatil para quem sofre de sinusite. O \u00f3leo de mostarda ligeiramente aquecido com alho e cravinho e massajado no peito e nos p\u00e9s alivia a constipa\u00e7\u00e3o e a tosse.   <\/p>\n<h3 style=\"text-align: justify;\"><strong>\u00d3leo de mostarda para o cabelo<\/strong><\/h3>\n<ul>\n<li style=\"text-align: justify;\">O \u00f3leo de mostarda tamb\u00e9m pode ser utilizado para obteres as tran\u00e7as dos teus sonhos. Os benef\u00edcios do \u00f3leo de mostarda para o cabelo podem ser atribu\u00eddos \u00e0 presen\u00e7a de \u00e1cidos gordos \u00f3mega. <\/li>\n<li style=\"text-align: justify;\">Ajuda a manter a humidade do cabelo e a mant\u00ea-lo sedoso e vivo.<\/li>\n<li style=\"text-align: justify;\">Massajar o \u00f3leo de mostarda no couro cabeludo nutre e fortalece o couro cabeludo e d\u00e1 brilho ao cabelo.<\/li>\n<li style=\"text-align: justify;\">Sendo um estimulante natural, o \u00f3leo de mostarda melhora a circula\u00e7\u00e3o sangu\u00ednea no couro cabeludo. Uma circula\u00e7\u00e3o sangu\u00ednea eficiente reduz a queda e o enfraquecimento do cabelo causados por uma circula\u00e7\u00e3o inadequada. <\/li>\n<li style=\"text-align: justify;\">Podes preparar uma m\u00e1scara capilar de \u00f3leo de mostarda da seguinte forma :\n<ul>\n<li style=\"text-align: justify;\">Mistura 1 colher de sopa de \u00f3leo de mostarda, \u00f3leo de jojoba e \u00f3leo de am\u00eandoa.<\/li>\n<li style=\"text-align: justify;\">Aquece o \u00f3leo durante 10 segundos.<\/li>\n<li style=\"text-align: justify;\">Aplica a m\u00e1scara nas ra\u00edzes e nas madeixas.<\/li>\n<li style=\"text-align: justify;\">Deixa atuar durante 30 minutos e lava o cabelo com \u00e1gua morna.<\/li>\n<\/ul>\n<\/li>\n<\/ul>\n<h3><strong>Conserva\u00e7\u00e3o<\/strong><\/h3>\n<p style=\"padding-left: 40px;\">Pode ser guardado num local fresco e seco durante pelo menos 2 anos.<br \/>\nMas depois de aberto, guarda no frigor\u00edfico e consome no prazo de 3 meses.<\/p>\n<p style=\"padding-left: 40px;\">A melhor qualidade em \u00f3leo prensado a frio de sementes de mostarda.<\/p>\n","protected":false},"excerpt":{"rendered":"<p>Com a sua hist\u00f3ria rica e significado cultural, o \u00f3leo de mostarda tem sido parte integrante da civiliza\u00e7\u00e3o humana durante s\u00e9culos.<\/p>\n<p>Os textos ayurv\u00e9dicos mencionam o \u00f3leo de mostarda como um rem\u00e9dio potente para v\u00e1rias doen\u00e7as.<\/p>\n","protected":false},"featured_media":10037,"comment_status":"closed","ping_status":"closed","template":"","meta":[],"product_brand":[],"product_cat":[683],"product_tag":[],"class_list":{"0":"post-10187","1":"product","2":"type-product","3":"status-publish","4":"has-post-thumbnail","6":"product_cat-outros-produtos","7":"product_shipping_class-0-6kg-pt-pt","9":"first","10":"instock","11":"sale","12":"shipping-taxable","13":"purchasable","14":"product-type-simple"},"yoast_head":"<!-- This site is optimized with the Yoast SEO Premium plugin v27.1 (Yoast SEO v27.2) - https:\/\/yoast.com\/product\/yoast-seo-premium-wordpress\/ -->\n<title>\u00d3leo de sementes de mostarda prensado a frio - Qualidade pura - NatureNeem e-Shop<\/title>\n<meta name=\"description\" content=\"Descobre os benef\u00edcios do \u00f3leo prensado a frio de sementes de mostarda. Este \u00f3leo n\u00e3o refinado promove a sa\u00fade da pele enquanto melhora os teus cozinhados! \ud83c\udf31 \u00d3leo de mostarda para o cabelo \ud83d\udc69\ud83c\udffd\u200d\ud83e\uddb0\ud83d\udc71\ud83c\udffd\u200d\u2640\ufe0f\ud83d\udc69\ud83c\udffd\" \/>\n<meta name=\"robots\" content=\"index, follow, max-snippet:-1, max-image-preview:large, max-video-preview:-1\" \/>\n<link rel=\"canonical\" href=\"https:\/\/shop.natureneem.com\/pt-pt\/e-shop\/oleo-de-mostarda\/\" \/>\n<meta property=\"og:locale\" content=\"pt_PT\" \/>\n<meta property=\"og:type\" content=\"article\" \/>\n<meta property=\"og:title\" content=\"\u00d3leo de mostarda\" \/>\n<meta property=\"og:description\" content=\"Descobre os benef\u00edcios do \u00f3leo prensado a frio de sementes de mostarda. Este \u00f3leo n\u00e3o refinado promove a sa\u00fade da pele enquanto melhora os teus cozinhados! \ud83c\udf31 \u00d3leo de mostarda para o cabelo \ud83d\udc69\ud83c\udffd\u200d\ud83e\uddb0\ud83d\udc71\ud83c\udffd\u200d\u2640\ufe0f\ud83d\udc69\ud83c\udffd\" \/>\n<meta property=\"og:url\" content=\"https:\/\/shop.natureneem.com\/pt-pt\/e-shop\/oleo-de-mostarda\/\" \/>\n<meta property=\"og:site_name\" content=\"NatureNeem e-Shop\" \/>\n<meta property=\"article:publisher\" content=\"https:\/\/www.facebook.com\/natureneemindia\/\" \/>\n<meta property=\"article:modified_time\" content=\"2025-04-02T22:10:48+00:00\" \/>\n<meta property=\"og:image\" content=\"https:\/\/shop.natureneem.com\/wp-content\/uploads\/2024\/11\/NN-Mustard_Oil_500ml_2024-11-28_01.jpg\" \/>\n\t<meta property=\"og:image:width\" content=\"2000\" \/>\n\t<meta property=\"og:image:height\" content=\"2000\" \/>\n\t<meta property=\"og:image:type\" content=\"image\/jpeg\" \/>\n<meta name=\"twitter:card\" content=\"summary_large_image\" \/>\n<meta name=\"twitter:site\" content=\"@natureneem\" \/>\n<meta name=\"twitter:label1\" content=\"pre\u00e7o\" \/>\n\t<meta name=\"twitter:data1\" content=\"11,99&nbsp;&euro;\" \/>\n\t<meta name=\"twitter:label2\" content=\"Disponibilidade\" \/>\n\t<meta name=\"twitter:data2\" content=\"Em stock\" \/>\n<script type=\"application\/ld+json\" class=\"yoast-schema-graph\">{\"@context\":\"https:\/\/schema.org\",\"@graph\":[{\"@type\":\"WebPage\",\"@id\":\"https:\/\/shop.natureneem.com\/pt-pt\/e-shop\/oleo-de-mostarda\/\",\"url\":\"https:\/\/shop.natureneem.com\/pt-pt\/e-shop\/oleo-de-mostarda\/\",\"name\":\"\u00d3leo de sementes de mostarda prensado a frio - Qualidade pura - NatureNeem e-Shop\",\"isPartOf\":{\"@id\":\"https:\/\/shop.natureneem.com\/pt-pt\/#website\"},\"primaryImageOfPage\":{\"@id\":\"https:\/\/shop.natureneem.com\/pt-pt\/e-shop\/oleo-de-mostarda\/#primaryimage\"},\"image\":{\"@id\":\"https:\/\/shop.natureneem.com\/pt-pt\/e-shop\/oleo-de-mostarda\/#primaryimage\"},\"thumbnailUrl\":\"https:\/\/shop.natureneem.com\/wp-content\/uploads\/2024\/11\/NN-Mustard_Oil_500ml_2024-11-28_01.jpg\",\"datePublished\":\"2024-11-27T19:31:38+00:00\",\"dateModified\":\"2025-04-02T22:10:48+00:00\",\"description\":\"Descobre os benef\u00edcios do \u00f3leo prensado a frio de sementes de mostarda. Este \u00f3leo n\u00e3o refinado promove a sa\u00fade da pele enquanto melhora os teus cozinhados! \ud83c\udf31 \u00d3leo de mostarda para o cabelo \ud83d\udc69\ud83c\udffd\u200d\ud83e\uddb0\ud83d\udc71\ud83c\udffd\u200d\u2640\ufe0f\ud83d\udc69\ud83c\udffd\",\"breadcrumb\":{\"@id\":\"https:\/\/shop.natureneem.com\/pt-pt\/e-shop\/oleo-de-mostarda\/#breadcrumb\"},\"inLanguage\":\"pt-PT\",\"potentialAction\":[{\"@type\":\"ReadAction\",\"target\":[\"https:\/\/shop.natureneem.com\/pt-pt\/e-shop\/oleo-de-mostarda\/\"]}]},{\"@type\":\"ImageObject\",\"inLanguage\":\"pt-PT\",\"@id\":\"https:\/\/shop.natureneem.com\/pt-pt\/e-shop\/oleo-de-mostarda\/#primaryimage\",\"url\":\"https:\/\/shop.natureneem.com\/wp-content\/uploads\/2024\/11\/NN-Mustard_Oil_500ml_2024-11-28_01.jpg\",\"contentUrl\":\"https:\/\/shop.natureneem.com\/wp-content\/uploads\/2024\/11\/NN-Mustard_Oil_500ml_2024-11-28_01.jpg\",\"width\":2000,\"height\":2000,\"caption\":\"\u00d3leo de mostarda da Nature Neem (Brassica Alba) \u00d3leo de sementes de mostarda Nature Neem \u00cdndia\"},{\"@type\":\"BreadcrumbList\",\"@id\":\"https:\/\/shop.natureneem.com\/pt-pt\/e-shop\/oleo-de-mostarda\/#breadcrumb\",\"itemListElement\":[{\"@type\":\"ListItem\",\"position\":1,\"name\":\"Home\",\"item\":\"https:\/\/shop.natureneem.com\/pt-pt\/casa\/\"},{\"@type\":\"ListItem\",\"position\":2,\"name\":\"Loja virtual\",\"item\":\"https:\/\/shop.natureneem.com\/pt-pt\/loja-virtual\/\"},{\"@type\":\"ListItem\",\"position\":3,\"name\":\"\u00d3leo de mostarda\"}]},{\"@type\":\"WebSite\",\"@id\":\"https:\/\/shop.natureneem.com\/pt-pt\/#website\",\"url\":\"https:\/\/shop.natureneem.com\/pt-pt\/\",\"name\":\"NatureNeem e-Shop\",\"description\":\"Official Shop from Nature Neem\",\"publisher\":{\"@id\":\"https:\/\/shop.natureneem.com\/pt-pt\/#organization\"},\"alternateName\":\"Nature Neem\",\"potentialAction\":[{\"@type\":\"SearchAction\",\"target\":{\"@type\":\"EntryPoint\",\"urlTemplate\":\"https:\/\/shop.natureneem.com\/pt-pt\/?s={search_term_string}\"},\"query-input\":{\"@type\":\"PropertyValueSpecification\",\"valueRequired\":true,\"valueName\":\"search_term_string\"}}],\"inLanguage\":\"pt-PT\"},{\"@type\":\"Organization\",\"@id\":\"https:\/\/shop.natureneem.com\/pt-pt\/#organization\",\"name\":\"Nature Neem\",\"alternateName\":\"Lorsun SAS\",\"url\":\"https:\/\/shop.natureneem.com\/pt-pt\/\",\"logo\":{\"@type\":\"ImageObject\",\"inLanguage\":\"pt-PT\",\"@id\":\"https:\/\/shop.natureneem.com\/pt-pt\/#\/schema\/logo\/image\/\",\"url\":\"https:\/\/shop.natureneem.com\/wp-content\/uploads\/2024\/09\/nn-logo-symbole-2024-01.svg\",\"contentUrl\":\"https:\/\/shop.natureneem.com\/wp-content\/uploads\/2024\/09\/nn-logo-symbole-2024-01.svg\",\"width\":1,\"height\":1,\"caption\":\"Nature Neem\"},\"image\":{\"@id\":\"https:\/\/shop.natureneem.com\/pt-pt\/#\/schema\/logo\/image\/\"},\"sameAs\":[\"https:\/\/www.facebook.com\/natureneemindia\/\",\"https:\/\/x.com\/natureneem\",\"https:\/\/www.youtube.com\/user\/natureneem\",\"https:\/\/www.linkedin.com\/company\/natureneem\"],\"description\":\"Estamos empenhados no desenvolvimento e comercializa\u00e7\u00e3o de solu\u00e7\u00f5es ecol\u00f3gicas. Continuamos a inventar estas solu\u00e7\u00f5es alternativas naturais que podem substituir eficazmente os produtos de s\u00edntese qu\u00edmica que prejudicam o nosso ambiente. A nossa equipa \u00e9 especialmente competente na proposta de insumos agr\u00edcolas biol\u00f3gicos. Tamb\u00e9m actuamos como uma associa\u00e7\u00e3o de pessoas com ideias semelhantes que acreditam que a natureza sustenta a solu\u00e7\u00e3o para todos os problemas ambientais enfrentados pelos seres humanos.   \",\"email\":\"info@natureneem.com\",\"telephone\":\"+91 77084 00899\",\"legalName\":\"NATURE NEEM PRODUCTS\",\"vatID\":\"FR08891657884\",\"numberOfEmployees\":{\"@type\":\"QuantitativeValue\",\"minValue\":\"51\",\"maxValue\":\"200\"},\"publishingPrinciples\":\"https:\/\/shop.natureneem.com\/\",\"actionableFeedbackPolicy\":\"https:\/\/shop.natureneem.com\/return-and-refund-policy\/\",\"hasMerchantReturnPolicy\":{\"@type\":\"MerchantReturnPolicy\",\"merchantReturnLink\":\"https:\/\/shop.natureneem.com\/return-and-refund-policy\/\"}}]}<\/script>\n<meta property=\"product:price:amount\" content=\"11.99\" \/>\n<meta property=\"product:price:currency\" content=\"EUR\" \/>\n<meta property=\"og:availability\" content=\"instock\" \/>\n<meta property=\"product:availability\" content=\"instock\" \/>\n<meta property=\"product:retailer_item_id\" content=\"NN-MO-0500\" \/>\n<meta property=\"product:condition\" content=\"new\" \/>\n<!-- \/ Yoast SEO Premium plugin. -->","yoast_head_json":{"title":"\u00d3leo de sementes de mostarda prensado a frio - Qualidade pura - NatureNeem e-Shop","description":"Descobre os benef\u00edcios do \u00f3leo prensado a frio de sementes de mostarda. Este \u00f3leo n\u00e3o refinado promove a sa\u00fade da pele enquanto melhora os teus cozinhados! \ud83c\udf31 \u00d3leo de mostarda para o cabelo \ud83d\udc69\ud83c\udffd\u200d\ud83e\uddb0\ud83d\udc71\ud83c\udffd\u200d\u2640\ufe0f\ud83d\udc69\ud83c\udffd","robots":{"index":"index","follow":"follow","max-snippet":"max-snippet:-1","max-image-preview":"max-image-preview:large","max-video-preview":"max-video-preview:-1"},"canonical":"https:\/\/shop.natureneem.com\/pt-pt\/e-shop\/oleo-de-mostarda\/","og_locale":"pt_PT","og_type":"article","og_title":"\u00d3leo de mostarda","og_description":"Descobre os benef\u00edcios do \u00f3leo prensado a frio de sementes de mostarda. Este \u00f3leo n\u00e3o refinado promove a sa\u00fade da pele enquanto melhora os teus cozinhados! \ud83c\udf31 \u00d3leo de mostarda para o cabelo \ud83d\udc69\ud83c\udffd\u200d\ud83e\uddb0\ud83d\udc71\ud83c\udffd\u200d\u2640\ufe0f\ud83d\udc69\ud83c\udffd","og_url":"https:\/\/shop.natureneem.com\/pt-pt\/e-shop\/oleo-de-mostarda\/","og_site_name":"NatureNeem e-Shop","article_publisher":"https:\/\/www.facebook.com\/natureneemindia\/","article_modified_time":"2025-04-02T22:10:48+00:00","og_image":[{"width":2000,"height":2000,"url":"https:\/\/shop.natureneem.com\/wp-content\/uploads\/2024\/11\/NN-Mustard_Oil_500ml_2024-11-28_01.jpg","type":"image\/jpeg"}],"twitter_card":"summary_large_image","twitter_site":"@natureneem","twitter_misc":{"pre\u00e7o":"11,99&nbsp;&euro;","Disponibilidade":"Em stock"},"schema":{"@context":"https:\/\/schema.org","@graph":[{"@type":"WebPage","@id":"https:\/\/shop.natureneem.com\/pt-pt\/e-shop\/oleo-de-mostarda\/","url":"https:\/\/shop.natureneem.com\/pt-pt\/e-shop\/oleo-de-mostarda\/","name":"\u00d3leo de sementes de mostarda prensado a frio - Qualidade pura - NatureNeem e-Shop","isPartOf":{"@id":"https:\/\/shop.natureneem.com\/pt-pt\/#website"},"primaryImageOfPage":{"@id":"https:\/\/shop.natureneem.com\/pt-pt\/e-shop\/oleo-de-mostarda\/#primaryimage"},"image":{"@id":"https:\/\/shop.natureneem.com\/pt-pt\/e-shop\/oleo-de-mostarda\/#primaryimage"},"thumbnailUrl":"https:\/\/shop.natureneem.com\/wp-content\/uploads\/2024\/11\/NN-Mustard_Oil_500ml_2024-11-28_01.jpg","datePublished":"2024-11-27T19:31:38+00:00","dateModified":"2025-04-02T22:10:48+00:00","description":"Descobre os benef\u00edcios do \u00f3leo prensado a frio de sementes de mostarda. Este \u00f3leo n\u00e3o refinado promove a sa\u00fade da pele enquanto melhora os teus cozinhados! \ud83c\udf31 \u00d3leo de mostarda para o cabelo \ud83d\udc69\ud83c\udffd\u200d\ud83e\uddb0\ud83d\udc71\ud83c\udffd\u200d\u2640\ufe0f\ud83d\udc69\ud83c\udffd","breadcrumb":{"@id":"https:\/\/shop.natureneem.com\/pt-pt\/e-shop\/oleo-de-mostarda\/#breadcrumb"},"inLanguage":"pt-PT","potentialAction":[{"@type":"ReadAction","target":["https:\/\/shop.natureneem.com\/pt-pt\/e-shop\/oleo-de-mostarda\/"]}]},{"@type":"ImageObject","inLanguage":"pt-PT","@id":"https:\/\/shop.natureneem.com\/pt-pt\/e-shop\/oleo-de-mostarda\/#primaryimage","url":"https:\/\/shop.natureneem.com\/wp-content\/uploads\/2024\/11\/NN-Mustard_Oil_500ml_2024-11-28_01.jpg","contentUrl":"https:\/\/shop.natureneem.com\/wp-content\/uploads\/2024\/11\/NN-Mustard_Oil_500ml_2024-11-28_01.jpg","width":2000,"height":2000,"caption":"\u00d3leo de mostarda da Nature Neem (Brassica Alba) \u00d3leo de sementes de mostarda Nature Neem \u00cdndia"},{"@type":"BreadcrumbList","@id":"https:\/\/shop.natureneem.com\/pt-pt\/e-shop\/oleo-de-mostarda\/#breadcrumb","itemListElement":[{"@type":"ListItem","position":1,"name":"Home","item":"https:\/\/shop.natureneem.com\/pt-pt\/casa\/"},{"@type":"ListItem","position":2,"name":"Loja virtual","item":"https:\/\/shop.natureneem.com\/pt-pt\/loja-virtual\/"},{"@type":"ListItem","position":3,"name":"\u00d3leo de mostarda"}]},{"@type":"WebSite","@id":"https:\/\/shop.natureneem.com\/pt-pt\/#website","url":"https:\/\/shop.natureneem.com\/pt-pt\/","name":"NatureNeem e-Shop","description":"Official Shop from Nature Neem","publisher":{"@id":"https:\/\/shop.natureneem.com\/pt-pt\/#organization"},"alternateName":"Nature Neem","potentialAction":[{"@type":"SearchAction","target":{"@type":"EntryPoint","urlTemplate":"https:\/\/shop.natureneem.com\/pt-pt\/?s={search_term_string}"},"query-input":{"@type":"PropertyValueSpecification","valueRequired":true,"valueName":"search_term_string"}}],"inLanguage":"pt-PT"},{"@type":"Organization","@id":"https:\/\/shop.natureneem.com\/pt-pt\/#organization","name":"Nature Neem","alternateName":"Lorsun SAS","url":"https:\/\/shop.natureneem.com\/pt-pt\/","logo":{"@type":"ImageObject","inLanguage":"pt-PT","@id":"https:\/\/shop.natureneem.com\/pt-pt\/#\/schema\/logo\/image\/","url":"https:\/\/shop.natureneem.com\/wp-content\/uploads\/2024\/09\/nn-logo-symbole-2024-01.svg","contentUrl":"https:\/\/shop.natureneem.com\/wp-content\/uploads\/2024\/09\/nn-logo-symbole-2024-01.svg","width":1,"height":1,"caption":"Nature Neem"},"image":{"@id":"https:\/\/shop.natureneem.com\/pt-pt\/#\/schema\/logo\/image\/"},"sameAs":["https:\/\/www.facebook.com\/natureneemindia\/","https:\/\/x.com\/natureneem","https:\/\/www.youtube.com\/user\/natureneem","https:\/\/www.linkedin.com\/company\/natureneem"],"description":"Estamos empenhados no desenvolvimento e comercializa\u00e7\u00e3o de solu\u00e7\u00f5es ecol\u00f3gicas. Continuamos a inventar estas solu\u00e7\u00f5es alternativas naturais que podem substituir eficazmente os produtos de s\u00edntese qu\u00edmica que prejudicam o nosso ambiente. A nossa equipa \u00e9 especialmente competente na proposta de insumos agr\u00edcolas biol\u00f3gicos. Tamb\u00e9m actuamos como uma associa\u00e7\u00e3o de pessoas com ideias semelhantes que acreditam que a natureza sustenta a solu\u00e7\u00e3o para todos os problemas ambientais enfrentados pelos seres humanos.   ","email":"info@natureneem.com","telephone":"+91 77084 00899","legalName":"NATURE NEEM PRODUCTS","vatID":"FR08891657884","numberOfEmployees":{"@type":"QuantitativeValue","minValue":"51","maxValue":"200"},"publishingPrinciples":"https:\/\/shop.natureneem.com\/","actionableFeedbackPolicy":"https:\/\/shop.natureneem.com\/return-and-refund-policy\/","hasMerchantReturnPolicy":{"@type":"MerchantReturnPolicy","merchantReturnLink":"https:\/\/shop.natureneem.com\/return-and-refund-policy\/"}}]},"product_price_amount":"11.99","product_price_currency":"EUR","og_availability":"instock","product_availability":"instock","product_retailer_item_id":"NN-MO-0500","product_condition":"new"},"_links":{"self":[{"href":"https:\/\/shop.natureneem.com\/pt-pt\/wp-json\/wp\/v2\/product\/10187","targetHints":{"allow":["GET"]}}],"collection":[{"href":"https:\/\/shop.natureneem.com\/pt-pt\/wp-json\/wp\/v2\/product"}],"about":[{"href":"https:\/\/shop.natureneem.com\/pt-pt\/wp-json\/wp\/v2\/types\/product"}],"replies":[{"embeddable":true,"href":"https:\/\/shop.natureneem.com\/pt-pt\/wp-json\/wp\/v2\/comments?post=10187"}],"wp:featuredmedia":[{"embeddable":true,"href":"https:\/\/shop.natureneem.com\/pt-pt\/wp-json\/wp\/v2\/media\/10037"}],"wp:attachment":[{"href":"https:\/\/shop.natureneem.com\/pt-pt\/wp-json\/wp\/v2\/media?parent=10187"}],"wp:term":[{"taxonomy":"product_brand","embeddable":true,"href":"https:\/\/shop.natureneem.com\/pt-pt\/wp-json\/wp\/v2\/product_brand?post=10187"},{"taxonomy":"product_cat","embeddable":true,"href":"https:\/\/shop.natureneem.com\/pt-pt\/wp-json\/wp\/v2\/product_cat?post=10187"},{"taxonomy":"product_tag","embeddable":true,"href":"https:\/\/shop.natureneem.com\/pt-pt\/wp-json\/wp\/v2\/product_tag?post=10187"}],"curies":[{"name":"wp","href":"https:\/\/api.w.org\/{rel}","templated":true}]}}