{"id":11015,"date":"2025-03-31T13:48:36","date_gmt":"2025-03-31T11:48:36","guid":{"rendered":"https:\/\/shop.natureneem.com\/?post_type=product&#038;p=11015"},"modified":"2025-04-02T23:22:37","modified_gmt":"2025-04-02T21:22:37","slug":"nutraza-em-po","status":"publish","type":"product","link":"https:\/\/shop.natureneem.com\/pt-pt\/e-shop\/nutraza-em-po\/","title":{"rendered":"NutrAza em p\u00f3"},"content":{"rendered":"<h3><strong>Baga\u00e7o de sementes de Neem em p\u00f3 &#8211; O melhor fertilizante org\u00e2nico, protetor do solo e nematicida natural.<\/strong><\/h3>\n<h4><strong>Dosagem<\/strong><\/h4>\n<ul>\n<li>Envasamento : 30 g \/ Kg de terra. At\u00e9 250 g para vasos maiores. Cobre com uma cobertura vegetal.<br \/>\n<a href=\"https:\/\/www.youtube.com\/watch?v=yjb7McnAWbg\" target=\"_blank\" rel=\"noopener\">V\u00eddeo de envasamento com NutrAza<\/a><\/li>\n<li>Viveiros, hortas: 100 g \/ metro quadrado. 500-1000 g para um terreno de 10-15 metros quadrados.<\/li>\n<li>\u00c1rvores e arbustos: 100-500 g em fun\u00e7\u00e3o do tamanho da planta.<br \/>\nAplica\u00e7\u00e3o de NutrAza em \u00e1rvores de fruto. <a href=\"https:\/\/www.youtube.com\/watch?v=IKq8JdvQV0k\" target=\"_blank\" rel=\"noopener\">V\u00eddeo1<\/a> <a href=\"https:\/\/www.youtube.com\/watch?v=oZCcpArD4fs\" target=\"_blank\" rel=\"noopener\">V\u00eddeo2<\/a><\/li>\n<li>Culturas arvenses: 1000-2000 kg por hectare com base na fertilidade do solo e na incid\u00eancia de nem\u00e1todos.<\/li>\n<\/ul>\n<h4><strong>Enriquece e protege o teu solo com NutrAza org\u00e2nico: semente de Neem em p\u00f3.<br \/>\nUm fertilizante de liberta\u00e7\u00e3o lenta que n\u00e3o se infiltra na \u00e1gua.<br \/>\n<\/strong><\/h4>\n<p>NutrAza \u00e9 uma formula\u00e7\u00e3o especial de p\u00f3 de bolo de sementes de neem que ret\u00e9m os principais nutrientes durante o m\u00e1ximo de tempo poss\u00edvel. A sua forma peletizada aumenta a sua capacidade de armazenamento por mais de 2 anos, mas a torta de sementes de nim ou o p\u00f3 deterioram-se se forem armazenados por mais de 6 meses. Os granulados NutrAza permitem a aplica\u00e7\u00e3o basal no solo ou a aplica\u00e7\u00e3o de cobertura utilizando m\u00e1quinas mecanizadas sofisticadas.<\/p>\n<h4><strong>Carater\u00edsticas<\/strong><\/h4>\n<ul>\n<li style=\"list-style-type: none;\">\n<ul>\n<li>O melhor fertilizante org\u00e2nico que cont\u00e9m macro-nutrientes e micro-nutrientes em forma natural.<\/li>\n<li>Bioestimulante para as plantas quando absorvido pelas ra\u00edzes. Acelera o desenvolvimento das ra\u00edzes e o crescimento geral das plantas.<\/li>\n<li>NutrAza, p\u00f3 de sementes de neem, melhora o aspeto geral dos frutos e legumes e aumenta a idade das folhas, o crescimento, a flora\u00e7\u00e3o e o fortalecimento das ra\u00edzes.<\/li>\n<li>Condicionador do solo que melhora a estrutura do solo, adicionando conte\u00fado org\u00e2nico e trazendo de volta a flora do solo.<\/li>\n<li>Pesticida e fungicida natural para o solo que repele os insectos do solo e retarda os fungos patog\u00e9nicos do solo.<\/li>\n<li>O melhor nematicida natural com um rem\u00e9dio cientificamente comprovado a longo prazo contra um espetro de nem\u00e1todos que afectam as plantas.<\/li>\n<li>Fertilizante de liberta\u00e7\u00e3o lenta que se adapta perfeitamente \u00e0 fertiliza\u00e7\u00e3o de outono e inverno.<\/li>\n<\/ul>\n<\/li>\n<\/ul>\n<p><span style=\"text-decoration: underline;\"><strong>NutrAza \u00e9 certificado pela Ecocert<\/strong><\/span> como um insumo org\u00e2nico em conformidade com as diferentes normas agr\u00edcolas. \u00c9 o insumo preferido pelos agricultores que procuram obter certifica\u00e7\u00f5es org\u00e2nicas. O p\u00f3 de sementes de neem veio num saco de 25 kg.<\/p>\n<h4><strong>Atividade repelente de pragas do NutrAza. <\/strong><\/h4>\n<p><strong>NutrAza <\/strong>provou ser eficaz contra um espetro de nem\u00e1todos. Inibe tamb\u00e9m o crescimento de uma s\u00e9rie de fungos parasitas do solo que causam podrid\u00f5es radiculares, murchas, etc&#8230;<\/p>\n<h3><strong>Descri\u00e7\u00e3o completa, aplica\u00e7\u00f5es e informa\u00e7\u00f5es sobre este produto.<br \/>\nP\u00f3 de sementes de neem: saco de 25Kg.<\/strong><\/h3>\n<p><a class=\"uk-button uk-button-small uk-button-primary\" href=\"https:\/\/natureneem.com\/en\/products\/nutraza\" target=\"_blank\" rel=\"noopener noreferrer\">CLICA AQUI<\/a><\/p>\n","protected":false},"excerpt":{"rendered":"<h2>P\u00f3 de sementes de neem como fertilizante org\u00e2nico natural e protetor do solo.<br \/>\nBolo de sementes de neem em p\u00f3.<\/h2>\n","protected":false},"featured_media":11054,"comment_status":"open","ping_status":"closed","template":"","meta":[],"product_brand":[],"product_cat":[244],"product_tag":[272,269,270,271,273],"class_list":{"0":"post-11015","1":"product","2":"type-product","3":"status-publish","4":"has-post-thumbnail","6":"product_cat-produtos-de-neem","7":"product_tag-fertilizante","8":"product_tag-nim","9":"product_tag-nutraza-pt-pt","10":"product_tag-organico-pt-pt","11":"product_tag-po-de-amendoa","12":"pa_packing-25-kg_powder-pt-pt","14":"first","15":"instock","16":"shipping-taxable","17":"purchasable","18":"product-type-variable"},"yoast_head":"<!-- This site is optimized with the Yoast SEO Premium plugin v27.1 (Yoast SEO v27.2) - https:\/\/yoast.com\/product\/yoast-seo-premium-wordpress\/ -->\n<title>Semente de Neem em P\u00f3 Solo Org\u00e2nico para Melhorar o Crescimento<\/title>\n<meta name=\"description\" content=\"Transforma as tuas planta\u00e7\u00f5es com a torta de sementes de nim em p\u00f3 para terra org\u00e2nica. Perfeitamente concebido para \u00e1rvores e arbustos, assegura o crescimento das tuas plantas! \ud83c\udf31\" \/>\n<meta name=\"robots\" content=\"index, follow, max-snippet:-1, max-image-preview:large, max-video-preview:-1\" \/>\n<link rel=\"canonical\" href=\"https:\/\/shop.natureneem.com\/pt-pt\/e-shop\/nutraza-em-po\/\" \/>\n<meta property=\"og:locale\" content=\"pt_PT\" \/>\n<meta property=\"og:type\" content=\"article\" \/>\n<meta property=\"og:title\" content=\"Semente de Neem em P\u00f3 Solo Org\u00e2nico: Fertilizante Natural\" \/>\n<meta property=\"og:description\" content=\"Nutre as tuas plantas naturalmente com o nosso p\u00f3 de sementes de Neem em solo org\u00e2nico. Experimenta um crescimento melhorado no teu jardim. Compra agora e prospera! \ud83c\udf3f\" \/>\n<meta property=\"og:url\" content=\"https:\/\/shop.natureneem.com\/pt-pt\/e-shop\/nutraza-em-po\/\" \/>\n<meta property=\"og:site_name\" content=\"NatureNeem e-Shop\" \/>\n<meta property=\"article:publisher\" content=\"https:\/\/www.facebook.com\/natureneemindia\/\" \/>\n<meta property=\"article:modified_time\" content=\"2025-04-02T21:22:37+00:00\" \/>\n<meta property=\"og:image\" content=\"https:\/\/shop.natureneem.com\/wp-content\/uploads\/2025\/03\/NN-NutrAza_Powder_BAG_25KG_2025-03-31_01.jpg\" \/>\n\t<meta property=\"og:image:width\" content=\"2000\" \/>\n\t<meta property=\"og:image:height\" content=\"2000\" \/>\n\t<meta property=\"og:image:type\" content=\"image\/jpeg\" \/>\n<meta name=\"twitter:card\" content=\"summary_large_image\" \/>\n<meta name=\"twitter:title\" content=\"Semente de Neem em p\u00f3 Solo org\u00e2nico para plantas saud\u00e1veis\" \/>\n<meta name=\"twitter:description\" content=\"Melhora a tua jardinagem com terra org\u00e2nica em p\u00f3 de sementes de Neem! Utiliza-o para envasar ou como refor\u00e7o de nutrientes para as plantas. \ud83c\udf31 Encomenda agora!\" \/>\n<meta name=\"twitter:site\" content=\"@natureneem\" \/>\n<meta name=\"twitter:label1\" content=\"Disponibilidade\" \/>\n\t<meta name=\"twitter:data1\" content=\"Em stock\" \/>\n<script type=\"application\/ld+json\" class=\"yoast-schema-graph\">{\"@context\":\"https:\/\/schema.org\",\"@graph\":[{\"@type\":\"WebPage\",\"@id\":\"https:\/\/shop.natureneem.com\/pt-pt\/e-shop\/nutraza-em-po\/\",\"url\":\"https:\/\/shop.natureneem.com\/pt-pt\/e-shop\/nutraza-em-po\/\",\"name\":\"Semente de Neem em P\u00f3 Solo Org\u00e2nico para Melhorar o Crescimento\",\"isPartOf\":{\"@id\":\"https:\/\/shop.natureneem.com\/pt-pt\/#website\"},\"primaryImageOfPage\":{\"@id\":\"https:\/\/shop.natureneem.com\/pt-pt\/e-shop\/nutraza-em-po\/#primaryimage\"},\"image\":{\"@id\":\"https:\/\/shop.natureneem.com\/pt-pt\/e-shop\/nutraza-em-po\/#primaryimage\"},\"thumbnailUrl\":\"https:\/\/shop.natureneem.com\/wp-content\/uploads\/2025\/03\/NN-NutrAza_Powder_BAG_25KG_2025-03-31_01.jpg\",\"datePublished\":\"2025-03-31T11:48:36+00:00\",\"dateModified\":\"2025-04-02T21:22:37+00:00\",\"description\":\"Transforma as tuas planta\u00e7\u00f5es com a torta de sementes de nim em p\u00f3 para terra org\u00e2nica. Perfeitamente concebido para \u00e1rvores e arbustos, assegura o crescimento das tuas plantas! \ud83c\udf31\",\"breadcrumb\":{\"@id\":\"https:\/\/shop.natureneem.com\/pt-pt\/e-shop\/nutraza-em-po\/#breadcrumb\"},\"inLanguage\":\"pt-PT\",\"potentialAction\":[{\"@type\":\"ReadAction\",\"target\":[\"https:\/\/shop.natureneem.com\/pt-pt\/e-shop\/nutraza-em-po\/\"]}]},{\"@type\":\"ImageObject\",\"inLanguage\":\"pt-PT\",\"@id\":\"https:\/\/shop.natureneem.com\/pt-pt\/e-shop\/nutraza-em-po\/#primaryimage\",\"url\":\"https:\/\/shop.natureneem.com\/wp-content\/uploads\/2025\/03\/NN-NutrAza_Powder_BAG_25KG_2025-03-31_01.jpg\",\"contentUrl\":\"https:\/\/shop.natureneem.com\/wp-content\/uploads\/2025\/03\/NN-NutrAza_Powder_BAG_25KG_2025-03-31_01.jpg\",\"width\":2000,\"height\":2000,\"caption\":\"P\u00f3 de sementes de neem da NatureNeem\"},{\"@type\":\"BreadcrumbList\",\"@id\":\"https:\/\/shop.natureneem.com\/pt-pt\/e-shop\/nutraza-em-po\/#breadcrumb\",\"itemListElement\":[{\"@type\":\"ListItem\",\"position\":1,\"name\":\"Home\",\"item\":\"https:\/\/shop.natureneem.com\/pt-pt\/casa\/\"},{\"@type\":\"ListItem\",\"position\":2,\"name\":\"Loja virtual\",\"item\":\"https:\/\/shop.natureneem.com\/pt-pt\/loja-virtual\/\"},{\"@type\":\"ListItem\",\"position\":3,\"name\":\"NutrAza em p\u00f3\"}]},{\"@type\":\"WebSite\",\"@id\":\"https:\/\/shop.natureneem.com\/pt-pt\/#website\",\"url\":\"https:\/\/shop.natureneem.com\/pt-pt\/\",\"name\":\"NatureNeem e-Shop\",\"description\":\"Official Shop from Nature Neem\",\"publisher\":{\"@id\":\"https:\/\/shop.natureneem.com\/pt-pt\/#organization\"},\"alternateName\":\"Nature Neem\",\"potentialAction\":[{\"@type\":\"SearchAction\",\"target\":{\"@type\":\"EntryPoint\",\"urlTemplate\":\"https:\/\/shop.natureneem.com\/pt-pt\/?s={search_term_string}\"},\"query-input\":{\"@type\":\"PropertyValueSpecification\",\"valueRequired\":true,\"valueName\":\"search_term_string\"}}],\"inLanguage\":\"pt-PT\"},{\"@type\":\"Organization\",\"@id\":\"https:\/\/shop.natureneem.com\/pt-pt\/#organization\",\"name\":\"Nature Neem\",\"alternateName\":\"Lorsun SAS\",\"url\":\"https:\/\/shop.natureneem.com\/pt-pt\/\",\"logo\":{\"@type\":\"ImageObject\",\"inLanguage\":\"pt-PT\",\"@id\":\"https:\/\/shop.natureneem.com\/pt-pt\/#\/schema\/logo\/image\/\",\"url\":\"https:\/\/shop.natureneem.com\/wp-content\/uploads\/2024\/09\/nn-logo-symbole-2024-01.svg\",\"contentUrl\":\"https:\/\/shop.natureneem.com\/wp-content\/uploads\/2024\/09\/nn-logo-symbole-2024-01.svg\",\"width\":1,\"height\":1,\"caption\":\"Nature Neem\"},\"image\":{\"@id\":\"https:\/\/shop.natureneem.com\/pt-pt\/#\/schema\/logo\/image\/\"},\"sameAs\":[\"https:\/\/www.facebook.com\/natureneemindia\/\",\"https:\/\/x.com\/natureneem\",\"https:\/\/www.youtube.com\/user\/natureneem\",\"https:\/\/www.linkedin.com\/company\/natureneem\"],\"description\":\"Estamos empenhados no desenvolvimento e comercializa\u00e7\u00e3o de solu\u00e7\u00f5es ecol\u00f3gicas. Continuamos a inventar estas solu\u00e7\u00f5es alternativas naturais que podem substituir eficazmente os produtos de s\u00edntese qu\u00edmica que prejudicam o nosso ambiente. A nossa equipa \u00e9 especialmente competente na proposta de insumos agr\u00edcolas biol\u00f3gicos. Tamb\u00e9m actuamos como uma associa\u00e7\u00e3o de pessoas com ideias semelhantes que acreditam que a natureza sustenta a solu\u00e7\u00e3o para todos os problemas ambientais enfrentados pelos seres humanos.   \",\"email\":\"info@natureneem.com\",\"telephone\":\"+91 77084 00899\",\"legalName\":\"NATURE NEEM PRODUCTS\",\"vatID\":\"FR08891657884\",\"numberOfEmployees\":{\"@type\":\"QuantitativeValue\",\"minValue\":\"51\",\"maxValue\":\"200\"},\"publishingPrinciples\":\"https:\/\/shop.natureneem.com\/\",\"actionableFeedbackPolicy\":\"https:\/\/shop.natureneem.com\/return-and-refund-policy\/\",\"hasMerchantReturnPolicy\":{\"@type\":\"MerchantReturnPolicy\",\"merchantReturnLink\":\"https:\/\/shop.natureneem.com\/return-and-refund-policy\/\"}}]}<\/script>\n<meta property=\"og:availability\" content=\"instock\" \/>\n<meta property=\"product:availability\" content=\"instock\" \/>\n<meta property=\"product:retailer_item_id\" content=\"NN-NUT-XX-1\" \/>\n<meta property=\"product:condition\" content=\"new\" \/>\n<!-- \/ Yoast SEO Premium plugin. -->","yoast_head_json":{"title":"Semente de Neem em P\u00f3 Solo Org\u00e2nico para Melhorar o Crescimento","description":"Transforma as tuas planta\u00e7\u00f5es com a torta de sementes de nim em p\u00f3 para terra org\u00e2nica. Perfeitamente concebido para \u00e1rvores e arbustos, assegura o crescimento das tuas plantas! \ud83c\udf31","robots":{"index":"index","follow":"follow","max-snippet":"max-snippet:-1","max-image-preview":"max-image-preview:large","max-video-preview":"max-video-preview:-1"},"canonical":"https:\/\/shop.natureneem.com\/pt-pt\/e-shop\/nutraza-em-po\/","og_locale":"pt_PT","og_type":"article","og_title":"Semente de Neem em P\u00f3 Solo Org\u00e2nico: Fertilizante Natural","og_description":"Nutre as tuas plantas naturalmente com o nosso p\u00f3 de sementes de Neem em solo org\u00e2nico. Experimenta um crescimento melhorado no teu jardim. Compra agora e prospera! \ud83c\udf3f","og_url":"https:\/\/shop.natureneem.com\/pt-pt\/e-shop\/nutraza-em-po\/","og_site_name":"NatureNeem e-Shop","article_publisher":"https:\/\/www.facebook.com\/natureneemindia\/","article_modified_time":"2025-04-02T21:22:37+00:00","og_image":[{"width":2000,"height":2000,"url":"https:\/\/shop.natureneem.com\/wp-content\/uploads\/2025\/03\/NN-NutrAza_Powder_BAG_25KG_2025-03-31_01.jpg","type":"image\/jpeg"}],"twitter_card":"summary_large_image","twitter_title":"Semente de Neem em p\u00f3 Solo org\u00e2nico para plantas saud\u00e1veis","twitter_description":"Melhora a tua jardinagem com terra org\u00e2nica em p\u00f3 de sementes de Neem! Utiliza-o para envasar ou como refor\u00e7o de nutrientes para as plantas. \ud83c\udf31 Encomenda agora!","twitter_site":"@natureneem","twitter_misc":{"Disponibilidade":"Em stock"},"schema":{"@context":"https:\/\/schema.org","@graph":[{"@type":"WebPage","@id":"https:\/\/shop.natureneem.com\/pt-pt\/e-shop\/nutraza-em-po\/","url":"https:\/\/shop.natureneem.com\/pt-pt\/e-shop\/nutraza-em-po\/","name":"Semente de Neem em P\u00f3 Solo Org\u00e2nico para Melhorar o Crescimento","isPartOf":{"@id":"https:\/\/shop.natureneem.com\/pt-pt\/#website"},"primaryImageOfPage":{"@id":"https:\/\/shop.natureneem.com\/pt-pt\/e-shop\/nutraza-em-po\/#primaryimage"},"image":{"@id":"https:\/\/shop.natureneem.com\/pt-pt\/e-shop\/nutraza-em-po\/#primaryimage"},"thumbnailUrl":"https:\/\/shop.natureneem.com\/wp-content\/uploads\/2025\/03\/NN-NutrAza_Powder_BAG_25KG_2025-03-31_01.jpg","datePublished":"2025-03-31T11:48:36+00:00","dateModified":"2025-04-02T21:22:37+00:00","description":"Transforma as tuas planta\u00e7\u00f5es com a torta de sementes de nim em p\u00f3 para terra org\u00e2nica. Perfeitamente concebido para \u00e1rvores e arbustos, assegura o crescimento das tuas plantas! \ud83c\udf31","breadcrumb":{"@id":"https:\/\/shop.natureneem.com\/pt-pt\/e-shop\/nutraza-em-po\/#breadcrumb"},"inLanguage":"pt-PT","potentialAction":[{"@type":"ReadAction","target":["https:\/\/shop.natureneem.com\/pt-pt\/e-shop\/nutraza-em-po\/"]}]},{"@type":"ImageObject","inLanguage":"pt-PT","@id":"https:\/\/shop.natureneem.com\/pt-pt\/e-shop\/nutraza-em-po\/#primaryimage","url":"https:\/\/shop.natureneem.com\/wp-content\/uploads\/2025\/03\/NN-NutrAza_Powder_BAG_25KG_2025-03-31_01.jpg","contentUrl":"https:\/\/shop.natureneem.com\/wp-content\/uploads\/2025\/03\/NN-NutrAza_Powder_BAG_25KG_2025-03-31_01.jpg","width":2000,"height":2000,"caption":"P\u00f3 de sementes de neem da NatureNeem"},{"@type":"BreadcrumbList","@id":"https:\/\/shop.natureneem.com\/pt-pt\/e-shop\/nutraza-em-po\/#breadcrumb","itemListElement":[{"@type":"ListItem","position":1,"name":"Home","item":"https:\/\/shop.natureneem.com\/pt-pt\/casa\/"},{"@type":"ListItem","position":2,"name":"Loja virtual","item":"https:\/\/shop.natureneem.com\/pt-pt\/loja-virtual\/"},{"@type":"ListItem","position":3,"name":"NutrAza em p\u00f3"}]},{"@type":"WebSite","@id":"https:\/\/shop.natureneem.com\/pt-pt\/#website","url":"https:\/\/shop.natureneem.com\/pt-pt\/","name":"NatureNeem e-Shop","description":"Official Shop from Nature Neem","publisher":{"@id":"https:\/\/shop.natureneem.com\/pt-pt\/#organization"},"alternateName":"Nature Neem","potentialAction":[{"@type":"SearchAction","target":{"@type":"EntryPoint","urlTemplate":"https:\/\/shop.natureneem.com\/pt-pt\/?s={search_term_string}"},"query-input":{"@type":"PropertyValueSpecification","valueRequired":true,"valueName":"search_term_string"}}],"inLanguage":"pt-PT"},{"@type":"Organization","@id":"https:\/\/shop.natureneem.com\/pt-pt\/#organization","name":"Nature Neem","alternateName":"Lorsun SAS","url":"https:\/\/shop.natureneem.com\/pt-pt\/","logo":{"@type":"ImageObject","inLanguage":"pt-PT","@id":"https:\/\/shop.natureneem.com\/pt-pt\/#\/schema\/logo\/image\/","url":"https:\/\/shop.natureneem.com\/wp-content\/uploads\/2024\/09\/nn-logo-symbole-2024-01.svg","contentUrl":"https:\/\/shop.natureneem.com\/wp-content\/uploads\/2024\/09\/nn-logo-symbole-2024-01.svg","width":1,"height":1,"caption":"Nature Neem"},"image":{"@id":"https:\/\/shop.natureneem.com\/pt-pt\/#\/schema\/logo\/image\/"},"sameAs":["https:\/\/www.facebook.com\/natureneemindia\/","https:\/\/x.com\/natureneem","https:\/\/www.youtube.com\/user\/natureneem","https:\/\/www.linkedin.com\/company\/natureneem"],"description":"Estamos empenhados no desenvolvimento e comercializa\u00e7\u00e3o de solu\u00e7\u00f5es ecol\u00f3gicas. Continuamos a inventar estas solu\u00e7\u00f5es alternativas naturais que podem substituir eficazmente os produtos de s\u00edntese qu\u00edmica que prejudicam o nosso ambiente. A nossa equipa \u00e9 especialmente competente na proposta de insumos agr\u00edcolas biol\u00f3gicos. Tamb\u00e9m actuamos como uma associa\u00e7\u00e3o de pessoas com ideias semelhantes que acreditam que a natureza sustenta a solu\u00e7\u00e3o para todos os problemas ambientais enfrentados pelos seres humanos.   ","email":"info@natureneem.com","telephone":"+91 77084 00899","legalName":"NATURE NEEM PRODUCTS","vatID":"FR08891657884","numberOfEmployees":{"@type":"QuantitativeValue","minValue":"51","maxValue":"200"},"publishingPrinciples":"https:\/\/shop.natureneem.com\/","actionableFeedbackPolicy":"https:\/\/shop.natureneem.com\/return-and-refund-policy\/","hasMerchantReturnPolicy":{"@type":"MerchantReturnPolicy","merchantReturnLink":"https:\/\/shop.natureneem.com\/return-and-refund-policy\/"}}]},"og_availability":"instock","product_availability":"instock","product_retailer_item_id":"NN-NUT-XX-1","product_condition":"new"},"_links":{"self":[{"href":"https:\/\/shop.natureneem.com\/pt-pt\/wp-json\/wp\/v2\/product\/11015","targetHints":{"allow":["GET"]}}],"collection":[{"href":"https:\/\/shop.natureneem.com\/pt-pt\/wp-json\/wp\/v2\/product"}],"about":[{"href":"https:\/\/shop.natureneem.com\/pt-pt\/wp-json\/wp\/v2\/types\/product"}],"replies":[{"embeddable":true,"href":"https:\/\/shop.natureneem.com\/pt-pt\/wp-json\/wp\/v2\/comments?post=11015"}],"wp:featuredmedia":[{"embeddable":true,"href":"https:\/\/shop.natureneem.com\/pt-pt\/wp-json\/wp\/v2\/media\/11054"}],"wp:attachment":[{"href":"https:\/\/shop.natureneem.com\/pt-pt\/wp-json\/wp\/v2\/media?parent=11015"}],"wp:term":[{"taxonomy":"product_brand","embeddable":true,"href":"https:\/\/shop.natureneem.com\/pt-pt\/wp-json\/wp\/v2\/product_brand?post=11015"},{"taxonomy":"product_cat","embeddable":true,"href":"https:\/\/shop.natureneem.com\/pt-pt\/wp-json\/wp\/v2\/product_cat?post=11015"},{"taxonomy":"product_tag","embeddable":true,"href":"https:\/\/shop.natureneem.com\/pt-pt\/wp-json\/wp\/v2\/product_tag?post=11015"}],"curies":[{"name":"wp","href":"https:\/\/api.w.org\/{rel}","templated":true}]}}