{"id":11508,"date":"2025-05-14T17:54:41","date_gmt":"2025-05-14T15:54:41","guid":{"rendered":"https:\/\/shop.natureneem.com\/?post_type=product&#038;p=11508"},"modified":"2025-09-12T12:58:11","modified_gmt":"2025-09-12T10:58:11","slug":"tijolo-de-coco-copy","status":"publish","type":"product","link":"https:\/\/shop.natureneem.com\/pt-pt\/e-shop\/tijolo-de-coco-copy\/","title":{"rendered":"Coco Mulch"},"content":{"rendered":"<h3><strong>Palha natural de casca de coco. Armazena facilmente. Ideal para a jardinagem urbana &#8211; apartamentos, terra\u00e7os, &#8230;<br \/>\n<\/strong><\/h3>\n<h4 style=\"text-align: left;\"><strong>1 kg de bloco comprimido = cerca de 15 litros de volume hidratado.<br \/>\n<\/strong><strong>Exemplo: 4,5 kg comprimido = cerca de 65 litros hidratados.<\/strong><\/h4>\n<div class=\"uk-alert\"><img loading=\"lazy\" decoding=\"async\" class=\"alignnone wp-image-11652 size-thumbnail\" title=\"CocoMulch 4-4.5Kg da NatureNeem\" src=\"https:\/\/shop.natureneem.com\/wp-content\/uploads\/2025\/05\/NN_COCO-MULCH_WEB_02-1-150x150.jpg\" alt=\"CocoMulch 4-4.5Kg\" width=\"150\" height=\"150\" srcset=\"https:\/\/shop.natureneem.com\/wp-content\/uploads\/2025\/05\/NN_COCO-MULCH_WEB_02-1-150x150.jpg 150w, https:\/\/shop.natureneem.com\/wp-content\/uploads\/2025\/05\/NN_COCO-MULCH_WEB_02-1-300x300.jpg 300w, https:\/\/shop.natureneem.com\/wp-content\/uploads\/2025\/05\/NN_COCO-MULCH_WEB_02-1-100x100.jpg 100w, https:\/\/shop.natureneem.com\/wp-content\/uploads\/2025\/05\/NN_COCO-MULCH_WEB_02-1-500x500.jpg 500w, https:\/\/shop.natureneem.com\/wp-content\/uploads\/2025\/05\/NN_COCO-MULCH_WEB_02-1-1024x1024.jpg 1024w, https:\/\/shop.natureneem.com\/wp-content\/uploads\/2025\/05\/NN_COCO-MULCH_WEB_02-1-768x768.jpg 768w, https:\/\/shop.natureneem.com\/wp-content\/uploads\/2025\/05\/NN_COCO-MULCH_WEB_02-1.jpg 1200w\" sizes=\"(max-width: 150px) 100vw, 150px\" \/>Palha natural de casca de coco. 4,5 kg de bloco comprimido = cerca de 65 litros de volume hidratado. <\/div>\n<div class=\"uk-alert\"><img loading=\"lazy\" decoding=\"async\" class=\"alignnone wp-image-11670 size-thumbnail\" src=\"https:\/\/shop.natureneem.com\/wp-content\/uploads\/2025\/05\/NN_COCO-MULCH_WEB_04-1-150x150.jpg\" alt=\"CocoMulch 650g\" width=\"150\" height=\"150\" srcset=\"https:\/\/shop.natureneem.com\/wp-content\/uploads\/2025\/05\/NN_COCO-MULCH_WEB_04-1-150x150.jpg 150w, https:\/\/shop.natureneem.com\/wp-content\/uploads\/2025\/05\/NN_COCO-MULCH_WEB_04-1-300x300.jpg 300w, https:\/\/shop.natureneem.com\/wp-content\/uploads\/2025\/05\/NN_COCO-MULCH_WEB_04-1-100x100.jpg 100w, https:\/\/shop.natureneem.com\/wp-content\/uploads\/2025\/05\/NN_COCO-MULCH_WEB_04-1-500x500.jpg 500w, https:\/\/shop.natureneem.com\/wp-content\/uploads\/2025\/05\/NN_COCO-MULCH_WEB_04-1-1024x1024.jpg 1024w, https:\/\/shop.natureneem.com\/wp-content\/uploads\/2025\/05\/NN_COCO-MULCH_WEB_04-1-768x768.jpg 768w, https:\/\/shop.natureneem.com\/wp-content\/uploads\/2025\/05\/NN_COCO-MULCH_WEB_04-1.jpg 1200w\" sizes=\"(max-width: 150px) 100vw, 150px\" \/>Palha natural de casca de coco. 650 gm de bloco comprimido = cerca de 12 litros de volume hidratado. <\/div>\n<div class=\"uk-alert\"><img loading=\"lazy\" decoding=\"async\" class=\"alignnone size-thumbnail wp-image-11688\" src=\"https:\/\/shop.natureneem.com\/wp-content\/uploads\/2025\/05\/NN_COCO-MULCH_WEB_06-1-150x150.jpg\" alt=\"CocoMulch Disc 110g  \" width=\"150\" height=\"150\" srcset=\"https:\/\/shop.natureneem.com\/wp-content\/uploads\/2025\/05\/NN_COCO-MULCH_WEB_06-1-150x150.jpg 150w, https:\/\/shop.natureneem.com\/wp-content\/uploads\/2025\/05\/NN_COCO-MULCH_WEB_06-1-300x300.jpg 300w, https:\/\/shop.natureneem.com\/wp-content\/uploads\/2025\/05\/NN_COCO-MULCH_WEB_06-1-100x100.jpg 100w, https:\/\/shop.natureneem.com\/wp-content\/uploads\/2025\/05\/NN_COCO-MULCH_WEB_06-1-500x500.jpg 500w, https:\/\/shop.natureneem.com\/wp-content\/uploads\/2025\/05\/NN_COCO-MULCH_WEB_06-1-1024x1024.jpg 1024w, https:\/\/shop.natureneem.com\/wp-content\/uploads\/2025\/05\/NN_COCO-MULCH_WEB_06-1-768x768.jpg 768w, https:\/\/shop.natureneem.com\/wp-content\/uploads\/2025\/05\/NN_COCO-MULCH_WEB_06-1.jpg 1200w\" sizes=\"(max-width: 150px) 100vw, 150px\" \/>Palha natural de casca de coco. 110 g de bloco comprimido = cerca de 1,5 litros de volume hidratado. <\/div>\n<h3 style=\"text-align: left;\"><strong><br \/>\nVantagens<\/strong><\/h3>\n<ul>\n<li><strong>Reduz a evapora\u00e7\u00e3o e economiza \u00e1gua<\/strong><br \/>\nUma camada espessa de Coco Mulch bloqueia a luz solar, suprimindo o crescimento de ervas daninhas.<\/li>\n<li><strong>Fertilizante org\u00e2nico e corretor de solos<\/strong><br \/>\nRet\u00e9m a humidade do solo reduzindo a evapora\u00e7\u00e3o, mantendo o solo h\u00famido durante mais tempo.<\/li>\n<li><strong>Arejamento superior para ra\u00edzes saud\u00e1veis<\/strong><br \/>\nA estrutura fibrosa do Coco Mulch ajuda a evitar a eros\u00e3o do solo, especialmente em declives ou em caso de chuva forte.<\/li>\n<li><strong>Regula\u00e7\u00e3o da temperatura do solo<\/strong><br \/>\nIsola o solo, protegendo as ra\u00edzes de flutua\u00e7\u00f5es extremas de temperatura<\/li>\n<\/ul>\n<h3><strong>Prepara\u00e7\u00e3o antes da aplica\u00e7\u00e3o<\/strong><\/h3>\n<ul>\n<li>Coloca o bloco numa cuba de 100 litros<\/li>\n<li>Adiciona cerca de 60 litros de \u00e1gua<\/li>\n<li>Espera 45 minutos<\/li>\n<\/ul>\n<h3><strong>Aplica\u00e7\u00f5es<\/strong><\/h3>\n<ul>\n<li>Cobertura vegetal pronta a usar, sem ervas daninhas, com pH e CE equilibrados para plantas<\/li>\n<li>Mulching : Espalha 10 cms \u00e0 superf\u00edcie.<\/li>\n<li>Drenagem : Espalha 10 cm no fundo (vasos e covas de planta\u00e7\u00e3o)<\/li>\n<li>Para as orqu\u00eddeas que necessitam de arejamento &#8211; enche completamente o vaso como meio de planta\u00e7\u00e3o.<\/li>\n<\/ul>\n<h3><strong>Sugest\u00f5es para resultados ideais<\/strong><\/h3>\n<ul>\n<li>Adiciona <a href=\"https:\/\/shop.natureneem.com\/pt-pt\/e-shop\/nutraza\/\">NutrAza<\/a>, um fertilizante org\u00e2nico e protetor do solo contra nem\u00e1todos<\/li>\n<li>Utiliza <a href=\"https:\/\/shop.natureneem.com\/pt-pt\/e-shop\/coco-brick\/\">Coco Brick<\/a> como substrato<\/li>\n<\/ul>\n<h3><strong>Especifica\u00e7\u00f5es<\/strong><\/h3>\n<ul>\n<li>Composi\u00e7\u00e3o : Casca de coco org\u00e2nica picada, enriquecida e tamponada<\/li>\n<li>Teor de humidade: inferior a 15%<\/li>\n<li>pH : 5,6- 6,5 | CE : 0,6-0,8 mS\/cm<\/li>\n<li>Taxa de compress\u00e3o &#8211; 6:1<\/li>\n<li>Normas europeias: NFU 44-551 (meio de cultura para plantas)<\/li>\n<li>Peso : 4-4,5 kg<\/li>\n<\/ul>\n","protected":false},"excerpt":{"rendered":"<p class=\"ai-optimize-20\"><strong>Cobertura vegetal natural de casca de coco<br \/>\n<\/strong>Uma camada espessa de lascas de coco bloqueia a luz solar para impedir as ervas daninhas e reter a humidade, mantendo o teu solo naturalmente h\u00famido e saud\u00e1vel durante mais tempo.<\/p>\n<p class=\"ai-optimize-21\"><strong> <\/strong><\/p>\n","protected":false},"featured_media":11721,"comment_status":"open","ping_status":"closed","template":"","meta":[],"product_brand":[],"product_cat":[252],"product_tag":[],"class_list":{"0":"post-11508","1":"product","2":"type-product","3":"status-publish","4":"has-post-thumbnail","6":"product_cat-produtos-de-coco","7":"product_shipping_class-0-6kg-pt-pt","9":"first","10":"instock","11":"sale","12":"shipping-taxable","13":"purchasable","14":"product-type-variable"},"yoast_head":"<!-- This site is optimized with the Yoast SEO Premium plugin v27.1 (Yoast SEO v27.2) - https:\/\/yoast.com\/product\/yoast-seo-premium-wordpress\/ -->\n<title>Coco Mulch para reten\u00e7\u00e3o de humidade e isolamento do solo<\/title>\n<meta name=\"description\" content=\"Transforma a tua experi\u00eancia de jardinagem com Coco Mulch! Ideal para apartamentos e terra\u00e7os, proporciona isolamento e evita o crescimento de ervas daninhas. Compra agora!\" \/>\n<meta name=\"robots\" content=\"index, follow, max-snippet:-1, max-image-preview:large, max-video-preview:-1\" \/>\n<link rel=\"canonical\" href=\"https:\/\/shop.natureneem.com\/pt-pt\/e-shop\/tijolo-de-coco-copy\/\" \/>\n<meta property=\"og:locale\" content=\"pt_PT\" \/>\n<meta property=\"og:type\" content=\"article\" \/>\n<meta property=\"og:title\" content=\"Coco Mulch Coco Mulch da Nature Neem\" \/>\n<meta property=\"og:description\" content=\"Cobertura vegetal natural de casca de coco. Uma camada espessa de lascas de coco pode bloquear a luz do sol, suprimindo o crescimento de ervas daninhas, e ajuda a reter a humidade do solo reduzindo a evapora\u00e7\u00e3o, mantendo o solo h\u00famido por per\u00edodos mais longos.\" \/>\n<meta property=\"og:url\" content=\"https:\/\/shop.natureneem.com\/pt-pt\/e-shop\/tijolo-de-coco-copy\/\" \/>\n<meta property=\"og:site_name\" content=\"NatureNeem e-Shop\" \/>\n<meta property=\"article:publisher\" content=\"https:\/\/www.facebook.com\/natureneemindia\/\" \/>\n<meta property=\"article:modified_time\" content=\"2025-09-12T10:58:11+00:00\" \/>\n<meta property=\"og:image\" content=\"https:\/\/shop.natureneem.com\/wp-content\/uploads\/2025\/05\/NN_COCO-MULCH_WEB_00-1.jpg\" \/>\n\t<meta property=\"og:image:width\" content=\"1200\" \/>\n\t<meta property=\"og:image:height\" content=\"1200\" \/>\n\t<meta property=\"og:image:type\" content=\"image\/jpeg\" \/>\n<meta name=\"twitter:card\" content=\"summary_large_image\" \/>\n<meta name=\"twitter:title\" content=\"Coco Mulch\" \/>\n<meta name=\"twitter:site\" content=\"@natureneem\" \/>\n<meta name=\"twitter:label1\" content=\"Disponibilidade\" \/>\n\t<meta name=\"twitter:data1\" content=\"Em stock\" \/>\n<script type=\"application\/ld+json\" class=\"yoast-schema-graph\">{\"@context\":\"https:\/\/schema.org\",\"@graph\":[{\"@type\":\"WebPage\",\"@id\":\"https:\/\/shop.natureneem.com\/pt-pt\/e-shop\/tijolo-de-coco-copy\/\",\"url\":\"https:\/\/shop.natureneem.com\/pt-pt\/e-shop\/tijolo-de-coco-copy\/\",\"name\":\"Coco Mulch para reten\u00e7\u00e3o de humidade e isolamento do solo\",\"isPartOf\":{\"@id\":\"https:\/\/shop.natureneem.com\/pt-pt\/#website\"},\"primaryImageOfPage\":{\"@id\":\"https:\/\/shop.natureneem.com\/pt-pt\/e-shop\/tijolo-de-coco-copy\/#primaryimage\"},\"image\":{\"@id\":\"https:\/\/shop.natureneem.com\/pt-pt\/e-shop\/tijolo-de-coco-copy\/#primaryimage\"},\"thumbnailUrl\":\"https:\/\/shop.natureneem.com\/wp-content\/uploads\/2025\/05\/NN_COCO-MULCH_WEB_00-1.jpg\",\"datePublished\":\"2025-05-14T15:54:41+00:00\",\"dateModified\":\"2025-09-12T10:58:11+00:00\",\"description\":\"Transforma a tua experi\u00eancia de jardinagem com Coco Mulch! Ideal para apartamentos e terra\u00e7os, proporciona isolamento e evita o crescimento de ervas daninhas. Compra agora!\",\"breadcrumb\":{\"@id\":\"https:\/\/shop.natureneem.com\/pt-pt\/e-shop\/tijolo-de-coco-copy\/#breadcrumb\"},\"inLanguage\":\"pt-PT\",\"potentialAction\":[{\"@type\":\"ReadAction\",\"target\":[\"https:\/\/shop.natureneem.com\/pt-pt\/e-shop\/tijolo-de-coco-copy\/\"]}]},{\"@type\":\"ImageObject\",\"inLanguage\":\"pt-PT\",\"@id\":\"https:\/\/shop.natureneem.com\/pt-pt\/e-shop\/tijolo-de-coco-copy\/#primaryimage\",\"url\":\"https:\/\/shop.natureneem.com\/wp-content\/uploads\/2025\/05\/NN_COCO-MULCH_WEB_00-1.jpg\",\"contentUrl\":\"https:\/\/shop.natureneem.com\/wp-content\/uploads\/2025\/05\/NN_COCO-MULCH_WEB_00-1.jpg\",\"width\":1200,\"height\":1200,\"caption\":\"CocoMulch da NatureNeem\"},{\"@type\":\"BreadcrumbList\",\"@id\":\"https:\/\/shop.natureneem.com\/pt-pt\/e-shop\/tijolo-de-coco-copy\/#breadcrumb\",\"itemListElement\":[{\"@type\":\"ListItem\",\"position\":1,\"name\":\"Home\",\"item\":\"https:\/\/shop.natureneem.com\/pt-pt\/casa\/\"},{\"@type\":\"ListItem\",\"position\":2,\"name\":\"Loja virtual\",\"item\":\"https:\/\/shop.natureneem.com\/pt-pt\/loja-virtual\/\"},{\"@type\":\"ListItem\",\"position\":3,\"name\":\"Coco Mulch\"}]},{\"@type\":\"WebSite\",\"@id\":\"https:\/\/shop.natureneem.com\/pt-pt\/#website\",\"url\":\"https:\/\/shop.natureneem.com\/pt-pt\/\",\"name\":\"NatureNeem e-Shop\",\"description\":\"Official Shop from Nature Neem\",\"publisher\":{\"@id\":\"https:\/\/shop.natureneem.com\/pt-pt\/#organization\"},\"alternateName\":\"Nature Neem\",\"potentialAction\":[{\"@type\":\"SearchAction\",\"target\":{\"@type\":\"EntryPoint\",\"urlTemplate\":\"https:\/\/shop.natureneem.com\/pt-pt\/?s={search_term_string}\"},\"query-input\":{\"@type\":\"PropertyValueSpecification\",\"valueRequired\":true,\"valueName\":\"search_term_string\"}}],\"inLanguage\":\"pt-PT\"},{\"@type\":\"Organization\",\"@id\":\"https:\/\/shop.natureneem.com\/pt-pt\/#organization\",\"name\":\"Nature Neem\",\"alternateName\":\"Lorsun SAS\",\"url\":\"https:\/\/shop.natureneem.com\/pt-pt\/\",\"logo\":{\"@type\":\"ImageObject\",\"inLanguage\":\"pt-PT\",\"@id\":\"https:\/\/shop.natureneem.com\/pt-pt\/#\/schema\/logo\/image\/\",\"url\":\"https:\/\/shop.natureneem.com\/wp-content\/uploads\/2024\/09\/nn-logo-symbole-2024-01.svg\",\"contentUrl\":\"https:\/\/shop.natureneem.com\/wp-content\/uploads\/2024\/09\/nn-logo-symbole-2024-01.svg\",\"width\":1,\"height\":1,\"caption\":\"Nature Neem\"},\"image\":{\"@id\":\"https:\/\/shop.natureneem.com\/pt-pt\/#\/schema\/logo\/image\/\"},\"sameAs\":[\"https:\/\/www.facebook.com\/natureneemindia\/\",\"https:\/\/x.com\/natureneem\",\"https:\/\/www.youtube.com\/user\/natureneem\",\"https:\/\/www.linkedin.com\/company\/natureneem\"],\"description\":\"Estamos empenhados no desenvolvimento e comercializa\u00e7\u00e3o de solu\u00e7\u00f5es ecol\u00f3gicas. Continuamos a inventar estas solu\u00e7\u00f5es alternativas naturais que podem substituir eficazmente os produtos de s\u00edntese qu\u00edmica que prejudicam o nosso ambiente. A nossa equipa \u00e9 especialmente competente na proposta de insumos agr\u00edcolas biol\u00f3gicos. Tamb\u00e9m actuamos como uma associa\u00e7\u00e3o de pessoas com ideias semelhantes que acreditam que a natureza sustenta a solu\u00e7\u00e3o para todos os problemas ambientais enfrentados pelos seres humanos.   \",\"email\":\"info@natureneem.com\",\"telephone\":\"+91 77084 00899\",\"legalName\":\"NATURE NEEM PRODUCTS\",\"vatID\":\"FR08891657884\",\"numberOfEmployees\":{\"@type\":\"QuantitativeValue\",\"minValue\":\"51\",\"maxValue\":\"200\"},\"publishingPrinciples\":\"https:\/\/shop.natureneem.com\/\",\"actionableFeedbackPolicy\":\"https:\/\/shop.natureneem.com\/return-and-refund-policy\/\",\"hasMerchantReturnPolicy\":{\"@type\":\"MerchantReturnPolicy\",\"merchantReturnLink\":\"https:\/\/shop.natureneem.com\/return-and-refund-policy\/\"}}]}<\/script>\n<meta property=\"og:availability\" content=\"instock\" \/>\n<meta property=\"product:availability\" content=\"instock\" \/>\n<meta property=\"product:retailer_item_id\" content=\"NN-GP-CM\" \/>\n<meta property=\"product:condition\" content=\"new\" \/>\n<!-- \/ Yoast SEO Premium plugin. -->","yoast_head_json":{"title":"Coco Mulch para reten\u00e7\u00e3o de humidade e isolamento do solo","description":"Transforma a tua experi\u00eancia de jardinagem com Coco Mulch! Ideal para apartamentos e terra\u00e7os, proporciona isolamento e evita o crescimento de ervas daninhas. Compra agora!","robots":{"index":"index","follow":"follow","max-snippet":"max-snippet:-1","max-image-preview":"max-image-preview:large","max-video-preview":"max-video-preview:-1"},"canonical":"https:\/\/shop.natureneem.com\/pt-pt\/e-shop\/tijolo-de-coco-copy\/","og_locale":"pt_PT","og_type":"article","og_title":"Coco Mulch Coco Mulch da Nature Neem","og_description":"Cobertura vegetal natural de casca de coco. Uma camada espessa de lascas de coco pode bloquear a luz do sol, suprimindo o crescimento de ervas daninhas, e ajuda a reter a humidade do solo reduzindo a evapora\u00e7\u00e3o, mantendo o solo h\u00famido por per\u00edodos mais longos.","og_url":"https:\/\/shop.natureneem.com\/pt-pt\/e-shop\/tijolo-de-coco-copy\/","og_site_name":"NatureNeem e-Shop","article_publisher":"https:\/\/www.facebook.com\/natureneemindia\/","article_modified_time":"2025-09-12T10:58:11+00:00","og_image":[{"width":1200,"height":1200,"url":"https:\/\/shop.natureneem.com\/wp-content\/uploads\/2025\/05\/NN_COCO-MULCH_WEB_00-1.jpg","type":"image\/jpeg"}],"twitter_card":"summary_large_image","twitter_title":"Coco Mulch","twitter_site":"@natureneem","twitter_misc":{"Disponibilidade":"Em stock"},"schema":{"@context":"https:\/\/schema.org","@graph":[{"@type":"WebPage","@id":"https:\/\/shop.natureneem.com\/pt-pt\/e-shop\/tijolo-de-coco-copy\/","url":"https:\/\/shop.natureneem.com\/pt-pt\/e-shop\/tijolo-de-coco-copy\/","name":"Coco Mulch para reten\u00e7\u00e3o de humidade e isolamento do solo","isPartOf":{"@id":"https:\/\/shop.natureneem.com\/pt-pt\/#website"},"primaryImageOfPage":{"@id":"https:\/\/shop.natureneem.com\/pt-pt\/e-shop\/tijolo-de-coco-copy\/#primaryimage"},"image":{"@id":"https:\/\/shop.natureneem.com\/pt-pt\/e-shop\/tijolo-de-coco-copy\/#primaryimage"},"thumbnailUrl":"https:\/\/shop.natureneem.com\/wp-content\/uploads\/2025\/05\/NN_COCO-MULCH_WEB_00-1.jpg","datePublished":"2025-05-14T15:54:41+00:00","dateModified":"2025-09-12T10:58:11+00:00","description":"Transforma a tua experi\u00eancia de jardinagem com Coco Mulch! Ideal para apartamentos e terra\u00e7os, proporciona isolamento e evita o crescimento de ervas daninhas. Compra agora!","breadcrumb":{"@id":"https:\/\/shop.natureneem.com\/pt-pt\/e-shop\/tijolo-de-coco-copy\/#breadcrumb"},"inLanguage":"pt-PT","potentialAction":[{"@type":"ReadAction","target":["https:\/\/shop.natureneem.com\/pt-pt\/e-shop\/tijolo-de-coco-copy\/"]}]},{"@type":"ImageObject","inLanguage":"pt-PT","@id":"https:\/\/shop.natureneem.com\/pt-pt\/e-shop\/tijolo-de-coco-copy\/#primaryimage","url":"https:\/\/shop.natureneem.com\/wp-content\/uploads\/2025\/05\/NN_COCO-MULCH_WEB_00-1.jpg","contentUrl":"https:\/\/shop.natureneem.com\/wp-content\/uploads\/2025\/05\/NN_COCO-MULCH_WEB_00-1.jpg","width":1200,"height":1200,"caption":"CocoMulch da NatureNeem"},{"@type":"BreadcrumbList","@id":"https:\/\/shop.natureneem.com\/pt-pt\/e-shop\/tijolo-de-coco-copy\/#breadcrumb","itemListElement":[{"@type":"ListItem","position":1,"name":"Home","item":"https:\/\/shop.natureneem.com\/pt-pt\/casa\/"},{"@type":"ListItem","position":2,"name":"Loja virtual","item":"https:\/\/shop.natureneem.com\/pt-pt\/loja-virtual\/"},{"@type":"ListItem","position":3,"name":"Coco Mulch"}]},{"@type":"WebSite","@id":"https:\/\/shop.natureneem.com\/pt-pt\/#website","url":"https:\/\/shop.natureneem.com\/pt-pt\/","name":"NatureNeem e-Shop","description":"Official Shop from Nature Neem","publisher":{"@id":"https:\/\/shop.natureneem.com\/pt-pt\/#organization"},"alternateName":"Nature Neem","potentialAction":[{"@type":"SearchAction","target":{"@type":"EntryPoint","urlTemplate":"https:\/\/shop.natureneem.com\/pt-pt\/?s={search_term_string}"},"query-input":{"@type":"PropertyValueSpecification","valueRequired":true,"valueName":"search_term_string"}}],"inLanguage":"pt-PT"},{"@type":"Organization","@id":"https:\/\/shop.natureneem.com\/pt-pt\/#organization","name":"Nature Neem","alternateName":"Lorsun SAS","url":"https:\/\/shop.natureneem.com\/pt-pt\/","logo":{"@type":"ImageObject","inLanguage":"pt-PT","@id":"https:\/\/shop.natureneem.com\/pt-pt\/#\/schema\/logo\/image\/","url":"https:\/\/shop.natureneem.com\/wp-content\/uploads\/2024\/09\/nn-logo-symbole-2024-01.svg","contentUrl":"https:\/\/shop.natureneem.com\/wp-content\/uploads\/2024\/09\/nn-logo-symbole-2024-01.svg","width":1,"height":1,"caption":"Nature Neem"},"image":{"@id":"https:\/\/shop.natureneem.com\/pt-pt\/#\/schema\/logo\/image\/"},"sameAs":["https:\/\/www.facebook.com\/natureneemindia\/","https:\/\/x.com\/natureneem","https:\/\/www.youtube.com\/user\/natureneem","https:\/\/www.linkedin.com\/company\/natureneem"],"description":"Estamos empenhados no desenvolvimento e comercializa\u00e7\u00e3o de solu\u00e7\u00f5es ecol\u00f3gicas. Continuamos a inventar estas solu\u00e7\u00f5es alternativas naturais que podem substituir eficazmente os produtos de s\u00edntese qu\u00edmica que prejudicam o nosso ambiente. A nossa equipa \u00e9 especialmente competente na proposta de insumos agr\u00edcolas biol\u00f3gicos. Tamb\u00e9m actuamos como uma associa\u00e7\u00e3o de pessoas com ideias semelhantes que acreditam que a natureza sustenta a solu\u00e7\u00e3o para todos os problemas ambientais enfrentados pelos seres humanos.   ","email":"info@natureneem.com","telephone":"+91 77084 00899","legalName":"NATURE NEEM PRODUCTS","vatID":"FR08891657884","numberOfEmployees":{"@type":"QuantitativeValue","minValue":"51","maxValue":"200"},"publishingPrinciples":"https:\/\/shop.natureneem.com\/","actionableFeedbackPolicy":"https:\/\/shop.natureneem.com\/return-and-refund-policy\/","hasMerchantReturnPolicy":{"@type":"MerchantReturnPolicy","merchantReturnLink":"https:\/\/shop.natureneem.com\/return-and-refund-policy\/"}}]},"og_availability":"instock","product_availability":"instock","product_retailer_item_id":"NN-GP-CM","product_condition":"new"},"_links":{"self":[{"href":"https:\/\/shop.natureneem.com\/pt-pt\/wp-json\/wp\/v2\/product\/11508","targetHints":{"allow":["GET"]}}],"collection":[{"href":"https:\/\/shop.natureneem.com\/pt-pt\/wp-json\/wp\/v2\/product"}],"about":[{"href":"https:\/\/shop.natureneem.com\/pt-pt\/wp-json\/wp\/v2\/types\/product"}],"replies":[{"embeddable":true,"href":"https:\/\/shop.natureneem.com\/pt-pt\/wp-json\/wp\/v2\/comments?post=11508"}],"wp:featuredmedia":[{"embeddable":true,"href":"https:\/\/shop.natureneem.com\/pt-pt\/wp-json\/wp\/v2\/media\/11721"}],"wp:attachment":[{"href":"https:\/\/shop.natureneem.com\/pt-pt\/wp-json\/wp\/v2\/media?parent=11508"}],"wp:term":[{"taxonomy":"product_brand","embeddable":true,"href":"https:\/\/shop.natureneem.com\/pt-pt\/wp-json\/wp\/v2\/product_brand?post=11508"},{"taxonomy":"product_cat","embeddable":true,"href":"https:\/\/shop.natureneem.com\/pt-pt\/wp-json\/wp\/v2\/product_cat?post=11508"},{"taxonomy":"product_tag","embeddable":true,"href":"https:\/\/shop.natureneem.com\/pt-pt\/wp-json\/wp\/v2\/product_tag?post=11508"}],"curies":[{"name":"wp","href":"https:\/\/api.w.org\/{rel}","templated":true}]}}