{"id":5988,"date":"2019-07-06T18:49:41","date_gmt":"2019-07-06T16:49:41","guid":{"rendered":"https:\/\/shop.natureneem.com\/e-shop\/oleo-de-neem-puro\/"},"modified":"2026-01-05T23:23:58","modified_gmt":"2026-01-05T22:23:58","slug":"oleo-de-neem-puro","status":"publish","type":"product","link":"https:\/\/shop.natureneem.com\/pt-pt\/e-shop\/oleo-de-neem-puro\/","title":{"rendered":"\u00d3leo de Neem puro"},"content":{"rendered":"<p><strong>O \u00f3leo de nim puro \u00e9 obtido por prensagem a frio do caro\u00e7o das sementes de nim maduras segregadas da melhor qualidade.<\/strong><\/p>\n<p>Estas sementes de nim s\u00e3o obtidas atrav\u00e9s da despolpagem, lavagem, secagem e decortica\u00e7\u00e3o dos frutos de nim da esta\u00e7\u00e3o atual. O nosso \u00f3leo de neem puro n\u00e3o tem estabilizadores, emulsionantes ou aditivos e \u00e9 certificado pela Ecocert como um produto biol\u00f3gico. <\/p>\n<p>O Neem \u00e9 uma f\u00e1brica bioqu\u00edmica que cont\u00e9m v\u00e1rios milhares de compostos org\u00e2nicos. Os medicamentos utilizam cada parte do Neem. O \u00f3leo de neem tem propriedades curativas e tem sido amplamente utilizado nos sistemas tradicionais de medicina durante s\u00e9culos. Ap\u00f3s numerosas pesquisas efectuadas por organiza\u00e7\u00f5es de renome, o neem \u00e9 a erva medicinal mais segura e eficaz contra v\u00e1rias doen\u00e7as. O Gabinete de Nutri\u00e7\u00e3o Especial da FDA mant\u00e9m uma extensa base de dados de efeitos adversos de medicamentos \u00e0 base de plantas. Esta base de dados n\u00e3o inclui quaisquer refer\u00eancias ao Neem que possam indicar potenciais problemas.     <\/p>\n<h3>Porque \u00e9 que o nosso \u00f3leo de Neem puro \u00e9 superior a outros \u00f3leos? N\u00e3o hesites em comparar, vais ficar surpreendido! <\/h3>\n<p>Porque a azadiractina, o ingrediente principal, \u00e9 de cerca de 2500 ppm (0,25 %). Os lotes t\u00edpicos de certas esta\u00e7\u00f5es apresentaram n\u00edveis recorde de 3000 ppm de azadiractina.<br \/>\n<strong>No entanto, o teor de azadiractina dos produtos mais baratos dispon\u00edveis no mercado n\u00e3o excede 300 ppm.<\/strong><\/p>\n<p>&nbsp;<\/p>\n<div class=\"uk-grid-match uk-child-width-expand@s\" uk-grid=\"\">\n<div>\n<div class=\"uk-card uk-card-primary uk-card-body\">\n<h3 class=\"uk-card-title\">Para a medicina ayurv\u00e9dica<\/h3>\n<p><strong>Cuidados com a pele<\/strong> \u00c9 um medicamento natural para a cura de doen\u00e7as t\u00f3picas da pele, como o eczema. Na altura tamb\u00e9m para erup\u00e7\u00f5es cut\u00e2neas, especialmente para acne. E ainda mais para dermatites, problemas de pele seca, mas tamb\u00e9m para queimaduras. Encontrar\u00e1s sempre benef\u00edcios com o \u00f3leo de neem puro.   <\/p>\n<p><strong>Contra os piolhos<\/strong> Antes do banho, massaja o \u00f3leo de Neem diretamente ou mistura-o com 50 % de amaciador no couro cabeludo e no cabelo.<\/p>\n<\/div>\n<\/div>\n<div>\n<div class=\"uk-card uk-card-default uk-card-body uk-background-muted\">\n<h3 class=\"uk-card-title\">Um inseticida org\u00e2nico para plantas e animais<\/h3>\n<p>Para utiliza\u00e7\u00e3o como inseticida org\u00e2nico, em particular para fins de pulveriza\u00e7\u00e3o, propomos 2 produtos sol\u00faveis em \u00e1gua <strong><a class=\"uk-button-link\" href=\"https:\/\/shop.natureneem.com\/e-shop\/totalcare-water-soluble-neem-oil\/\">TotalCare<\/a> <\/strong>formula\u00e7\u00e3o de \u00f3leo de neem optimizada para pulveriza\u00e7\u00e3o de plantas e, noutro caso <strong><a class=\"uk-button-link\" href=\"https:\/\/shop.natureneem.com\/pt-pt\/e-shop\/biocare\/\">BioCare <\/a><\/strong>formula\u00e7\u00e3o de \u00f3leo de neem para ectoparasitas quando, por exemplo, afecta os animais.<\/p>\n<\/div>\n<\/div>\n<\/div>\n<div class=\"uk-grid-match uk-child-width-expand@s uk-text-center\" uk-grid=\"\">\n<div>\n<div class=\"uk-card uk-card-default uk-card-body\">\n<h2 class=\"uk-card-title\">O \u00f3leo de Neem puro \u00e9 certificado pela Ecocert de acordo com as normas NOP, EU &amp; JAP<\/h2>\n<div><img loading=\"lazy\" decoding=\"async\" class=\"alignnone wp-image-391 size-medium\" src=\"https:\/\/shop.natureneem.com\/wp-content\/uploads\/2023\/05\/nn_cert_facture-300x60.png\" alt=\"Os produtos Nature Neem s\u00e3o certificados pela Ecocert SA F-32600, e pelas Normas da Comiss\u00e3o Europeia, Programa Org\u00e2nico Nacional (NOP - USDA), Certifica\u00e7\u00e3o da Soil Association.\" width=\"300\" height=\"60\"><\/div>\n<\/div>\n<\/div>\n<div>\n<div class=\"uk-card uk-card-secondary uk-card-body\">\n<h2 class=\"uk-card-title\">Como aplicar este produto?<\/h2>\n<p>Descri\u00e7\u00e3o completa, aplica\u00e7\u00f5es, perguntas frequentes e informa\u00e7\u00f5es.<\/p>\n<div><a class=\"uk-button uk-button-primary\" href=\"https:\/\/natureneem.com\/en\/products\/pure-neem-oil\" target=\"_blank\" rel=\"noopener noreferrer\">CLICA AQUI<\/a><\/div>\n<\/div>\n<\/div>\n<\/div>\n<h3>O \u00f3leo de neem puro \u00e9 produzido pela Nature Neem em Tamil Nadu, na \u00cdndia.<br \/>\nTodos os produtos da Nature Neem India s\u00e3o totalmente biol\u00f3gicos. <b>Da mesma forma, experimenta<\/b> <a href=\"https:\/\/shop.natureneem.com\/e-shop\/nutraza-pellet-of-neem-seed\/\">NutrAza<\/a> para completar os benef\u00edcios do fertilizante de neem, e <a href=\"https:\/\/shop.natureneem.com\/pt-pt\/e-shop\/biocare\/\">BioCare<\/a> especificamente para os teus animais.<\/h3>\n","protected":false},"excerpt":{"rendered":"<div>\n<p><img decoding=\"async\" style=\"float: left;\" src=\"https:\/\/natureneem.com\/images\/logos\/nn_pure_oil.svg\" alt=\"NatureNeem \u00d3leo de Neem puro\" width=\"100\">  Prensagem a frio do caro\u00e7o de sementes de nim maduras segregadas de boa qualidade.<\/p>\n<p><strong>Como aplicar este produto?<\/strong><\/p>\n<div><a class=\"uk-button uk-button-small uk-button-primary\" href=\"https:\/\/natureneem.com\/en\/products\/pure-neem-oil#applications\" target=\"_blank\" rel=\"noopener noreferrer\">CLICA AQUI<\/a><\/div>\n<div><\/div>\n<\/div>\n","protected":false},"featured_media":6032,"comment_status":"open","ping_status":"closed","template":"","meta":[],"product_brand":[],"product_cat":[244],"product_tag":[],"class_list":{"0":"post-5988","1":"product","2":"type-product","3":"status-publish","4":"has-post-thumbnail","6":"product_cat-produtos-de-neem","7":"pa_packing-1l-pt-pt","8":"pa_packing-20l-pt-pt","9":"pa_packing-250ml-pt-pt","10":"pa_packing-5l-pt-pt","11":"pa_packing-500ml-pt-pt","13":"first","14":"instock","15":"shipping-taxable","16":"purchasable","17":"product-type-variable","18":"has-default-attributes"},"yoast_head":"<!-- This site is optimized with the Yoast SEO Premium plugin v27.1 (Yoast SEO v27.2) - https:\/\/yoast.com\/product\/yoast-seo-premium-wordpress\/ -->\n<title>\u00d3leo de Neem Puro Org\u00e2nico Certificado: Sem aditivos ou estabilizadores \ud83d\udfe1 NatureNeem e-Shop<\/title>\n<meta name=\"description\" content=\"Experimenta o poder do \u00f3leo de neem puro, extra\u00eddo das sementes de neem da melhor qualidade. 100% org\u00e2nico e sem aditivos. Compra j\u00e1 o teu!\" \/>\n<meta name=\"robots\" content=\"index, follow, max-snippet:-1, max-image-preview:large, max-video-preview:-1\" \/>\n<link rel=\"canonical\" href=\"https:\/\/shop.natureneem.com\/pt-pt\/e-shop\/oleo-de-neem-puro\/\" \/>\n<meta property=\"og:locale\" content=\"pt_PT\" \/>\n<meta property=\"og:type\" content=\"article\" \/>\n<meta property=\"og:title\" content=\"Experimenta a F\u00e1brica Bioqu\u00edmica: \u00d3leo de Neem puro para solu\u00e7\u00f5es naturais\" \/>\n<meta property=\"og:description\" content=\"Descobre a forma mais pura do \u00f3leo de nim, prensado a frio a partir de sementes de nim cuidadosamente selecionadas. Experimenta a bondade org\u00e2nica como nunca antes. Compra j\u00e1 o teu!\" \/>\n<meta property=\"og:url\" content=\"https:\/\/shop.natureneem.com\/pt-pt\/e-shop\/oleo-de-neem-puro\/\" \/>\n<meta property=\"og:site_name\" content=\"NatureNeem e-Shop\" \/>\n<meta property=\"article:publisher\" content=\"https:\/\/www.facebook.com\/natureneemindia\/\" \/>\n<meta property=\"article:modified_time\" content=\"2026-01-05T22:23:58+00:00\" \/>\n<meta property=\"og:image\" content=\"https:\/\/shop.natureneem.com\/wp-content\/uploads\/2019\/07\/nn_pureneemoil_01-1.jpg\" \/>\n\t<meta property=\"og:image:width\" content=\"1000\" \/>\n\t<meta property=\"og:image:height\" content=\"1000\" \/>\n\t<meta property=\"og:image:type\" content=\"image\/jpeg\" \/>\n<meta name=\"twitter:card\" content=\"summary_large_image\" \/>\n<meta name=\"twitter:title\" content=\"\u00d3leo de Neem puro: Prensado a frio para uma qualidade e pureza superiores\" \/>\n<meta name=\"twitter:description\" content=\"Experimenta o poder do \u00f3leo de nim puro, prensado a frio a partir das melhores sementes de nim. Certificado como biol\u00f3gico, sem aditivos nem emulsionantes. Compra o teu hoje e desfruta dos seus in\u00fameros benef\u00edcios!\" \/>\n<meta name=\"twitter:site\" content=\"@natureneem\" \/>\n<meta name=\"twitter:label1\" content=\"Disponibilidade\" \/>\n\t<meta name=\"twitter:data1\" content=\"Em stock\" \/>\n<script type=\"application\/ld+json\" class=\"yoast-schema-graph\">{\"@context\":\"https:\/\/schema.org\",\"@graph\":[{\"@type\":\"WebPage\",\"@id\":\"https:\/\/shop.natureneem.com\/pt-pt\/e-shop\/oleo-de-neem-puro\/\",\"url\":\"https:\/\/shop.natureneem.com\/pt-pt\/e-shop\/oleo-de-neem-puro\/\",\"name\":\"\u00d3leo de Neem Puro Org\u00e2nico Certificado: Sem aditivos ou estabilizadores \ud83d\udfe1 NatureNeem e-Shop\",\"isPartOf\":{\"@id\":\"https:\/\/shop.natureneem.com\/pt-pt\/#website\"},\"primaryImageOfPage\":{\"@id\":\"https:\/\/shop.natureneem.com\/pt-pt\/e-shop\/oleo-de-neem-puro\/#primaryimage\"},\"image\":{\"@id\":\"https:\/\/shop.natureneem.com\/pt-pt\/e-shop\/oleo-de-neem-puro\/#primaryimage\"},\"thumbnailUrl\":\"https:\/\/shop.natureneem.com\/wp-content\/uploads\/2019\/07\/nn_pureneemoil_01-1.jpg\",\"datePublished\":\"2019-07-06T16:49:41+00:00\",\"dateModified\":\"2026-01-05T22:23:58+00:00\",\"description\":\"Experimenta o poder do \u00f3leo de neem puro, extra\u00eddo das sementes de neem da melhor qualidade. 100% org\u00e2nico e sem aditivos. Compra j\u00e1 o teu!\",\"breadcrumb\":{\"@id\":\"https:\/\/shop.natureneem.com\/pt-pt\/e-shop\/oleo-de-neem-puro\/#breadcrumb\"},\"inLanguage\":\"pt-PT\",\"potentialAction\":[{\"@type\":\"ReadAction\",\"target\":[\"https:\/\/shop.natureneem.com\/pt-pt\/e-shop\/oleo-de-neem-puro\/\"]}]},{\"@type\":\"ImageObject\",\"inLanguage\":\"pt-PT\",\"@id\":\"https:\/\/shop.natureneem.com\/pt-pt\/e-shop\/oleo-de-neem-puro\/#primaryimage\",\"url\":\"https:\/\/shop.natureneem.com\/wp-content\/uploads\/2019\/07\/nn_pureneemoil_01-1.jpg\",\"contentUrl\":\"https:\/\/shop.natureneem.com\/wp-content\/uploads\/2019\/07\/nn_pureneemoil_01-1.jpg\",\"width\":1000,\"height\":1000,\"caption\":\"\u00d3leo de Neem puro da Nature Neem\"},{\"@type\":\"BreadcrumbList\",\"@id\":\"https:\/\/shop.natureneem.com\/pt-pt\/e-shop\/oleo-de-neem-puro\/#breadcrumb\",\"itemListElement\":[{\"@type\":\"ListItem\",\"position\":1,\"name\":\"Home\",\"item\":\"https:\/\/shop.natureneem.com\/pt-pt\/casa\/\"},{\"@type\":\"ListItem\",\"position\":2,\"name\":\"Loja virtual\",\"item\":\"https:\/\/shop.natureneem.com\/pt-pt\/loja-virtual\/\"},{\"@type\":\"ListItem\",\"position\":3,\"name\":\"\u00d3leo de Neem puro\"}]},{\"@type\":\"WebSite\",\"@id\":\"https:\/\/shop.natureneem.com\/pt-pt\/#website\",\"url\":\"https:\/\/shop.natureneem.com\/pt-pt\/\",\"name\":\"NatureNeem e-Shop\",\"description\":\"Official Shop from Nature Neem\",\"publisher\":{\"@id\":\"https:\/\/shop.natureneem.com\/pt-pt\/#organization\"},\"alternateName\":\"Nature Neem\",\"potentialAction\":[{\"@type\":\"SearchAction\",\"target\":{\"@type\":\"EntryPoint\",\"urlTemplate\":\"https:\/\/shop.natureneem.com\/pt-pt\/?s={search_term_string}\"},\"query-input\":{\"@type\":\"PropertyValueSpecification\",\"valueRequired\":true,\"valueName\":\"search_term_string\"}}],\"inLanguage\":\"pt-PT\"},{\"@type\":\"Organization\",\"@id\":\"https:\/\/shop.natureneem.com\/pt-pt\/#organization\",\"name\":\"Nature Neem\",\"alternateName\":\"Lorsun SAS\",\"url\":\"https:\/\/shop.natureneem.com\/pt-pt\/\",\"logo\":{\"@type\":\"ImageObject\",\"inLanguage\":\"pt-PT\",\"@id\":\"https:\/\/shop.natureneem.com\/pt-pt\/#\/schema\/logo\/image\/\",\"url\":\"https:\/\/shop.natureneem.com\/wp-content\/uploads\/2024\/09\/nn-logo-symbole-2024-01.svg\",\"contentUrl\":\"https:\/\/shop.natureneem.com\/wp-content\/uploads\/2024\/09\/nn-logo-symbole-2024-01.svg\",\"width\":1,\"height\":1,\"caption\":\"Nature Neem\"},\"image\":{\"@id\":\"https:\/\/shop.natureneem.com\/pt-pt\/#\/schema\/logo\/image\/\"},\"sameAs\":[\"https:\/\/www.facebook.com\/natureneemindia\/\",\"https:\/\/x.com\/natureneem\",\"https:\/\/www.youtube.com\/user\/natureneem\",\"https:\/\/www.linkedin.com\/company\/natureneem\"],\"description\":\"Estamos empenhados no desenvolvimento e comercializa\u00e7\u00e3o de solu\u00e7\u00f5es ecol\u00f3gicas. Continuamos a inventar estas solu\u00e7\u00f5es alternativas naturais que podem substituir eficazmente os produtos de s\u00edntese qu\u00edmica que prejudicam o nosso ambiente. A nossa equipa \u00e9 especialmente competente na proposta de insumos agr\u00edcolas biol\u00f3gicos. Tamb\u00e9m actuamos como uma associa\u00e7\u00e3o de pessoas com ideias semelhantes que acreditam que a natureza sustenta a solu\u00e7\u00e3o para todos os problemas ambientais enfrentados pelos seres humanos.   \",\"email\":\"info@natureneem.com\",\"telephone\":\"+91 77084 00899\",\"legalName\":\"NATURE NEEM PRODUCTS\",\"vatID\":\"FR08891657884\",\"numberOfEmployees\":{\"@type\":\"QuantitativeValue\",\"minValue\":\"51\",\"maxValue\":\"200\"},\"publishingPrinciples\":\"https:\/\/shop.natureneem.com\/\",\"actionableFeedbackPolicy\":\"https:\/\/shop.natureneem.com\/return-and-refund-policy\/\",\"hasMerchantReturnPolicy\":{\"@type\":\"MerchantReturnPolicy\",\"merchantReturnLink\":\"https:\/\/shop.natureneem.com\/return-and-refund-policy\/\"}}]}<\/script>\n<meta property=\"og:availability\" content=\"instock\" \/>\n<meta property=\"product:availability\" content=\"instock\" \/>\n<meta property=\"product:retailer_item_id\" content=\"Pure_Neem_Oil\" \/>\n<meta property=\"product:condition\" content=\"new\" \/>\n<!-- \/ Yoast SEO Premium plugin. -->","yoast_head_json":{"title":"\u00d3leo de Neem Puro Org\u00e2nico Certificado: Sem aditivos ou estabilizadores \ud83d\udfe1 NatureNeem e-Shop","description":"Experimenta o poder do \u00f3leo de neem puro, extra\u00eddo das sementes de neem da melhor qualidade. 100% org\u00e2nico e sem aditivos. Compra j\u00e1 o teu!","robots":{"index":"index","follow":"follow","max-snippet":"max-snippet:-1","max-image-preview":"max-image-preview:large","max-video-preview":"max-video-preview:-1"},"canonical":"https:\/\/shop.natureneem.com\/pt-pt\/e-shop\/oleo-de-neem-puro\/","og_locale":"pt_PT","og_type":"article","og_title":"Experimenta a F\u00e1brica Bioqu\u00edmica: \u00d3leo de Neem puro para solu\u00e7\u00f5es naturais","og_description":"Descobre a forma mais pura do \u00f3leo de nim, prensado a frio a partir de sementes de nim cuidadosamente selecionadas. Experimenta a bondade org\u00e2nica como nunca antes. Compra j\u00e1 o teu!","og_url":"https:\/\/shop.natureneem.com\/pt-pt\/e-shop\/oleo-de-neem-puro\/","og_site_name":"NatureNeem e-Shop","article_publisher":"https:\/\/www.facebook.com\/natureneemindia\/","article_modified_time":"2026-01-05T22:23:58+00:00","og_image":[{"width":1000,"height":1000,"url":"https:\/\/shop.natureneem.com\/wp-content\/uploads\/2019\/07\/nn_pureneemoil_01-1.jpg","type":"image\/jpeg"}],"twitter_card":"summary_large_image","twitter_title":"\u00d3leo de Neem puro: Prensado a frio para uma qualidade e pureza superiores","twitter_description":"Experimenta o poder do \u00f3leo de nim puro, prensado a frio a partir das melhores sementes de nim. Certificado como biol\u00f3gico, sem aditivos nem emulsionantes. Compra o teu hoje e desfruta dos seus in\u00fameros benef\u00edcios!","twitter_site":"@natureneem","twitter_misc":{"Disponibilidade":"Em stock"},"schema":{"@context":"https:\/\/schema.org","@graph":[{"@type":"WebPage","@id":"https:\/\/shop.natureneem.com\/pt-pt\/e-shop\/oleo-de-neem-puro\/","url":"https:\/\/shop.natureneem.com\/pt-pt\/e-shop\/oleo-de-neem-puro\/","name":"\u00d3leo de Neem Puro Org\u00e2nico Certificado: Sem aditivos ou estabilizadores \ud83d\udfe1 NatureNeem e-Shop","isPartOf":{"@id":"https:\/\/shop.natureneem.com\/pt-pt\/#website"},"primaryImageOfPage":{"@id":"https:\/\/shop.natureneem.com\/pt-pt\/e-shop\/oleo-de-neem-puro\/#primaryimage"},"image":{"@id":"https:\/\/shop.natureneem.com\/pt-pt\/e-shop\/oleo-de-neem-puro\/#primaryimage"},"thumbnailUrl":"https:\/\/shop.natureneem.com\/wp-content\/uploads\/2019\/07\/nn_pureneemoil_01-1.jpg","datePublished":"2019-07-06T16:49:41+00:00","dateModified":"2026-01-05T22:23:58+00:00","description":"Experimenta o poder do \u00f3leo de neem puro, extra\u00eddo das sementes de neem da melhor qualidade. 100% org\u00e2nico e sem aditivos. Compra j\u00e1 o teu!","breadcrumb":{"@id":"https:\/\/shop.natureneem.com\/pt-pt\/e-shop\/oleo-de-neem-puro\/#breadcrumb"},"inLanguage":"pt-PT","potentialAction":[{"@type":"ReadAction","target":["https:\/\/shop.natureneem.com\/pt-pt\/e-shop\/oleo-de-neem-puro\/"]}]},{"@type":"ImageObject","inLanguage":"pt-PT","@id":"https:\/\/shop.natureneem.com\/pt-pt\/e-shop\/oleo-de-neem-puro\/#primaryimage","url":"https:\/\/shop.natureneem.com\/wp-content\/uploads\/2019\/07\/nn_pureneemoil_01-1.jpg","contentUrl":"https:\/\/shop.natureneem.com\/wp-content\/uploads\/2019\/07\/nn_pureneemoil_01-1.jpg","width":1000,"height":1000,"caption":"\u00d3leo de Neem puro da Nature Neem"},{"@type":"BreadcrumbList","@id":"https:\/\/shop.natureneem.com\/pt-pt\/e-shop\/oleo-de-neem-puro\/#breadcrumb","itemListElement":[{"@type":"ListItem","position":1,"name":"Home","item":"https:\/\/shop.natureneem.com\/pt-pt\/casa\/"},{"@type":"ListItem","position":2,"name":"Loja virtual","item":"https:\/\/shop.natureneem.com\/pt-pt\/loja-virtual\/"},{"@type":"ListItem","position":3,"name":"\u00d3leo de Neem puro"}]},{"@type":"WebSite","@id":"https:\/\/shop.natureneem.com\/pt-pt\/#website","url":"https:\/\/shop.natureneem.com\/pt-pt\/","name":"NatureNeem e-Shop","description":"Official Shop from Nature Neem","publisher":{"@id":"https:\/\/shop.natureneem.com\/pt-pt\/#organization"},"alternateName":"Nature Neem","potentialAction":[{"@type":"SearchAction","target":{"@type":"EntryPoint","urlTemplate":"https:\/\/shop.natureneem.com\/pt-pt\/?s={search_term_string}"},"query-input":{"@type":"PropertyValueSpecification","valueRequired":true,"valueName":"search_term_string"}}],"inLanguage":"pt-PT"},{"@type":"Organization","@id":"https:\/\/shop.natureneem.com\/pt-pt\/#organization","name":"Nature Neem","alternateName":"Lorsun SAS","url":"https:\/\/shop.natureneem.com\/pt-pt\/","logo":{"@type":"ImageObject","inLanguage":"pt-PT","@id":"https:\/\/shop.natureneem.com\/pt-pt\/#\/schema\/logo\/image\/","url":"https:\/\/shop.natureneem.com\/wp-content\/uploads\/2024\/09\/nn-logo-symbole-2024-01.svg","contentUrl":"https:\/\/shop.natureneem.com\/wp-content\/uploads\/2024\/09\/nn-logo-symbole-2024-01.svg","width":1,"height":1,"caption":"Nature Neem"},"image":{"@id":"https:\/\/shop.natureneem.com\/pt-pt\/#\/schema\/logo\/image\/"},"sameAs":["https:\/\/www.facebook.com\/natureneemindia\/","https:\/\/x.com\/natureneem","https:\/\/www.youtube.com\/user\/natureneem","https:\/\/www.linkedin.com\/company\/natureneem"],"description":"Estamos empenhados no desenvolvimento e comercializa\u00e7\u00e3o de solu\u00e7\u00f5es ecol\u00f3gicas. Continuamos a inventar estas solu\u00e7\u00f5es alternativas naturais que podem substituir eficazmente os produtos de s\u00edntese qu\u00edmica que prejudicam o nosso ambiente. A nossa equipa \u00e9 especialmente competente na proposta de insumos agr\u00edcolas biol\u00f3gicos. Tamb\u00e9m actuamos como uma associa\u00e7\u00e3o de pessoas com ideias semelhantes que acreditam que a natureza sustenta a solu\u00e7\u00e3o para todos os problemas ambientais enfrentados pelos seres humanos.   ","email":"info@natureneem.com","telephone":"+91 77084 00899","legalName":"NATURE NEEM PRODUCTS","vatID":"FR08891657884","numberOfEmployees":{"@type":"QuantitativeValue","minValue":"51","maxValue":"200"},"publishingPrinciples":"https:\/\/shop.natureneem.com\/","actionableFeedbackPolicy":"https:\/\/shop.natureneem.com\/return-and-refund-policy\/","hasMerchantReturnPolicy":{"@type":"MerchantReturnPolicy","merchantReturnLink":"https:\/\/shop.natureneem.com\/return-and-refund-policy\/"}}]},"og_availability":"instock","product_availability":"instock","product_retailer_item_id":"Pure_Neem_Oil","product_condition":"new"},"_links":{"self":[{"href":"https:\/\/shop.natureneem.com\/pt-pt\/wp-json\/wp\/v2\/product\/5988","targetHints":{"allow":["GET"]}}],"collection":[{"href":"https:\/\/shop.natureneem.com\/pt-pt\/wp-json\/wp\/v2\/product"}],"about":[{"href":"https:\/\/shop.natureneem.com\/pt-pt\/wp-json\/wp\/v2\/types\/product"}],"replies":[{"embeddable":true,"href":"https:\/\/shop.natureneem.com\/pt-pt\/wp-json\/wp\/v2\/comments?post=5988"}],"wp:featuredmedia":[{"embeddable":true,"href":"https:\/\/shop.natureneem.com\/pt-pt\/wp-json\/wp\/v2\/media\/6032"}],"wp:attachment":[{"href":"https:\/\/shop.natureneem.com\/pt-pt\/wp-json\/wp\/v2\/media?parent=5988"}],"wp:term":[{"taxonomy":"product_brand","embeddable":true,"href":"https:\/\/shop.natureneem.com\/pt-pt\/wp-json\/wp\/v2\/product_brand?post=5988"},{"taxonomy":"product_cat","embeddable":true,"href":"https:\/\/shop.natureneem.com\/pt-pt\/wp-json\/wp\/v2\/product_cat?post=5988"},{"taxonomy":"product_tag","embeddable":true,"href":"https:\/\/shop.natureneem.com\/pt-pt\/wp-json\/wp\/v2\/product_tag?post=5988"}],"curies":[{"name":"wp","href":"https:\/\/api.w.org\/{rel}","templated":true}]}}