{"id":6021,"date":"2019-07-06T19:06:49","date_gmt":"2019-07-06T17:06:49","guid":{"rendered":"https:\/\/shop.natureneem.com\/e-shop\/biocare\/"},"modified":"2026-01-05T23:23:58","modified_gmt":"2026-01-05T22:23:58","slug":"biocare","status":"publish","type":"product","link":"https:\/\/shop.natureneem.com\/pt-pt\/e-shop\/biocare\/","title":{"rendered":"BioCare"},"content":{"rendered":"<h2>O \u00f3leo de neem para animais: BioCare<\/h2>\n<p><strong>BioCare, o \u00f3leo de neem para animais, \u00e9 uma formula\u00e7\u00e3o original da Nature Neem R&amp;D<\/strong>. Os seus ingredientes s\u00e3o optimizados para animais e aves. \u00c9 eficaz no controlo dos parasitas externos e das diferentes doen\u00e7as f\u00fangicas que afectam os animais e as aves.  <\/p>\n<p>BioCare \u00e9 a escolha dos detentores de animais de estima\u00e7\u00e3o que querem procurar uma alternativa natural aos pesticidas qu\u00edmicos. BioCare pertence \u00e0 categoria dos pesticidas de m\u00e9dio a largo espetro. Actua intervindo em v\u00e1rias fases do ciclo de vida dos parasitas.  <\/p>\n<div class=\"uk-grid-match uk-child-width-expand@s\" uk-grid=\"\">\n<div>\n<div class=\"uk-card uk-card-primary uk-card-body\">\n<h3 class=\"uk-card-title\">BioCare como fungicida e bactericida<\/h3>\n<p>Podes encontrar todas as dosagens para cavalos, porcos, coelhos e, claro, para os teus c\u00e3es, gatos e p\u00e1ssaros. Afinal, h\u00e1 muitos estudos de caso que provam que o \u00f3leo para animais curou e rejuvenesceu a pele dos c\u00e3es.<br \/>\nO \u00f3leo de neem para animais n\u00e3o cria quaisquer problemas ambientais e mant\u00e9m o agro-ecossistema livre de polui\u00e7\u00e3o. <\/p>\n<\/div>\n<\/div>\n<div>\n<div class=\"uk-card uk-card-default uk-card-body uk-background-muted\">\n<p>Muitos m\u00e9todos para erradicar as pragas :<\/p>\n<ul>\n<li style=\"text-align: justify;\"><strong>Esteriliza<\/strong> o sistema <strong>reprodutor dos insectos<\/strong> e perturba a reprodu\u00e7\u00e3o.<\/li>\n<li><strong>Reduz a<\/strong> capacidade <strong>de postura dos ovos dos insectos<\/strong>.<\/li>\n<li><strong>Perturba<\/strong> a eclos\u00e3o <strong>dos ovos<\/strong>.<\/li>\n<li><strong>Afecta<\/strong> negativamente <strong>o desenvolvimento de larvas<\/strong>, pupas e ninfas.<\/li>\n<\/ul>\n<\/div>\n<\/div>\n<\/div>\n<div class=\"uk-grid-match uk-child-width-expand@s uk-text-center\" uk-grid=\"\">\n<div>\n<div class=\"uk-card uk-card-default uk-card-body\">\n<h3>Porque \u00e9 que BioCare \u00e9 superior a outros \u00f3leos? N\u00e3o hesites em comparar, vais ficar surpreendido! <\/h3>\n<p>Porque a azadiractina, o ingrediente principal, \u00e9 de cerca de 2500 ppm (0,25 %). Os lotes t\u00edpicos de certas esta\u00e7\u00f5es apresentaram n\u00edveis recorde de 3000 ppm de azadiractina.<br \/>\n<strong>No entanto, o teor de azadiractina dos produtos mais baratos dispon\u00edveis no mercado n\u00e3o excede 300 ppm.<\/strong><\/p>\n<h2 class=\"uk-card-title\">BioCare \u00e9 certificado pela Ecocert de acordo com as normas NOP e UE<\/h2>\n<div><img loading=\"lazy\" decoding=\"async\" class=\"alignnone wp-image-391 size-medium\" title=\"Certifica\u00e7\u00f5es BioCare\" src=\"https:\/\/shop.natureneem.com\/wp-content\/uploads\/2023\/05\/nn_cert_facture-300x60.png\" alt=\"Os produtos Nature Neem s\u00e3o certificados pela Ecocert SA F-32600, e pelas normas da Comiss\u00e3o Europeia, National Organic Programe (NOP - USDA), Soil Association Certification.\" width=\"300\" height=\"60\"><\/div>\n<\/div>\n<\/div>\n<div>\n<div class=\"uk-card uk-card-secondary uk-card-body\">\n<h2 class=\"uk-card-title\">Como aplicar este produto?<\/h2>\n<p>Descri\u00e7\u00e3o completa, aplica\u00e7\u00f5es, perguntas frequentes e informa\u00e7\u00f5es.<\/p>\n<div><a class=\"uk-button uk-button-primary\" href=\"https:\/\/natureneem.com\/en\/products\/biocare\" target=\"_blank\" rel=\"noopener noreferrer\">CLICA AQUI<\/a><\/div>\n<\/div>\n<\/div>\n<\/div>\n<h3>O \u00f3leo de nim sol\u00favel em \u00e1gua para animais numa palavra \u00e9 BioCare. N\u00e3o te esque\u00e7as que \u00e9 t\u00e3o simples de usar, em primeiro lugar para todos os teus animais de estima\u00e7\u00e3o, mam\u00edferos, cavalos, &#8230;<br \/>\nTodos os produtos da Nature Neem India s\u00e3o totalmente bio. Experimenta o <a href=\"https:\/\/shop.natureneem.com\/pt-pt\/e-shop\/nutraza\/\">NutrAza<\/a> para completar os benef\u00edcios do fertilizante de neem e o <a href=\"https:\/\/shop.natureneem.com\/pt-pt\/e-shop\/totalcare\/\">TotalCare<\/a> para as tuas plantas.  <\/h3>\n","protected":false},"excerpt":{"rendered":"<h3 class=\"ai-optimize-19\">\u00d3leo de nim sol\u00favel em \u00e1gua para o cuidado da pele de animais<\/h3>\n<p class=\"ai-optimize-20\">Produto natural de qualidade bio certificada desde 1990 pela Nature Neem India. Pesticida biol\u00f3gico eficaz, fungicida e bactericida. N\u00e3o \u00e9 t\u00f3xico para seres humanos, animais, p\u00e1ssaros &#8230;  <\/p>\n","protected":false},"featured_media":11986,"comment_status":"open","ping_status":"closed","template":"","meta":[],"product_brand":[],"product_cat":[244],"product_tag":[],"class_list":{"0":"post-6021","1":"product","2":"type-product","3":"status-publish","4":"has-post-thumbnail","6":"product_cat-produtos-de-neem","7":"pa_packing-1l-pt-pt","8":"pa_packing-20l-pt-pt","9":"pa_packing-250ml-pt-pt","10":"pa_packing-5l-pt-pt","11":"pa_packing-500ml-pt-pt","13":"first","14":"instock","15":"shipping-taxable","16":"purchasable","17":"product-type-variable","18":"has-default-attributes"},"yoast_head":"<!-- This site is optimized with the Yoast SEO Premium plugin v27.1 (Yoast SEO v27.2) - https:\/\/yoast.com\/product\/yoast-seo-premium-wordpress\/ -->\n<title>BioCare \u00d3leo de Neem para Animais: Alternativa Natural aos Pesticidas.<\/title>\n<meta name=\"description\" content=\"Diz adeus aos pesticidas qu\u00edmicos! O \u00f3leo de neem da BioCare para animais de estima\u00e7\u00e3o \u00e9 naturalmente eficaz contra parasitas e doen\u00e7as f\u00fangicas. \ud83d\udc36 \ud83d\udc34 \ud83d\udc2e. Sem stress para os teus animais de estima\u00e7\u00e3o.\" \/>\n<meta name=\"robots\" content=\"index, follow, max-snippet:-1, max-image-preview:large, max-video-preview:-1\" \/>\n<link rel=\"canonical\" href=\"https:\/\/shop.natureneem.com\/pt-pt\/e-shop\/biocare\/\" \/>\n<meta property=\"og:locale\" content=\"pt_PT\" \/>\n<meta property=\"og:type\" content=\"article\" \/>\n<meta property=\"og:title\" content=\"BioCare: \u00d3leo de Neem para Animais - Solu\u00e7\u00e3o Segura e Natural\" \/>\n<meta property=\"og:description\" content=\"Est\u00e1s \u00e0 procura de uma alternativa natural aos pesticidas qu\u00edmicos? BioCare, o \u00f3leo de neem para animais, \u00e9 a escolha perfeita para os tutores respons\u00e1veis de animais de estima\u00e7\u00e3o. \ud83c\udf3f\" \/>\n<meta property=\"og:url\" content=\"https:\/\/shop.natureneem.com\/pt-pt\/e-shop\/biocare\/\" \/>\n<meta property=\"og:site_name\" content=\"NatureNeem e-Shop\" \/>\n<meta property=\"article:publisher\" content=\"https:\/\/www.facebook.com\/natureneemindia\/\" \/>\n<meta property=\"article:modified_time\" content=\"2026-01-05T22:23:58+00:00\" \/>\n<meta property=\"og:image\" content=\"https:\/\/shop.natureneem.com\/wp-content\/uploads\/2019\/07\/NN-BIOCARE-2025_GROUP_01.jpg\" \/>\n\t<meta property=\"og:image:width\" content=\"800\" \/>\n\t<meta property=\"og:image:height\" content=\"800\" \/>\n\t<meta property=\"og:image:type\" content=\"image\/jpeg\" \/>\n<meta name=\"twitter:card\" content=\"summary_large_image\" \/>\n<meta name=\"twitter:title\" content=\"\u00d3leo de Neem para Animais: Solu\u00e7\u00e3o natural para controlar os parasitas\" \/>\n<meta name=\"twitter:description\" content=\"Diz adeus aos pesticidas qu\u00edmicos! O \u00f3leo de neem BioCare para animais \u00e9 uma solu\u00e7\u00e3o segura e eficaz para controlar parasitas e doen\u00e7as f\u00fangicas. Compra o teu hoje! \ud83d\udc3e\" \/>\n<meta name=\"twitter:site\" content=\"@natureneem\" \/>\n<meta name=\"twitter:label1\" content=\"Disponibilidade\" \/>\n\t<meta name=\"twitter:data1\" content=\"Em stock\" \/>\n<script type=\"application\/ld+json\" class=\"yoast-schema-graph\">{\"@context\":\"https:\/\/schema.org\",\"@graph\":[{\"@type\":\"WebPage\",\"@id\":\"https:\/\/shop.natureneem.com\/pt-pt\/e-shop\/biocare\/\",\"url\":\"https:\/\/shop.natureneem.com\/pt-pt\/e-shop\/biocare\/\",\"name\":\"BioCare \u00d3leo de Neem para Animais: Alternativa Natural aos Pesticidas.\",\"isPartOf\":{\"@id\":\"https:\/\/shop.natureneem.com\/pt-pt\/#website\"},\"primaryImageOfPage\":{\"@id\":\"https:\/\/shop.natureneem.com\/pt-pt\/e-shop\/biocare\/#primaryimage\"},\"image\":{\"@id\":\"https:\/\/shop.natureneem.com\/pt-pt\/e-shop\/biocare\/#primaryimage\"},\"thumbnailUrl\":\"https:\/\/shop.natureneem.com\/wp-content\/uploads\/2019\/07\/NN-BIOCARE-2025_GROUP_01.jpg\",\"datePublished\":\"2019-07-06T17:06:49+00:00\",\"dateModified\":\"2026-01-05T22:23:58+00:00\",\"description\":\"Diz adeus aos pesticidas qu\u00edmicos! O \u00f3leo de neem da BioCare para animais de estima\u00e7\u00e3o \u00e9 naturalmente eficaz contra parasitas e doen\u00e7as f\u00fangicas. \ud83d\udc36 \ud83d\udc34 \ud83d\udc2e. Sem stress para os teus animais de estima\u00e7\u00e3o.\",\"breadcrumb\":{\"@id\":\"https:\/\/shop.natureneem.com\/pt-pt\/e-shop\/biocare\/#breadcrumb\"},\"inLanguage\":\"pt-PT\",\"potentialAction\":[{\"@type\":\"ReadAction\",\"target\":[\"https:\/\/shop.natureneem.com\/pt-pt\/e-shop\/biocare\/\"]}]},{\"@type\":\"ImageObject\",\"inLanguage\":\"pt-PT\",\"@id\":\"https:\/\/shop.natureneem.com\/pt-pt\/e-shop\/biocare\/#primaryimage\",\"url\":\"https:\/\/shop.natureneem.com\/wp-content\/uploads\/2019\/07\/NN-BIOCARE-2025_GROUP_01.jpg\",\"contentUrl\":\"https:\/\/shop.natureneem.com\/wp-content\/uploads\/2019\/07\/NN-BIOCARE-2025_GROUP_01.jpg\",\"width\":800,\"height\":800,\"caption\":\"BioCare by Nature Neem\"},{\"@type\":\"BreadcrumbList\",\"@id\":\"https:\/\/shop.natureneem.com\/pt-pt\/e-shop\/biocare\/#breadcrumb\",\"itemListElement\":[{\"@type\":\"ListItem\",\"position\":1,\"name\":\"Home\",\"item\":\"https:\/\/shop.natureneem.com\/pt-pt\/casa\/\"},{\"@type\":\"ListItem\",\"position\":2,\"name\":\"Loja virtual\",\"item\":\"https:\/\/shop.natureneem.com\/pt-pt\/loja-virtual\/\"},{\"@type\":\"ListItem\",\"position\":3,\"name\":\"BioCare\"}]},{\"@type\":\"WebSite\",\"@id\":\"https:\/\/shop.natureneem.com\/pt-pt\/#website\",\"url\":\"https:\/\/shop.natureneem.com\/pt-pt\/\",\"name\":\"NatureNeem e-Shop\",\"description\":\"Official Shop from Nature Neem\",\"publisher\":{\"@id\":\"https:\/\/shop.natureneem.com\/pt-pt\/#organization\"},\"alternateName\":\"Nature Neem\",\"potentialAction\":[{\"@type\":\"SearchAction\",\"target\":{\"@type\":\"EntryPoint\",\"urlTemplate\":\"https:\/\/shop.natureneem.com\/pt-pt\/?s={search_term_string}\"},\"query-input\":{\"@type\":\"PropertyValueSpecification\",\"valueRequired\":true,\"valueName\":\"search_term_string\"}}],\"inLanguage\":\"pt-PT\"},{\"@type\":\"Organization\",\"@id\":\"https:\/\/shop.natureneem.com\/pt-pt\/#organization\",\"name\":\"Nature Neem\",\"alternateName\":\"Lorsun SAS\",\"url\":\"https:\/\/shop.natureneem.com\/pt-pt\/\",\"logo\":{\"@type\":\"ImageObject\",\"inLanguage\":\"pt-PT\",\"@id\":\"https:\/\/shop.natureneem.com\/pt-pt\/#\/schema\/logo\/image\/\",\"url\":\"https:\/\/shop.natureneem.com\/wp-content\/uploads\/2024\/09\/nn-logo-symbole-2024-01.svg\",\"contentUrl\":\"https:\/\/shop.natureneem.com\/wp-content\/uploads\/2024\/09\/nn-logo-symbole-2024-01.svg\",\"width\":1,\"height\":1,\"caption\":\"Nature Neem\"},\"image\":{\"@id\":\"https:\/\/shop.natureneem.com\/pt-pt\/#\/schema\/logo\/image\/\"},\"sameAs\":[\"https:\/\/www.facebook.com\/natureneemindia\/\",\"https:\/\/x.com\/natureneem\",\"https:\/\/www.youtube.com\/user\/natureneem\",\"https:\/\/www.linkedin.com\/company\/natureneem\"],\"description\":\"Estamos empenhados no desenvolvimento e comercializa\u00e7\u00e3o de solu\u00e7\u00f5es ecol\u00f3gicas. Continuamos a inventar estas solu\u00e7\u00f5es alternativas naturais que podem substituir eficazmente os produtos de s\u00edntese qu\u00edmica que prejudicam o nosso ambiente. A nossa equipa \u00e9 especialmente competente na proposta de insumos agr\u00edcolas biol\u00f3gicos. Tamb\u00e9m actuamos como uma associa\u00e7\u00e3o de pessoas com ideias semelhantes que acreditam que a natureza sustenta a solu\u00e7\u00e3o para todos os problemas ambientais enfrentados pelos seres humanos.   \",\"email\":\"info@natureneem.com\",\"telephone\":\"+91 77084 00899\",\"legalName\":\"NATURE NEEM PRODUCTS\",\"vatID\":\"FR08891657884\",\"numberOfEmployees\":{\"@type\":\"QuantitativeValue\",\"minValue\":\"51\",\"maxValue\":\"200\"},\"publishingPrinciples\":\"https:\/\/shop.natureneem.com\/\",\"actionableFeedbackPolicy\":\"https:\/\/shop.natureneem.com\/return-and-refund-policy\/\",\"hasMerchantReturnPolicy\":{\"@type\":\"MerchantReturnPolicy\",\"merchantReturnLink\":\"https:\/\/shop.natureneem.com\/return-and-refund-policy\/\"}}]}<\/script>\n<meta property=\"og:availability\" content=\"instock\" \/>\n<meta property=\"product:availability\" content=\"instock\" \/>\n<meta property=\"product:retailer_item_id\" content=\"BioCare\" \/>\n<meta property=\"product:condition\" content=\"new\" \/>\n<!-- \/ Yoast SEO Premium plugin. -->","yoast_head_json":{"title":"BioCare \u00d3leo de Neem para Animais: Alternativa Natural aos Pesticidas.","description":"Diz adeus aos pesticidas qu\u00edmicos! O \u00f3leo de neem da BioCare para animais de estima\u00e7\u00e3o \u00e9 naturalmente eficaz contra parasitas e doen\u00e7as f\u00fangicas. \ud83d\udc36 \ud83d\udc34 \ud83d\udc2e. Sem stress para os teus animais de estima\u00e7\u00e3o.","robots":{"index":"index","follow":"follow","max-snippet":"max-snippet:-1","max-image-preview":"max-image-preview:large","max-video-preview":"max-video-preview:-1"},"canonical":"https:\/\/shop.natureneem.com\/pt-pt\/e-shop\/biocare\/","og_locale":"pt_PT","og_type":"article","og_title":"BioCare: \u00d3leo de Neem para Animais - Solu\u00e7\u00e3o Segura e Natural","og_description":"Est\u00e1s \u00e0 procura de uma alternativa natural aos pesticidas qu\u00edmicos? BioCare, o \u00f3leo de neem para animais, \u00e9 a escolha perfeita para os tutores respons\u00e1veis de animais de estima\u00e7\u00e3o. \ud83c\udf3f","og_url":"https:\/\/shop.natureneem.com\/pt-pt\/e-shop\/biocare\/","og_site_name":"NatureNeem e-Shop","article_publisher":"https:\/\/www.facebook.com\/natureneemindia\/","article_modified_time":"2026-01-05T22:23:58+00:00","og_image":[{"width":800,"height":800,"url":"https:\/\/shop.natureneem.com\/wp-content\/uploads\/2019\/07\/NN-BIOCARE-2025_GROUP_01.jpg","type":"image\/jpeg"}],"twitter_card":"summary_large_image","twitter_title":"\u00d3leo de Neem para Animais: Solu\u00e7\u00e3o natural para controlar os parasitas","twitter_description":"Diz adeus aos pesticidas qu\u00edmicos! O \u00f3leo de neem BioCare para animais \u00e9 uma solu\u00e7\u00e3o segura e eficaz para controlar parasitas e doen\u00e7as f\u00fangicas. Compra o teu hoje! \ud83d\udc3e","twitter_site":"@natureneem","twitter_misc":{"Disponibilidade":"Em stock"},"schema":{"@context":"https:\/\/schema.org","@graph":[{"@type":"WebPage","@id":"https:\/\/shop.natureneem.com\/pt-pt\/e-shop\/biocare\/","url":"https:\/\/shop.natureneem.com\/pt-pt\/e-shop\/biocare\/","name":"BioCare \u00d3leo de Neem para Animais: Alternativa Natural aos Pesticidas.","isPartOf":{"@id":"https:\/\/shop.natureneem.com\/pt-pt\/#website"},"primaryImageOfPage":{"@id":"https:\/\/shop.natureneem.com\/pt-pt\/e-shop\/biocare\/#primaryimage"},"image":{"@id":"https:\/\/shop.natureneem.com\/pt-pt\/e-shop\/biocare\/#primaryimage"},"thumbnailUrl":"https:\/\/shop.natureneem.com\/wp-content\/uploads\/2019\/07\/NN-BIOCARE-2025_GROUP_01.jpg","datePublished":"2019-07-06T17:06:49+00:00","dateModified":"2026-01-05T22:23:58+00:00","description":"Diz adeus aos pesticidas qu\u00edmicos! O \u00f3leo de neem da BioCare para animais de estima\u00e7\u00e3o \u00e9 naturalmente eficaz contra parasitas e doen\u00e7as f\u00fangicas. \ud83d\udc36 \ud83d\udc34 \ud83d\udc2e. Sem stress para os teus animais de estima\u00e7\u00e3o.","breadcrumb":{"@id":"https:\/\/shop.natureneem.com\/pt-pt\/e-shop\/biocare\/#breadcrumb"},"inLanguage":"pt-PT","potentialAction":[{"@type":"ReadAction","target":["https:\/\/shop.natureneem.com\/pt-pt\/e-shop\/biocare\/"]}]},{"@type":"ImageObject","inLanguage":"pt-PT","@id":"https:\/\/shop.natureneem.com\/pt-pt\/e-shop\/biocare\/#primaryimage","url":"https:\/\/shop.natureneem.com\/wp-content\/uploads\/2019\/07\/NN-BIOCARE-2025_GROUP_01.jpg","contentUrl":"https:\/\/shop.natureneem.com\/wp-content\/uploads\/2019\/07\/NN-BIOCARE-2025_GROUP_01.jpg","width":800,"height":800,"caption":"BioCare by Nature Neem"},{"@type":"BreadcrumbList","@id":"https:\/\/shop.natureneem.com\/pt-pt\/e-shop\/biocare\/#breadcrumb","itemListElement":[{"@type":"ListItem","position":1,"name":"Home","item":"https:\/\/shop.natureneem.com\/pt-pt\/casa\/"},{"@type":"ListItem","position":2,"name":"Loja virtual","item":"https:\/\/shop.natureneem.com\/pt-pt\/loja-virtual\/"},{"@type":"ListItem","position":3,"name":"BioCare"}]},{"@type":"WebSite","@id":"https:\/\/shop.natureneem.com\/pt-pt\/#website","url":"https:\/\/shop.natureneem.com\/pt-pt\/","name":"NatureNeem e-Shop","description":"Official Shop from Nature Neem","publisher":{"@id":"https:\/\/shop.natureneem.com\/pt-pt\/#organization"},"alternateName":"Nature Neem","potentialAction":[{"@type":"SearchAction","target":{"@type":"EntryPoint","urlTemplate":"https:\/\/shop.natureneem.com\/pt-pt\/?s={search_term_string}"},"query-input":{"@type":"PropertyValueSpecification","valueRequired":true,"valueName":"search_term_string"}}],"inLanguage":"pt-PT"},{"@type":"Organization","@id":"https:\/\/shop.natureneem.com\/pt-pt\/#organization","name":"Nature Neem","alternateName":"Lorsun SAS","url":"https:\/\/shop.natureneem.com\/pt-pt\/","logo":{"@type":"ImageObject","inLanguage":"pt-PT","@id":"https:\/\/shop.natureneem.com\/pt-pt\/#\/schema\/logo\/image\/","url":"https:\/\/shop.natureneem.com\/wp-content\/uploads\/2024\/09\/nn-logo-symbole-2024-01.svg","contentUrl":"https:\/\/shop.natureneem.com\/wp-content\/uploads\/2024\/09\/nn-logo-symbole-2024-01.svg","width":1,"height":1,"caption":"Nature Neem"},"image":{"@id":"https:\/\/shop.natureneem.com\/pt-pt\/#\/schema\/logo\/image\/"},"sameAs":["https:\/\/www.facebook.com\/natureneemindia\/","https:\/\/x.com\/natureneem","https:\/\/www.youtube.com\/user\/natureneem","https:\/\/www.linkedin.com\/company\/natureneem"],"description":"Estamos empenhados no desenvolvimento e comercializa\u00e7\u00e3o de solu\u00e7\u00f5es ecol\u00f3gicas. Continuamos a inventar estas solu\u00e7\u00f5es alternativas naturais que podem substituir eficazmente os produtos de s\u00edntese qu\u00edmica que prejudicam o nosso ambiente. A nossa equipa \u00e9 especialmente competente na proposta de insumos agr\u00edcolas biol\u00f3gicos. Tamb\u00e9m actuamos como uma associa\u00e7\u00e3o de pessoas com ideias semelhantes que acreditam que a natureza sustenta a solu\u00e7\u00e3o para todos os problemas ambientais enfrentados pelos seres humanos.   ","email":"info@natureneem.com","telephone":"+91 77084 00899","legalName":"NATURE NEEM PRODUCTS","vatID":"FR08891657884","numberOfEmployees":{"@type":"QuantitativeValue","minValue":"51","maxValue":"200"},"publishingPrinciples":"https:\/\/shop.natureneem.com\/","actionableFeedbackPolicy":"https:\/\/shop.natureneem.com\/return-and-refund-policy\/","hasMerchantReturnPolicy":{"@type":"MerchantReturnPolicy","merchantReturnLink":"https:\/\/shop.natureneem.com\/return-and-refund-policy\/"}}]},"og_availability":"instock","product_availability":"instock","product_retailer_item_id":"BioCare","product_condition":"new"},"_links":{"self":[{"href":"https:\/\/shop.natureneem.com\/pt-pt\/wp-json\/wp\/v2\/product\/6021","targetHints":{"allow":["GET"]}}],"collection":[{"href":"https:\/\/shop.natureneem.com\/pt-pt\/wp-json\/wp\/v2\/product"}],"about":[{"href":"https:\/\/shop.natureneem.com\/pt-pt\/wp-json\/wp\/v2\/types\/product"}],"replies":[{"embeddable":true,"href":"https:\/\/shop.natureneem.com\/pt-pt\/wp-json\/wp\/v2\/comments?post=6021"}],"wp:featuredmedia":[{"embeddable":true,"href":"https:\/\/shop.natureneem.com\/pt-pt\/wp-json\/wp\/v2\/media\/11986"}],"wp:attachment":[{"href":"https:\/\/shop.natureneem.com\/pt-pt\/wp-json\/wp\/v2\/media?parent=6021"}],"wp:term":[{"taxonomy":"product_brand","embeddable":true,"href":"https:\/\/shop.natureneem.com\/pt-pt\/wp-json\/wp\/v2\/product_brand?post=6021"},{"taxonomy":"product_cat","embeddable":true,"href":"https:\/\/shop.natureneem.com\/pt-pt\/wp-json\/wp\/v2\/product_cat?post=6021"},{"taxonomy":"product_tag","embeddable":true,"href":"https:\/\/shop.natureneem.com\/pt-pt\/wp-json\/wp\/v2\/product_tag?post=6021"}],"curies":[{"name":"wp","href":"https:\/\/api.w.org\/{rel}","templated":true}]}}