{"id":6111,"date":"2019-07-06T19:00:23","date_gmt":"2019-07-06T17:00:23","guid":{"rendered":"https:\/\/shop.natureneem.com\/e-shop\/totalcare\/"},"modified":"2026-02-16T23:27:07","modified_gmt":"2026-02-16T22:27:07","slug":"totalcare","status":"publish","type":"product","link":"https:\/\/shop.natureneem.com\/pt-pt\/e-shop\/totalcare\/","title":{"rendered":"TotalCare"},"content":{"rendered":"<h3><strong>TotalCare,  <\/strong><strong>\u00f3leo de neem para plantas em formula\u00e7\u00e3o sol\u00favel em \u00e1gua. Basta diluir em \u00e1gua e pulverizar.   <\/strong><\/h3>\n<p>TotalCare \u00e9 o melhor pesticida bot\u00e2nico para a agricultura e os jardins biol\u00f3gicos. Obtido atrav\u00e9s da emuls\u00e3o de \u00f3leo de nim puro prensado a frio a partir das sementes de nim da esta\u00e7\u00e3o atual, garante a efic\u00e1cia do nim. A escolha e a dosagem dos emulsionantes foram optimizadas durante longos anos de investiga\u00e7\u00e3o para preservar os ingredientes m\u00e1gicos do neem. \u00c9 superior a outras solu\u00e7\u00f5es org\u00e2nicas devido \u00e0 sua aplica\u00e7\u00e3o mais vasta e \u00e0 sua influ\u00eancia em 200 esp\u00e9cies de pragas. Significativamente, algumas delas j\u00e1 s\u00e3o resistentes ou inerentemente dif\u00edceis de controlar com pesticidas convencionais.     \u00d3leo de neem sol\u00favel em \u00e1gua para plantas pesticida na agricultura biol\u00f3gica e jardins.<\/p>\n<h3><strong>O melhor pesticida bot\u00e2nico para jardins biol\u00f3gicos. \u00d3leo de neem sol\u00favel em \u00e1gua para plantas. <\/strong><\/h3>\n<h3 style=\"padding-left: 40px;\"><strong>Toma:  <\/strong><\/h3>\n<p style=\"padding-left: 40px;\"><strong>5-15 ml por litro de \u00e1gua, com base na infesta\u00e7\u00e3o e no volume de \u00e1gua utilizado para a pulveriza\u00e7\u00e3o.<\/strong><\/p>\n<p style=\"padding-left: 80px;\"><strong>Exemplos:<\/strong><\/p>\n<ul>\n<li style=\"list-style-type: none;\">\n<ul>\n<li><strong>Para as \u00e1rvores de fruto e arbustos<\/strong> que requerem mais \u00e1gua para cobrir, 2-5 ml por litro de \u00e1gua s\u00e3o suficientes.<\/li>\n<li><strong>Para hortas ou plantas de jardim<\/strong> onde s\u00e3o geralmente utilizados pulverizadores manuais, dependendo da incid\u00eancia de pragas, mistura 5-10 ml de TotalCare por litro de \u00e1gua.<\/li>\n<li><strong>Para pulverizadores modernos<\/strong> utilizados em culturas de campo que requerem menos \u00e1gua para cobrir, mistura 30-50 ml por litro de \u00e1gua.<br \/>\n<a href=\"https:\/\/natureneem.com\/en\/products\/totalcare#applications\" target=\"_blank\" rel=\"noopener\">Detalhes informados sobre a dosagem de TotalCare<\/a>.<\/li>\n<\/ul>\n<\/li>\n<\/ul>\n<div class=\"uk-grid-match uk-child-width-expand@s\" uk-grid=\"\">\n<div>\n<div class=\"uk-card uk-card-primary uk-card-body\">\n<h3 class=\"uk-card-title\">Org\u00e2nico, n\u00e3o t\u00f3xico e biodegrad\u00e1vel<\/h3>\n<p>TotalCare n\u00e3o \u00e9 t\u00f3xico para mam\u00edferos, animais, aves e vida aqu\u00e1tica. N\u00e3o transfere qualquer toxicidade residual para o produto colhido. N\u00e3o h\u00e1 per\u00edodo de espera e podes aplicar em qualquer fase da planta. \u00c9 o mais indicado para estufas e hortas. Tamb\u00e9m \u00e9 amplamente utilizado em floricultura e horticultura, bem como em culturas de campo que requerem certifica\u00e7\u00e3o biol\u00f3gica.    <\/p>\n<p><a class=\"uk-button uk-button-small uk-button-secondary\" href=\"https:\/\/shop.natureneem.com\/download\/694\/certifications\/10698\/issued-eu-attestation-nature-neem-2023\">  Atestado UE emitido &#8211; Nature Neem-2023<\/a><\/p>\n<p><a class=\"uk-button uk-button-small uk-button-secondary\" href=\"https:\/\/shop.natureneem.com\/download\/694\/certifications\/10699\/issued-jas-attestation-nature-neem-2023\">  Emitido Atestado JAS &#8211; Nature Neem-2023<\/a><\/p>\n<p><a class=\"uk-button uk-button-small uk-button-secondary\" href=\"https:\/\/shop.natureneem.com\/download\/694\/certifications\/10700\/issued-nop-attestation-nature-neem-2023\">  Atestado NOP emitido &#8211; Nature Neem-2023<\/a><\/p>\n<\/div>\n<\/div>\n<div>\n<div class=\"uk-card uk-card-default uk-card-body uk-background-muted\">\n<h3 class=\"uk-card-title\">O poder herbal do neem<\/h3>\n<p>Fornece um rem\u00e9dio natural ao aumentar a sa\u00fade geral da planta e ao aumentar a sua resist\u00eancia a pragas e doen\u00e7as. TotalCare tamb\u00e9m cont\u00e9m a fonte org\u00e2nica de macro e micronutrientes. Cont\u00e9m cerca de 200 oligoelementos.  <\/p>\n<h3>Porque \u00e9 que TotalCare \u00e9 superior a outros \u00f3leos? N\u00e3o hesites em comparar, vais ficar surpreendido! <\/h3>\n<p>Extra\u00edmos o \u00f3leo de sementes de nim bem maduras, utilizando o m\u00e9todo tradicional de prensagem a frio. Em TotalCare, a azadiractina, o ingrediente principal, \u00e9 de cerca de 2700 ppm (0,27%). Os lotes t\u00edpicos de certas esta\u00e7\u00f5es revelaram n\u00edveis recorde de 3000 ppm de azadiractina. No entanto, 90% do chamado \u00f3leo de nim puro dispon\u00edvel no mercado europeu \u00e9 apenas \u00f3leo de nim residual das ind\u00fastrias de nim e o seu n\u00edvel de azadiractina ser\u00e1 de cerca de 150 ppm.   <\/p>\n<\/div>\n<\/div>\n<\/div>\n<div class=\"uk-grid-match uk-child-width-expand@s uk-text-center\" uk-grid=\"\">\n<div>\n<div class=\"uk-card uk-card-default uk-card-body\">\n<h2 class=\"uk-card-title\">TotalCare \u00e9 certificado como org\u00e2nico pela Ecocert de acordo com as normas org\u00e2nicas da UE, NOP (USDA) e JAP.<\/h2>\n<div><img loading=\"lazy\" decoding=\"async\" class=\"alignnone wp-image-391 size-medium\" title=\"TotalCare certifica\u00e7\u00f5es oficiais da NatureNeem\" src=\"https:\/\/shop.natureneem.com\/wp-content\/uploads\/2023\/05\/nn_cert_facture-300x60.png\" alt=\"Os produtos Nature Neem s\u00e3o certificados pela Ecocert SA F-32600, e pelas Normas da Comiss\u00e3o Europeia, Programa Org\u00e2nico Nacional (NOP - USDA), Certifica\u00e7\u00e3o da Soil Association.\" width=\"300\" height=\"60\"><\/div>\n<\/div>\n<\/div>\n<div>\n<div class=\"uk-card uk-card-secondary uk-card-body\">\n<h2 class=\"uk-card-title\">Como aplicar este produto?<\/h2>\n<p>Descri\u00e7\u00e3o completa, aplica\u00e7\u00f5es, perguntas frequentes e informa\u00e7\u00f5es.<\/p>\n<div><a class=\"uk-button uk-button-primary\" href=\"https:\/\/natureneem.com\/en\/products\/totalcare\" target=\"_blank\" rel=\"noopener noreferrer\">CLICA AQUI<\/a><\/div>\n<\/div>\n<\/div>\n<\/div>\n<h3>O \u00f3leo de nim sol\u00favel em \u00e1gua para plantas, numa palavra, \u00e9 TotalCare. Em conclus\u00e3o, deves lembrar-te que \u00e9 muito simples de usar, eficaz e n\u00e3o t\u00f3xico. \u00c9 a melhor op\u00e7\u00e3o para a tua horta, estufas e flores.<br \/>\nTodos os produtos da Nature Neem India s\u00e3o totalmente biol\u00f3gicos. <b>Da mesma forma, experimenta<\/b> <a href=\"https:\/\/shop.natureneem.com\/e-shop\/nutraza-pellet-of-neem-seed\/\">NutrAza<\/a> para completar os benef\u00edcios do fertilizante de neem e <a href=\"https:\/\/shop.natureneem.com\/pt-pt\/e-shop\/biocare\/\">BioCare<\/a> para os teus animais.  <\/h3>\n","protected":false},"excerpt":{"rendered":"<h3 class=\"ai-optimize-20\">\u00d3leo de Neem sol\u00favel em \u00e1gua para pulveriza\u00e7\u00e3o de plantas<\/h3>\n<p><img loading=\"lazy\" decoding=\"async\" class=\"alignnone\" style=\"float: left;\" title=\"S\u00edmbolo TotalCare da NatureNeem\" src=\"https:\/\/natureneem.com\/images\/logos\/nn_plant_care.svg\" alt=\"NatureNeem cuida das plantas com TotalCare\" width=\"160\" height=\"599\"><\/p>\n<p class=\"ai-optimize-21\"><strong>O melhor pesticida bot\u00e2nico para jardins biol\u00f3gicos.<br \/>\n<\/strong><strong>\u00d3leo de neem sol\u00favel em \u00e1gua para plantas pesticida em agricultura biol\u00f3gica e jardins<br \/>\nProduto natural de qualidade bio-certificada desde 1990 por Nature Neem India<br \/>\nMistura 5-10 ml por litro de \u00e1gua e pulveriza. N\u00e3o \u00e9 t\u00f3xico para humanos, animais, p\u00e1ssaros &#8230; <\/strong><\/p>\n","protected":false},"featured_media":11974,"comment_status":"open","ping_status":"closed","template":"","meta":[],"product_brand":[],"product_cat":[244],"product_tag":[],"class_list":{"0":"post-6111","1":"product","2":"type-product","3":"status-publish","4":"has-post-thumbnail","6":"product_cat-produtos-de-neem","7":"pa_packing-1l-pt-pt","8":"pa_packing-20l-pt-pt","9":"pa_packing-250ml-pt-pt","10":"pa_packing-5l-pt-pt","11":"pa_packing-500ml-pt-pt","13":"first","14":"instock","15":"shipping-taxable","16":"purchasable","17":"product-type-variable","18":"has-default-attributes"},"yoast_head":"<!-- This site is optimized with the Yoast SEO Premium plugin v27.1 (Yoast SEO v27.2) - https:\/\/yoast.com\/product\/yoast-seo-premium-wordpress\/ -->\n<title>\u00d3leo de Neem sol\u00favel em \u00e1gua para plantas: Solu\u00e7\u00e3o org\u00e2nica de controlo de pragas<\/title>\n<meta name=\"description\" content=\"Protege as tuas plantas com o poder da natureza! TotalCare : \u00d3leo de neem sol\u00favel em \u00e1gua para plantas pesticida na agricultura e jardins biol\u00f3gicos. Compra o teu hoje.\" \/>\n<meta name=\"robots\" content=\"index, follow, max-snippet:-1, max-image-preview:large, max-video-preview:-1\" \/>\n<link rel=\"canonical\" href=\"https:\/\/shop.natureneem.com\/pt-pt\/e-shop\/totalcare\/\" \/>\n<meta property=\"og:locale\" content=\"pt_PT\" \/>\n<meta property=\"og:type\" content=\"article\" \/>\n<meta property=\"og:title\" content=\"Usa \u00f3leo de Neem para as plantas do teu jardim\" \/>\n<meta property=\"og:description\" content=\"Queres um pesticida que seja seguro para as tuas plantas e para o ambiente? Experimenta TotalCare, o melhor \u00f3leo de neem para plantas. Protege o teu jardim naturalmente! \ud83c\udf31\" \/>\n<meta property=\"og:url\" content=\"https:\/\/shop.natureneem.com\/pt-pt\/e-shop\/totalcare\/\" \/>\n<meta property=\"og:site_name\" content=\"NatureNeem e-Shop\" \/>\n<meta property=\"article:publisher\" content=\"https:\/\/www.facebook.com\/natureneemindia\/\" \/>\n<meta property=\"article:modified_time\" content=\"2026-02-16T22:27:07+00:00\" \/>\n<meta property=\"og:image\" content=\"https:\/\/shop.natureneem.com\/wp-content\/uploads\/nc\/images\/products\/totalcare\/nn_totalcare_en_champ_et_ecocert.jpg\" \/>\n<meta name=\"twitter:card\" content=\"summary_large_image\" \/>\n<meta name=\"twitter:title\" content=\"TotalCare: \u00d3leo de Neem para plantas - Controlo org\u00e2nico de pragas para jardins\" \/>\n<meta name=\"twitter:description\" content=\"Protege as tuas plantas de forma natural com TotalCare, o melhor pesticida bot\u00e2nico para a agricultura e jardins biol\u00f3gicos. Seguro, eficaz e amigo do ambiente. \ud83c\udf3f #JardinagemOrg\u00e2nica\" \/>\n<meta name=\"twitter:site\" content=\"@natureneem\" \/>\n<meta name=\"twitter:label1\" content=\"Disponibilidade\" \/>\n\t<meta name=\"twitter:data1\" content=\"Em stock\" \/>\n<script type=\"application\/ld+json\" class=\"yoast-schema-graph\">{\"@context\":\"https:\/\/schema.org\",\"@graph\":[{\"@type\":\"WebPage\",\"@id\":\"https:\/\/shop.natureneem.com\/pt-pt\/e-shop\/totalcare\/\",\"url\":\"https:\/\/shop.natureneem.com\/pt-pt\/e-shop\/totalcare\/\",\"name\":\"\u00d3leo de Neem sol\u00favel em \u00e1gua para plantas: Solu\u00e7\u00e3o org\u00e2nica de controlo de pragas\",\"isPartOf\":{\"@id\":\"https:\/\/shop.natureneem.com\/pt-pt\/#website\"},\"primaryImageOfPage\":{\"@id\":\"https:\/\/shop.natureneem.com\/pt-pt\/e-shop\/totalcare\/#primaryimage\"},\"image\":{\"@id\":\"https:\/\/shop.natureneem.com\/pt-pt\/e-shop\/totalcare\/#primaryimage\"},\"thumbnailUrl\":\"https:\/\/shop.natureneem.com\/wp-content\/uploads\/2019\/07\/NN-TOTALCARE-2025_GROUP_01.jpg\",\"datePublished\":\"2019-07-06T17:00:23+00:00\",\"dateModified\":\"2026-02-16T22:27:07+00:00\",\"description\":\"Protege as tuas plantas com o poder da natureza! TotalCare : \u00d3leo de neem sol\u00favel em \u00e1gua para plantas pesticida na agricultura e jardins biol\u00f3gicos. Compra o teu hoje.\",\"breadcrumb\":{\"@id\":\"https:\/\/shop.natureneem.com\/pt-pt\/e-shop\/totalcare\/#breadcrumb\"},\"inLanguage\":\"pt-PT\",\"potentialAction\":[{\"@type\":\"ReadAction\",\"target\":[\"https:\/\/shop.natureneem.com\/pt-pt\/e-shop\/totalcare\/\"]}]},{\"@type\":\"ImageObject\",\"inLanguage\":\"pt-PT\",\"@id\":\"https:\/\/shop.natureneem.com\/pt-pt\/e-shop\/totalcare\/#primaryimage\",\"url\":\"https:\/\/shop.natureneem.com\/wp-content\/uploads\/2019\/07\/NN-TOTALCARE-2025_GROUP_01.jpg\",\"contentUrl\":\"https:\/\/shop.natureneem.com\/wp-content\/uploads\/2019\/07\/NN-TOTALCARE-2025_GROUP_01.jpg\",\"width\":800,\"height\":800},{\"@type\":\"BreadcrumbList\",\"@id\":\"https:\/\/shop.natureneem.com\/pt-pt\/e-shop\/totalcare\/#breadcrumb\",\"itemListElement\":[{\"@type\":\"ListItem\",\"position\":1,\"name\":\"Home\",\"item\":\"https:\/\/shop.natureneem.com\/pt-pt\/casa\/\"},{\"@type\":\"ListItem\",\"position\":2,\"name\":\"Loja virtual\",\"item\":\"https:\/\/shop.natureneem.com\/pt-pt\/loja-virtual\/\"},{\"@type\":\"ListItem\",\"position\":3,\"name\":\"TotalCare\"}]},{\"@type\":\"WebSite\",\"@id\":\"https:\/\/shop.natureneem.com\/pt-pt\/#website\",\"url\":\"https:\/\/shop.natureneem.com\/pt-pt\/\",\"name\":\"NatureNeem e-Shop\",\"description\":\"Official Shop from Nature Neem\",\"publisher\":{\"@id\":\"https:\/\/shop.natureneem.com\/pt-pt\/#organization\"},\"alternateName\":\"Nature Neem\",\"potentialAction\":[{\"@type\":\"SearchAction\",\"target\":{\"@type\":\"EntryPoint\",\"urlTemplate\":\"https:\/\/shop.natureneem.com\/pt-pt\/?s={search_term_string}\"},\"query-input\":{\"@type\":\"PropertyValueSpecification\",\"valueRequired\":true,\"valueName\":\"search_term_string\"}}],\"inLanguage\":\"pt-PT\"},{\"@type\":\"Organization\",\"@id\":\"https:\/\/shop.natureneem.com\/pt-pt\/#organization\",\"name\":\"Nature Neem\",\"alternateName\":\"Lorsun SAS\",\"url\":\"https:\/\/shop.natureneem.com\/pt-pt\/\",\"logo\":{\"@type\":\"ImageObject\",\"inLanguage\":\"pt-PT\",\"@id\":\"https:\/\/shop.natureneem.com\/pt-pt\/#\/schema\/logo\/image\/\",\"url\":\"https:\/\/shop.natureneem.com\/wp-content\/uploads\/2024\/09\/nn-logo-symbole-2024-01.svg\",\"contentUrl\":\"https:\/\/shop.natureneem.com\/wp-content\/uploads\/2024\/09\/nn-logo-symbole-2024-01.svg\",\"width\":1,\"height\":1,\"caption\":\"Nature Neem\"},\"image\":{\"@id\":\"https:\/\/shop.natureneem.com\/pt-pt\/#\/schema\/logo\/image\/\"},\"sameAs\":[\"https:\/\/www.facebook.com\/natureneemindia\/\",\"https:\/\/x.com\/natureneem\",\"https:\/\/www.youtube.com\/user\/natureneem\",\"https:\/\/www.linkedin.com\/company\/natureneem\"],\"description\":\"Estamos empenhados no desenvolvimento e comercializa\u00e7\u00e3o de solu\u00e7\u00f5es ecol\u00f3gicas. Continuamos a inventar estas solu\u00e7\u00f5es alternativas naturais que podem substituir eficazmente os produtos de s\u00edntese qu\u00edmica que prejudicam o nosso ambiente. A nossa equipa \u00e9 especialmente competente na proposta de insumos agr\u00edcolas biol\u00f3gicos. Tamb\u00e9m actuamos como uma associa\u00e7\u00e3o de pessoas com ideias semelhantes que acreditam que a natureza sustenta a solu\u00e7\u00e3o para todos os problemas ambientais enfrentados pelos seres humanos.   \",\"email\":\"info@natureneem.com\",\"telephone\":\"+91 77084 00899\",\"legalName\":\"NATURE NEEM PRODUCTS\",\"vatID\":\"FR08891657884\",\"numberOfEmployees\":{\"@type\":\"QuantitativeValue\",\"minValue\":\"51\",\"maxValue\":\"200\"},\"publishingPrinciples\":\"https:\/\/shop.natureneem.com\/\",\"actionableFeedbackPolicy\":\"https:\/\/shop.natureneem.com\/return-and-refund-policy\/\",\"hasMerchantReturnPolicy\":{\"@type\":\"MerchantReturnPolicy\",\"merchantReturnLink\":\"https:\/\/shop.natureneem.com\/return-and-refund-policy\/\"}}]}<\/script>\n<meta property=\"og:availability\" content=\"instock\" \/>\n<meta property=\"product:availability\" content=\"instock\" \/>\n<meta property=\"product:retailer_item_id\" content=\"TotalCare\" \/>\n<meta property=\"product:condition\" content=\"new\" \/>\n<!-- \/ Yoast SEO Premium plugin. -->","yoast_head_json":{"title":"\u00d3leo de Neem sol\u00favel em \u00e1gua para plantas: Solu\u00e7\u00e3o org\u00e2nica de controlo de pragas","description":"Protege as tuas plantas com o poder da natureza! TotalCare : \u00d3leo de neem sol\u00favel em \u00e1gua para plantas pesticida na agricultura e jardins biol\u00f3gicos. Compra o teu hoje.","robots":{"index":"index","follow":"follow","max-snippet":"max-snippet:-1","max-image-preview":"max-image-preview:large","max-video-preview":"max-video-preview:-1"},"canonical":"https:\/\/shop.natureneem.com\/pt-pt\/e-shop\/totalcare\/","og_locale":"pt_PT","og_type":"article","og_title":"Usa \u00f3leo de Neem para as plantas do teu jardim","og_description":"Queres um pesticida que seja seguro para as tuas plantas e para o ambiente? Experimenta TotalCare, o melhor \u00f3leo de neem para plantas. Protege o teu jardim naturalmente! \ud83c\udf31","og_url":"https:\/\/shop.natureneem.com\/pt-pt\/e-shop\/totalcare\/","og_site_name":"NatureNeem e-Shop","article_publisher":"https:\/\/www.facebook.com\/natureneemindia\/","article_modified_time":"2026-02-16T22:27:07+00:00","og_image":[{"url":"https:\/\/shop.natureneem.com\/wp-content\/uploads\/nc\/images\/products\/totalcare\/nn_totalcare_en_champ_et_ecocert.jpg","type":"","width":"","height":""}],"twitter_card":"summary_large_image","twitter_title":"TotalCare: \u00d3leo de Neem para plantas - Controlo org\u00e2nico de pragas para jardins","twitter_description":"Protege as tuas plantas de forma natural com TotalCare, o melhor pesticida bot\u00e2nico para a agricultura e jardins biol\u00f3gicos. Seguro, eficaz e amigo do ambiente. \ud83c\udf3f #JardinagemOrg\u00e2nica","twitter_site":"@natureneem","twitter_misc":{"Disponibilidade":"Em stock"},"schema":{"@context":"https:\/\/schema.org","@graph":[{"@type":"WebPage","@id":"https:\/\/shop.natureneem.com\/pt-pt\/e-shop\/totalcare\/","url":"https:\/\/shop.natureneem.com\/pt-pt\/e-shop\/totalcare\/","name":"\u00d3leo de Neem sol\u00favel em \u00e1gua para plantas: Solu\u00e7\u00e3o org\u00e2nica de controlo de pragas","isPartOf":{"@id":"https:\/\/shop.natureneem.com\/pt-pt\/#website"},"primaryImageOfPage":{"@id":"https:\/\/shop.natureneem.com\/pt-pt\/e-shop\/totalcare\/#primaryimage"},"image":{"@id":"https:\/\/shop.natureneem.com\/pt-pt\/e-shop\/totalcare\/#primaryimage"},"thumbnailUrl":"https:\/\/shop.natureneem.com\/wp-content\/uploads\/2019\/07\/NN-TOTALCARE-2025_GROUP_01.jpg","datePublished":"2019-07-06T17:00:23+00:00","dateModified":"2026-02-16T22:27:07+00:00","description":"Protege as tuas plantas com o poder da natureza! TotalCare : \u00d3leo de neem sol\u00favel em \u00e1gua para plantas pesticida na agricultura e jardins biol\u00f3gicos. Compra o teu hoje.","breadcrumb":{"@id":"https:\/\/shop.natureneem.com\/pt-pt\/e-shop\/totalcare\/#breadcrumb"},"inLanguage":"pt-PT","potentialAction":[{"@type":"ReadAction","target":["https:\/\/shop.natureneem.com\/pt-pt\/e-shop\/totalcare\/"]}]},{"@type":"ImageObject","inLanguage":"pt-PT","@id":"https:\/\/shop.natureneem.com\/pt-pt\/e-shop\/totalcare\/#primaryimage","url":"https:\/\/shop.natureneem.com\/wp-content\/uploads\/2019\/07\/NN-TOTALCARE-2025_GROUP_01.jpg","contentUrl":"https:\/\/shop.natureneem.com\/wp-content\/uploads\/2019\/07\/NN-TOTALCARE-2025_GROUP_01.jpg","width":800,"height":800},{"@type":"BreadcrumbList","@id":"https:\/\/shop.natureneem.com\/pt-pt\/e-shop\/totalcare\/#breadcrumb","itemListElement":[{"@type":"ListItem","position":1,"name":"Home","item":"https:\/\/shop.natureneem.com\/pt-pt\/casa\/"},{"@type":"ListItem","position":2,"name":"Loja virtual","item":"https:\/\/shop.natureneem.com\/pt-pt\/loja-virtual\/"},{"@type":"ListItem","position":3,"name":"TotalCare"}]},{"@type":"WebSite","@id":"https:\/\/shop.natureneem.com\/pt-pt\/#website","url":"https:\/\/shop.natureneem.com\/pt-pt\/","name":"NatureNeem e-Shop","description":"Official Shop from Nature Neem","publisher":{"@id":"https:\/\/shop.natureneem.com\/pt-pt\/#organization"},"alternateName":"Nature Neem","potentialAction":[{"@type":"SearchAction","target":{"@type":"EntryPoint","urlTemplate":"https:\/\/shop.natureneem.com\/pt-pt\/?s={search_term_string}"},"query-input":{"@type":"PropertyValueSpecification","valueRequired":true,"valueName":"search_term_string"}}],"inLanguage":"pt-PT"},{"@type":"Organization","@id":"https:\/\/shop.natureneem.com\/pt-pt\/#organization","name":"Nature Neem","alternateName":"Lorsun SAS","url":"https:\/\/shop.natureneem.com\/pt-pt\/","logo":{"@type":"ImageObject","inLanguage":"pt-PT","@id":"https:\/\/shop.natureneem.com\/pt-pt\/#\/schema\/logo\/image\/","url":"https:\/\/shop.natureneem.com\/wp-content\/uploads\/2024\/09\/nn-logo-symbole-2024-01.svg","contentUrl":"https:\/\/shop.natureneem.com\/wp-content\/uploads\/2024\/09\/nn-logo-symbole-2024-01.svg","width":1,"height":1,"caption":"Nature Neem"},"image":{"@id":"https:\/\/shop.natureneem.com\/pt-pt\/#\/schema\/logo\/image\/"},"sameAs":["https:\/\/www.facebook.com\/natureneemindia\/","https:\/\/x.com\/natureneem","https:\/\/www.youtube.com\/user\/natureneem","https:\/\/www.linkedin.com\/company\/natureneem"],"description":"Estamos empenhados no desenvolvimento e comercializa\u00e7\u00e3o de solu\u00e7\u00f5es ecol\u00f3gicas. Continuamos a inventar estas solu\u00e7\u00f5es alternativas naturais que podem substituir eficazmente os produtos de s\u00edntese qu\u00edmica que prejudicam o nosso ambiente. A nossa equipa \u00e9 especialmente competente na proposta de insumos agr\u00edcolas biol\u00f3gicos. Tamb\u00e9m actuamos como uma associa\u00e7\u00e3o de pessoas com ideias semelhantes que acreditam que a natureza sustenta a solu\u00e7\u00e3o para todos os problemas ambientais enfrentados pelos seres humanos.   ","email":"info@natureneem.com","telephone":"+91 77084 00899","legalName":"NATURE NEEM PRODUCTS","vatID":"FR08891657884","numberOfEmployees":{"@type":"QuantitativeValue","minValue":"51","maxValue":"200"},"publishingPrinciples":"https:\/\/shop.natureneem.com\/","actionableFeedbackPolicy":"https:\/\/shop.natureneem.com\/return-and-refund-policy\/","hasMerchantReturnPolicy":{"@type":"MerchantReturnPolicy","merchantReturnLink":"https:\/\/shop.natureneem.com\/return-and-refund-policy\/"}}]},"og_availability":"instock","product_availability":"instock","product_retailer_item_id":"TotalCare","product_condition":"new"},"_links":{"self":[{"href":"https:\/\/shop.natureneem.com\/pt-pt\/wp-json\/wp\/v2\/product\/6111","targetHints":{"allow":["GET"]}}],"collection":[{"href":"https:\/\/shop.natureneem.com\/pt-pt\/wp-json\/wp\/v2\/product"}],"about":[{"href":"https:\/\/shop.natureneem.com\/pt-pt\/wp-json\/wp\/v2\/types\/product"}],"replies":[{"embeddable":true,"href":"https:\/\/shop.natureneem.com\/pt-pt\/wp-json\/wp\/v2\/comments?post=6111"}],"wp:featuredmedia":[{"embeddable":true,"href":"https:\/\/shop.natureneem.com\/pt-pt\/wp-json\/wp\/v2\/media\/11974"}],"wp:attachment":[{"href":"https:\/\/shop.natureneem.com\/pt-pt\/wp-json\/wp\/v2\/media?parent=6111"}],"wp:term":[{"taxonomy":"product_brand","embeddable":true,"href":"https:\/\/shop.natureneem.com\/pt-pt\/wp-json\/wp\/v2\/product_brand?post=6111"},{"taxonomy":"product_cat","embeddable":true,"href":"https:\/\/shop.natureneem.com\/pt-pt\/wp-json\/wp\/v2\/product_cat?post=6111"},{"taxonomy":"product_tag","embeddable":true,"href":"https:\/\/shop.natureneem.com\/pt-pt\/wp-json\/wp\/v2\/product_tag?post=6111"}],"curies":[{"name":"wp","href":"https:\/\/api.w.org\/{rel}","templated":true}]}}