{"id":6124,"date":"2021-05-15T12:16:27","date_gmt":"2021-05-15T10:16:27","guid":{"rendered":"https:\/\/shop.natureneem.com\/e-shop\/naturecoco\/"},"modified":"2025-09-18T15:49:02","modified_gmt":"2025-09-18T13:49:02","slug":"naturecoco","status":"publish","type":"product","link":"https:\/\/shop.natureneem.com\/pt-pt\/e-shop\/naturecoco\/","title":{"rendered":"NatureCoco"},"content":{"rendered":"<div>\n<h3>\u00d3leo de coco virgem biol\u00f3gico<\/h3>\n<\/div>\n<div><strong>Instru\u00e7\u00f5es de utiliza\u00e7\u00e3o para Nature Coco<\/strong><br \/>\n\u00d3leo de cozinha vers\u00e1til e uma alternativa mais saud\u00e1vel \u00e0 gordura tradicional.<br \/>\nTamb\u00e9m aplicado no cabelo, l\u00e1bios e pele como um hidratante.<br \/>\nSem vest\u00edgios de pesticidas, metais pesados ou OGM.<br \/>\n\u00d3leo virgem biol\u00f3gico NatureCoco<br \/>\nN\u00e3o \u00e9 aplicado calor, lix\u00edvia ou conservantes para melhorar a sua cor e dura\u00e7\u00e3o.<br \/>\nPode ser armazenado at\u00e9 2 anos no frigor\u00edfico, mas uma vez aberto, utiliza-o no prazo de 6 meses.<\/div>\n<div><\/div>\n<div><strong>Informa\u00e7\u00f5es de seguran\u00e7a<\/strong><br \/>\nN\u00e3o cont\u00e9m prote\u00ednas. Em casos extremamente raros, pode ocorrer dermatite al\u00e9rgica de contacto.<br \/>\nEmbalagem em frascos recicl\u00e1veis PEG sem BPA. <\/div>\n<div><\/div>\n<div><strong>Composi\u00e7\u00e3o<\/strong><\/div>\n<ul>\n<li>Cont\u00e9m 100% de \u00f3leo de coco (copra) prensado a frio.<\/li>\n<li>Teor nutricional m\u00e9dio para 100 g.<\/li>\n<li>Energia: 898 kcal.<\/li>\n<li>Gorduras: 99 g, dos quais \u00e1cidos gordos saturados: 93 g.<\/li>\n<li>Gl\u00facidos \/ Prote\u00ednas \/ Sais: 0 g<\/li>\n<li><strong>500 ml<\/strong><\/li>\n<\/ul>\n<p>Utiliza no prazo de 6 meses ap\u00f3s a abertura do frasco. Pode ser guardado at\u00e9 2 anos no frigor\u00edfico.<br \/>\nGuardar num local fresco e seco, ao abrigo da luz solar <\/p>\n<ul class=\"uk-list uk-list-bullet uk-scrollspy-inview \" uk-scrollspy-class=\"\">\n<li class=\"el-item\">\n<div class=\"el-content uk-panel\">\n<p>O verdadeiro \u00f3leo de coco \u00e9 obtido a partir do COPRA de coco maduro, seco naturalmente.<\/p>\n<\/div>\n<\/li>\n<li class=\"el-item\">\n<div class=\"el-content uk-panel\">\n<p>O azeite \u00e9 extra\u00eddo segundo o m\u00e9todo tradicional de prensagem a frio, utilizando moinhos de madeira.<\/p>\n<\/div>\n<\/li>\n<li class=\"el-item\">\n<div class=\"el-content uk-panel\">\n<p>Os ingredientes m\u00e1gicos do coco e o seu sabor original s\u00e3o preservados.<\/p>\n<\/div>\n<\/li>\n<li class=\"el-item\">\n<div class=\"el-content uk-panel\">\n<p>N\u00e3o s\u00e3o adicionados conservantes para prolongar o seu prazo de validade nem se procede ao branqueamento para melhorar artificialmente a sua qualidade.<\/p>\n<\/div>\n<\/li>\n<li class=\"el-item\">\n<div class=\"el-content uk-panel\">\n<p>\u00d3leo de qualidade alimentar e n\u00e3o cont\u00e9m quaisquer vest\u00edgios de pesticidas, metais pesados ou OGM.<\/p>\n<\/div>\n<\/li>\n<li class=\"el-item\">\n<div class=\"el-content uk-panel\">\n<p>Aplica\u00e7\u00f5es: cosm\u00e9tica &#8211; hidratante, massagem. Cozinha &#8211; uma alternativa mais saud\u00e1vel \u00e0s gorduras alimentares tradicionais. <\/p>\n<\/div>\n<\/li>\n<\/ul>\n<div class=\"tm-grid-expand uk-child-width-1-1 uk-grid-margin uk-grid uk-grid-stack\" uk-grid=\"\">\n<div class=\"uk-width-1-1@m uk-first-column\"><\/div>\n<\/div>\n<div class=\"tm-grid-expand uk-margin uk-grid\" uk-grid=\"\" uk-height-match=\"target: .uk-card\">\n<div class=\"uk-width-1-2@s uk-first-column\">\n<div class=\"uk-card uk-card-secondary uk-card-body uk-margin-remove-first-child uk-margin\">\n<h4 class=\"el-title uk-heading-small uk-margin-top uk-margin-remove-bottom\">Cosm\u00e9ticos<\/h4>\n<div class=\"el-content uk-panel uk-text-lead uk-column-1-2@m uk-margin-top\">Aplica no cabelo, nos l\u00e1bios e na pele como hidratante. Usa para aumentar o crescimento do cabelo. \u00c9 o melhor \u00f3leo para massagens. Pode ser aplicado para acalmar e curar a pele al\u00e9rgica. Utilizado como desmaquilhante.    <\/div>\n<\/div>\n<\/div>\n<div class=\"uk-width-1-2@s\">\n<div class=\"uk-card uk-card-primary uk-card-body uk-margin-remove-first-child uk-margin\">\n<h4 class=\"el-title uk-heading-small uk-margin-top uk-margin-remove-bottom\">Cozinhar<\/h4>\n<div class=\"el-content uk-panel uk-text-lead uk-column-1-2@m uk-margin-top\">Um \u00f3leo vers\u00e1til e uma alternativa mais saud\u00e1vel \u00e0s gorduras alimentares tradicionais. Pode ser utilizado para temperos, cozinhar, fritar, assar, cozer, fritar molhos e marinadas. Ideal para saladas e pratos frios. O \u00f3leo n\u00e3o refinado prensado a frio acrescenta o aroma e o sabor do coco aos nossos pratos.   <\/div>\n<\/div>\n<\/div>\n<\/div>\n<h3>Obt\u00e9m mais informa\u00e7\u00f5es sobre o \u00f3leo virgem biol\u00f3gico NatureCoco<\/h3>\n<p><img loading=\"lazy\" decoding=\"async\" class=\"alignleft wp-image-416 size-thumbnail\" src=\"https:\/\/shop.natureneem.com\/wp-content\/uploads\/2021\/05\/nn_naturecoco_deco02-150x150.webp\" alt=\"NatureCoco da NatureNeem\" width=\"150\" height=\"150\"><\/p>\n<div><a class=\"uk-button uk-button-secondary uk-button-large\" href=\"https:\/\/natureneem.com\/en\/products\/naturecoco\" target=\"_blank\" rel=\"noopener noreferrer\">Clica aqui<\/a><\/div>\n<div><\/div>\n","protected":false},"excerpt":{"rendered":"<h3 class=\"ai-optimize-10\">\u00d3leo de coco org\u00e2nico virgem<\/h3>\n<p class=\"ai-optimize-11\">Sem calor, sem lix\u00edvia, sem conservantes<\/p>\n","protected":false},"featured_media":11920,"comment_status":"open","ping_status":"closed","template":"","meta":[],"product_brand":[],"product_cat":[252],"product_tag":[],"class_list":{"0":"post-6124","1":"product","2":"type-product","3":"status-publish","4":"has-post-thumbnail","6":"product_cat-produtos-de-coco","7":"product_shipping_class-0-6kg-pt-pt","9":"first","10":"instock","11":"sale","12":"shipping-taxable","13":"purchasable","14":"product-type-simple"},"yoast_head":"<!-- This site is optimized with the Yoast SEO Premium plugin v27.1 (Yoast SEO v27.2) - https:\/\/yoast.com\/product\/yoast-seo-premium-wordpress\/ -->\n<title>\u00d3leo de coco org\u00e2nico virgem: \u00d3leo de cozinha vers\u00e1til e hidratante<\/title>\n<meta name=\"description\" content=\"Desfruta da bondade pura do \u00f3leo de coco virgem biol\u00f3gico da Nature Coco. N\u00e3o cont\u00e9m pesticidas, metais pesados ou OGM. Melhora o teu bem-estar hoje mesmo!\" \/>\n<meta name=\"robots\" content=\"index, follow, max-snippet:-1, max-image-preview:large, max-video-preview:-1\" \/>\n<link rel=\"canonical\" href=\"https:\/\/shop.natureneem.com\/pt-pt\/e-shop\/naturecoco\/\" \/>\n<meta property=\"og:locale\" content=\"pt_PT\" \/>\n<meta property=\"og:type\" content=\"article\" \/>\n<meta property=\"og:title\" content=\"NatureCoco\" \/>\n<meta property=\"og:description\" content=\"Desfruta da bondade pura do \u00f3leo de coco virgem biol\u00f3gico da Nature Coco. N\u00e3o cont\u00e9m pesticidas, metais pesados ou OGM. Melhora o teu bem-estar hoje mesmo!\" \/>\n<meta property=\"og:url\" content=\"https:\/\/shop.natureneem.com\/pt-pt\/e-shop\/naturecoco\/\" \/>\n<meta property=\"og:site_name\" content=\"NatureNeem e-Shop\" \/>\n<meta property=\"article:publisher\" content=\"https:\/\/www.facebook.com\/natureneemindia\/\" \/>\n<meta property=\"article:modified_time\" content=\"2025-09-18T13:49:02+00:00\" \/>\n<meta property=\"og:image\" content=\"https:\/\/shop.natureneem.com\/wp-content\/uploads\/2021\/05\/NN-COCO-2025_01.jpg\" \/>\n\t<meta property=\"og:image:width\" content=\"800\" \/>\n\t<meta property=\"og:image:height\" content=\"800\" \/>\n\t<meta property=\"og:image:type\" content=\"image\/jpeg\" \/>\n<meta name=\"twitter:card\" content=\"summary_large_image\" \/>\n<meta name=\"twitter:site\" content=\"@natureneem\" \/>\n<meta name=\"twitter:label1\" content=\"pre\u00e7o\" \/>\n\t<meta name=\"twitter:data1\" content=\"9,99&nbsp;&euro;\" \/>\n\t<meta name=\"twitter:label2\" content=\"Disponibilidade\" \/>\n\t<meta name=\"twitter:data2\" content=\"Em stock\" \/>\n<script type=\"application\/ld+json\" class=\"yoast-schema-graph\">{\"@context\":\"https:\/\/schema.org\",\"@graph\":[{\"@type\":\"WebPage\",\"@id\":\"https:\/\/shop.natureneem.com\/pt-pt\/e-shop\/naturecoco\/\",\"url\":\"https:\/\/shop.natureneem.com\/pt-pt\/e-shop\/naturecoco\/\",\"name\":\"\u00d3leo de coco org\u00e2nico virgem: \u00d3leo de cozinha vers\u00e1til e hidratante\",\"isPartOf\":{\"@id\":\"https:\/\/shop.natureneem.com\/pt-pt\/#website\"},\"primaryImageOfPage\":{\"@id\":\"https:\/\/shop.natureneem.com\/pt-pt\/e-shop\/naturecoco\/#primaryimage\"},\"image\":{\"@id\":\"https:\/\/shop.natureneem.com\/pt-pt\/e-shop\/naturecoco\/#primaryimage\"},\"thumbnailUrl\":\"https:\/\/shop.natureneem.com\/wp-content\/uploads\/2021\/05\/NN-COCO-2025_01.jpg\",\"datePublished\":\"2021-05-15T10:16:27+00:00\",\"dateModified\":\"2025-09-18T13:49:02+00:00\",\"description\":\"Desfruta da bondade pura do \u00f3leo de coco virgem biol\u00f3gico da Nature Coco. N\u00e3o cont\u00e9m pesticidas, metais pesados ou OGM. Melhora o teu bem-estar hoje mesmo!\",\"breadcrumb\":{\"@id\":\"https:\/\/shop.natureneem.com\/pt-pt\/e-shop\/naturecoco\/#breadcrumb\"},\"inLanguage\":\"pt-PT\",\"potentialAction\":[{\"@type\":\"ReadAction\",\"target\":[\"https:\/\/shop.natureneem.com\/pt-pt\/e-shop\/naturecoco\/\"]}]},{\"@type\":\"ImageObject\",\"inLanguage\":\"pt-PT\",\"@id\":\"https:\/\/shop.natureneem.com\/pt-pt\/e-shop\/naturecoco\/#primaryimage\",\"url\":\"https:\/\/shop.natureneem.com\/wp-content\/uploads\/2021\/05\/NN-COCO-2025_01.jpg\",\"contentUrl\":\"https:\/\/shop.natureneem.com\/wp-content\/uploads\/2021\/05\/NN-COCO-2025_01.jpg\",\"width\":800,\"height\":800},{\"@type\":\"BreadcrumbList\",\"@id\":\"https:\/\/shop.natureneem.com\/pt-pt\/e-shop\/naturecoco\/#breadcrumb\",\"itemListElement\":[{\"@type\":\"ListItem\",\"position\":1,\"name\":\"Home\",\"item\":\"https:\/\/shop.natureneem.com\/pt-pt\/casa\/\"},{\"@type\":\"ListItem\",\"position\":2,\"name\":\"Loja virtual\",\"item\":\"https:\/\/shop.natureneem.com\/pt-pt\/loja-virtual\/\"},{\"@type\":\"ListItem\",\"position\":3,\"name\":\"NatureCoco\"}]},{\"@type\":\"WebSite\",\"@id\":\"https:\/\/shop.natureneem.com\/pt-pt\/#website\",\"url\":\"https:\/\/shop.natureneem.com\/pt-pt\/\",\"name\":\"NatureNeem e-Shop\",\"description\":\"Official Shop from Nature Neem\",\"publisher\":{\"@id\":\"https:\/\/shop.natureneem.com\/pt-pt\/#organization\"},\"alternateName\":\"Nature Neem\",\"potentialAction\":[{\"@type\":\"SearchAction\",\"target\":{\"@type\":\"EntryPoint\",\"urlTemplate\":\"https:\/\/shop.natureneem.com\/pt-pt\/?s={search_term_string}\"},\"query-input\":{\"@type\":\"PropertyValueSpecification\",\"valueRequired\":true,\"valueName\":\"search_term_string\"}}],\"inLanguage\":\"pt-PT\"},{\"@type\":\"Organization\",\"@id\":\"https:\/\/shop.natureneem.com\/pt-pt\/#organization\",\"name\":\"Nature Neem\",\"alternateName\":\"Lorsun SAS\",\"url\":\"https:\/\/shop.natureneem.com\/pt-pt\/\",\"logo\":{\"@type\":\"ImageObject\",\"inLanguage\":\"pt-PT\",\"@id\":\"https:\/\/shop.natureneem.com\/pt-pt\/#\/schema\/logo\/image\/\",\"url\":\"https:\/\/shop.natureneem.com\/wp-content\/uploads\/2024\/09\/nn-logo-symbole-2024-01.svg\",\"contentUrl\":\"https:\/\/shop.natureneem.com\/wp-content\/uploads\/2024\/09\/nn-logo-symbole-2024-01.svg\",\"width\":1,\"height\":1,\"caption\":\"Nature Neem\"},\"image\":{\"@id\":\"https:\/\/shop.natureneem.com\/pt-pt\/#\/schema\/logo\/image\/\"},\"sameAs\":[\"https:\/\/www.facebook.com\/natureneemindia\/\",\"https:\/\/x.com\/natureneem\",\"https:\/\/www.youtube.com\/user\/natureneem\",\"https:\/\/www.linkedin.com\/company\/natureneem\"],\"description\":\"Estamos empenhados no desenvolvimento e comercializa\u00e7\u00e3o de solu\u00e7\u00f5es ecol\u00f3gicas. Continuamos a inventar estas solu\u00e7\u00f5es alternativas naturais que podem substituir eficazmente os produtos de s\u00edntese qu\u00edmica que prejudicam o nosso ambiente. A nossa equipa \u00e9 especialmente competente na proposta de insumos agr\u00edcolas biol\u00f3gicos. Tamb\u00e9m actuamos como uma associa\u00e7\u00e3o de pessoas com ideias semelhantes que acreditam que a natureza sustenta a solu\u00e7\u00e3o para todos os problemas ambientais enfrentados pelos seres humanos.   \",\"email\":\"info@natureneem.com\",\"telephone\":\"+91 77084 00899\",\"legalName\":\"NATURE NEEM PRODUCTS\",\"vatID\":\"FR08891657884\",\"numberOfEmployees\":{\"@type\":\"QuantitativeValue\",\"minValue\":\"51\",\"maxValue\":\"200\"},\"publishingPrinciples\":\"https:\/\/shop.natureneem.com\/\",\"actionableFeedbackPolicy\":\"https:\/\/shop.natureneem.com\/return-and-refund-policy\/\",\"hasMerchantReturnPolicy\":{\"@type\":\"MerchantReturnPolicy\",\"merchantReturnLink\":\"https:\/\/shop.natureneem.com\/return-and-refund-policy\/\"}}]}<\/script>\n<meta property=\"product:price:amount\" content=\"9.99\" \/>\n<meta property=\"product:price:currency\" content=\"EUR\" \/>\n<meta property=\"og:availability\" content=\"instock\" \/>\n<meta property=\"product:availability\" content=\"instock\" \/>\n<meta property=\"product:retailer_item_id\" content=\"NN-CP-NC-500\" \/>\n<meta property=\"product:condition\" content=\"new\" \/>\n<!-- \/ Yoast SEO Premium plugin. -->","yoast_head_json":{"title":"\u00d3leo de coco org\u00e2nico virgem: \u00d3leo de cozinha vers\u00e1til e hidratante","description":"Desfruta da bondade pura do \u00f3leo de coco virgem biol\u00f3gico da Nature Coco. N\u00e3o cont\u00e9m pesticidas, metais pesados ou OGM. Melhora o teu bem-estar hoje mesmo!","robots":{"index":"index","follow":"follow","max-snippet":"max-snippet:-1","max-image-preview":"max-image-preview:large","max-video-preview":"max-video-preview:-1"},"canonical":"https:\/\/shop.natureneem.com\/pt-pt\/e-shop\/naturecoco\/","og_locale":"pt_PT","og_type":"article","og_title":"NatureCoco","og_description":"Desfruta da bondade pura do \u00f3leo de coco virgem biol\u00f3gico da Nature Coco. N\u00e3o cont\u00e9m pesticidas, metais pesados ou OGM. Melhora o teu bem-estar hoje mesmo!","og_url":"https:\/\/shop.natureneem.com\/pt-pt\/e-shop\/naturecoco\/","og_site_name":"NatureNeem e-Shop","article_publisher":"https:\/\/www.facebook.com\/natureneemindia\/","article_modified_time":"2025-09-18T13:49:02+00:00","og_image":[{"width":800,"height":800,"url":"https:\/\/shop.natureneem.com\/wp-content\/uploads\/2021\/05\/NN-COCO-2025_01.jpg","type":"image\/jpeg"}],"twitter_card":"summary_large_image","twitter_site":"@natureneem","twitter_misc":{"pre\u00e7o":"9,99&nbsp;&euro;","Disponibilidade":"Em stock"},"schema":{"@context":"https:\/\/schema.org","@graph":[{"@type":"WebPage","@id":"https:\/\/shop.natureneem.com\/pt-pt\/e-shop\/naturecoco\/","url":"https:\/\/shop.natureneem.com\/pt-pt\/e-shop\/naturecoco\/","name":"\u00d3leo de coco org\u00e2nico virgem: \u00d3leo de cozinha vers\u00e1til e hidratante","isPartOf":{"@id":"https:\/\/shop.natureneem.com\/pt-pt\/#website"},"primaryImageOfPage":{"@id":"https:\/\/shop.natureneem.com\/pt-pt\/e-shop\/naturecoco\/#primaryimage"},"image":{"@id":"https:\/\/shop.natureneem.com\/pt-pt\/e-shop\/naturecoco\/#primaryimage"},"thumbnailUrl":"https:\/\/shop.natureneem.com\/wp-content\/uploads\/2021\/05\/NN-COCO-2025_01.jpg","datePublished":"2021-05-15T10:16:27+00:00","dateModified":"2025-09-18T13:49:02+00:00","description":"Desfruta da bondade pura do \u00f3leo de coco virgem biol\u00f3gico da Nature Coco. N\u00e3o cont\u00e9m pesticidas, metais pesados ou OGM. Melhora o teu bem-estar hoje mesmo!","breadcrumb":{"@id":"https:\/\/shop.natureneem.com\/pt-pt\/e-shop\/naturecoco\/#breadcrumb"},"inLanguage":"pt-PT","potentialAction":[{"@type":"ReadAction","target":["https:\/\/shop.natureneem.com\/pt-pt\/e-shop\/naturecoco\/"]}]},{"@type":"ImageObject","inLanguage":"pt-PT","@id":"https:\/\/shop.natureneem.com\/pt-pt\/e-shop\/naturecoco\/#primaryimage","url":"https:\/\/shop.natureneem.com\/wp-content\/uploads\/2021\/05\/NN-COCO-2025_01.jpg","contentUrl":"https:\/\/shop.natureneem.com\/wp-content\/uploads\/2021\/05\/NN-COCO-2025_01.jpg","width":800,"height":800},{"@type":"BreadcrumbList","@id":"https:\/\/shop.natureneem.com\/pt-pt\/e-shop\/naturecoco\/#breadcrumb","itemListElement":[{"@type":"ListItem","position":1,"name":"Home","item":"https:\/\/shop.natureneem.com\/pt-pt\/casa\/"},{"@type":"ListItem","position":2,"name":"Loja virtual","item":"https:\/\/shop.natureneem.com\/pt-pt\/loja-virtual\/"},{"@type":"ListItem","position":3,"name":"NatureCoco"}]},{"@type":"WebSite","@id":"https:\/\/shop.natureneem.com\/pt-pt\/#website","url":"https:\/\/shop.natureneem.com\/pt-pt\/","name":"NatureNeem e-Shop","description":"Official Shop from Nature Neem","publisher":{"@id":"https:\/\/shop.natureneem.com\/pt-pt\/#organization"},"alternateName":"Nature Neem","potentialAction":[{"@type":"SearchAction","target":{"@type":"EntryPoint","urlTemplate":"https:\/\/shop.natureneem.com\/pt-pt\/?s={search_term_string}"},"query-input":{"@type":"PropertyValueSpecification","valueRequired":true,"valueName":"search_term_string"}}],"inLanguage":"pt-PT"},{"@type":"Organization","@id":"https:\/\/shop.natureneem.com\/pt-pt\/#organization","name":"Nature Neem","alternateName":"Lorsun SAS","url":"https:\/\/shop.natureneem.com\/pt-pt\/","logo":{"@type":"ImageObject","inLanguage":"pt-PT","@id":"https:\/\/shop.natureneem.com\/pt-pt\/#\/schema\/logo\/image\/","url":"https:\/\/shop.natureneem.com\/wp-content\/uploads\/2024\/09\/nn-logo-symbole-2024-01.svg","contentUrl":"https:\/\/shop.natureneem.com\/wp-content\/uploads\/2024\/09\/nn-logo-symbole-2024-01.svg","width":1,"height":1,"caption":"Nature Neem"},"image":{"@id":"https:\/\/shop.natureneem.com\/pt-pt\/#\/schema\/logo\/image\/"},"sameAs":["https:\/\/www.facebook.com\/natureneemindia\/","https:\/\/x.com\/natureneem","https:\/\/www.youtube.com\/user\/natureneem","https:\/\/www.linkedin.com\/company\/natureneem"],"description":"Estamos empenhados no desenvolvimento e comercializa\u00e7\u00e3o de solu\u00e7\u00f5es ecol\u00f3gicas. Continuamos a inventar estas solu\u00e7\u00f5es alternativas naturais que podem substituir eficazmente os produtos de s\u00edntese qu\u00edmica que prejudicam o nosso ambiente. A nossa equipa \u00e9 especialmente competente na proposta de insumos agr\u00edcolas biol\u00f3gicos. Tamb\u00e9m actuamos como uma associa\u00e7\u00e3o de pessoas com ideias semelhantes que acreditam que a natureza sustenta a solu\u00e7\u00e3o para todos os problemas ambientais enfrentados pelos seres humanos.   ","email":"info@natureneem.com","telephone":"+91 77084 00899","legalName":"NATURE NEEM PRODUCTS","vatID":"FR08891657884","numberOfEmployees":{"@type":"QuantitativeValue","minValue":"51","maxValue":"200"},"publishingPrinciples":"https:\/\/shop.natureneem.com\/","actionableFeedbackPolicy":"https:\/\/shop.natureneem.com\/return-and-refund-policy\/","hasMerchantReturnPolicy":{"@type":"MerchantReturnPolicy","merchantReturnLink":"https:\/\/shop.natureneem.com\/return-and-refund-policy\/"}}]},"product_price_amount":"9.99","product_price_currency":"EUR","og_availability":"instock","product_availability":"instock","product_retailer_item_id":"NN-CP-NC-500","product_condition":"new"},"_links":{"self":[{"href":"https:\/\/shop.natureneem.com\/pt-pt\/wp-json\/wp\/v2\/product\/6124","targetHints":{"allow":["GET"]}}],"collection":[{"href":"https:\/\/shop.natureneem.com\/pt-pt\/wp-json\/wp\/v2\/product"}],"about":[{"href":"https:\/\/shop.natureneem.com\/pt-pt\/wp-json\/wp\/v2\/types\/product"}],"replies":[{"embeddable":true,"href":"https:\/\/shop.natureneem.com\/pt-pt\/wp-json\/wp\/v2\/comments?post=6124"}],"wp:featuredmedia":[{"embeddable":true,"href":"https:\/\/shop.natureneem.com\/pt-pt\/wp-json\/wp\/v2\/media\/11920"}],"wp:attachment":[{"href":"https:\/\/shop.natureneem.com\/pt-pt\/wp-json\/wp\/v2\/media?parent=6124"}],"wp:term":[{"taxonomy":"product_brand","embeddable":true,"href":"https:\/\/shop.natureneem.com\/pt-pt\/wp-json\/wp\/v2\/product_brand?post=6124"},{"taxonomy":"product_cat","embeddable":true,"href":"https:\/\/shop.natureneem.com\/pt-pt\/wp-json\/wp\/v2\/product_cat?post=6124"},{"taxonomy":"product_tag","embeddable":true,"href":"https:\/\/shop.natureneem.com\/pt-pt\/wp-json\/wp\/v2\/product_tag?post=6124"}],"curies":[{"name":"wp","href":"https:\/\/api.w.org\/{rel}","templated":true}]}}