{"id":6142,"date":"2023-05-06T17:02:45","date_gmt":"2023-05-06T15:02:45","guid":{"rendered":"https:\/\/shop.natureneem.com\/e-shop\/nutraza\/"},"modified":"2026-03-14T22:16:45","modified_gmt":"2026-03-14T21:16:45","slug":"nutraza","status":"publish","type":"product","link":"https:\/\/shop.natureneem.com\/pt-pt\/e-shop\/nutraza\/","title":{"rendered":"NutrAza"},"content":{"rendered":"<h3><strong>Bolo de sementes de Neem em forma de pellets &#8211; O melhor fertilizante org\u00e2nico, protetor do solo e nematicida natural.<\/strong><\/h3>\n<h4><strong>Dosagem<\/strong><\/h4>\n<ul>\n<li>Envasamento : 30 g \/ Kg de terra. At\u00e9 250 g para vasos maiores. Cobre com uma cobertura vegetal.<br \/>\n<a href=\"https:\/\/www.youtube.com\/watch?v=yjb7McnAWbg\" target=\"_blank\" rel=\"noopener\">V\u00eddeo de envasamento com NutrAza<\/a><\/li>\n<li>Viveiros, hortas: 100 g \/ metro quadrado. 500-1000 g para um terreno de 10-15 metros quadrados.   <\/li>\n<li>\u00c1rvores e arbustos: 100-500 g em fun\u00e7\u00e3o do tamanho da planta.<br \/>\nAplica\u00e7\u00e3o de NutrAza em \u00e1rvores de fruto. <a href=\"https:\/\/www.youtube.com\/watch?v=IKq8JdvQV0k\" target=\"_blank\" rel=\"noopener\">V\u00eddeo1<\/a> <a href=\"https:\/\/www.youtube.com\/watch?v=oZCcpArD4fs\" target=\"_blank\" rel=\"noopener\">V\u00eddeo2<\/a><\/li>\n<li>Culturas arvenses: 1000-2000 kg por hectare com base na fertilidade do solo e na incid\u00eancia de nem\u00e1todos.<\/li>\n<\/ul>\n<h4><strong>Enriquece e protege o teu solo com NutrAza org\u00e2nico. Um fertilizante de liberta\u00e7\u00e3o lenta que n\u00e3o \u00e9 lixiviado pela \u00e1gua.<br \/>\n<\/strong><\/h4>\n<p>NutrAza \u00e9 uma formula\u00e7\u00e3o especial de bolo de sementes de neem que ret\u00e9m os principais nutrientes durante o maior tempo poss\u00edvel. A sua forma peletizada aumenta a sua capacidade de armazenamento durante mais de 2 anos, mas a torta de sementes de nim ou o p\u00f3 deterioram-se se forem armazenados durante mais de 6 meses. Os granulados NutrAza permitem a aplica\u00e7\u00e3o basal no solo ou a aplica\u00e7\u00e3o de cobertura utilizando m\u00e1quinas mecanizadas sofisticadas.  <\/p>\n<h4><strong>Carater\u00edsticas<\/strong><\/h4>\n<ul>\n<li style=\"list-style-type: none;\">\n<ul>\n<li>O melhor fertilizante org\u00e2nico que cont\u00e9m macro-nutrientes e micro-nutrientes em forma natural.<\/li>\n<li>Bioestimulante para as plantas quando absorvido pelas ra\u00edzes. Acelera o desenvolvimento das ra\u00edzes e o crescimento geral das plantas. <\/li>\n<li>NutrAza melhora o aspeto geral das frutas e legumes e aumenta a idade das folhas, o crescimento, a flora\u00e7\u00e3o e o fortalecimento das ra\u00edzes.<\/li>\n<li>Condicionador do solo que melhora a estrutura do solo, adicionando conte\u00fado org\u00e2nico e trazendo de volta a flora do solo.<\/li>\n<li>Pesticida e fungicida natural para o solo que repele os insectos do solo e retarda os fungos patog\u00e9nicos do solo.<\/li>\n<li>O melhor nematicida natural com um rem\u00e9dio cientificamente comprovado a longo prazo contra um espetro de nem\u00e1todos que afectam as plantas.<\/li>\n<li>Fertilizante de liberta\u00e7\u00e3o lenta que se adapta perfeitamente \u00e0 fertiliza\u00e7\u00e3o de outono e inverno.<\/li>\n<\/ul>\n<\/li>\n<\/ul>\n<p><span style=\"text-decoration: underline;\"><strong>NutrAza \u00e9 certificado pela Ecocert<\/strong><\/span> como um insumo org\u00e2nico em conformidade com as diferentes normas agr\u00edcolas. \u00c9 o insumo preferido pelos agricultores que procuram obter certifica\u00e7\u00f5es org\u00e2nicas. <\/p>\n<h4><strong>Atividade repelente de pragas do NutrAza.  <\/strong><\/h4>\n<p><strong>NutrAza <\/strong>provou ser eficaz contra um espetro de nem\u00e1todos. Inibe tamb\u00e9m o crescimento de uma s\u00e9rie de fungos parasitas do solo que causam podrid\u00f5es radiculares, murchas, etc&#8230; <\/p>\n<h3><strong>Descri\u00e7\u00e3o completa, aplica\u00e7\u00f5es e informa\u00e7\u00f5es sobre este produto.<\/strong><\/h3>\n<p><a class=\"uk-button uk-button-small uk-button-primary\" href=\"https:\/\/natureneem.com\/en\/products\/nutraza\" target=\"_blank\" rel=\"noopener noreferrer\">CLICA AQUI<\/a><\/p>\n","protected":false},"excerpt":{"rendered":"<h2 class=\"ai-optimize-15\">Baga\u00e7o de sementes de nim como fertilizante org\u00e2nico natural e protetor do solo<\/h2>\n","protected":false},"featured_media":11910,"comment_status":"open","ping_status":"closed","template":"","meta":[],"product_brand":[],"product_cat":[244],"product_tag":[272,269,270,271,273],"class_list":{"0":"post-6142","1":"product","2":"type-product","3":"status-publish","4":"has-post-thumbnail","6":"product_cat-produtos-de-neem","7":"product_tag-fertilizante","8":"product_tag-nim","9":"product_tag-nutraza-pt-pt","10":"product_tag-organico-pt-pt","11":"product_tag-po-de-amendoa","12":"pa_packing-10kg-pt-pt","13":"pa_packing-15kg-pt-pt","14":"pa_packing-2kg-pt-pt","15":"pa_packing-20kg-pt-pt","16":"pa_packing-25kg-pt-pt","17":"pa_packing-25-kg_powder-pt-pt","18":"pa_packing-5kg-pt-pt","20":"first","21":"instock","22":"shipping-taxable","23":"purchasable","24":"product-type-variable","25":"has-default-attributes"},"yoast_head":"<!-- This site is optimized with the Yoast SEO Premium plugin v27.1 (Yoast SEO v27.2) - https:\/\/yoast.com\/product\/yoast-seo-premium-wordpress\/ -->\n<title>Sementes de Neem em pellets: Enriquecimento e fertiliza\u00e7\u00e3o org\u00e2nica do solo - NatureNeem e-Shop<\/title>\n<meta name=\"description\" content=\"Aumenta o crescimento das tuas plantas com NutrAZA, pellets de bolo de sementes de nim. Fertilizante org\u00e2nico natural. Melhora o desenvolvimento das ra\u00edzes e protege contra as pragas. Pellets de neem.\" \/>\n<meta name=\"robots\" content=\"index, follow, max-snippet:-1, max-image-preview:large, max-video-preview:-1\" \/>\n<link rel=\"canonical\" href=\"https:\/\/shop.natureneem.com\/pt-pt\/e-shop\/nutraza\/\" \/>\n<meta property=\"og:locale\" content=\"pt_PT\" \/>\n<meta property=\"og:type\" content=\"article\" \/>\n<meta property=\"og:title\" content=\"Poderoso fertilizante de sementes de Neem para um solo e plantas saud\u00e1veis\" \/>\n<meta property=\"og:description\" content=\"Impulsiona o crescimento das plantas e o desenvolvimento das ra\u00edzes com os nossos granulados de sementes de neem. Feito com macronutrientes e micronutrientes naturais, \u00e9 a escolha org\u00e2nica perfeita. \ud83c\udf3f\" \/>\n<meta property=\"og:url\" content=\"https:\/\/shop.natureneem.com\/pt-pt\/e-shop\/nutraza\/\" \/>\n<meta property=\"og:site_name\" content=\"NatureNeem e-Shop\" \/>\n<meta property=\"article:publisher\" content=\"https:\/\/www.facebook.com\/natureneemindia\/\" \/>\n<meta property=\"article:modified_time\" content=\"2026-03-14T21:16:45+00:00\" \/>\n<meta property=\"og:image\" content=\"https:\/\/shop.natureneem.com\/wp-content\/uploads\/2024\/10\/nn_nutraza_en-2kg-800x800-1.jpg\" \/>\n\t<meta property=\"og:image:width\" content=\"800\" \/>\n\t<meta property=\"og:image:height\" content=\"800\" \/>\n\t<meta property=\"og:image:type\" content=\"image\/jpeg\" \/>\n<meta name=\"twitter:card\" content=\"summary_large_image\" \/>\n<meta name=\"twitter:title\" content=\"Pellets de sementes de Neem: Retificador de solo org\u00e2nico e fertilizante\" \/>\n<meta name=\"twitter:description\" content=\"D\u00e1 um impulso natural \u00e0s tuas plantas com os nossos granulados de sementes de neem. Estes bioestimulantes favorecem o desenvolvimento das ra\u00edzes e o crescimento geral das plantas. Experimenta e v\u00ea a diferen\u00e7a!\" \/>\n<meta name=\"twitter:site\" content=\"@natureneem\" \/>\n<meta name=\"twitter:label1\" content=\"Disponibilidade\" \/>\n\t<meta name=\"twitter:data1\" content=\"Em stock\" \/>\n<script type=\"application\/ld+json\" class=\"yoast-schema-graph\">{\"@context\":\"https:\/\/schema.org\",\"@graph\":[{\"@type\":\"WebPage\",\"@id\":\"https:\/\/shop.natureneem.com\/pt-pt\/e-shop\/nutraza\/\",\"url\":\"https:\/\/shop.natureneem.com\/pt-pt\/e-shop\/nutraza\/\",\"name\":\"Sementes de Neem em pellets: Enriquecimento e fertiliza\u00e7\u00e3o org\u00e2nica do solo - NatureNeem e-Shop\",\"isPartOf\":{\"@id\":\"https:\/\/shop.natureneem.com\/pt-pt\/#website\"},\"primaryImageOfPage\":{\"@id\":\"https:\/\/shop.natureneem.com\/pt-pt\/e-shop\/nutraza\/#primaryimage\"},\"image\":{\"@id\":\"https:\/\/shop.natureneem.com\/pt-pt\/e-shop\/nutraza\/#primaryimage\"},\"thumbnailUrl\":\"https:\/\/shop.natureneem.com\/wp-content\/uploads\/2024\/10\/nn_nutraza_en-2kg-800x800-1.jpg\",\"datePublished\":\"2023-05-06T15:02:45+00:00\",\"dateModified\":\"2026-03-14T21:16:45+00:00\",\"description\":\"Aumenta o crescimento das tuas plantas com NutrAZA, pellets de bolo de sementes de nim. Fertilizante org\u00e2nico natural. Melhora o desenvolvimento das ra\u00edzes e protege contra as pragas. Pellets de neem.\",\"breadcrumb\":{\"@id\":\"https:\/\/shop.natureneem.com\/pt-pt\/e-shop\/nutraza\/#breadcrumb\"},\"inLanguage\":\"pt-PT\",\"potentialAction\":[{\"@type\":\"ReadAction\",\"target\":[\"https:\/\/shop.natureneem.com\/pt-pt\/e-shop\/nutraza\/\"]}]},{\"@type\":\"ImageObject\",\"inLanguage\":\"pt-PT\",\"@id\":\"https:\/\/shop.natureneem.com\/pt-pt\/e-shop\/nutraza\/#primaryimage\",\"url\":\"https:\/\/shop.natureneem.com\/wp-content\/uploads\/2024\/10\/nn_nutraza_en-2kg-800x800-1.jpg\",\"contentUrl\":\"https:\/\/shop.natureneem.com\/wp-content\/uploads\/2024\/10\/nn_nutraza_en-2kg-800x800-1.jpg\",\"width\":800,\"height\":800},{\"@type\":\"BreadcrumbList\",\"@id\":\"https:\/\/shop.natureneem.com\/pt-pt\/e-shop\/nutraza\/#breadcrumb\",\"itemListElement\":[{\"@type\":\"ListItem\",\"position\":1,\"name\":\"Home\",\"item\":\"https:\/\/shop.natureneem.com\/pt-pt\/casa\/\"},{\"@type\":\"ListItem\",\"position\":2,\"name\":\"Loja virtual\",\"item\":\"https:\/\/shop.natureneem.com\/pt-pt\/loja-virtual\/\"},{\"@type\":\"ListItem\",\"position\":3,\"name\":\"NutrAza\"}]},{\"@type\":\"WebSite\",\"@id\":\"https:\/\/shop.natureneem.com\/pt-pt\/#website\",\"url\":\"https:\/\/shop.natureneem.com\/pt-pt\/\",\"name\":\"NatureNeem e-Shop\",\"description\":\"Official Shop from Nature Neem\",\"publisher\":{\"@id\":\"https:\/\/shop.natureneem.com\/pt-pt\/#organization\"},\"alternateName\":\"Nature Neem\",\"potentialAction\":[{\"@type\":\"SearchAction\",\"target\":{\"@type\":\"EntryPoint\",\"urlTemplate\":\"https:\/\/shop.natureneem.com\/pt-pt\/?s={search_term_string}\"},\"query-input\":{\"@type\":\"PropertyValueSpecification\",\"valueRequired\":true,\"valueName\":\"search_term_string\"}}],\"inLanguage\":\"pt-PT\"},{\"@type\":\"Organization\",\"@id\":\"https:\/\/shop.natureneem.com\/pt-pt\/#organization\",\"name\":\"Nature Neem\",\"alternateName\":\"Lorsun SAS\",\"url\":\"https:\/\/shop.natureneem.com\/pt-pt\/\",\"logo\":{\"@type\":\"ImageObject\",\"inLanguage\":\"pt-PT\",\"@id\":\"https:\/\/shop.natureneem.com\/pt-pt\/#\/schema\/logo\/image\/\",\"url\":\"https:\/\/shop.natureneem.com\/wp-content\/uploads\/2024\/09\/nn-logo-symbole-2024-01.svg\",\"contentUrl\":\"https:\/\/shop.natureneem.com\/wp-content\/uploads\/2024\/09\/nn-logo-symbole-2024-01.svg\",\"width\":1,\"height\":1,\"caption\":\"Nature Neem\"},\"image\":{\"@id\":\"https:\/\/shop.natureneem.com\/pt-pt\/#\/schema\/logo\/image\/\"},\"sameAs\":[\"https:\/\/www.facebook.com\/natureneemindia\/\",\"https:\/\/x.com\/natureneem\",\"https:\/\/www.youtube.com\/user\/natureneem\",\"https:\/\/www.linkedin.com\/company\/natureneem\"],\"description\":\"Estamos empenhados no desenvolvimento e comercializa\u00e7\u00e3o de solu\u00e7\u00f5es ecol\u00f3gicas. Continuamos a inventar estas solu\u00e7\u00f5es alternativas naturais que podem substituir eficazmente os produtos de s\u00edntese qu\u00edmica que prejudicam o nosso ambiente. A nossa equipa \u00e9 especialmente competente na proposta de insumos agr\u00edcolas biol\u00f3gicos. Tamb\u00e9m actuamos como uma associa\u00e7\u00e3o de pessoas com ideias semelhantes que acreditam que a natureza sustenta a solu\u00e7\u00e3o para todos os problemas ambientais enfrentados pelos seres humanos.   \",\"email\":\"info@natureneem.com\",\"telephone\":\"+91 77084 00899\",\"legalName\":\"NATURE NEEM PRODUCTS\",\"vatID\":\"FR08891657884\",\"numberOfEmployees\":{\"@type\":\"QuantitativeValue\",\"minValue\":\"51\",\"maxValue\":\"200\"},\"publishingPrinciples\":\"https:\/\/shop.natureneem.com\/\",\"actionableFeedbackPolicy\":\"https:\/\/shop.natureneem.com\/return-and-refund-policy\/\",\"hasMerchantReturnPolicy\":{\"@type\":\"MerchantReturnPolicy\",\"merchantReturnLink\":\"https:\/\/shop.natureneem.com\/return-and-refund-policy\/\"}}]}<\/script>\n<meta property=\"og:availability\" content=\"instock\" \/>\n<meta property=\"product:availability\" content=\"instock\" \/>\n<meta property=\"product:retailer_item_id\" content=\"NN-NUT-XX\" \/>\n<meta property=\"product:condition\" content=\"new\" \/>\n<!-- \/ Yoast SEO Premium plugin. -->","yoast_head_json":{"title":"Sementes de Neem em pellets: Enriquecimento e fertiliza\u00e7\u00e3o org\u00e2nica do solo - NatureNeem e-Shop","description":"Aumenta o crescimento das tuas plantas com NutrAZA, pellets de bolo de sementes de nim. Fertilizante org\u00e2nico natural. Melhora o desenvolvimento das ra\u00edzes e protege contra as pragas. Pellets de neem.","robots":{"index":"index","follow":"follow","max-snippet":"max-snippet:-1","max-image-preview":"max-image-preview:large","max-video-preview":"max-video-preview:-1"},"canonical":"https:\/\/shop.natureneem.com\/pt-pt\/e-shop\/nutraza\/","og_locale":"pt_PT","og_type":"article","og_title":"Poderoso fertilizante de sementes de Neem para um solo e plantas saud\u00e1veis","og_description":"Impulsiona o crescimento das plantas e o desenvolvimento das ra\u00edzes com os nossos granulados de sementes de neem. Feito com macronutrientes e micronutrientes naturais, \u00e9 a escolha org\u00e2nica perfeita. \ud83c\udf3f","og_url":"https:\/\/shop.natureneem.com\/pt-pt\/e-shop\/nutraza\/","og_site_name":"NatureNeem e-Shop","article_publisher":"https:\/\/www.facebook.com\/natureneemindia\/","article_modified_time":"2026-03-14T21:16:45+00:00","og_image":[{"width":800,"height":800,"url":"https:\/\/shop.natureneem.com\/wp-content\/uploads\/2024\/10\/nn_nutraza_en-2kg-800x800-1.jpg","type":"image\/jpeg"}],"twitter_card":"summary_large_image","twitter_title":"Pellets de sementes de Neem: Retificador de solo org\u00e2nico e fertilizante","twitter_description":"D\u00e1 um impulso natural \u00e0s tuas plantas com os nossos granulados de sementes de neem. Estes bioestimulantes favorecem o desenvolvimento das ra\u00edzes e o crescimento geral das plantas. Experimenta e v\u00ea a diferen\u00e7a!","twitter_site":"@natureneem","twitter_misc":{"Disponibilidade":"Em stock"},"schema":{"@context":"https:\/\/schema.org","@graph":[{"@type":"WebPage","@id":"https:\/\/shop.natureneem.com\/pt-pt\/e-shop\/nutraza\/","url":"https:\/\/shop.natureneem.com\/pt-pt\/e-shop\/nutraza\/","name":"Sementes de Neem em pellets: Enriquecimento e fertiliza\u00e7\u00e3o org\u00e2nica do solo - NatureNeem e-Shop","isPartOf":{"@id":"https:\/\/shop.natureneem.com\/pt-pt\/#website"},"primaryImageOfPage":{"@id":"https:\/\/shop.natureneem.com\/pt-pt\/e-shop\/nutraza\/#primaryimage"},"image":{"@id":"https:\/\/shop.natureneem.com\/pt-pt\/e-shop\/nutraza\/#primaryimage"},"thumbnailUrl":"https:\/\/shop.natureneem.com\/wp-content\/uploads\/2024\/10\/nn_nutraza_en-2kg-800x800-1.jpg","datePublished":"2023-05-06T15:02:45+00:00","dateModified":"2026-03-14T21:16:45+00:00","description":"Aumenta o crescimento das tuas plantas com NutrAZA, pellets de bolo de sementes de nim. Fertilizante org\u00e2nico natural. Melhora o desenvolvimento das ra\u00edzes e protege contra as pragas. Pellets de neem.","breadcrumb":{"@id":"https:\/\/shop.natureneem.com\/pt-pt\/e-shop\/nutraza\/#breadcrumb"},"inLanguage":"pt-PT","potentialAction":[{"@type":"ReadAction","target":["https:\/\/shop.natureneem.com\/pt-pt\/e-shop\/nutraza\/"]}]},{"@type":"ImageObject","inLanguage":"pt-PT","@id":"https:\/\/shop.natureneem.com\/pt-pt\/e-shop\/nutraza\/#primaryimage","url":"https:\/\/shop.natureneem.com\/wp-content\/uploads\/2024\/10\/nn_nutraza_en-2kg-800x800-1.jpg","contentUrl":"https:\/\/shop.natureneem.com\/wp-content\/uploads\/2024\/10\/nn_nutraza_en-2kg-800x800-1.jpg","width":800,"height":800},{"@type":"BreadcrumbList","@id":"https:\/\/shop.natureneem.com\/pt-pt\/e-shop\/nutraza\/#breadcrumb","itemListElement":[{"@type":"ListItem","position":1,"name":"Home","item":"https:\/\/shop.natureneem.com\/pt-pt\/casa\/"},{"@type":"ListItem","position":2,"name":"Loja virtual","item":"https:\/\/shop.natureneem.com\/pt-pt\/loja-virtual\/"},{"@type":"ListItem","position":3,"name":"NutrAza"}]},{"@type":"WebSite","@id":"https:\/\/shop.natureneem.com\/pt-pt\/#website","url":"https:\/\/shop.natureneem.com\/pt-pt\/","name":"NatureNeem e-Shop","description":"Official Shop from Nature Neem","publisher":{"@id":"https:\/\/shop.natureneem.com\/pt-pt\/#organization"},"alternateName":"Nature Neem","potentialAction":[{"@type":"SearchAction","target":{"@type":"EntryPoint","urlTemplate":"https:\/\/shop.natureneem.com\/pt-pt\/?s={search_term_string}"},"query-input":{"@type":"PropertyValueSpecification","valueRequired":true,"valueName":"search_term_string"}}],"inLanguage":"pt-PT"},{"@type":"Organization","@id":"https:\/\/shop.natureneem.com\/pt-pt\/#organization","name":"Nature Neem","alternateName":"Lorsun SAS","url":"https:\/\/shop.natureneem.com\/pt-pt\/","logo":{"@type":"ImageObject","inLanguage":"pt-PT","@id":"https:\/\/shop.natureneem.com\/pt-pt\/#\/schema\/logo\/image\/","url":"https:\/\/shop.natureneem.com\/wp-content\/uploads\/2024\/09\/nn-logo-symbole-2024-01.svg","contentUrl":"https:\/\/shop.natureneem.com\/wp-content\/uploads\/2024\/09\/nn-logo-symbole-2024-01.svg","width":1,"height":1,"caption":"Nature Neem"},"image":{"@id":"https:\/\/shop.natureneem.com\/pt-pt\/#\/schema\/logo\/image\/"},"sameAs":["https:\/\/www.facebook.com\/natureneemindia\/","https:\/\/x.com\/natureneem","https:\/\/www.youtube.com\/user\/natureneem","https:\/\/www.linkedin.com\/company\/natureneem"],"description":"Estamos empenhados no desenvolvimento e comercializa\u00e7\u00e3o de solu\u00e7\u00f5es ecol\u00f3gicas. Continuamos a inventar estas solu\u00e7\u00f5es alternativas naturais que podem substituir eficazmente os produtos de s\u00edntese qu\u00edmica que prejudicam o nosso ambiente. A nossa equipa \u00e9 especialmente competente na proposta de insumos agr\u00edcolas biol\u00f3gicos. Tamb\u00e9m actuamos como uma associa\u00e7\u00e3o de pessoas com ideias semelhantes que acreditam que a natureza sustenta a solu\u00e7\u00e3o para todos os problemas ambientais enfrentados pelos seres humanos.   ","email":"info@natureneem.com","telephone":"+91 77084 00899","legalName":"NATURE NEEM PRODUCTS","vatID":"FR08891657884","numberOfEmployees":{"@type":"QuantitativeValue","minValue":"51","maxValue":"200"},"publishingPrinciples":"https:\/\/shop.natureneem.com\/","actionableFeedbackPolicy":"https:\/\/shop.natureneem.com\/return-and-refund-policy\/","hasMerchantReturnPolicy":{"@type":"MerchantReturnPolicy","merchantReturnLink":"https:\/\/shop.natureneem.com\/return-and-refund-policy\/"}}]},"og_availability":"instock","product_availability":"instock","product_retailer_item_id":"NN-NUT-XX","product_condition":"new"},"_links":{"self":[{"href":"https:\/\/shop.natureneem.com\/pt-pt\/wp-json\/wp\/v2\/product\/6142","targetHints":{"allow":["GET"]}}],"collection":[{"href":"https:\/\/shop.natureneem.com\/pt-pt\/wp-json\/wp\/v2\/product"}],"about":[{"href":"https:\/\/shop.natureneem.com\/pt-pt\/wp-json\/wp\/v2\/types\/product"}],"replies":[{"embeddable":true,"href":"https:\/\/shop.natureneem.com\/pt-pt\/wp-json\/wp\/v2\/comments?post=6142"}],"wp:featuredmedia":[{"embeddable":true,"href":"https:\/\/shop.natureneem.com\/pt-pt\/wp-json\/wp\/v2\/media\/11910"}],"wp:attachment":[{"href":"https:\/\/shop.natureneem.com\/pt-pt\/wp-json\/wp\/v2\/media?parent=6142"}],"wp:term":[{"taxonomy":"product_brand","embeddable":true,"href":"https:\/\/shop.natureneem.com\/pt-pt\/wp-json\/wp\/v2\/product_brand?post=6142"},{"taxonomy":"product_cat","embeddable":true,"href":"https:\/\/shop.natureneem.com\/pt-pt\/wp-json\/wp\/v2\/product_cat?post=6142"},{"taxonomy":"product_tag","embeddable":true,"href":"https:\/\/shop.natureneem.com\/pt-pt\/wp-json\/wp\/v2\/product_tag?post=6142"}],"curies":[{"name":"wp","href":"https:\/\/api.w.org\/{rel}","templated":true}]}}