{"id":6170,"date":"2020-03-31T18:54:27","date_gmt":"2020-03-31T16:54:27","guid":{"rendered":"https:\/\/shop.natureneem.com\/e-shop\/cresce-o-coco\/"},"modified":"2025-09-12T12:57:55","modified_gmt":"2025-09-12T10:57:55","slug":"cresce-o-coco","status":"publish","type":"product","link":"https:\/\/shop.natureneem.com\/pt-pt\/e-shop\/cresce-o-coco\/","title":{"rendered":"CocoGrow"},"content":{"rendered":"<h3>Coco Grow um saco de turfa de coco natural e fibras para as tuas plantas<\/h3>\n<ul>\n<li>Meio de planta\u00e7\u00e3o 100% natural, enriquecido e tamponado a partir de fibra de coco.<\/li>\n<li>Excelente arejamento e drenagem para sistemas radiculares fortes e saud\u00e1veis<\/li>\n<li>Minimiza o choque do transplante, ideal para culturas sens\u00edveis<\/li>\n<li>Econ\u00f3mica e flex\u00edvel, uma vez que \u00e9 simplesmente colocada conforme necess\u00e1rio e hidratada.<\/li>\n<li>F\u00e1cil de manusear, armazenar e utilizar<\/li>\n<\/ul>\n<p><strong>Coco Grow<\/strong> \u00e9 uma mistura de turfa de coco e de fibras lavadas e tamponadas. Esta mistura permite uma boa reten\u00e7\u00e3o, drenagem e arejamento, sem risco de salinidade excessiva para as ra\u00edzes. N\u00e3o cont\u00e9m sementes de ervas daninhas ou agentes patog\u00e9nicos. \u00c9 muito apreciada pelos fruticultores e horticultores delicados.   <\/p>\n<div class=\"uk-grid-match uk-child-width-expand@s\">\n<div>\n<div class=\"uk-card uk-card-default uk-card-body\">\n<h2 class=\"uk-card-title\">Porque \u00e9 que tenho de o utilizar?<\/h2>\n<h4><img loading=\"lazy\" decoding=\"async\" class=\"alignnone size-medium wp-image-12113\" src=\"https:\/\/shop.natureneem.com\/wp-content\/uploads\/2025\/06\/nn_eshop_cocogrow_bag-300x197.jpg\" alt=\"CocoGrow da NatureNeem\" width=\"300\" height=\"197\" srcset=\"https:\/\/shop.natureneem.com\/wp-content\/uploads\/2025\/06\/nn_eshop_cocogrow_bag-300x197.jpg 300w, https:\/\/shop.natureneem.com\/wp-content\/uploads\/2025\/06\/nn_eshop_cocogrow_bag-1024x672.jpg 1024w, https:\/\/shop.natureneem.com\/wp-content\/uploads\/2025\/06\/nn_eshop_cocogrow_bag-768x504.jpg 768w, https:\/\/shop.natureneem.com\/wp-content\/uploads\/2025\/06\/nn_eshop_cocogrow_bag-500x328.jpg 500w, https:\/\/shop.natureneem.com\/wp-content\/uploads\/2025\/06\/nn_eshop_cocogrow_bag.jpg 1280w\" sizes=\"(max-width: 300px) 100vw, 300px\" \/>1 saco de Coco Grow<br \/>\n= 9 litros de terra pr\u00e9-preenchida pronta a plantar<br \/>\nnum saco<\/h4>\n<\/div>\n<\/div>\n<div>\n<div class=\"uk-card uk-card-primary uk-card-body\">\n<h2 class=\"uk-card-title\">Como \u00e9 que o posso utilizar?<\/h2>\n<ul>\n<li>Desembrulha o saco com 1 kg de <a href=\"https:\/\/fr.wikipedia.org\/wiki\/Coconut\" target=\"_blank\" rel=\"noopener\">coco<\/a> embalado.<\/li>\n<li>Adiciona \u00e1gua e enche quase todo o saco de Coco Grow.<\/li>\n<li>Faz 2 a 4 furos a 2-3 cm do fundo.<\/li>\n<li>Adiciona 25 g de <a href=\"https:\/\/shop.natureneem.com\/e-shop\/nutraza-pellet-of-neem-seed\/\" target=\"_blank\" rel=\"noopener noreferrer\">NutrAza<\/a>, o composto natural.<\/li>\n<li>O n\u00famero de plantas por saco depende do seu tamanho.<\/li>\n<li>Dicas : O saco \u00e9 recicl\u00e1vel durante 3 esta\u00e7\u00f5es!<\/li>\n<\/ul>\n<\/div>\n<\/div>\n<\/div>\n<div class=\"uk-grid-match uk-child-width-expand@s\">\n<div>\n<div class=\"uk-card uk-card-secondary uk-card-body\">\n<h2 class=\"uk-card-title\">Canal Neem da Natureza<\/h2>\n<p><iframe loading=\"lazy\" title=\"Rempotage dans un sac de culture pr\u00e9 rempli de terreau de coco\" width=\"500\" height=\"281\" src=\"https:\/\/www.youtube.com\/embed\/yjb7McnAWbg?feature=oembed\" frameborder=\"0\" allow=\"accelerometer; autoplay; clipboard-write; encrypted-media; gyroscope; picture-in-picture; web-share\" referrerpolicy=\"strict-origin-when-cross-origin\" allowfullscreen><\/iframe><\/p>\n<\/div>\n<\/div>\n<div>\n<div class=\"uk-card uk-card-default uk-card-body uk-background-muted\">\n<h2 class=\"uk-card-title\">D\u00e1 uma vista de olhos ao nosso canal no YouTube<\/h2>\n<h3>Segue as nossas melhores pr\u00e1ticas de Coco Grow<br \/>\n<em>Repotting in a Grow Bag pre-filled with Coconut potting soil<\/em><\/h3>\n<\/div>\n<\/div>\n<\/div>\n<h3>Cultiva os teus legumes, plantas e at\u00e9 frutos. \u00c9 f\u00e1cil, econ\u00f3mico e amigo do ambiente com uma terra para vasos pronta a usar. Com apenas 9 litros de \u00e1gua, obt\u00e9ns um saco de terra para vasos feito de fibras de coco 100% naturais. F\u00e1cil de transportar, f\u00e1cil de aplicar.   <\/h3>\n<h3 class=\"uk-alert\">N\u00e3o tens jardim e tens pouco espa\u00e7o para armazenar terra para vasos? Pensa em Coco Grow ! <\/h3>\n<h3 class=\"uk-alert\">Est\u00e1s cansado de carregar sacos de terra demasiado pesados em objectos volumosos? Escolhe Coco Grow ! <\/h3>\n<h3>D\u00e1 uma vista de olhos aos nossos outros produtos Coco, como <a href=\"https:\/\/shop.natureneem.com\/pt-pt\/e-shop\/coco-brick\/\">o Coco Brick<\/a>, um excelente substrato de planta\u00e7\u00e3o e condicionador de solo. Experimenta o campe\u00e3o de vendas <a href=\"https:\/\/shop.natureneem.com\/e-shop\/naturecoco-organic-virgin-coconut-oil\/\">NatureCoco<\/a>, o \u00f3leo de coco virgem org\u00e2nico. Coco Grow Solu\u00e7\u00e3o biol\u00f3gica e ecol\u00f3gica tudo-em-um para espa\u00e7os pequenos.  <\/h3>\n","protected":false},"excerpt":{"rendered":"<h2 class=\"ai-optimize-19\">Saco de cultivo de coco<\/h2>\n<p class=\"ai-optimize-20\">para todos os tipos de plantas<br \/>\n1 saco = 9 litros<br \/>\nPronto a plantar !<\/p>\n","protected":false},"featured_media":12156,"comment_status":"open","ping_status":"closed","template":"","meta":[],"product_brand":[],"product_cat":[252],"product_tag":[],"class_list":{"0":"post-6170","1":"product","2":"type-product","3":"status-publish","4":"has-post-thumbnail","6":"product_cat-produtos-de-coco","7":"product_shipping_class-1-1kg-pt-pt","9":"first","10":"instock","11":"shipping-taxable","12":"purchasable","13":"product-type-simple"},"yoast_head":"<!-- This site is optimized with the Yoast SEO Premium plugin v27.1 (Yoast SEO v27.2) - https:\/\/yoast.com\/product\/yoast-seo-premium-wordpress\/ -->\n<title>Cresce com Coco: Meio de planta\u00e7\u00e3o f\u00e1cil de usar e manusear para plantas \ud83e\udd65 NatureNeem e-Shop<\/title>\n<meta name=\"description\" content=\"D\u00e1 \u00e0s tuas plantas o melhor come\u00e7o com Coco Grow, um meio de planta\u00e7\u00e3o econ\u00f3mico e flex\u00edvel. Minimiza o choque do transplante. Desfruta de um f\u00e1cil manuseamento e armazenamento.\" \/>\n<meta name=\"robots\" content=\"index, follow, max-snippet:-1, max-image-preview:large, max-video-preview:-1\" \/>\n<link rel=\"canonical\" href=\"https:\/\/shop.natureneem.com\/pt-pt\/e-shop\/cresce-o-coco\/\" \/>\n<meta property=\"og:locale\" content=\"pt_PT\" \/>\n<meta property=\"og:type\" content=\"article\" \/>\n<meta property=\"og:title\" content=\"CocoGrow\" \/>\n<meta property=\"og:description\" content=\"D\u00e1 \u00e0s tuas plantas o melhor come\u00e7o com Coco Grow, um meio de planta\u00e7\u00e3o econ\u00f3mico e flex\u00edvel. Minimiza o choque do transplante. Desfruta de um f\u00e1cil manuseamento e armazenamento.\" \/>\n<meta property=\"og:url\" content=\"https:\/\/shop.natureneem.com\/pt-pt\/e-shop\/cresce-o-coco\/\" \/>\n<meta property=\"og:site_name\" content=\"NatureNeem e-Shop\" \/>\n<meta property=\"article:publisher\" content=\"https:\/\/www.facebook.com\/natureneemindia\/\" \/>\n<meta property=\"article:modified_time\" content=\"2025-09-12T10:57:55+00:00\" \/>\n<meta property=\"og:image\" content=\"https:\/\/shop.natureneem.com\/wp-content\/uploads\/2020\/03\/NN-COCOGROW-2025_01.jpg\" \/>\n\t<meta property=\"og:image:width\" content=\"2000\" \/>\n\t<meta property=\"og:image:height\" content=\"2000\" \/>\n\t<meta property=\"og:image:type\" content=\"image\/jpeg\" \/>\n<meta name=\"twitter:card\" content=\"summary_large_image\" \/>\n<meta name=\"twitter:site\" content=\"@natureneem\" \/>\n<meta name=\"twitter:label1\" content=\"pre\u00e7o\" \/>\n\t<meta name=\"twitter:data1\" content=\"7,99&nbsp;&euro;\" \/>\n\t<meta name=\"twitter:label2\" content=\"Disponibilidade\" \/>\n\t<meta name=\"twitter:data2\" content=\"Em stock\" \/>\n<script type=\"application\/ld+json\" class=\"yoast-schema-graph\">{\"@context\":\"https:\/\/schema.org\",\"@graph\":[{\"@type\":\"WebPage\",\"@id\":\"https:\/\/shop.natureneem.com\/pt-pt\/e-shop\/cresce-o-coco\/\",\"url\":\"https:\/\/shop.natureneem.com\/pt-pt\/e-shop\/cresce-o-coco\/\",\"name\":\"Cresce com Coco: Meio de planta\u00e7\u00e3o f\u00e1cil de usar e manusear para plantas \ud83e\udd65 NatureNeem e-Shop\",\"isPartOf\":{\"@id\":\"https:\/\/shop.natureneem.com\/pt-pt\/#website\"},\"primaryImageOfPage\":{\"@id\":\"https:\/\/shop.natureneem.com\/pt-pt\/e-shop\/cresce-o-coco\/#primaryimage\"},\"image\":{\"@id\":\"https:\/\/shop.natureneem.com\/pt-pt\/e-shop\/cresce-o-coco\/#primaryimage\"},\"thumbnailUrl\":\"https:\/\/shop.natureneem.com\/wp-content\/uploads\/2020\/03\/NN-COCOGROW-2025_01.jpg\",\"datePublished\":\"2020-03-31T16:54:27+00:00\",\"dateModified\":\"2025-09-12T10:57:55+00:00\",\"description\":\"D\u00e1 \u00e0s tuas plantas o melhor come\u00e7o com Coco Grow, um meio de planta\u00e7\u00e3o econ\u00f3mico e flex\u00edvel. Minimiza o choque do transplante. Desfruta de um f\u00e1cil manuseamento e armazenamento.\",\"breadcrumb\":{\"@id\":\"https:\/\/shop.natureneem.com\/pt-pt\/e-shop\/cresce-o-coco\/#breadcrumb\"},\"inLanguage\":\"pt-PT\",\"potentialAction\":[{\"@type\":\"ReadAction\",\"target\":[\"https:\/\/shop.natureneem.com\/pt-pt\/e-shop\/cresce-o-coco\/\"]}]},{\"@type\":\"ImageObject\",\"inLanguage\":\"pt-PT\",\"@id\":\"https:\/\/shop.natureneem.com\/pt-pt\/e-shop\/cresce-o-coco\/#primaryimage\",\"url\":\"https:\/\/shop.natureneem.com\/wp-content\/uploads\/2020\/03\/NN-COCOGROW-2025_01.jpg\",\"contentUrl\":\"https:\/\/shop.natureneem.com\/wp-content\/uploads\/2020\/03\/NN-COCOGROW-2025_01.jpg\",\"width\":2000,\"height\":2000,\"caption\":\"CocoGrow da NatureNeem - F\u00e1cil de manusear, armazenar e utilizar\"},{\"@type\":\"BreadcrumbList\",\"@id\":\"https:\/\/shop.natureneem.com\/pt-pt\/e-shop\/cresce-o-coco\/#breadcrumb\",\"itemListElement\":[{\"@type\":\"ListItem\",\"position\":1,\"name\":\"Home\",\"item\":\"https:\/\/shop.natureneem.com\/pt-pt\/casa\/\"},{\"@type\":\"ListItem\",\"position\":2,\"name\":\"Loja virtual\",\"item\":\"https:\/\/shop.natureneem.com\/pt-pt\/loja-virtual\/\"},{\"@type\":\"ListItem\",\"position\":3,\"name\":\"CocoGrow\"}]},{\"@type\":\"WebSite\",\"@id\":\"https:\/\/shop.natureneem.com\/pt-pt\/#website\",\"url\":\"https:\/\/shop.natureneem.com\/pt-pt\/\",\"name\":\"NatureNeem e-Shop\",\"description\":\"Official Shop from Nature Neem\",\"publisher\":{\"@id\":\"https:\/\/shop.natureneem.com\/pt-pt\/#organization\"},\"alternateName\":\"Nature Neem\",\"potentialAction\":[{\"@type\":\"SearchAction\",\"target\":{\"@type\":\"EntryPoint\",\"urlTemplate\":\"https:\/\/shop.natureneem.com\/pt-pt\/?s={search_term_string}\"},\"query-input\":{\"@type\":\"PropertyValueSpecification\",\"valueRequired\":true,\"valueName\":\"search_term_string\"}}],\"inLanguage\":\"pt-PT\"},{\"@type\":\"Organization\",\"@id\":\"https:\/\/shop.natureneem.com\/pt-pt\/#organization\",\"name\":\"Nature Neem\",\"alternateName\":\"Lorsun SAS\",\"url\":\"https:\/\/shop.natureneem.com\/pt-pt\/\",\"logo\":{\"@type\":\"ImageObject\",\"inLanguage\":\"pt-PT\",\"@id\":\"https:\/\/shop.natureneem.com\/pt-pt\/#\/schema\/logo\/image\/\",\"url\":\"https:\/\/shop.natureneem.com\/wp-content\/uploads\/2024\/09\/nn-logo-symbole-2024-01.svg\",\"contentUrl\":\"https:\/\/shop.natureneem.com\/wp-content\/uploads\/2024\/09\/nn-logo-symbole-2024-01.svg\",\"width\":1,\"height\":1,\"caption\":\"Nature Neem\"},\"image\":{\"@id\":\"https:\/\/shop.natureneem.com\/pt-pt\/#\/schema\/logo\/image\/\"},\"sameAs\":[\"https:\/\/www.facebook.com\/natureneemindia\/\",\"https:\/\/x.com\/natureneem\",\"https:\/\/www.youtube.com\/user\/natureneem\",\"https:\/\/www.linkedin.com\/company\/natureneem\"],\"description\":\"Estamos empenhados no desenvolvimento e comercializa\u00e7\u00e3o de solu\u00e7\u00f5es ecol\u00f3gicas. Continuamos a inventar estas solu\u00e7\u00f5es alternativas naturais que podem substituir eficazmente os produtos de s\u00edntese qu\u00edmica que prejudicam o nosso ambiente. A nossa equipa \u00e9 especialmente competente na proposta de insumos agr\u00edcolas biol\u00f3gicos. Tamb\u00e9m actuamos como uma associa\u00e7\u00e3o de pessoas com ideias semelhantes que acreditam que a natureza sustenta a solu\u00e7\u00e3o para todos os problemas ambientais enfrentados pelos seres humanos.   \",\"email\":\"info@natureneem.com\",\"telephone\":\"+91 77084 00899\",\"legalName\":\"NATURE NEEM PRODUCTS\",\"vatID\":\"FR08891657884\",\"numberOfEmployees\":{\"@type\":\"QuantitativeValue\",\"minValue\":\"51\",\"maxValue\":\"200\"},\"publishingPrinciples\":\"https:\/\/shop.natureneem.com\/\",\"actionableFeedbackPolicy\":\"https:\/\/shop.natureneem.com\/return-and-refund-policy\/\",\"hasMerchantReturnPolicy\":{\"@type\":\"MerchantReturnPolicy\",\"merchantReturnLink\":\"https:\/\/shop.natureneem.com\/return-and-refund-policy\/\"}}]}<\/script>\n<meta property=\"product:price:amount\" content=\"7.99\" \/>\n<meta property=\"product:price:currency\" content=\"EUR\" \/>\n<meta property=\"og:availability\" content=\"instock\" \/>\n<meta property=\"product:availability\" content=\"instock\" \/>\n<meta property=\"product:retailer_item_id\" content=\"NN-GP-CG\" \/>\n<meta property=\"product:condition\" content=\"new\" \/>\n<!-- \/ Yoast SEO Premium plugin. -->","yoast_head_json":{"title":"Cresce com Coco: Meio de planta\u00e7\u00e3o f\u00e1cil de usar e manusear para plantas \ud83e\udd65 NatureNeem e-Shop","description":"D\u00e1 \u00e0s tuas plantas o melhor come\u00e7o com Coco Grow, um meio de planta\u00e7\u00e3o econ\u00f3mico e flex\u00edvel. Minimiza o choque do transplante. Desfruta de um f\u00e1cil manuseamento e armazenamento.","robots":{"index":"index","follow":"follow","max-snippet":"max-snippet:-1","max-image-preview":"max-image-preview:large","max-video-preview":"max-video-preview:-1"},"canonical":"https:\/\/shop.natureneem.com\/pt-pt\/e-shop\/cresce-o-coco\/","og_locale":"pt_PT","og_type":"article","og_title":"CocoGrow","og_description":"D\u00e1 \u00e0s tuas plantas o melhor come\u00e7o com Coco Grow, um meio de planta\u00e7\u00e3o econ\u00f3mico e flex\u00edvel. Minimiza o choque do transplante. Desfruta de um f\u00e1cil manuseamento e armazenamento.","og_url":"https:\/\/shop.natureneem.com\/pt-pt\/e-shop\/cresce-o-coco\/","og_site_name":"NatureNeem e-Shop","article_publisher":"https:\/\/www.facebook.com\/natureneemindia\/","article_modified_time":"2025-09-12T10:57:55+00:00","og_image":[{"width":2000,"height":2000,"url":"https:\/\/shop.natureneem.com\/wp-content\/uploads\/2020\/03\/NN-COCOGROW-2025_01.jpg","type":"image\/jpeg"}],"twitter_card":"summary_large_image","twitter_site":"@natureneem","twitter_misc":{"pre\u00e7o":"7,99&nbsp;&euro;","Disponibilidade":"Em stock"},"schema":{"@context":"https:\/\/schema.org","@graph":[{"@type":"WebPage","@id":"https:\/\/shop.natureneem.com\/pt-pt\/e-shop\/cresce-o-coco\/","url":"https:\/\/shop.natureneem.com\/pt-pt\/e-shop\/cresce-o-coco\/","name":"Cresce com Coco: Meio de planta\u00e7\u00e3o f\u00e1cil de usar e manusear para plantas \ud83e\udd65 NatureNeem e-Shop","isPartOf":{"@id":"https:\/\/shop.natureneem.com\/pt-pt\/#website"},"primaryImageOfPage":{"@id":"https:\/\/shop.natureneem.com\/pt-pt\/e-shop\/cresce-o-coco\/#primaryimage"},"image":{"@id":"https:\/\/shop.natureneem.com\/pt-pt\/e-shop\/cresce-o-coco\/#primaryimage"},"thumbnailUrl":"https:\/\/shop.natureneem.com\/wp-content\/uploads\/2020\/03\/NN-COCOGROW-2025_01.jpg","datePublished":"2020-03-31T16:54:27+00:00","dateModified":"2025-09-12T10:57:55+00:00","description":"D\u00e1 \u00e0s tuas plantas o melhor come\u00e7o com Coco Grow, um meio de planta\u00e7\u00e3o econ\u00f3mico e flex\u00edvel. Minimiza o choque do transplante. Desfruta de um f\u00e1cil manuseamento e armazenamento.","breadcrumb":{"@id":"https:\/\/shop.natureneem.com\/pt-pt\/e-shop\/cresce-o-coco\/#breadcrumb"},"inLanguage":"pt-PT","potentialAction":[{"@type":"ReadAction","target":["https:\/\/shop.natureneem.com\/pt-pt\/e-shop\/cresce-o-coco\/"]}]},{"@type":"ImageObject","inLanguage":"pt-PT","@id":"https:\/\/shop.natureneem.com\/pt-pt\/e-shop\/cresce-o-coco\/#primaryimage","url":"https:\/\/shop.natureneem.com\/wp-content\/uploads\/2020\/03\/NN-COCOGROW-2025_01.jpg","contentUrl":"https:\/\/shop.natureneem.com\/wp-content\/uploads\/2020\/03\/NN-COCOGROW-2025_01.jpg","width":2000,"height":2000,"caption":"CocoGrow da NatureNeem - F\u00e1cil de manusear, armazenar e utilizar"},{"@type":"BreadcrumbList","@id":"https:\/\/shop.natureneem.com\/pt-pt\/e-shop\/cresce-o-coco\/#breadcrumb","itemListElement":[{"@type":"ListItem","position":1,"name":"Home","item":"https:\/\/shop.natureneem.com\/pt-pt\/casa\/"},{"@type":"ListItem","position":2,"name":"Loja virtual","item":"https:\/\/shop.natureneem.com\/pt-pt\/loja-virtual\/"},{"@type":"ListItem","position":3,"name":"CocoGrow"}]},{"@type":"WebSite","@id":"https:\/\/shop.natureneem.com\/pt-pt\/#website","url":"https:\/\/shop.natureneem.com\/pt-pt\/","name":"NatureNeem e-Shop","description":"Official Shop from Nature Neem","publisher":{"@id":"https:\/\/shop.natureneem.com\/pt-pt\/#organization"},"alternateName":"Nature Neem","potentialAction":[{"@type":"SearchAction","target":{"@type":"EntryPoint","urlTemplate":"https:\/\/shop.natureneem.com\/pt-pt\/?s={search_term_string}"},"query-input":{"@type":"PropertyValueSpecification","valueRequired":true,"valueName":"search_term_string"}}],"inLanguage":"pt-PT"},{"@type":"Organization","@id":"https:\/\/shop.natureneem.com\/pt-pt\/#organization","name":"Nature Neem","alternateName":"Lorsun SAS","url":"https:\/\/shop.natureneem.com\/pt-pt\/","logo":{"@type":"ImageObject","inLanguage":"pt-PT","@id":"https:\/\/shop.natureneem.com\/pt-pt\/#\/schema\/logo\/image\/","url":"https:\/\/shop.natureneem.com\/wp-content\/uploads\/2024\/09\/nn-logo-symbole-2024-01.svg","contentUrl":"https:\/\/shop.natureneem.com\/wp-content\/uploads\/2024\/09\/nn-logo-symbole-2024-01.svg","width":1,"height":1,"caption":"Nature Neem"},"image":{"@id":"https:\/\/shop.natureneem.com\/pt-pt\/#\/schema\/logo\/image\/"},"sameAs":["https:\/\/www.facebook.com\/natureneemindia\/","https:\/\/x.com\/natureneem","https:\/\/www.youtube.com\/user\/natureneem","https:\/\/www.linkedin.com\/company\/natureneem"],"description":"Estamos empenhados no desenvolvimento e comercializa\u00e7\u00e3o de solu\u00e7\u00f5es ecol\u00f3gicas. Continuamos a inventar estas solu\u00e7\u00f5es alternativas naturais que podem substituir eficazmente os produtos de s\u00edntese qu\u00edmica que prejudicam o nosso ambiente. A nossa equipa \u00e9 especialmente competente na proposta de insumos agr\u00edcolas biol\u00f3gicos. Tamb\u00e9m actuamos como uma associa\u00e7\u00e3o de pessoas com ideias semelhantes que acreditam que a natureza sustenta a solu\u00e7\u00e3o para todos os problemas ambientais enfrentados pelos seres humanos.   ","email":"info@natureneem.com","telephone":"+91 77084 00899","legalName":"NATURE NEEM PRODUCTS","vatID":"FR08891657884","numberOfEmployees":{"@type":"QuantitativeValue","minValue":"51","maxValue":"200"},"publishingPrinciples":"https:\/\/shop.natureneem.com\/","actionableFeedbackPolicy":"https:\/\/shop.natureneem.com\/return-and-refund-policy\/","hasMerchantReturnPolicy":{"@type":"MerchantReturnPolicy","merchantReturnLink":"https:\/\/shop.natureneem.com\/return-and-refund-policy\/"}}]},"product_price_amount":"7.99","product_price_currency":"EUR","og_availability":"instock","product_availability":"instock","product_retailer_item_id":"NN-GP-CG","product_condition":"new"},"_links":{"self":[{"href":"https:\/\/shop.natureneem.com\/pt-pt\/wp-json\/wp\/v2\/product\/6170","targetHints":{"allow":["GET"]}}],"collection":[{"href":"https:\/\/shop.natureneem.com\/pt-pt\/wp-json\/wp\/v2\/product"}],"about":[{"href":"https:\/\/shop.natureneem.com\/pt-pt\/wp-json\/wp\/v2\/types\/product"}],"replies":[{"embeddable":true,"href":"https:\/\/shop.natureneem.com\/pt-pt\/wp-json\/wp\/v2\/comments?post=6170"}],"wp:featuredmedia":[{"embeddable":true,"href":"https:\/\/shop.natureneem.com\/pt-pt\/wp-json\/wp\/v2\/media\/12156"}],"wp:attachment":[{"href":"https:\/\/shop.natureneem.com\/pt-pt\/wp-json\/wp\/v2\/media?parent=6170"}],"wp:term":[{"taxonomy":"product_brand","embeddable":true,"href":"https:\/\/shop.natureneem.com\/pt-pt\/wp-json\/wp\/v2\/product_brand?post=6170"},{"taxonomy":"product_cat","embeddable":true,"href":"https:\/\/shop.natureneem.com\/pt-pt\/wp-json\/wp\/v2\/product_cat?post=6170"},{"taxonomy":"product_tag","embeddable":true,"href":"https:\/\/shop.natureneem.com\/pt-pt\/wp-json\/wp\/v2\/product_tag?post=6170"}],"curies":[{"name":"wp","href":"https:\/\/api.w.org\/{rel}","templated":true}]}}