{"id":6180,"date":"2021-05-07T11:11:23","date_gmt":"2021-05-07T09:11:23","guid":{"rendered":"https:\/\/shop.natureneem.com\/e-shop\/coco-brick\/"},"modified":"2025-06-13T07:51:27","modified_gmt":"2025-06-13T05:51:27","slug":"coco-brick","status":"publish","type":"product","link":"https:\/\/shop.natureneem.com\/pt-pt\/e-shop\/coco-brick\/","title":{"rendered":"CocoBrick"},"content":{"rendered":"<p style=\"text-align: left;\"><strong>1 tijolo = 650 gms de tijolos em estado comprimido = <\/strong><strong>12 L de substrato de planta\u00e7\u00e3o depois de adicionares \u00e1gua.<br \/>\n<\/strong><strong>Pesa 3 vezes menos do que uma terra de envasamento cl\u00e1ssica.<br \/>\n<\/strong><strong>Guarda-o facilmente. Ideal para a jardinagem urbana &#8211; apartamentos, terra\u00e7os &#8230; <\/strong><\/p>\n<p>Substrato de planta\u00e7\u00e3o comprimido \u00e0 base de medula e fibra de coco. F\u00e1cil de armazenar. 1 tijolo de 650 g = 12 litros de substrato de planta\u00e7\u00e3o ap\u00f3s re-hidrata\u00e7\u00e3o. Oferece excelentes propriedades de reten\u00e7\u00e3o de \u00e1gua e de arejamento que promovem o estabelecimento das plantas e o r\u00e1pido crescimento das ra\u00edzes. \u00c9 ideal para plantas jovens, plantas em vasos e hortas.    <\/p>\n<p><strong>Descri\u00e7\u00e3o<\/strong><\/p>\n<p>Coco Bricks \u00e9 um meio de planta\u00e7\u00e3o ou substrato feito de medula de coco em forma comprimida. Com 4 litros de \u00e1gua, hidrata-se em poucos minutos para obter cerca de 12 litros de substrato de planta\u00e7\u00e3o pronto para o cultivo. Este substrato \u00e9 adequado para todos os tipos de cultivo, tanto no exterior como no interior. Quando misturado com a terra do jardim ou outros meios de envasamento, actua como condicionador do solo e retentor de \u00e1gua.   <\/p>\n<p><strong>Como \u00e9 que o produto \u00e9 fabricado?<\/strong><\/p>\n<p>A &#8220;fibra de coco&#8221; \u00e9 o nome dado ao mesocarpo fibroso espesso que envolve a noz do coco. Ao extrair a fibra, obt\u00e9m-se uma quantidade significativa (cerca de 2\/3) de material designado por PEAT, PITH, DUST ou turfa*. O produto \u00e9 lavado para eliminar os sais naturalmente presentes na fibra triturada. O pH e o teor de sais s\u00e3o rigorosamente controlados para satisfazer as exig\u00eancias das culturas, mesmo as mais delicadas. A turfa \u00e9 misturada com fibras de coco cortadas e depois comprimida a 8:1 sob a forma de um bloco de 20 x 10 x 5 cm.    <\/p>\n<p><em>A turfa de coco \u00e9 um material esponjoso que se cola naturalmente \u00e0 fibra de coco. N\u00e3o confundir com a turfa n\u00e3o renov\u00e1vel, uma mat\u00e9ria org\u00e2nica encontrada num ambiente saturado de \u00e1gua e nas florestas, cuja extra\u00e7\u00e3o \u00e9 controversa. <\/em><\/p>\n<p><strong>Como o utilizas?<\/strong><\/p>\n<ul>\n<li>Coloca o bloco n\u00e3o embrulhado num balde.<\/li>\n<li>Adiciona 4 litros de \u00e1gua normal.<\/li>\n<li>Deixa que o bloco absorva a \u00e1gua durante 30 a 60 minutos. Podes at\u00e9 acrescentar 1 ou 2 colheres de NutrAza, o adubo natural que resiste \u00e0s pragas. <\/li>\n<li>O bloco de 650 gramas com 4 litros de \u00e1gua pode produzir um solo de 10-12 litros de meio de planta\u00e7\u00e3o.<\/li>\n<li>Despeja com \u00e1gua em excesso ap\u00f3s o processo de absor\u00e7\u00e3o.<\/li>\n<\/ul>\n<p><strong>Utiliza<\/strong><\/p>\n<ul>\n<li>Perfeitamente adequado para o cultivo de plantas e mudas, ou para misturar com o teu meio de planta\u00e7\u00e3o.<\/li>\n<li>A aus\u00eancia de bolor e a uniformidade da humidade fazem com que seja perfeito para mudas, cultivo de ervas arom\u00e1ticas, legumes, plantas ornamentais e ex\u00f3ticas.<\/li>\n<\/ul>\n<p><strong>Carater\u00edsticas<\/strong><\/p>\n<ul>\n<li>Produto 100% natural, biodegrad\u00e1vel. Processo de decomposi\u00e7\u00e3o em 5 anos. <\/li>\n<li>Minimiza o choque de transplante das mudas.<\/li>\n<li>N\u00e3o tens problemas com ervas daninhas<\/li>\n<li>Os CocoBricks ret\u00eam a \u00e1gua e libertam-na para as plantas quando necess\u00e1rio. Amolece o solo e permite um bom arejamento das ra\u00edzes, facilitando assim a absor\u00e7\u00e3o de nutrientes. Isto leva ao endurecimento dos caules e das ra\u00edzes.  <\/li>\n<li>Como inibe o crescimento de bolores, \u00e9 adequado para o cultivo de plantas ex\u00f3ticas, sem qualquer suplemento<\/li>\n<\/ul>\n","protected":false},"excerpt":{"rendered":"<div>\n<p class=\"ai-optimize-introduction ai-optimize-25\"><strong>Substrato de Planta\u00e7\u00e3o &amp; Condicionador de Solo<\/strong><br \/>\nDescobre os benef\u00edcios do Coco Brick, um substrato vers\u00e1til, perfeito para uma forma ecol\u00f3gica de jardinagem dom\u00e9stica. Coco Brick \u00e9 uma escolha sustent\u00e1vel que melhora a vida das plantas. <\/p>\n<\/div>\n","protected":false},"featured_media":11745,"comment_status":"open","ping_status":"closed","template":"","meta":[],"product_brand":[],"product_cat":[252],"product_tag":[],"class_list":{"0":"post-6180","1":"product","2":"type-product","3":"status-publish","4":"has-post-thumbnail","6":"product_cat-produtos-de-coco","7":"product_shipping_class-0-6kg-pt-pt","8":"pa_packing-5-kg-70-litres-pt-pt","9":"pa_packing-650-g-11-litres-pt-pt","11":"first","12":"instock","13":"sale","14":"featured","15":"shipping-taxable","16":"purchasable","17":"product-type-variable"},"yoast_head":"<!-- This site is optimized with the Yoast SEO Premium plugin v27.1 (Yoast SEO v27.2) - https:\/\/yoast.com\/product\/yoast-seo-premium-wordpress\/ -->\n<title>Coco Brick: Substrato de planta\u00e7\u00e3o leve para jardinagem urbana - NatureNeem e-Shop<\/title>\n<meta name=\"description\" content=\"Transforma a tua jardinagem com Coco Brick, um substrato comprimido que cria 12 litros de meio de planta\u00e7\u00e3o! Perfeito para a jardinagem urbana. \ud83c\udf31\" \/>\n<meta name=\"robots\" content=\"index, follow, max-snippet:-1, max-image-preview:large, max-video-preview:-1\" \/>\n<link rel=\"canonical\" href=\"https:\/\/shop.natureneem.com\/pt-pt\/e-shop\/coco-brick\/\" \/>\n<meta property=\"og:locale\" content=\"pt_PT\" \/>\n<meta property=\"og:type\" content=\"article\" \/>\n<meta property=\"og:title\" content=\"CocoBrick\" \/>\n<meta property=\"og:description\" content=\"Transforma a tua jardinagem com Coco Brick, um substrato comprimido que cria 12 litros de meio de planta\u00e7\u00e3o! Perfeito para a jardinagem urbana. \ud83c\udf31\" \/>\n<meta property=\"og:url\" content=\"https:\/\/shop.natureneem.com\/pt-pt\/e-shop\/coco-brick\/\" \/>\n<meta property=\"og:site_name\" content=\"NatureNeem e-Shop\" \/>\n<meta property=\"article:publisher\" content=\"https:\/\/www.facebook.com\/natureneemindia\/\" \/>\n<meta property=\"article:modified_time\" content=\"2025-06-13T05:51:27+00:00\" \/>\n<meta property=\"og:image\" content=\"https:\/\/shop.natureneem.com\/wp-content\/uploads\/2021\/05\/2025-05-26-NN_COCO-BRICK-WEB-01-11.jpg\" \/>\n\t<meta property=\"og:image:width\" content=\"2400\" \/>\n\t<meta property=\"og:image:height\" content=\"2400\" \/>\n\t<meta property=\"og:image:type\" content=\"image\/jpeg\" \/>\n<meta name=\"twitter:card\" content=\"summary_large_image\" \/>\n<meta name=\"twitter:site\" content=\"@natureneem\" \/>\n<meta name=\"twitter:label1\" content=\"Disponibilidade\" \/>\n\t<meta name=\"twitter:data1\" content=\"Em stock\" \/>\n<script type=\"application\/ld+json\" class=\"yoast-schema-graph\">{\"@context\":\"https:\/\/schema.org\",\"@graph\":[{\"@type\":\"WebPage\",\"@id\":\"https:\/\/shop.natureneem.com\/pt-pt\/e-shop\/coco-brick\/\",\"url\":\"https:\/\/shop.natureneem.com\/pt-pt\/e-shop\/coco-brick\/\",\"name\":\"Coco Brick: Substrato de planta\u00e7\u00e3o leve para jardinagem urbana - NatureNeem e-Shop\",\"isPartOf\":{\"@id\":\"https:\/\/shop.natureneem.com\/pt-pt\/#website\"},\"primaryImageOfPage\":{\"@id\":\"https:\/\/shop.natureneem.com\/pt-pt\/e-shop\/coco-brick\/#primaryimage\"},\"image\":{\"@id\":\"https:\/\/shop.natureneem.com\/pt-pt\/e-shop\/coco-brick\/#primaryimage\"},\"thumbnailUrl\":\"https:\/\/shop.natureneem.com\/wp-content\/uploads\/2021\/05\/2025-05-26-NN_COCO-BRICK-WEB-01-11.jpg\",\"datePublished\":\"2021-05-07T09:11:23+00:00\",\"dateModified\":\"2025-06-13T05:51:27+00:00\",\"description\":\"Transforma a tua jardinagem com Coco Brick, um substrato comprimido que cria 12 litros de meio de planta\u00e7\u00e3o! Perfeito para a jardinagem urbana. \ud83c\udf31\",\"breadcrumb\":{\"@id\":\"https:\/\/shop.natureneem.com\/pt-pt\/e-shop\/coco-brick\/#breadcrumb\"},\"inLanguage\":\"pt-PT\",\"potentialAction\":[{\"@type\":\"ReadAction\",\"target\":[\"https:\/\/shop.natureneem.com\/pt-pt\/e-shop\/coco-brick\/\"]}]},{\"@type\":\"ImageObject\",\"inLanguage\":\"pt-PT\",\"@id\":\"https:\/\/shop.natureneem.com\/pt-pt\/e-shop\/coco-brick\/#primaryimage\",\"url\":\"https:\/\/shop.natureneem.com\/wp-content\/uploads\/2021\/05\/2025-05-26-NN_COCO-BRICK-WEB-01-11.jpg\",\"contentUrl\":\"https:\/\/shop.natureneem.com\/wp-content\/uploads\/2021\/05\/2025-05-26-NN_COCO-BRICK-WEB-01-11.jpg\",\"width\":2400,\"height\":2400,\"caption\":\"Blocos de medula de coco\"},{\"@type\":\"BreadcrumbList\",\"@id\":\"https:\/\/shop.natureneem.com\/pt-pt\/e-shop\/coco-brick\/#breadcrumb\",\"itemListElement\":[{\"@type\":\"ListItem\",\"position\":1,\"name\":\"Home\",\"item\":\"https:\/\/shop.natureneem.com\/pt-pt\/casa\/\"},{\"@type\":\"ListItem\",\"position\":2,\"name\":\"Loja virtual\",\"item\":\"https:\/\/shop.natureneem.com\/pt-pt\/loja-virtual\/\"},{\"@type\":\"ListItem\",\"position\":3,\"name\":\"CocoBrick\"}]},{\"@type\":\"WebSite\",\"@id\":\"https:\/\/shop.natureneem.com\/pt-pt\/#website\",\"url\":\"https:\/\/shop.natureneem.com\/pt-pt\/\",\"name\":\"NatureNeem e-Shop\",\"description\":\"Official Shop from Nature Neem\",\"publisher\":{\"@id\":\"https:\/\/shop.natureneem.com\/pt-pt\/#organization\"},\"alternateName\":\"Nature Neem\",\"potentialAction\":[{\"@type\":\"SearchAction\",\"target\":{\"@type\":\"EntryPoint\",\"urlTemplate\":\"https:\/\/shop.natureneem.com\/pt-pt\/?s={search_term_string}\"},\"query-input\":{\"@type\":\"PropertyValueSpecification\",\"valueRequired\":true,\"valueName\":\"search_term_string\"}}],\"inLanguage\":\"pt-PT\"},{\"@type\":\"Organization\",\"@id\":\"https:\/\/shop.natureneem.com\/pt-pt\/#organization\",\"name\":\"Nature Neem\",\"alternateName\":\"Lorsun SAS\",\"url\":\"https:\/\/shop.natureneem.com\/pt-pt\/\",\"logo\":{\"@type\":\"ImageObject\",\"inLanguage\":\"pt-PT\",\"@id\":\"https:\/\/shop.natureneem.com\/pt-pt\/#\/schema\/logo\/image\/\",\"url\":\"https:\/\/shop.natureneem.com\/wp-content\/uploads\/2024\/09\/nn-logo-symbole-2024-01.svg\",\"contentUrl\":\"https:\/\/shop.natureneem.com\/wp-content\/uploads\/2024\/09\/nn-logo-symbole-2024-01.svg\",\"width\":1,\"height\":1,\"caption\":\"Nature Neem\"},\"image\":{\"@id\":\"https:\/\/shop.natureneem.com\/pt-pt\/#\/schema\/logo\/image\/\"},\"sameAs\":[\"https:\/\/www.facebook.com\/natureneemindia\/\",\"https:\/\/x.com\/natureneem\",\"https:\/\/www.youtube.com\/user\/natureneem\",\"https:\/\/www.linkedin.com\/company\/natureneem\"],\"description\":\"Estamos empenhados no desenvolvimento e comercializa\u00e7\u00e3o de solu\u00e7\u00f5es ecol\u00f3gicas. Continuamos a inventar estas solu\u00e7\u00f5es alternativas naturais que podem substituir eficazmente os produtos de s\u00edntese qu\u00edmica que prejudicam o nosso ambiente. A nossa equipa \u00e9 especialmente competente na proposta de insumos agr\u00edcolas biol\u00f3gicos. Tamb\u00e9m actuamos como uma associa\u00e7\u00e3o de pessoas com ideias semelhantes que acreditam que a natureza sustenta a solu\u00e7\u00e3o para todos os problemas ambientais enfrentados pelos seres humanos.   \",\"email\":\"info@natureneem.com\",\"telephone\":\"+91 77084 00899\",\"legalName\":\"NATURE NEEM PRODUCTS\",\"vatID\":\"FR08891657884\",\"numberOfEmployees\":{\"@type\":\"QuantitativeValue\",\"minValue\":\"51\",\"maxValue\":\"200\"},\"publishingPrinciples\":\"https:\/\/shop.natureneem.com\/\",\"actionableFeedbackPolicy\":\"https:\/\/shop.natureneem.com\/return-and-refund-policy\/\",\"hasMerchantReturnPolicy\":{\"@type\":\"MerchantReturnPolicy\",\"merchantReturnLink\":\"https:\/\/shop.natureneem.com\/return-and-refund-policy\/\"}}]}<\/script>\n<meta property=\"og:availability\" content=\"instock\" \/>\n<meta property=\"product:availability\" content=\"instock\" \/>\n<meta property=\"product:retailer_item_id\" content=\"NN-GP-CB\" \/>\n<meta property=\"product:condition\" content=\"new\" \/>\n<!-- \/ Yoast SEO Premium plugin. -->","yoast_head_json":{"title":"Coco Brick: Substrato de planta\u00e7\u00e3o leve para jardinagem urbana - NatureNeem e-Shop","description":"Transforma a tua jardinagem com Coco Brick, um substrato comprimido que cria 12 litros de meio de planta\u00e7\u00e3o! Perfeito para a jardinagem urbana. \ud83c\udf31","robots":{"index":"index","follow":"follow","max-snippet":"max-snippet:-1","max-image-preview":"max-image-preview:large","max-video-preview":"max-video-preview:-1"},"canonical":"https:\/\/shop.natureneem.com\/pt-pt\/e-shop\/coco-brick\/","og_locale":"pt_PT","og_type":"article","og_title":"CocoBrick","og_description":"Transforma a tua jardinagem com Coco Brick, um substrato comprimido que cria 12 litros de meio de planta\u00e7\u00e3o! Perfeito para a jardinagem urbana. \ud83c\udf31","og_url":"https:\/\/shop.natureneem.com\/pt-pt\/e-shop\/coco-brick\/","og_site_name":"NatureNeem e-Shop","article_publisher":"https:\/\/www.facebook.com\/natureneemindia\/","article_modified_time":"2025-06-13T05:51:27+00:00","og_image":[{"width":2400,"height":2400,"url":"https:\/\/shop.natureneem.com\/wp-content\/uploads\/2021\/05\/2025-05-26-NN_COCO-BRICK-WEB-01-11.jpg","type":"image\/jpeg"}],"twitter_card":"summary_large_image","twitter_site":"@natureneem","twitter_misc":{"Disponibilidade":"Em stock"},"schema":{"@context":"https:\/\/schema.org","@graph":[{"@type":"WebPage","@id":"https:\/\/shop.natureneem.com\/pt-pt\/e-shop\/coco-brick\/","url":"https:\/\/shop.natureneem.com\/pt-pt\/e-shop\/coco-brick\/","name":"Coco Brick: Substrato de planta\u00e7\u00e3o leve para jardinagem urbana - NatureNeem e-Shop","isPartOf":{"@id":"https:\/\/shop.natureneem.com\/pt-pt\/#website"},"primaryImageOfPage":{"@id":"https:\/\/shop.natureneem.com\/pt-pt\/e-shop\/coco-brick\/#primaryimage"},"image":{"@id":"https:\/\/shop.natureneem.com\/pt-pt\/e-shop\/coco-brick\/#primaryimage"},"thumbnailUrl":"https:\/\/shop.natureneem.com\/wp-content\/uploads\/2021\/05\/2025-05-26-NN_COCO-BRICK-WEB-01-11.jpg","datePublished":"2021-05-07T09:11:23+00:00","dateModified":"2025-06-13T05:51:27+00:00","description":"Transforma a tua jardinagem com Coco Brick, um substrato comprimido que cria 12 litros de meio de planta\u00e7\u00e3o! Perfeito para a jardinagem urbana. \ud83c\udf31","breadcrumb":{"@id":"https:\/\/shop.natureneem.com\/pt-pt\/e-shop\/coco-brick\/#breadcrumb"},"inLanguage":"pt-PT","potentialAction":[{"@type":"ReadAction","target":["https:\/\/shop.natureneem.com\/pt-pt\/e-shop\/coco-brick\/"]}]},{"@type":"ImageObject","inLanguage":"pt-PT","@id":"https:\/\/shop.natureneem.com\/pt-pt\/e-shop\/coco-brick\/#primaryimage","url":"https:\/\/shop.natureneem.com\/wp-content\/uploads\/2021\/05\/2025-05-26-NN_COCO-BRICK-WEB-01-11.jpg","contentUrl":"https:\/\/shop.natureneem.com\/wp-content\/uploads\/2021\/05\/2025-05-26-NN_COCO-BRICK-WEB-01-11.jpg","width":2400,"height":2400,"caption":"Blocos de medula de coco"},{"@type":"BreadcrumbList","@id":"https:\/\/shop.natureneem.com\/pt-pt\/e-shop\/coco-brick\/#breadcrumb","itemListElement":[{"@type":"ListItem","position":1,"name":"Home","item":"https:\/\/shop.natureneem.com\/pt-pt\/casa\/"},{"@type":"ListItem","position":2,"name":"Loja virtual","item":"https:\/\/shop.natureneem.com\/pt-pt\/loja-virtual\/"},{"@type":"ListItem","position":3,"name":"CocoBrick"}]},{"@type":"WebSite","@id":"https:\/\/shop.natureneem.com\/pt-pt\/#website","url":"https:\/\/shop.natureneem.com\/pt-pt\/","name":"NatureNeem e-Shop","description":"Official Shop from Nature Neem","publisher":{"@id":"https:\/\/shop.natureneem.com\/pt-pt\/#organization"},"alternateName":"Nature Neem","potentialAction":[{"@type":"SearchAction","target":{"@type":"EntryPoint","urlTemplate":"https:\/\/shop.natureneem.com\/pt-pt\/?s={search_term_string}"},"query-input":{"@type":"PropertyValueSpecification","valueRequired":true,"valueName":"search_term_string"}}],"inLanguage":"pt-PT"},{"@type":"Organization","@id":"https:\/\/shop.natureneem.com\/pt-pt\/#organization","name":"Nature Neem","alternateName":"Lorsun SAS","url":"https:\/\/shop.natureneem.com\/pt-pt\/","logo":{"@type":"ImageObject","inLanguage":"pt-PT","@id":"https:\/\/shop.natureneem.com\/pt-pt\/#\/schema\/logo\/image\/","url":"https:\/\/shop.natureneem.com\/wp-content\/uploads\/2024\/09\/nn-logo-symbole-2024-01.svg","contentUrl":"https:\/\/shop.natureneem.com\/wp-content\/uploads\/2024\/09\/nn-logo-symbole-2024-01.svg","width":1,"height":1,"caption":"Nature Neem"},"image":{"@id":"https:\/\/shop.natureneem.com\/pt-pt\/#\/schema\/logo\/image\/"},"sameAs":["https:\/\/www.facebook.com\/natureneemindia\/","https:\/\/x.com\/natureneem","https:\/\/www.youtube.com\/user\/natureneem","https:\/\/www.linkedin.com\/company\/natureneem"],"description":"Estamos empenhados no desenvolvimento e comercializa\u00e7\u00e3o de solu\u00e7\u00f5es ecol\u00f3gicas. Continuamos a inventar estas solu\u00e7\u00f5es alternativas naturais que podem substituir eficazmente os produtos de s\u00edntese qu\u00edmica que prejudicam o nosso ambiente. A nossa equipa \u00e9 especialmente competente na proposta de insumos agr\u00edcolas biol\u00f3gicos. Tamb\u00e9m actuamos como uma associa\u00e7\u00e3o de pessoas com ideias semelhantes que acreditam que a natureza sustenta a solu\u00e7\u00e3o para todos os problemas ambientais enfrentados pelos seres humanos.   ","email":"info@natureneem.com","telephone":"+91 77084 00899","legalName":"NATURE NEEM PRODUCTS","vatID":"FR08891657884","numberOfEmployees":{"@type":"QuantitativeValue","minValue":"51","maxValue":"200"},"publishingPrinciples":"https:\/\/shop.natureneem.com\/","actionableFeedbackPolicy":"https:\/\/shop.natureneem.com\/return-and-refund-policy\/","hasMerchantReturnPolicy":{"@type":"MerchantReturnPolicy","merchantReturnLink":"https:\/\/shop.natureneem.com\/return-and-refund-policy\/"}}]},"og_availability":"instock","product_availability":"instock","product_retailer_item_id":"NN-GP-CB","product_condition":"new"},"_links":{"self":[{"href":"https:\/\/shop.natureneem.com\/pt-pt\/wp-json\/wp\/v2\/product\/6180","targetHints":{"allow":["GET"]}}],"collection":[{"href":"https:\/\/shop.natureneem.com\/pt-pt\/wp-json\/wp\/v2\/product"}],"about":[{"href":"https:\/\/shop.natureneem.com\/pt-pt\/wp-json\/wp\/v2\/types\/product"}],"replies":[{"embeddable":true,"href":"https:\/\/shop.natureneem.com\/pt-pt\/wp-json\/wp\/v2\/comments?post=6180"}],"wp:featuredmedia":[{"embeddable":true,"href":"https:\/\/shop.natureneem.com\/pt-pt\/wp-json\/wp\/v2\/media\/11745"}],"wp:attachment":[{"href":"https:\/\/shop.natureneem.com\/pt-pt\/wp-json\/wp\/v2\/media?parent=6180"}],"wp:term":[{"taxonomy":"product_brand","embeddable":true,"href":"https:\/\/shop.natureneem.com\/pt-pt\/wp-json\/wp\/v2\/product_brand?post=6180"},{"taxonomy":"product_cat","embeddable":true,"href":"https:\/\/shop.natureneem.com\/pt-pt\/wp-json\/wp\/v2\/product_cat?post=6180"},{"taxonomy":"product_tag","embeddable":true,"href":"https:\/\/shop.natureneem.com\/pt-pt\/wp-json\/wp\/v2\/product_tag?post=6180"}],"curies":[{"name":"wp","href":"https:\/\/api.w.org\/{rel}","templated":true}]}}