{"id":10180,"date":"2024-11-28T04:27:20","date_gmt":"2024-11-28T03:27:20","guid":{"rendered":"https:\/\/shop.natureneem.com\/e-shop\/sesamolja\/"},"modified":"2025-01-04T09:37:39","modified_gmt":"2025-01-04T08:37:39","slug":"sesamolja","status":"publish","type":"product","link":"https:\/\/shop.natureneem.com\/sv\/e-shop\/sesamolja\/","title":{"rendered":"Sesamolja"},"content":{"rendered":"<h3><strong>Matlagning<\/strong><\/h3>\n<p style=\"padding-left: 40px;\">Stekning, grund stekning, wokning, bakning och salladsdressing. Sesamolja har en h\u00f6gre r\u00f6kpunkt, vilket g\u00f6r den idealisk f\u00f6r fritering och grillning. <\/p>\n<h3><strong>Kosmetika<\/strong><\/h3>\n<p style=\"padding-left: 40px;\"><strong>Fr\u00e4mjar h\u00e5rv\u00e4xt:<\/strong> Applicera i h\u00e5rbotten och p\u00e5 huden och massera f\u00f6rsiktigt. L\u00e5t verka i 20 minuter innan reng\u00f6ring. <strong>Huden:<\/strong> Massera in ett tunt lager. Fungerar som ett naturligt solskyddsmedel och f\u00f6rebygger solskador. Det l\u00e4ker s\u00e5r. Dessutom \u00e4r det ett anti-ageingmedel som kan sudda ut m\u00f6rka ringar och rynkor. Det minskar inflammation.\n    <\/p>\n<h3><strong>L\u00e4kemedel<\/strong><\/h3>\n<p style=\"padding-left: 40px;\">Antioxidant och antiinflammatorisk. Det reglerar blodsockret och hj\u00e4lper till att lindra depression.<br \/>\nBra f\u00f6r hj\u00e4rtat: Inneh\u00e5ller Omega-3 och Omega-6. Minskar fettavlagringar p\u00e5 blodk\u00e4rlen.  <\/p>\n<h3><strong>Egenskaper<\/strong><\/h3>\n<p style=\"padding-left: 40px;\">Ren Sesamolja utan tillsatser eller kemikalier som parabener och alkohol.<br \/>\nVegan och cruelty-free &#8211; ej testad p\u00e5 djur.<\/p>\n<h3><strong>Bevarande<\/strong><\/h3>\n<p style=\"padding-left: 40px;\">Den kan f\u00f6rvaras p\u00e5 en sval och torr plats i minst 2 \u00e5r.<br \/>\nMen efter \u00f6ppnandet, f\u00f6rvara i kylsk\u00e5p och konsumera inom 3 m\u00e5nader.<\/p>\n","protected":false},"excerpt":{"rendered":"<p>Sesamolja \u00e4r en av de mest anv\u00e4nda oljorna inom ayurveda och kallas ofta &#8220;The King of Oils&#8221; i Indien. Dess f\u00f6rdelar och egenskaper kan j\u00e4mf\u00f6ras med olivolja, \u00e4ven om smaken inte \u00e4r densamma. Den Sesamolja vi f\u00f6resl\u00e5r \u00e4r ren och oraffinerad. Den erh\u00e5lls genom kallpressning av sesamfr\u00f6n som odlas fr\u00e5n ekologiska tr\u00e4dg\u00e5rdar i s\u00f6dra Indien.<\/p>\n","protected":false},"featured_media":10093,"comment_status":"closed","ping_status":"closed","template":"","meta":[],"product_brand":[],"product_cat":[685],"product_tag":[],"class_list":{"0":"post-10180","1":"product","2":"type-product","3":"status-publish","4":"has-post-thumbnail","6":"product_cat-andra-produkter","7":"product_shipping_class-06-kg-sv","9":"first","10":"instock","11":"sale","12":"shipping-taxable","13":"purchasable","14":"product-type-simple"},"yoast_head":"<!-- This site is optimized with the Yoast SEO Premium plugin v27.1 (Yoast SEO v27.2) - https:\/\/yoast.com\/product\/yoast-seo-premium-wordpress\/ -->\n<title>Sesamolja - NatureNeem e-Shop<\/title>\n<meta name=\"robots\" content=\"index, follow, max-snippet:-1, max-image-preview:large, max-video-preview:-1\" \/>\n<link rel=\"canonical\" href=\"https:\/\/shop.natureneem.com\/sv\/e-shop\/sesamolja\/\" \/>\n<meta property=\"og:locale\" content=\"sv_SE\" \/>\n<meta property=\"og:type\" content=\"article\" \/>\n<meta property=\"og:title\" content=\"Sesamolja\" \/>\n<meta property=\"og:description\" content=\"Sesamolja \u00e4r en av de mest anv\u00e4nda oljorna inom ayurveda och kallas ofta &quot;The King of Oils&quot; i Indien. Dess f\u00f6rdelar och egenskaper kan j\u00e4mf\u00f6ras med olivolja, \u00e4ven om smaken inte \u00e4r densamma. Den Sesamolja vi f\u00f6resl\u00e5r \u00e4r ren och oraffinerad. Den erh\u00e5lls genom kallpressning av sesamfr\u00f6n som odlas fr\u00e5n ekologiska tr\u00e4dg\u00e5rdar i s\u00f6dra Indien.\" \/>\n<meta property=\"og:url\" content=\"https:\/\/shop.natureneem.com\/sv\/e-shop\/sesamolja\/\" \/>\n<meta property=\"og:site_name\" content=\"NatureNeem e-Shop\" \/>\n<meta property=\"article:publisher\" content=\"https:\/\/www.facebook.com\/natureneemindia\/\" \/>\n<meta property=\"article:modified_time\" content=\"2025-01-04T08:37:39+00:00\" \/>\n<meta property=\"og:image\" content=\"https:\/\/shop.natureneem.com\/wp-content\/uploads\/2024\/11\/NN-Sesame_Oil_500ml_2024-11-28_01.jpg\" \/>\n\t<meta property=\"og:image:width\" content=\"2000\" \/>\n\t<meta property=\"og:image:height\" content=\"2000\" \/>\n\t<meta property=\"og:image:type\" content=\"image\/jpeg\" \/>\n<meta name=\"twitter:card\" content=\"summary_large_image\" \/>\n<meta name=\"twitter:site\" content=\"@natureneem\" \/>\n<meta name=\"twitter:label1\" content=\"Pris\" \/>\n\t<meta name=\"twitter:data1\" content=\"12,99&nbsp;&euro;\" \/>\n\t<meta name=\"twitter:label2\" content=\"Tillg\u00e4nglig\" \/>\n\t<meta name=\"twitter:data2\" content=\"I lager\" \/>\n<script type=\"application\/ld+json\" class=\"yoast-schema-graph\">{\"@context\":\"https:\/\/schema.org\",\"@graph\":[{\"@type\":\"WebPage\",\"@id\":\"https:\/\/shop.natureneem.com\/sv\/e-shop\/sesamolja\/\",\"url\":\"https:\/\/shop.natureneem.com\/sv\/e-shop\/sesamolja\/\",\"name\":\"Sesamolja - NatureNeem e-Shop\",\"isPartOf\":{\"@id\":\"https:\/\/shop.natureneem.com\/sv\/#website\"},\"primaryImageOfPage\":{\"@id\":\"https:\/\/shop.natureneem.com\/sv\/e-shop\/sesamolja\/#primaryimage\"},\"image\":{\"@id\":\"https:\/\/shop.natureneem.com\/sv\/e-shop\/sesamolja\/#primaryimage\"},\"thumbnailUrl\":\"https:\/\/shop.natureneem.com\/wp-content\/uploads\/2024\/11\/NN-Sesame_Oil_500ml_2024-11-28_01.jpg\",\"datePublished\":\"2024-11-28T03:27:20+00:00\",\"dateModified\":\"2025-01-04T08:37:39+00:00\",\"breadcrumb\":{\"@id\":\"https:\/\/shop.natureneem.com\/sv\/e-shop\/sesamolja\/#breadcrumb\"},\"inLanguage\":\"sv-SE\",\"potentialAction\":[{\"@type\":\"ReadAction\",\"target\":[\"https:\/\/shop.natureneem.com\/sv\/e-shop\/sesamolja\/\"]}]},{\"@type\":\"ImageObject\",\"inLanguage\":\"sv-SE\",\"@id\":\"https:\/\/shop.natureneem.com\/sv\/e-shop\/sesamolja\/#primaryimage\",\"url\":\"https:\/\/shop.natureneem.com\/wp-content\/uploads\/2024\/11\/NN-Sesame_Oil_500ml_2024-11-28_01.jpg\",\"contentUrl\":\"https:\/\/shop.natureneem.com\/wp-content\/uploads\/2024\/11\/NN-Sesame_Oil_500ml_2024-11-28_01.jpg\",\"width\":2000,\"height\":2000},{\"@type\":\"BreadcrumbList\",\"@id\":\"https:\/\/shop.natureneem.com\/sv\/e-shop\/sesamolja\/#breadcrumb\",\"itemListElement\":[{\"@type\":\"ListItem\",\"position\":1,\"name\":\"Home\",\"item\":\"https:\/\/shop.natureneem.com\/sv\/hem\/\"},{\"@type\":\"ListItem\",\"position\":2,\"name\":\"e-butik\",\"item\":\"https:\/\/shop.natureneem.com\/sv\/e-butik\/\"},{\"@type\":\"ListItem\",\"position\":3,\"name\":\"Sesamolja\"}]},{\"@type\":\"WebSite\",\"@id\":\"https:\/\/shop.natureneem.com\/sv\/#website\",\"url\":\"https:\/\/shop.natureneem.com\/sv\/\",\"name\":\"NatureNeem e-Shop\",\"description\":\"Official Shop from Nature Neem\",\"publisher\":{\"@id\":\"https:\/\/shop.natureneem.com\/sv\/#organization\"},\"alternateName\":\"Nature Neem\",\"potentialAction\":[{\"@type\":\"SearchAction\",\"target\":{\"@type\":\"EntryPoint\",\"urlTemplate\":\"https:\/\/shop.natureneem.com\/sv\/?s={search_term_string}\"},\"query-input\":{\"@type\":\"PropertyValueSpecification\",\"valueRequired\":true,\"valueName\":\"search_term_string\"}}],\"inLanguage\":\"sv-SE\"},{\"@type\":\"Organization\",\"@id\":\"https:\/\/shop.natureneem.com\/sv\/#organization\",\"name\":\"Nature Neem\",\"alternateName\":\"Lorsun SAS\",\"url\":\"https:\/\/shop.natureneem.com\/sv\/\",\"logo\":{\"@type\":\"ImageObject\",\"inLanguage\":\"sv-SE\",\"@id\":\"https:\/\/shop.natureneem.com\/sv\/#\/schema\/logo\/image\/\",\"url\":\"https:\/\/shop.natureneem.com\/wp-content\/uploads\/2024\/09\/nn-logo-symbole-2024-01.svg\",\"contentUrl\":\"https:\/\/shop.natureneem.com\/wp-content\/uploads\/2024\/09\/nn-logo-symbole-2024-01.svg\",\"width\":1,\"height\":1,\"caption\":\"Nature Neem\"},\"image\":{\"@id\":\"https:\/\/shop.natureneem.com\/sv\/#\/schema\/logo\/image\/\"},\"sameAs\":[\"https:\/\/www.facebook.com\/natureneemindia\/\",\"https:\/\/x.com\/natureneem\",\"https:\/\/www.youtube.com\/user\/natureneem\",\"https:\/\/www.linkedin.com\/company\/natureneem\"],\"description\":\"Vi \u00e4r engagerade i utveckling och kommersialisering av ekologiska l\u00f6sningar. Vi forts\u00e4tter att uppfinna dessa naturliga alternativa l\u00f6sningar som effektivt kan ers\u00e4tta de kemiskt syntetiserade produkter som skadar v\u00e5r milj\u00f6. V\u00e5rt team \u00e4r s\u00e4rskilt kompetent n\u00e4r det g\u00e4ller att f\u00f6resl\u00e5 ekologiska insatsvaror f\u00f6r jordbruket. Vi fungerar ocks\u00e5 som en sammanslutning av likasinnade m\u00e4nniskor som tror att naturen uppr\u00e4tth\u00e5ller l\u00f6sningen p\u00e5 alla milj\u00f6problem som m\u00e4nniskor st\u00e5r inf\u00f6r.   \",\"email\":\"info@natureneem.com\",\"telephone\":\"+91 77084 00899\",\"legalName\":\"NATURE NEEM PRODUCTS\",\"vatID\":\"FR08891657884\",\"numberOfEmployees\":{\"@type\":\"QuantitativeValue\",\"minValue\":\"51\",\"maxValue\":\"200\"},\"publishingPrinciples\":\"https:\/\/shop.natureneem.com\/\",\"actionableFeedbackPolicy\":\"https:\/\/shop.natureneem.com\/return-and-refund-policy\/\",\"hasMerchantReturnPolicy\":{\"@type\":\"MerchantReturnPolicy\",\"merchantReturnLink\":\"https:\/\/shop.natureneem.com\/return-and-refund-policy\/\"}}]}<\/script>\n<meta property=\"product:price:amount\" content=\"12.99\" \/>\n<meta property=\"product:price:currency\" content=\"EUR\" \/>\n<meta property=\"og:availability\" content=\"instock\" \/>\n<meta property=\"product:availability\" content=\"instock\" \/>\n<meta property=\"product:retailer_item_id\" content=\"NN-SO-0500\" \/>\n<meta property=\"product:condition\" content=\"new\" \/>\n<!-- \/ Yoast SEO Premium plugin. -->","yoast_head_json":{"title":"Sesamolja - NatureNeem e-Shop","robots":{"index":"index","follow":"follow","max-snippet":"max-snippet:-1","max-image-preview":"max-image-preview:large","max-video-preview":"max-video-preview:-1"},"canonical":"https:\/\/shop.natureneem.com\/sv\/e-shop\/sesamolja\/","og_locale":"sv_SE","og_type":"article","og_title":"Sesamolja","og_description":"Sesamolja \u00e4r en av de mest anv\u00e4nda oljorna inom ayurveda och kallas ofta \"The King of Oils\" i Indien. Dess f\u00f6rdelar och egenskaper kan j\u00e4mf\u00f6ras med olivolja, \u00e4ven om smaken inte \u00e4r densamma. Den Sesamolja vi f\u00f6resl\u00e5r \u00e4r ren och oraffinerad. Den erh\u00e5lls genom kallpressning av sesamfr\u00f6n som odlas fr\u00e5n ekologiska tr\u00e4dg\u00e5rdar i s\u00f6dra Indien.","og_url":"https:\/\/shop.natureneem.com\/sv\/e-shop\/sesamolja\/","og_site_name":"NatureNeem e-Shop","article_publisher":"https:\/\/www.facebook.com\/natureneemindia\/","article_modified_time":"2025-01-04T08:37:39+00:00","og_image":[{"width":2000,"height":2000,"url":"https:\/\/shop.natureneem.com\/wp-content\/uploads\/2024\/11\/NN-Sesame_Oil_500ml_2024-11-28_01.jpg","type":"image\/jpeg"}],"twitter_card":"summary_large_image","twitter_site":"@natureneem","twitter_misc":{"Pris":"12,99&nbsp;&euro;","Tillg\u00e4nglig":"I lager"},"schema":{"@context":"https:\/\/schema.org","@graph":[{"@type":"WebPage","@id":"https:\/\/shop.natureneem.com\/sv\/e-shop\/sesamolja\/","url":"https:\/\/shop.natureneem.com\/sv\/e-shop\/sesamolja\/","name":"Sesamolja - NatureNeem e-Shop","isPartOf":{"@id":"https:\/\/shop.natureneem.com\/sv\/#website"},"primaryImageOfPage":{"@id":"https:\/\/shop.natureneem.com\/sv\/e-shop\/sesamolja\/#primaryimage"},"image":{"@id":"https:\/\/shop.natureneem.com\/sv\/e-shop\/sesamolja\/#primaryimage"},"thumbnailUrl":"https:\/\/shop.natureneem.com\/wp-content\/uploads\/2024\/11\/NN-Sesame_Oil_500ml_2024-11-28_01.jpg","datePublished":"2024-11-28T03:27:20+00:00","dateModified":"2025-01-04T08:37:39+00:00","breadcrumb":{"@id":"https:\/\/shop.natureneem.com\/sv\/e-shop\/sesamolja\/#breadcrumb"},"inLanguage":"sv-SE","potentialAction":[{"@type":"ReadAction","target":["https:\/\/shop.natureneem.com\/sv\/e-shop\/sesamolja\/"]}]},{"@type":"ImageObject","inLanguage":"sv-SE","@id":"https:\/\/shop.natureneem.com\/sv\/e-shop\/sesamolja\/#primaryimage","url":"https:\/\/shop.natureneem.com\/wp-content\/uploads\/2024\/11\/NN-Sesame_Oil_500ml_2024-11-28_01.jpg","contentUrl":"https:\/\/shop.natureneem.com\/wp-content\/uploads\/2024\/11\/NN-Sesame_Oil_500ml_2024-11-28_01.jpg","width":2000,"height":2000},{"@type":"BreadcrumbList","@id":"https:\/\/shop.natureneem.com\/sv\/e-shop\/sesamolja\/#breadcrumb","itemListElement":[{"@type":"ListItem","position":1,"name":"Home","item":"https:\/\/shop.natureneem.com\/sv\/hem\/"},{"@type":"ListItem","position":2,"name":"e-butik","item":"https:\/\/shop.natureneem.com\/sv\/e-butik\/"},{"@type":"ListItem","position":3,"name":"Sesamolja"}]},{"@type":"WebSite","@id":"https:\/\/shop.natureneem.com\/sv\/#website","url":"https:\/\/shop.natureneem.com\/sv\/","name":"NatureNeem e-Shop","description":"Official Shop from Nature Neem","publisher":{"@id":"https:\/\/shop.natureneem.com\/sv\/#organization"},"alternateName":"Nature Neem","potentialAction":[{"@type":"SearchAction","target":{"@type":"EntryPoint","urlTemplate":"https:\/\/shop.natureneem.com\/sv\/?s={search_term_string}"},"query-input":{"@type":"PropertyValueSpecification","valueRequired":true,"valueName":"search_term_string"}}],"inLanguage":"sv-SE"},{"@type":"Organization","@id":"https:\/\/shop.natureneem.com\/sv\/#organization","name":"Nature Neem","alternateName":"Lorsun SAS","url":"https:\/\/shop.natureneem.com\/sv\/","logo":{"@type":"ImageObject","inLanguage":"sv-SE","@id":"https:\/\/shop.natureneem.com\/sv\/#\/schema\/logo\/image\/","url":"https:\/\/shop.natureneem.com\/wp-content\/uploads\/2024\/09\/nn-logo-symbole-2024-01.svg","contentUrl":"https:\/\/shop.natureneem.com\/wp-content\/uploads\/2024\/09\/nn-logo-symbole-2024-01.svg","width":1,"height":1,"caption":"Nature Neem"},"image":{"@id":"https:\/\/shop.natureneem.com\/sv\/#\/schema\/logo\/image\/"},"sameAs":["https:\/\/www.facebook.com\/natureneemindia\/","https:\/\/x.com\/natureneem","https:\/\/www.youtube.com\/user\/natureneem","https:\/\/www.linkedin.com\/company\/natureneem"],"description":"Vi \u00e4r engagerade i utveckling och kommersialisering av ekologiska l\u00f6sningar. Vi forts\u00e4tter att uppfinna dessa naturliga alternativa l\u00f6sningar som effektivt kan ers\u00e4tta de kemiskt syntetiserade produkter som skadar v\u00e5r milj\u00f6. V\u00e5rt team \u00e4r s\u00e4rskilt kompetent n\u00e4r det g\u00e4ller att f\u00f6resl\u00e5 ekologiska insatsvaror f\u00f6r jordbruket. Vi fungerar ocks\u00e5 som en sammanslutning av likasinnade m\u00e4nniskor som tror att naturen uppr\u00e4tth\u00e5ller l\u00f6sningen p\u00e5 alla milj\u00f6problem som m\u00e4nniskor st\u00e5r inf\u00f6r.   ","email":"info@natureneem.com","telephone":"+91 77084 00899","legalName":"NATURE NEEM PRODUCTS","vatID":"FR08891657884","numberOfEmployees":{"@type":"QuantitativeValue","minValue":"51","maxValue":"200"},"publishingPrinciples":"https:\/\/shop.natureneem.com\/","actionableFeedbackPolicy":"https:\/\/shop.natureneem.com\/return-and-refund-policy\/","hasMerchantReturnPolicy":{"@type":"MerchantReturnPolicy","merchantReturnLink":"https:\/\/shop.natureneem.com\/return-and-refund-policy\/"}}]},"product_price_amount":"12.99","product_price_currency":"EUR","og_availability":"instock","product_availability":"instock","product_retailer_item_id":"NN-SO-0500","product_condition":"new"},"_links":{"self":[{"href":"https:\/\/shop.natureneem.com\/sv\/wp-json\/wp\/v2\/product\/10180","targetHints":{"allow":["GET"]}}],"collection":[{"href":"https:\/\/shop.natureneem.com\/sv\/wp-json\/wp\/v2\/product"}],"about":[{"href":"https:\/\/shop.natureneem.com\/sv\/wp-json\/wp\/v2\/types\/product"}],"replies":[{"embeddable":true,"href":"https:\/\/shop.natureneem.com\/sv\/wp-json\/wp\/v2\/comments?post=10180"}],"wp:featuredmedia":[{"embeddable":true,"href":"https:\/\/shop.natureneem.com\/sv\/wp-json\/wp\/v2\/media\/10093"}],"wp:attachment":[{"href":"https:\/\/shop.natureneem.com\/sv\/wp-json\/wp\/v2\/media?parent=10180"}],"wp:term":[{"taxonomy":"product_brand","embeddable":true,"href":"https:\/\/shop.natureneem.com\/sv\/wp-json\/wp\/v2\/product_brand?post=10180"},{"taxonomy":"product_cat","embeddable":true,"href":"https:\/\/shop.natureneem.com\/sv\/wp-json\/wp\/v2\/product_cat?post=10180"},{"taxonomy":"product_tag","embeddable":true,"href":"https:\/\/shop.natureneem.com\/sv\/wp-json\/wp\/v2\/product_tag?post=10180"}],"curies":[{"name":"wp","href":"https:\/\/api.w.org\/{rel}","templated":true}]}}