{"id":10185,"date":"2024-11-27T20:31:38","date_gmt":"2024-11-27T19:31:38","guid":{"rendered":"https:\/\/shop.natureneem.com\/e-shop\/senapsolja\/"},"modified":"2025-04-03T00:12:36","modified_gmt":"2025-04-02T22:12:36","slug":"senapsolja","status":"publish","type":"product","link":"https:\/\/shop.natureneem.com\/sv\/e-shop\/senapsolja\/","title":{"rendered":"Senapsolja"},"content":{"rendered":"<h2 style=\"text-align: left;\"><strong>100% ren kallpressad olja fr\u00e5n gula senapsfr\u00f6n<\/strong><\/h2>\n<h3 style=\"text-align: justify;\"><strong>Vad g\u00f6r skillnaden i v\u00e5r senapsolja?<\/strong><\/h3>\n<h4 style=\"text-align: justify; padding-left: 40px;\"><strong>Nature Neem senapsolja<\/strong><\/h4>\n<div style=\"text-align: justify; padding-left: 40px;\">V\u00e5r senapsolja erh\u00e5lls fr\u00e5n de gula senapsfr\u00f6na Brassica Alba, som har en l\u00e5g halt av erukasyra (\u00e4ven kallad vit senap). Den \u00e4r kallpressad, oraffinerad och ren. Dessutom \u00e4r smaken mer levande och skarp och f\u00e4rgen m\u00f6rkare, vilket tyder p\u00e5 att den \u00e4r ren och naturligt sammansatt.  <\/div>\n<h4 style=\"text-align: justify; padding-left: 40px;\"><strong>Andra billigare senapsoljor<\/strong><\/h4>\n<p style=\"text-align: justify; padding-left: 40px;\">De flesta senapsoljeprodukter som finns p\u00e5 marknaden framst\u00e4lls genom billigare extraktionsmetoder d\u00e4r kemiska l\u00f6sningsmedel och h\u00f6g v\u00e4rme anv\u00e4nds. Lukten av denna kemiskt extraherade olja \u00e4r s\u00e5 h\u00e4rsken att man anv\u00e4nder en blekningsprocess f\u00f6r att avodorisera den. S\u00e5 denna oraffinerade olja verkar vara klar och billigare. Dessutom skapar denna industriella process inflammatoriska omega-6-fettsyror och erukasyra som inte \u00e4r bra f\u00f6r v\u00e5r kropp.   <\/p>\n<h3 style=\"text-align: justify;\"><strong>Senapsoljans f\u00f6rdelar f\u00f6r huden<\/strong><\/h3>\n<ul>\n<li style=\"text-align: justify;\"><strong>Tar bort hudlinjer och rynkor: <\/strong>Rika omega-syror och alfa-linolensyra f\u00f6rhindrar tidigt \u00e5ldrande av huden. Senapsolja \u00f6kar kollagenproduktionen, vilket \u00e4r viktigt f\u00f6r att bibeh\u00e5lla en ung hud. <\/li>\n<li style=\"text-align: justify;\"><strong>Hudutslag: <\/strong>Dess antimikrobiella och svampd\u00f6dande egenskaper \u00e4r effektiva vid behandling av hudproblem som utslag, finnar och kl\u00e5da. Det \u00e4r ett bra botemedel mot hudallergier. <\/li>\n<li style=\"text-align: justify;\"><strong>Exfoliering: <\/strong>Senapsolja anv\u00e4nds f\u00f6r att exfoliera och ge n\u00e4ring \u00e5t huden. Den rensar hudens porer, fungerar som ett naturligt reng\u00f6ringsmedel och ger en ljusare hudton. <\/li>\n<\/ul>\n<h3 style=\"text-align: justify;\"><strong>Senapsolja mot hosta och f\u00f6rkylning<\/strong><\/h3>\n<p style=\"text-align: justify; padding-left: 40px;\">Det \u00e4r ett naturligt botemedel mot f\u00f6rkylning, hosta och tr\u00e4ngsel. Inandning av \u00e5nga som inneh\u00e5ller senapsolja \u00e4r k\u00e4nd f\u00f6r att rensa tr\u00e4ngseln och ge l\u00e4ttnad. Det \u00e4r ocks\u00e5 till hj\u00e4lp f\u00f6r dem som lider av bih\u00e5leinflammation. Senapsolja l\u00e4tt uppv\u00e4rmd med vitl\u00f6k och kryddnejlika och masserad p\u00e5 br\u00f6stet och f\u00f6tterna ger l\u00e4ttnad fr\u00e5n f\u00f6rkylning och hosta.   <\/p>\n<h3 style=\"text-align: justify;\"><strong>Senapsolja f\u00f6r h\u00e5r<\/strong><\/h3>\n<ul>\n<li style=\"text-align: justify;\">Senapsolja kan ocks\u00e5 anv\u00e4ndas f\u00f6r att uppn\u00e5 dina dr\u00f6mstr\u00e5n. F\u00f6rdelarna med senapsolja f\u00f6r h\u00e5r kan h\u00e4nf\u00f6ras till n\u00e4rvaron av omega-fettsyror. <\/li>\n<li style=\"text-align: justify;\">Det hj\u00e4lper till att bibeh\u00e5lla h\u00e5rets fukt och h\u00e5lla det silkeslent och livfullt.<\/li>\n<li style=\"text-align: justify;\">Att massera senapsolja i h\u00e5rbotten ger n\u00e4ring och st\u00e4rker h\u00e5rbotten och ger glans till h\u00e5ret.<\/li>\n<li style=\"text-align: justify;\">Senapsolja \u00e4r ett naturligt stimulerande medel som f\u00f6rb\u00e4ttrar blodcirkulationen i h\u00e5rbotten. Effektiv blodcirkulation minskar h\u00e5rfall och gallring som orsakas p\u00e5 grund av felaktig cirkulation. <\/li>\n<li style=\"text-align: justify;\">Du kan f\u00f6rbereda en h\u00e5rmask med senapsolja p\u00e5 f\u00f6ljande s\u00e4tt :\n<ul>\n<li style=\"text-align: justify;\">Blanda 1 matsked senapsolja, jojobaolja och mandelolja.<\/li>\n<li style=\"text-align: justify;\">V\u00e4rm oljan i 10 sekunder.<\/li>\n<li style=\"text-align: justify;\">Applicera masken p\u00e5 r\u00f6tterna och str\u00e5na.<\/li>\n<li style=\"text-align: justify;\">L\u00e5t verka i 30 minuter och tv\u00e4tta sedan h\u00e5ret med varmt vatten.<\/li>\n<\/ul>\n<\/li>\n<\/ul>\n<h3><strong>Bevarande<\/strong><\/h3>\n<p style=\"padding-left: 40px;\">Den kan f\u00f6rvaras p\u00e5 en sval och torr plats i minst 2 \u00e5r.<br \/>\nMen efter \u00f6ppnandet, f\u00f6rvara i kylsk\u00e5p och konsumera inom 3 m\u00e5nader.<\/p>\n<p style=\"padding-left: 40px;\">Den b\u00e4sta kvaliteten i kallpressad olja fr\u00e5n senapsfr\u00f6n.<\/p>\n","protected":false},"excerpt":{"rendered":"<p>Med sin rika historia och kulturella betydelse har senapsolja varit en integrerad del av den m\u00e4nskliga civilisationen i \u00e5rhundraden.<\/p>\n<p>De ayurvediska texterna n\u00e4mner senapsolja som ett potent botemedel mot olika sjukdomar.<\/p>\n","protected":false},"featured_media":10039,"comment_status":"closed","ping_status":"closed","template":"","meta":[],"product_brand":[],"product_cat":[685],"product_tag":[],"class_list":{"0":"post-10185","1":"product","2":"type-product","3":"status-publish","4":"has-post-thumbnail","6":"product_cat-andra-produkter","7":"product_shipping_class-06-kg-sv","9":"first","10":"instock","11":"sale","12":"shipping-taxable","13":"purchasable","14":"product-type-simple"},"yoast_head":"<!-- This site is optimized with the Yoast SEO Premium plugin v27.1 (Yoast SEO v27.2) - https:\/\/yoast.com\/product\/yoast-seo-premium-wordpress\/ -->\n<title>Kallpressad olja fr\u00e5n senapsfr\u00f6n - ren kvalitet - NatureNeem e-Shop<\/title>\n<meta name=\"description\" content=\"Uppt\u00e4ck f\u00f6rdelarna med kallpressad olja fr\u00e5n senapsfr\u00f6n. Denna oraffinerade olja fr\u00e4mjar hudens h\u00e4lsa samtidigt som den f\u00f6rh\u00f6jer din matlagning! \ud83c\udf31 Senapsolja f\u00f6r h\u00e5ret \ud83d\udc69\ud83c\udffd\u200d\ud83e\uddb0\ud83d\udc71\ud83c\udffd\u200d\u2640\ufe0f\ud83d\udc69\ud83c\udffd\" \/>\n<meta name=\"robots\" content=\"index, follow, max-snippet:-1, max-image-preview:large, max-video-preview:-1\" \/>\n<link rel=\"canonical\" href=\"https:\/\/shop.natureneem.com\/sv\/e-shop\/senapsolja\/\" \/>\n<meta property=\"og:locale\" content=\"sv_SE\" \/>\n<meta property=\"og:type\" content=\"article\" \/>\n<meta property=\"og:title\" content=\"Senapsolja\" \/>\n<meta property=\"og:description\" content=\"Uppt\u00e4ck f\u00f6rdelarna med kallpressad olja fr\u00e5n senapsfr\u00f6n. Denna oraffinerade olja fr\u00e4mjar hudens h\u00e4lsa samtidigt som den f\u00f6rh\u00f6jer din matlagning! \ud83c\udf31 Senapsolja f\u00f6r h\u00e5ret \ud83d\udc69\ud83c\udffd\u200d\ud83e\uddb0\ud83d\udc71\ud83c\udffd\u200d\u2640\ufe0f\ud83d\udc69\ud83c\udffd\" \/>\n<meta property=\"og:url\" content=\"https:\/\/shop.natureneem.com\/sv\/e-shop\/senapsolja\/\" \/>\n<meta property=\"og:site_name\" content=\"NatureNeem e-Shop\" \/>\n<meta property=\"article:publisher\" content=\"https:\/\/www.facebook.com\/natureneemindia\/\" \/>\n<meta property=\"article:modified_time\" content=\"2025-04-02T22:12:36+00:00\" \/>\n<meta property=\"og:image\" content=\"https:\/\/shop.natureneem.com\/wp-content\/uploads\/2024\/11\/NN-Mustard_Oil_500ml_2024-11-28_01.jpg\" \/>\n\t<meta property=\"og:image:width\" content=\"2000\" \/>\n\t<meta property=\"og:image:height\" content=\"2000\" \/>\n\t<meta property=\"og:image:type\" content=\"image\/jpeg\" \/>\n<meta name=\"twitter:card\" content=\"summary_large_image\" \/>\n<meta name=\"twitter:site\" content=\"@natureneem\" \/>\n<meta name=\"twitter:label1\" content=\"Pris\" \/>\n\t<meta name=\"twitter:data1\" content=\"11,99&nbsp;&euro;\" \/>\n\t<meta name=\"twitter:label2\" content=\"Tillg\u00e4nglig\" \/>\n\t<meta name=\"twitter:data2\" content=\"I lager\" \/>\n<script type=\"application\/ld+json\" class=\"yoast-schema-graph\">{\"@context\":\"https:\/\/schema.org\",\"@graph\":[{\"@type\":\"WebPage\",\"@id\":\"https:\/\/shop.natureneem.com\/sv\/e-shop\/senapsolja\/\",\"url\":\"https:\/\/shop.natureneem.com\/sv\/e-shop\/senapsolja\/\",\"name\":\"Kallpressad olja fr\u00e5n senapsfr\u00f6n - ren kvalitet - NatureNeem e-Shop\",\"isPartOf\":{\"@id\":\"https:\/\/shop.natureneem.com\/sv\/#website\"},\"primaryImageOfPage\":{\"@id\":\"https:\/\/shop.natureneem.com\/sv\/e-shop\/senapsolja\/#primaryimage\"},\"image\":{\"@id\":\"https:\/\/shop.natureneem.com\/sv\/e-shop\/senapsolja\/#primaryimage\"},\"thumbnailUrl\":\"https:\/\/shop.natureneem.com\/wp-content\/uploads\/2024\/11\/NN-Mustard_Oil_500ml_2024-11-28_01.jpg\",\"datePublished\":\"2024-11-27T19:31:38+00:00\",\"dateModified\":\"2025-04-02T22:12:36+00:00\",\"description\":\"Uppt\u00e4ck f\u00f6rdelarna med kallpressad olja fr\u00e5n senapsfr\u00f6n. Denna oraffinerade olja fr\u00e4mjar hudens h\u00e4lsa samtidigt som den f\u00f6rh\u00f6jer din matlagning! \ud83c\udf31 Senapsolja f\u00f6r h\u00e5ret \ud83d\udc69\ud83c\udffd\u200d\ud83e\uddb0\ud83d\udc71\ud83c\udffd\u200d\u2640\ufe0f\ud83d\udc69\ud83c\udffd\",\"breadcrumb\":{\"@id\":\"https:\/\/shop.natureneem.com\/sv\/e-shop\/senapsolja\/#breadcrumb\"},\"inLanguage\":\"sv-SE\",\"potentialAction\":[{\"@type\":\"ReadAction\",\"target\":[\"https:\/\/shop.natureneem.com\/sv\/e-shop\/senapsolja\/\"]}]},{\"@type\":\"ImageObject\",\"inLanguage\":\"sv-SE\",\"@id\":\"https:\/\/shop.natureneem.com\/sv\/e-shop\/senapsolja\/#primaryimage\",\"url\":\"https:\/\/shop.natureneem.com\/wp-content\/uploads\/2024\/11\/NN-Mustard_Oil_500ml_2024-11-28_01.jpg\",\"contentUrl\":\"https:\/\/shop.natureneem.com\/wp-content\/uploads\/2024\/11\/NN-Mustard_Oil_500ml_2024-11-28_01.jpg\",\"width\":2000,\"height\":2000,\"caption\":\"Senapsolja fr\u00e5n Nature Neem (Brassica Alba) Olja fr\u00e5n senapsfr\u00f6n Nature Neem Indien\"},{\"@type\":\"BreadcrumbList\",\"@id\":\"https:\/\/shop.natureneem.com\/sv\/e-shop\/senapsolja\/#breadcrumb\",\"itemListElement\":[{\"@type\":\"ListItem\",\"position\":1,\"name\":\"Home\",\"item\":\"https:\/\/shop.natureneem.com\/sv\/hem\/\"},{\"@type\":\"ListItem\",\"position\":2,\"name\":\"e-butik\",\"item\":\"https:\/\/shop.natureneem.com\/sv\/e-butik\/\"},{\"@type\":\"ListItem\",\"position\":3,\"name\":\"Senapsolja\"}]},{\"@type\":\"WebSite\",\"@id\":\"https:\/\/shop.natureneem.com\/sv\/#website\",\"url\":\"https:\/\/shop.natureneem.com\/sv\/\",\"name\":\"NatureNeem e-Shop\",\"description\":\"Official Shop from Nature Neem\",\"publisher\":{\"@id\":\"https:\/\/shop.natureneem.com\/sv\/#organization\"},\"alternateName\":\"Nature Neem\",\"potentialAction\":[{\"@type\":\"SearchAction\",\"target\":{\"@type\":\"EntryPoint\",\"urlTemplate\":\"https:\/\/shop.natureneem.com\/sv\/?s={search_term_string}\"},\"query-input\":{\"@type\":\"PropertyValueSpecification\",\"valueRequired\":true,\"valueName\":\"search_term_string\"}}],\"inLanguage\":\"sv-SE\"},{\"@type\":\"Organization\",\"@id\":\"https:\/\/shop.natureneem.com\/sv\/#organization\",\"name\":\"Nature Neem\",\"alternateName\":\"Lorsun SAS\",\"url\":\"https:\/\/shop.natureneem.com\/sv\/\",\"logo\":{\"@type\":\"ImageObject\",\"inLanguage\":\"sv-SE\",\"@id\":\"https:\/\/shop.natureneem.com\/sv\/#\/schema\/logo\/image\/\",\"url\":\"https:\/\/shop.natureneem.com\/wp-content\/uploads\/2024\/09\/nn-logo-symbole-2024-01.svg\",\"contentUrl\":\"https:\/\/shop.natureneem.com\/wp-content\/uploads\/2024\/09\/nn-logo-symbole-2024-01.svg\",\"width\":1,\"height\":1,\"caption\":\"Nature Neem\"},\"image\":{\"@id\":\"https:\/\/shop.natureneem.com\/sv\/#\/schema\/logo\/image\/\"},\"sameAs\":[\"https:\/\/www.facebook.com\/natureneemindia\/\",\"https:\/\/x.com\/natureneem\",\"https:\/\/www.youtube.com\/user\/natureneem\",\"https:\/\/www.linkedin.com\/company\/natureneem\"],\"description\":\"Vi \u00e4r engagerade i utveckling och kommersialisering av ekologiska l\u00f6sningar. Vi forts\u00e4tter att uppfinna dessa naturliga alternativa l\u00f6sningar som effektivt kan ers\u00e4tta de kemiskt syntetiserade produkter som skadar v\u00e5r milj\u00f6. V\u00e5rt team \u00e4r s\u00e4rskilt kompetent n\u00e4r det g\u00e4ller att f\u00f6resl\u00e5 ekologiska insatsvaror f\u00f6r jordbruket. Vi fungerar ocks\u00e5 som en sammanslutning av likasinnade m\u00e4nniskor som tror att naturen uppr\u00e4tth\u00e5ller l\u00f6sningen p\u00e5 alla milj\u00f6problem som m\u00e4nniskor st\u00e5r inf\u00f6r.   \",\"email\":\"info@natureneem.com\",\"telephone\":\"+91 77084 00899\",\"legalName\":\"NATURE NEEM PRODUCTS\",\"vatID\":\"FR08891657884\",\"numberOfEmployees\":{\"@type\":\"QuantitativeValue\",\"minValue\":\"51\",\"maxValue\":\"200\"},\"publishingPrinciples\":\"https:\/\/shop.natureneem.com\/\",\"actionableFeedbackPolicy\":\"https:\/\/shop.natureneem.com\/return-and-refund-policy\/\",\"hasMerchantReturnPolicy\":{\"@type\":\"MerchantReturnPolicy\",\"merchantReturnLink\":\"https:\/\/shop.natureneem.com\/return-and-refund-policy\/\"}}]}<\/script>\n<meta property=\"product:price:amount\" content=\"11.99\" \/>\n<meta property=\"product:price:currency\" content=\"EUR\" \/>\n<meta property=\"og:availability\" content=\"instock\" \/>\n<meta property=\"product:availability\" content=\"instock\" \/>\n<meta property=\"product:retailer_item_id\" content=\"NN-MO-0500\" \/>\n<meta property=\"product:condition\" content=\"new\" \/>\n<!-- \/ Yoast SEO Premium plugin. -->","yoast_head_json":{"title":"Kallpressad olja fr\u00e5n senapsfr\u00f6n - ren kvalitet - NatureNeem e-Shop","description":"Uppt\u00e4ck f\u00f6rdelarna med kallpressad olja fr\u00e5n senapsfr\u00f6n. Denna oraffinerade olja fr\u00e4mjar hudens h\u00e4lsa samtidigt som den f\u00f6rh\u00f6jer din matlagning! \ud83c\udf31 Senapsolja f\u00f6r h\u00e5ret \ud83d\udc69\ud83c\udffd\u200d\ud83e\uddb0\ud83d\udc71\ud83c\udffd\u200d\u2640\ufe0f\ud83d\udc69\ud83c\udffd","robots":{"index":"index","follow":"follow","max-snippet":"max-snippet:-1","max-image-preview":"max-image-preview:large","max-video-preview":"max-video-preview:-1"},"canonical":"https:\/\/shop.natureneem.com\/sv\/e-shop\/senapsolja\/","og_locale":"sv_SE","og_type":"article","og_title":"Senapsolja","og_description":"Uppt\u00e4ck f\u00f6rdelarna med kallpressad olja fr\u00e5n senapsfr\u00f6n. Denna oraffinerade olja fr\u00e4mjar hudens h\u00e4lsa samtidigt som den f\u00f6rh\u00f6jer din matlagning! \ud83c\udf31 Senapsolja f\u00f6r h\u00e5ret \ud83d\udc69\ud83c\udffd\u200d\ud83e\uddb0\ud83d\udc71\ud83c\udffd\u200d\u2640\ufe0f\ud83d\udc69\ud83c\udffd","og_url":"https:\/\/shop.natureneem.com\/sv\/e-shop\/senapsolja\/","og_site_name":"NatureNeem e-Shop","article_publisher":"https:\/\/www.facebook.com\/natureneemindia\/","article_modified_time":"2025-04-02T22:12:36+00:00","og_image":[{"width":2000,"height":2000,"url":"https:\/\/shop.natureneem.com\/wp-content\/uploads\/2024\/11\/NN-Mustard_Oil_500ml_2024-11-28_01.jpg","type":"image\/jpeg"}],"twitter_card":"summary_large_image","twitter_site":"@natureneem","twitter_misc":{"Pris":"11,99&nbsp;&euro;","Tillg\u00e4nglig":"I lager"},"schema":{"@context":"https:\/\/schema.org","@graph":[{"@type":"WebPage","@id":"https:\/\/shop.natureneem.com\/sv\/e-shop\/senapsolja\/","url":"https:\/\/shop.natureneem.com\/sv\/e-shop\/senapsolja\/","name":"Kallpressad olja fr\u00e5n senapsfr\u00f6n - ren kvalitet - NatureNeem e-Shop","isPartOf":{"@id":"https:\/\/shop.natureneem.com\/sv\/#website"},"primaryImageOfPage":{"@id":"https:\/\/shop.natureneem.com\/sv\/e-shop\/senapsolja\/#primaryimage"},"image":{"@id":"https:\/\/shop.natureneem.com\/sv\/e-shop\/senapsolja\/#primaryimage"},"thumbnailUrl":"https:\/\/shop.natureneem.com\/wp-content\/uploads\/2024\/11\/NN-Mustard_Oil_500ml_2024-11-28_01.jpg","datePublished":"2024-11-27T19:31:38+00:00","dateModified":"2025-04-02T22:12:36+00:00","description":"Uppt\u00e4ck f\u00f6rdelarna med kallpressad olja fr\u00e5n senapsfr\u00f6n. Denna oraffinerade olja fr\u00e4mjar hudens h\u00e4lsa samtidigt som den f\u00f6rh\u00f6jer din matlagning! \ud83c\udf31 Senapsolja f\u00f6r h\u00e5ret \ud83d\udc69\ud83c\udffd\u200d\ud83e\uddb0\ud83d\udc71\ud83c\udffd\u200d\u2640\ufe0f\ud83d\udc69\ud83c\udffd","breadcrumb":{"@id":"https:\/\/shop.natureneem.com\/sv\/e-shop\/senapsolja\/#breadcrumb"},"inLanguage":"sv-SE","potentialAction":[{"@type":"ReadAction","target":["https:\/\/shop.natureneem.com\/sv\/e-shop\/senapsolja\/"]}]},{"@type":"ImageObject","inLanguage":"sv-SE","@id":"https:\/\/shop.natureneem.com\/sv\/e-shop\/senapsolja\/#primaryimage","url":"https:\/\/shop.natureneem.com\/wp-content\/uploads\/2024\/11\/NN-Mustard_Oil_500ml_2024-11-28_01.jpg","contentUrl":"https:\/\/shop.natureneem.com\/wp-content\/uploads\/2024\/11\/NN-Mustard_Oil_500ml_2024-11-28_01.jpg","width":2000,"height":2000,"caption":"Senapsolja fr\u00e5n Nature Neem (Brassica Alba) Olja fr\u00e5n senapsfr\u00f6n Nature Neem Indien"},{"@type":"BreadcrumbList","@id":"https:\/\/shop.natureneem.com\/sv\/e-shop\/senapsolja\/#breadcrumb","itemListElement":[{"@type":"ListItem","position":1,"name":"Home","item":"https:\/\/shop.natureneem.com\/sv\/hem\/"},{"@type":"ListItem","position":2,"name":"e-butik","item":"https:\/\/shop.natureneem.com\/sv\/e-butik\/"},{"@type":"ListItem","position":3,"name":"Senapsolja"}]},{"@type":"WebSite","@id":"https:\/\/shop.natureneem.com\/sv\/#website","url":"https:\/\/shop.natureneem.com\/sv\/","name":"NatureNeem e-Shop","description":"Official Shop from Nature Neem","publisher":{"@id":"https:\/\/shop.natureneem.com\/sv\/#organization"},"alternateName":"Nature Neem","potentialAction":[{"@type":"SearchAction","target":{"@type":"EntryPoint","urlTemplate":"https:\/\/shop.natureneem.com\/sv\/?s={search_term_string}"},"query-input":{"@type":"PropertyValueSpecification","valueRequired":true,"valueName":"search_term_string"}}],"inLanguage":"sv-SE"},{"@type":"Organization","@id":"https:\/\/shop.natureneem.com\/sv\/#organization","name":"Nature Neem","alternateName":"Lorsun SAS","url":"https:\/\/shop.natureneem.com\/sv\/","logo":{"@type":"ImageObject","inLanguage":"sv-SE","@id":"https:\/\/shop.natureneem.com\/sv\/#\/schema\/logo\/image\/","url":"https:\/\/shop.natureneem.com\/wp-content\/uploads\/2024\/09\/nn-logo-symbole-2024-01.svg","contentUrl":"https:\/\/shop.natureneem.com\/wp-content\/uploads\/2024\/09\/nn-logo-symbole-2024-01.svg","width":1,"height":1,"caption":"Nature Neem"},"image":{"@id":"https:\/\/shop.natureneem.com\/sv\/#\/schema\/logo\/image\/"},"sameAs":["https:\/\/www.facebook.com\/natureneemindia\/","https:\/\/x.com\/natureneem","https:\/\/www.youtube.com\/user\/natureneem","https:\/\/www.linkedin.com\/company\/natureneem"],"description":"Vi \u00e4r engagerade i utveckling och kommersialisering av ekologiska l\u00f6sningar. Vi forts\u00e4tter att uppfinna dessa naturliga alternativa l\u00f6sningar som effektivt kan ers\u00e4tta de kemiskt syntetiserade produkter som skadar v\u00e5r milj\u00f6. V\u00e5rt team \u00e4r s\u00e4rskilt kompetent n\u00e4r det g\u00e4ller att f\u00f6resl\u00e5 ekologiska insatsvaror f\u00f6r jordbruket. Vi fungerar ocks\u00e5 som en sammanslutning av likasinnade m\u00e4nniskor som tror att naturen uppr\u00e4tth\u00e5ller l\u00f6sningen p\u00e5 alla milj\u00f6problem som m\u00e4nniskor st\u00e5r inf\u00f6r.   ","email":"info@natureneem.com","telephone":"+91 77084 00899","legalName":"NATURE NEEM PRODUCTS","vatID":"FR08891657884","numberOfEmployees":{"@type":"QuantitativeValue","minValue":"51","maxValue":"200"},"publishingPrinciples":"https:\/\/shop.natureneem.com\/","actionableFeedbackPolicy":"https:\/\/shop.natureneem.com\/return-and-refund-policy\/","hasMerchantReturnPolicy":{"@type":"MerchantReturnPolicy","merchantReturnLink":"https:\/\/shop.natureneem.com\/return-and-refund-policy\/"}}]},"product_price_amount":"11.99","product_price_currency":"EUR","og_availability":"instock","product_availability":"instock","product_retailer_item_id":"NN-MO-0500","product_condition":"new"},"_links":{"self":[{"href":"https:\/\/shop.natureneem.com\/sv\/wp-json\/wp\/v2\/product\/10185","targetHints":{"allow":["GET"]}}],"collection":[{"href":"https:\/\/shop.natureneem.com\/sv\/wp-json\/wp\/v2\/product"}],"about":[{"href":"https:\/\/shop.natureneem.com\/sv\/wp-json\/wp\/v2\/types\/product"}],"replies":[{"embeddable":true,"href":"https:\/\/shop.natureneem.com\/sv\/wp-json\/wp\/v2\/comments?post=10185"}],"wp:featuredmedia":[{"embeddable":true,"href":"https:\/\/shop.natureneem.com\/sv\/wp-json\/wp\/v2\/media\/10039"}],"wp:attachment":[{"href":"https:\/\/shop.natureneem.com\/sv\/wp-json\/wp\/v2\/media?parent=10185"}],"wp:term":[{"taxonomy":"product_brand","embeddable":true,"href":"https:\/\/shop.natureneem.com\/sv\/wp-json\/wp\/v2\/product_brand?post=10185"},{"taxonomy":"product_cat","embeddable":true,"href":"https:\/\/shop.natureneem.com\/sv\/wp-json\/wp\/v2\/product_cat?post=10185"},{"taxonomy":"product_tag","embeddable":true,"href":"https:\/\/shop.natureneem.com\/sv\/wp-json\/wp\/v2\/product_tag?post=10185"}],"curies":[{"name":"wp","href":"https:\/\/api.w.org\/{rel}","templated":true}]}}