{"id":11509,"date":"2025-05-14T17:54:41","date_gmt":"2025-05-14T15:54:41","guid":{"rendered":"https:\/\/shop.natureneem.com\/?post_type=product&#038;p=11509"},"modified":"2025-09-12T12:58:10","modified_gmt":"2025-09-12T10:58:10","slug":"coco-brick-copy","status":"publish","type":"product","link":"https:\/\/shop.natureneem.com\/sv\/e-shop\/coco-brick-copy\/","title":{"rendered":"Coco Mulch"},"content":{"rendered":"<h3><strong>Naturlig mulch fr\u00e5n kokosn\u00f6tskal. Enkel f\u00f6rvaring. Perfekt f\u00f6r stadstr\u00e4dg\u00e5rdar &#8211; l\u00e4genheter, terrasser, &#8230;<br \/>\n<\/strong><\/h3>\n<h4 style=\"text-align: left;\"><strong>1 kg komprimerat block = ca 15 liter hydratiserad volym.<br \/>\n<\/strong><strong>Exempel: 4,5 kg komprimerat = cirka 65 liter hydratiserad volym.<\/strong><\/h4>\n<div class=\"uk-alert\"><img loading=\"lazy\" decoding=\"async\" class=\"alignnone wp-image-11652 size-thumbnail\" title=\"CocoMulch 4-4,5Kg av NatureNeem\" src=\"https:\/\/shop.natureneem.com\/wp-content\/uploads\/2025\/05\/NN_COCO-MULCH_WEB_02-1-150x150.jpg\" alt=\"CocoMulch 4-4,5 kg\" width=\"150\" height=\"150\" srcset=\"https:\/\/shop.natureneem.com\/wp-content\/uploads\/2025\/05\/NN_COCO-MULCH_WEB_02-1-150x150.jpg 150w, https:\/\/shop.natureneem.com\/wp-content\/uploads\/2025\/05\/NN_COCO-MULCH_WEB_02-1-300x300.jpg 300w, https:\/\/shop.natureneem.com\/wp-content\/uploads\/2025\/05\/NN_COCO-MULCH_WEB_02-1-100x100.jpg 100w, https:\/\/shop.natureneem.com\/wp-content\/uploads\/2025\/05\/NN_COCO-MULCH_WEB_02-1-500x500.jpg 500w, https:\/\/shop.natureneem.com\/wp-content\/uploads\/2025\/05\/NN_COCO-MULCH_WEB_02-1-1024x1024.jpg 1024w, https:\/\/shop.natureneem.com\/wp-content\/uploads\/2025\/05\/NN_COCO-MULCH_WEB_02-1-768x768.jpg 768w, https:\/\/shop.natureneem.com\/wp-content\/uploads\/2025\/05\/NN_COCO-MULCH_WEB_02-1.jpg 1200w\" sizes=\"(max-width: 150px) 100vw, 150px\" \/>Naturlig mulch fr\u00e5n kokosskal. 4,5 kg komprimerat block = ca 65 liter hydratiserad volym. <\/div>\n<div class=\"uk-alert\"><img loading=\"lazy\" decoding=\"async\" class=\"alignnone wp-image-11670 size-thumbnail\" src=\"https:\/\/shop.natureneem.com\/wp-content\/uploads\/2025\/05\/NN_COCO-MULCH_WEB_04-1-150x150.jpg\" alt=\"CocoMulch 650g\" width=\"150\" height=\"150\" srcset=\"https:\/\/shop.natureneem.com\/wp-content\/uploads\/2025\/05\/NN_COCO-MULCH_WEB_04-1-150x150.jpg 150w, https:\/\/shop.natureneem.com\/wp-content\/uploads\/2025\/05\/NN_COCO-MULCH_WEB_04-1-300x300.jpg 300w, https:\/\/shop.natureneem.com\/wp-content\/uploads\/2025\/05\/NN_COCO-MULCH_WEB_04-1-100x100.jpg 100w, https:\/\/shop.natureneem.com\/wp-content\/uploads\/2025\/05\/NN_COCO-MULCH_WEB_04-1-500x500.jpg 500w, https:\/\/shop.natureneem.com\/wp-content\/uploads\/2025\/05\/NN_COCO-MULCH_WEB_04-1-1024x1024.jpg 1024w, https:\/\/shop.natureneem.com\/wp-content\/uploads\/2025\/05\/NN_COCO-MULCH_WEB_04-1-768x768.jpg 768w, https:\/\/shop.natureneem.com\/wp-content\/uploads\/2025\/05\/NN_COCO-MULCH_WEB_04-1.jpg 1200w\" sizes=\"(max-width: 150px) 100vw, 150px\" \/>Naturlig mulch fr\u00e5n kokosskal. 650 g komprimerat block = ca 12 liter hydratiserad volym. <\/div>\n<div class=\"uk-alert\"><img loading=\"lazy\" decoding=\"async\" class=\"alignnone size-thumbnail wp-image-11688\" src=\"https:\/\/shop.natureneem.com\/wp-content\/uploads\/2025\/05\/NN_COCO-MULCH_WEB_06-1-150x150.jpg\" alt=\"CocoMulch Skiva 110g  \" width=\"150\" height=\"150\" srcset=\"https:\/\/shop.natureneem.com\/wp-content\/uploads\/2025\/05\/NN_COCO-MULCH_WEB_06-1-150x150.jpg 150w, https:\/\/shop.natureneem.com\/wp-content\/uploads\/2025\/05\/NN_COCO-MULCH_WEB_06-1-300x300.jpg 300w, https:\/\/shop.natureneem.com\/wp-content\/uploads\/2025\/05\/NN_COCO-MULCH_WEB_06-1-100x100.jpg 100w, https:\/\/shop.natureneem.com\/wp-content\/uploads\/2025\/05\/NN_COCO-MULCH_WEB_06-1-500x500.jpg 500w, https:\/\/shop.natureneem.com\/wp-content\/uploads\/2025\/05\/NN_COCO-MULCH_WEB_06-1-1024x1024.jpg 1024w, https:\/\/shop.natureneem.com\/wp-content\/uploads\/2025\/05\/NN_COCO-MULCH_WEB_06-1-768x768.jpg 768w, https:\/\/shop.natureneem.com\/wp-content\/uploads\/2025\/05\/NN_COCO-MULCH_WEB_06-1.jpg 1200w\" sizes=\"(max-width: 150px) 100vw, 150px\" \/>Naturlig mulch fr\u00e5n kokosskal. 110 g komprimerat block = ca 1,5 liter hydratiserad volym. <\/div>\n<h3 style=\"text-align: left;\"><strong><br \/>\nF\u00f6rdelar<\/strong><\/h3>\n<ul>\n<li><strong>Minskar avdunstningen och sparar vatten<\/strong><br \/>\nEtt tjockt lager Coco Mulch blockerar solljuset och hindrar ogr\u00e4set fr\u00e5n att v\u00e4xa.<\/li>\n<li><strong>Organisk g\u00f6dning och jordf\u00f6rb\u00e4ttringsmedel<\/strong><br \/>\nBeh\u00e5ller markfukten genom att minska avdunstningen, vilket h\u00e5ller jorden fuktig under l\u00e4ngre perioder.<\/li>\n<li><strong>\u00d6verl\u00e4gsen luftning f\u00f6r friska r\u00f6tter<\/strong><br \/>\nDen fibr\u00f6sa strukturen hos Coco Mulch hj\u00e4lper till att f\u00f6rhindra jorderosion, s\u00e4rskilt i sluttningar eller vid kraftigt regn.<\/li>\n<li><strong>Reglering av marktemperaturen<\/strong><br \/>\nIsolerar jorden och skyddar r\u00f6tterna fr\u00e5n extrema temperaturv\u00e4xlingar<\/li>\n<\/ul>\n<h3><strong>F\u00f6rberedelser f\u00f6re applicering<\/strong><\/h3>\n<ul>\n<li>L\u00e4gg blocket i ett 100-liters k\u00e4rl<\/li>\n<li>Tills\u00e4tt cirka 60 liter vatten<\/li>\n<li>V\u00e4nta i 45 minuter<\/li>\n<\/ul>\n<h3><strong>Till\u00e4mpningar<\/strong><\/h3>\n<ul>\n<li>Bruksf\u00e4rdig, ogr\u00e4sfri, pH- och EC-balanserad mulch f\u00f6r v\u00e4xter<\/li>\n<li>Mulching: Sprid ut 10 cm p\u00e5 ytan.<\/li>\n<li>Dr\u00e4nering: Sprid ut 10 cm i botten (krukor och planteringsgropar)<\/li>\n<li>F\u00f6r orkid\u00e9er som kr\u00e4ver luftning &#8211; fyll krukan helt som ett planteringsmedium.<\/li>\n<\/ul>\n<h3><strong>F\u00f6rslag f\u00f6r b\u00e4sta m\u00f6jliga resultat<\/strong><\/h3>\n<ul>\n<li>Tills\u00e4tt <a href=\"https:\/\/shop.natureneem.com\/sv\/e-shop\/nutraza\/\">NutrAza<\/a>, ett organiskt g\u00f6dselmedel och jordskyddsmedel mot nematoder<\/li>\n<li>Anv\u00e4nd <a href=\"https:\/\/shop.natureneem.com\/sv\/e-shop\/coco-brick\/\">Coco Brick<\/a> som krukv\u00e4xtmedium<\/li>\n<\/ul>\n<h3><strong>Specifikationer<\/strong><\/h3>\n<ul>\n<li>Sammans\u00e4ttning : Hackad ekologisk Coco Husk som \u00e4r berikad och buffrad<\/li>\n<li>Fukthalt: mindre \u00e4n 15%.<\/li>\n<li>pH: 5,6- 6,5 | EC: 0,6-0,8 mS\/cm<\/li>\n<li>Kompressionsf\u00f6rh\u00e5llande &#8211; 6:1<\/li>\n<li>Europeiska normer : NFU 44-551 ( V\u00e4xtodlingsmedium)<\/li>\n<li>Vikt: 4-4,5 kg<\/li>\n<\/ul>\n","protected":false},"excerpt":{"rendered":"<p class=\"ai-optimize-20\"><strong>Naturlig mulch fr\u00e5n kokosn\u00f6tskal<br \/>\n<\/strong>Ett tjockt lager kokosflis blockerar solljus f\u00f6r att stoppa ogr\u00e4s och beh\u00e5lla fukt, vilket h\u00e5ller din jord naturligt fuktig och frisk under l\u00e4ngre perioder.<\/p>\n<p class=\"ai-optimize-21\"><strong> <\/strong><\/p>\n","protected":false},"featured_media":11723,"comment_status":"open","ping_status":"closed","template":"","meta":[],"product_brand":[],"product_cat":[249],"product_tag":[],"class_list":{"0":"post-11509","1":"product","2":"type-product","3":"status-publish","4":"has-post-thumbnail","6":"product_cat-kokosprodukter","7":"product_shipping_class-06-kg-sv","9":"first","10":"instock","11":"sale","12":"shipping-taxable","13":"purchasable","14":"product-type-variable"},"yoast_head":"<!-- This site is optimized with the Yoast SEO Premium plugin v27.1 (Yoast SEO v27.2) - https:\/\/yoast.com\/product\/yoast-seo-premium-wordpress\/ -->\n<title>Coco Mulch f\u00f6r att h\u00e5lla kvar och isolera markfuktigheten<\/title>\n<meta name=\"description\" content=\"F\u00f6rvandla din tr\u00e4dg\u00e5rdsupplevelse med Coco Mulch! Den \u00e4r idealisk f\u00f6r l\u00e4genheter och terrasser och ger isolering och f\u00f6rhindrar ogr\u00e4stillv\u00e4xt. K\u00f6p nu!\" \/>\n<meta name=\"robots\" content=\"index, follow, max-snippet:-1, max-image-preview:large, max-video-preview:-1\" \/>\n<link rel=\"canonical\" href=\"https:\/\/shop.natureneem.com\/sv\/e-shop\/coco-brick-copy\/\" \/>\n<meta property=\"og:locale\" content=\"sv_SE\" \/>\n<meta property=\"og:type\" content=\"article\" \/>\n<meta property=\"og:title\" content=\"Coco Mulch Coco Mulch fr\u00e5n Nature Neem\" \/>\n<meta property=\"og:description\" content=\"Naturlig markt\u00e4ckning av kokosn\u00f6tsskal. Ett tjockt lager av kokosflis kan blockera solljus och undertrycka tillv\u00e4xten av ogr\u00e4s. De hj\u00e4lper till att beh\u00e5lla markfuktigheten genom att minska avdunstningen, vilket h\u00e5ller jorden fuktig under l\u00e4ngre perioder.\" \/>\n<meta property=\"og:url\" content=\"https:\/\/shop.natureneem.com\/sv\/e-shop\/coco-brick-copy\/\" \/>\n<meta property=\"og:site_name\" content=\"NatureNeem e-Shop\" \/>\n<meta property=\"article:publisher\" content=\"https:\/\/www.facebook.com\/natureneemindia\/\" \/>\n<meta property=\"article:modified_time\" content=\"2025-09-12T10:58:10+00:00\" \/>\n<meta property=\"og:image\" content=\"https:\/\/shop.natureneem.com\/wp-content\/uploads\/2025\/05\/NN_COCO-MULCH_WEB_00-1.jpg\" \/>\n\t<meta property=\"og:image:width\" content=\"1200\" \/>\n\t<meta property=\"og:image:height\" content=\"1200\" \/>\n\t<meta property=\"og:image:type\" content=\"image\/jpeg\" \/>\n<meta name=\"twitter:card\" content=\"summary_large_image\" \/>\n<meta name=\"twitter:title\" content=\"Coco Mulch\" \/>\n<meta name=\"twitter:site\" content=\"@natureneem\" \/>\n<meta name=\"twitter:label1\" content=\"Tillg\u00e4nglig\" \/>\n\t<meta name=\"twitter:data1\" content=\"I lager\" \/>\n<script type=\"application\/ld+json\" class=\"yoast-schema-graph\">{\"@context\":\"https:\/\/schema.org\",\"@graph\":[{\"@type\":\"WebPage\",\"@id\":\"https:\/\/shop.natureneem.com\/sv\/e-shop\/coco-brick-copy\/\",\"url\":\"https:\/\/shop.natureneem.com\/sv\/e-shop\/coco-brick-copy\/\",\"name\":\"Coco Mulch f\u00f6r att h\u00e5lla kvar och isolera markfuktigheten\",\"isPartOf\":{\"@id\":\"https:\/\/shop.natureneem.com\/sv\/#website\"},\"primaryImageOfPage\":{\"@id\":\"https:\/\/shop.natureneem.com\/sv\/e-shop\/coco-brick-copy\/#primaryimage\"},\"image\":{\"@id\":\"https:\/\/shop.natureneem.com\/sv\/e-shop\/coco-brick-copy\/#primaryimage\"},\"thumbnailUrl\":\"https:\/\/shop.natureneem.com\/wp-content\/uploads\/2025\/05\/NN_COCO-MULCH_WEB_00-1.jpg\",\"datePublished\":\"2025-05-14T15:54:41+00:00\",\"dateModified\":\"2025-09-12T10:58:10+00:00\",\"description\":\"F\u00f6rvandla din tr\u00e4dg\u00e5rdsupplevelse med Coco Mulch! Den \u00e4r idealisk f\u00f6r l\u00e4genheter och terrasser och ger isolering och f\u00f6rhindrar ogr\u00e4stillv\u00e4xt. K\u00f6p nu!\",\"breadcrumb\":{\"@id\":\"https:\/\/shop.natureneem.com\/sv\/e-shop\/coco-brick-copy\/#breadcrumb\"},\"inLanguage\":\"sv-SE\",\"potentialAction\":[{\"@type\":\"ReadAction\",\"target\":[\"https:\/\/shop.natureneem.com\/sv\/e-shop\/coco-brick-copy\/\"]}]},{\"@type\":\"ImageObject\",\"inLanguage\":\"sv-SE\",\"@id\":\"https:\/\/shop.natureneem.com\/sv\/e-shop\/coco-brick-copy\/#primaryimage\",\"url\":\"https:\/\/shop.natureneem.com\/wp-content\/uploads\/2025\/05\/NN_COCO-MULCH_WEB_00-1.jpg\",\"contentUrl\":\"https:\/\/shop.natureneem.com\/wp-content\/uploads\/2025\/05\/NN_COCO-MULCH_WEB_00-1.jpg\",\"width\":1200,\"height\":1200,\"caption\":\"CocoMulch av NatureNeem\"},{\"@type\":\"BreadcrumbList\",\"@id\":\"https:\/\/shop.natureneem.com\/sv\/e-shop\/coco-brick-copy\/#breadcrumb\",\"itemListElement\":[{\"@type\":\"ListItem\",\"position\":1,\"name\":\"Home\",\"item\":\"https:\/\/shop.natureneem.com\/sv\/hem\/\"},{\"@type\":\"ListItem\",\"position\":2,\"name\":\"e-butik\",\"item\":\"https:\/\/shop.natureneem.com\/sv\/e-butik\/\"},{\"@type\":\"ListItem\",\"position\":3,\"name\":\"Coco Mulch\"}]},{\"@type\":\"WebSite\",\"@id\":\"https:\/\/shop.natureneem.com\/sv\/#website\",\"url\":\"https:\/\/shop.natureneem.com\/sv\/\",\"name\":\"NatureNeem e-Shop\",\"description\":\"Official Shop from Nature Neem\",\"publisher\":{\"@id\":\"https:\/\/shop.natureneem.com\/sv\/#organization\"},\"alternateName\":\"Nature Neem\",\"potentialAction\":[{\"@type\":\"SearchAction\",\"target\":{\"@type\":\"EntryPoint\",\"urlTemplate\":\"https:\/\/shop.natureneem.com\/sv\/?s={search_term_string}\"},\"query-input\":{\"@type\":\"PropertyValueSpecification\",\"valueRequired\":true,\"valueName\":\"search_term_string\"}}],\"inLanguage\":\"sv-SE\"},{\"@type\":\"Organization\",\"@id\":\"https:\/\/shop.natureneem.com\/sv\/#organization\",\"name\":\"Nature Neem\",\"alternateName\":\"Lorsun SAS\",\"url\":\"https:\/\/shop.natureneem.com\/sv\/\",\"logo\":{\"@type\":\"ImageObject\",\"inLanguage\":\"sv-SE\",\"@id\":\"https:\/\/shop.natureneem.com\/sv\/#\/schema\/logo\/image\/\",\"url\":\"https:\/\/shop.natureneem.com\/wp-content\/uploads\/2024\/09\/nn-logo-symbole-2024-01.svg\",\"contentUrl\":\"https:\/\/shop.natureneem.com\/wp-content\/uploads\/2024\/09\/nn-logo-symbole-2024-01.svg\",\"width\":1,\"height\":1,\"caption\":\"Nature Neem\"},\"image\":{\"@id\":\"https:\/\/shop.natureneem.com\/sv\/#\/schema\/logo\/image\/\"},\"sameAs\":[\"https:\/\/www.facebook.com\/natureneemindia\/\",\"https:\/\/x.com\/natureneem\",\"https:\/\/www.youtube.com\/user\/natureneem\",\"https:\/\/www.linkedin.com\/company\/natureneem\"],\"description\":\"Vi \u00e4r engagerade i utveckling och kommersialisering av ekologiska l\u00f6sningar. Vi forts\u00e4tter att uppfinna dessa naturliga alternativa l\u00f6sningar som effektivt kan ers\u00e4tta de kemiskt syntetiserade produkter som skadar v\u00e5r milj\u00f6. V\u00e5rt team \u00e4r s\u00e4rskilt kompetent n\u00e4r det g\u00e4ller att f\u00f6resl\u00e5 ekologiska insatsvaror f\u00f6r jordbruket. Vi fungerar ocks\u00e5 som en sammanslutning av likasinnade m\u00e4nniskor som tror att naturen uppr\u00e4tth\u00e5ller l\u00f6sningen p\u00e5 alla milj\u00f6problem som m\u00e4nniskor st\u00e5r inf\u00f6r.   \",\"email\":\"info@natureneem.com\",\"telephone\":\"+91 77084 00899\",\"legalName\":\"NATURE NEEM PRODUCTS\",\"vatID\":\"FR08891657884\",\"numberOfEmployees\":{\"@type\":\"QuantitativeValue\",\"minValue\":\"51\",\"maxValue\":\"200\"},\"publishingPrinciples\":\"https:\/\/shop.natureneem.com\/\",\"actionableFeedbackPolicy\":\"https:\/\/shop.natureneem.com\/return-and-refund-policy\/\",\"hasMerchantReturnPolicy\":{\"@type\":\"MerchantReturnPolicy\",\"merchantReturnLink\":\"https:\/\/shop.natureneem.com\/return-and-refund-policy\/\"}}]}<\/script>\n<meta property=\"og:availability\" content=\"instock\" \/>\n<meta property=\"product:availability\" content=\"instock\" \/>\n<meta property=\"product:retailer_item_id\" content=\"NN-GP-CM\" \/>\n<meta property=\"product:condition\" content=\"new\" \/>\n<!-- \/ Yoast SEO Premium plugin. -->","yoast_head_json":{"title":"Coco Mulch f\u00f6r att h\u00e5lla kvar och isolera markfuktigheten","description":"F\u00f6rvandla din tr\u00e4dg\u00e5rdsupplevelse med Coco Mulch! Den \u00e4r idealisk f\u00f6r l\u00e4genheter och terrasser och ger isolering och f\u00f6rhindrar ogr\u00e4stillv\u00e4xt. K\u00f6p nu!","robots":{"index":"index","follow":"follow","max-snippet":"max-snippet:-1","max-image-preview":"max-image-preview:large","max-video-preview":"max-video-preview:-1"},"canonical":"https:\/\/shop.natureneem.com\/sv\/e-shop\/coco-brick-copy\/","og_locale":"sv_SE","og_type":"article","og_title":"Coco Mulch Coco Mulch fr\u00e5n Nature Neem","og_description":"Naturlig markt\u00e4ckning av kokosn\u00f6tsskal. Ett tjockt lager av kokosflis kan blockera solljus och undertrycka tillv\u00e4xten av ogr\u00e4s. De hj\u00e4lper till att beh\u00e5lla markfuktigheten genom att minska avdunstningen, vilket h\u00e5ller jorden fuktig under l\u00e4ngre perioder.","og_url":"https:\/\/shop.natureneem.com\/sv\/e-shop\/coco-brick-copy\/","og_site_name":"NatureNeem e-Shop","article_publisher":"https:\/\/www.facebook.com\/natureneemindia\/","article_modified_time":"2025-09-12T10:58:10+00:00","og_image":[{"width":1200,"height":1200,"url":"https:\/\/shop.natureneem.com\/wp-content\/uploads\/2025\/05\/NN_COCO-MULCH_WEB_00-1.jpg","type":"image\/jpeg"}],"twitter_card":"summary_large_image","twitter_title":"Coco Mulch","twitter_site":"@natureneem","twitter_misc":{"Tillg\u00e4nglig":"I lager"},"schema":{"@context":"https:\/\/schema.org","@graph":[{"@type":"WebPage","@id":"https:\/\/shop.natureneem.com\/sv\/e-shop\/coco-brick-copy\/","url":"https:\/\/shop.natureneem.com\/sv\/e-shop\/coco-brick-copy\/","name":"Coco Mulch f\u00f6r att h\u00e5lla kvar och isolera markfuktigheten","isPartOf":{"@id":"https:\/\/shop.natureneem.com\/sv\/#website"},"primaryImageOfPage":{"@id":"https:\/\/shop.natureneem.com\/sv\/e-shop\/coco-brick-copy\/#primaryimage"},"image":{"@id":"https:\/\/shop.natureneem.com\/sv\/e-shop\/coco-brick-copy\/#primaryimage"},"thumbnailUrl":"https:\/\/shop.natureneem.com\/wp-content\/uploads\/2025\/05\/NN_COCO-MULCH_WEB_00-1.jpg","datePublished":"2025-05-14T15:54:41+00:00","dateModified":"2025-09-12T10:58:10+00:00","description":"F\u00f6rvandla din tr\u00e4dg\u00e5rdsupplevelse med Coco Mulch! Den \u00e4r idealisk f\u00f6r l\u00e4genheter och terrasser och ger isolering och f\u00f6rhindrar ogr\u00e4stillv\u00e4xt. K\u00f6p nu!","breadcrumb":{"@id":"https:\/\/shop.natureneem.com\/sv\/e-shop\/coco-brick-copy\/#breadcrumb"},"inLanguage":"sv-SE","potentialAction":[{"@type":"ReadAction","target":["https:\/\/shop.natureneem.com\/sv\/e-shop\/coco-brick-copy\/"]}]},{"@type":"ImageObject","inLanguage":"sv-SE","@id":"https:\/\/shop.natureneem.com\/sv\/e-shop\/coco-brick-copy\/#primaryimage","url":"https:\/\/shop.natureneem.com\/wp-content\/uploads\/2025\/05\/NN_COCO-MULCH_WEB_00-1.jpg","contentUrl":"https:\/\/shop.natureneem.com\/wp-content\/uploads\/2025\/05\/NN_COCO-MULCH_WEB_00-1.jpg","width":1200,"height":1200,"caption":"CocoMulch av NatureNeem"},{"@type":"BreadcrumbList","@id":"https:\/\/shop.natureneem.com\/sv\/e-shop\/coco-brick-copy\/#breadcrumb","itemListElement":[{"@type":"ListItem","position":1,"name":"Home","item":"https:\/\/shop.natureneem.com\/sv\/hem\/"},{"@type":"ListItem","position":2,"name":"e-butik","item":"https:\/\/shop.natureneem.com\/sv\/e-butik\/"},{"@type":"ListItem","position":3,"name":"Coco Mulch"}]},{"@type":"WebSite","@id":"https:\/\/shop.natureneem.com\/sv\/#website","url":"https:\/\/shop.natureneem.com\/sv\/","name":"NatureNeem e-Shop","description":"Official Shop from Nature Neem","publisher":{"@id":"https:\/\/shop.natureneem.com\/sv\/#organization"},"alternateName":"Nature Neem","potentialAction":[{"@type":"SearchAction","target":{"@type":"EntryPoint","urlTemplate":"https:\/\/shop.natureneem.com\/sv\/?s={search_term_string}"},"query-input":{"@type":"PropertyValueSpecification","valueRequired":true,"valueName":"search_term_string"}}],"inLanguage":"sv-SE"},{"@type":"Organization","@id":"https:\/\/shop.natureneem.com\/sv\/#organization","name":"Nature Neem","alternateName":"Lorsun SAS","url":"https:\/\/shop.natureneem.com\/sv\/","logo":{"@type":"ImageObject","inLanguage":"sv-SE","@id":"https:\/\/shop.natureneem.com\/sv\/#\/schema\/logo\/image\/","url":"https:\/\/shop.natureneem.com\/wp-content\/uploads\/2024\/09\/nn-logo-symbole-2024-01.svg","contentUrl":"https:\/\/shop.natureneem.com\/wp-content\/uploads\/2024\/09\/nn-logo-symbole-2024-01.svg","width":1,"height":1,"caption":"Nature Neem"},"image":{"@id":"https:\/\/shop.natureneem.com\/sv\/#\/schema\/logo\/image\/"},"sameAs":["https:\/\/www.facebook.com\/natureneemindia\/","https:\/\/x.com\/natureneem","https:\/\/www.youtube.com\/user\/natureneem","https:\/\/www.linkedin.com\/company\/natureneem"],"description":"Vi \u00e4r engagerade i utveckling och kommersialisering av ekologiska l\u00f6sningar. Vi forts\u00e4tter att uppfinna dessa naturliga alternativa l\u00f6sningar som effektivt kan ers\u00e4tta de kemiskt syntetiserade produkter som skadar v\u00e5r milj\u00f6. V\u00e5rt team \u00e4r s\u00e4rskilt kompetent n\u00e4r det g\u00e4ller att f\u00f6resl\u00e5 ekologiska insatsvaror f\u00f6r jordbruket. Vi fungerar ocks\u00e5 som en sammanslutning av likasinnade m\u00e4nniskor som tror att naturen uppr\u00e4tth\u00e5ller l\u00f6sningen p\u00e5 alla milj\u00f6problem som m\u00e4nniskor st\u00e5r inf\u00f6r.   ","email":"info@natureneem.com","telephone":"+91 77084 00899","legalName":"NATURE NEEM PRODUCTS","vatID":"FR08891657884","numberOfEmployees":{"@type":"QuantitativeValue","minValue":"51","maxValue":"200"},"publishingPrinciples":"https:\/\/shop.natureneem.com\/","actionableFeedbackPolicy":"https:\/\/shop.natureneem.com\/return-and-refund-policy\/","hasMerchantReturnPolicy":{"@type":"MerchantReturnPolicy","merchantReturnLink":"https:\/\/shop.natureneem.com\/return-and-refund-policy\/"}}]},"og_availability":"instock","product_availability":"instock","product_retailer_item_id":"NN-GP-CM","product_condition":"new"},"_links":{"self":[{"href":"https:\/\/shop.natureneem.com\/sv\/wp-json\/wp\/v2\/product\/11509","targetHints":{"allow":["GET"]}}],"collection":[{"href":"https:\/\/shop.natureneem.com\/sv\/wp-json\/wp\/v2\/product"}],"about":[{"href":"https:\/\/shop.natureneem.com\/sv\/wp-json\/wp\/v2\/types\/product"}],"replies":[{"embeddable":true,"href":"https:\/\/shop.natureneem.com\/sv\/wp-json\/wp\/v2\/comments?post=11509"}],"wp:featuredmedia":[{"embeddable":true,"href":"https:\/\/shop.natureneem.com\/sv\/wp-json\/wp\/v2\/media\/11723"}],"wp:attachment":[{"href":"https:\/\/shop.natureneem.com\/sv\/wp-json\/wp\/v2\/media?parent=11509"}],"wp:term":[{"taxonomy":"product_brand","embeddable":true,"href":"https:\/\/shop.natureneem.com\/sv\/wp-json\/wp\/v2\/product_brand?post=11509"},{"taxonomy":"product_cat","embeddable":true,"href":"https:\/\/shop.natureneem.com\/sv\/wp-json\/wp\/v2\/product_cat?post=11509"},{"taxonomy":"product_tag","embeddable":true,"href":"https:\/\/shop.natureneem.com\/sv\/wp-json\/wp\/v2\/product_tag?post=11509"}],"curies":[{"name":"wp","href":"https:\/\/api.w.org\/{rel}","templated":true}]}}