{"id":5940,"date":"2019-07-06T18:49:41","date_gmt":"2019-07-06T16:49:41","guid":{"rendered":"https:\/\/shop.natureneem.com\/e-shop\/ren-neemolja\/"},"modified":"2025-09-18T15:49:38","modified_gmt":"2025-09-18T13:49:38","slug":"ren-neemolja","status":"publish","type":"product","link":"https:\/\/shop.natureneem.com\/sv\/e-shop\/ren-neemolja\/","title":{"rendered":"Ren Neemolja"},"content":{"rendered":"<p><strong>Den rena neemoljan fr\u00e5n kallpressning av fr\u00f6k\u00e4rnan av segregerade mogna neemfr\u00f6n av b\u00e4sta kvalitet.<\/strong><\/p>\n<p>Dessa neemfr\u00f6n erh\u00e5lls genom avpulpning, tv\u00e4ttning, torkning och dekorering av nuvarande s\u00e4songens neemfrukter. V\u00e5r rena neemolja inneh\u00e5ller inga stabilisatorer, emulgeringsmedel eller tillsatser och \u00e4r certifierad av Ecocert som en ekologisk r\u00e5vara. <\/p>\n<p>Neemfrukten \u00e4r en biokemisk fabrik som inneh\u00e5ller flera tusen organiska f\u00f6reningar. L\u00e4kemedlen anv\u00e4nder varje del av neem. Neemolja har botande egenskaper och har anv\u00e4nts i stor utstr\u00e4ckning i traditionella medicinska system i \u00e5rhundraden. Efter m\u00e5nga unders\u00f6kningar av ledande organisationer \u00e4r neem den s\u00e4kraste medicinska \u00f6rten som \u00e4r effektiv mot flera sjukdomar. FDA:s Office of Special Nutritionals uppr\u00e4tth\u00e5ller en omfattande databas \u00f6ver biverkningar av v\u00e4xtbaserade l\u00e4kemedel. Denna databas inneh\u00e5ller inte n\u00e5gra referenser till Neem som skulle kunna indikera potentiella problem.     <\/p>\n<h3>Varf\u00f6r \u00e4r v\u00e5r rena Neem-olja \u00f6verl\u00e4gsen andra oljor? Tveka inte att j\u00e4mf\u00f6ra, du kommer att bli f\u00f6rv\u00e5nad! <\/h3>\n<p>Azadirachtin, som \u00e4r huvudingrediensen, ligger n\u00e4mligen p\u00e5 cirka 2500 ppm (0,25 %). Typiska partier under vissa s\u00e4songer har visat rekordniv\u00e5er p\u00e5 3000 ppm Azadirachtin.<br \/>\n<strong>Azadirachtinhalten i billigare produkter som finns p\u00e5 marknaden \u00f6verstiger dock inte 300 ppm.<\/strong><\/p>\n<p>&nbsp;<\/p>\n<div class=\"uk-grid-match uk-child-width-expand@s\" uk-grid=\"\">\n<div>\n<div class=\"uk-card uk-card-primary uk-card-body\">\n<h3 class=\"uk-card-title\">F\u00f6r den ayurvediska medicinen<\/h3>\n<p><strong>Hudv\u00e5rd<\/strong> Det \u00e4r ett naturl\u00e4kemedel f\u00f6r l\u00e4kning av aktuella hud\u00e5kommor som eksem. Med tiden ocks\u00e5 f\u00f6r utslag, s\u00e4rskilt f\u00f6r akne. \u00c4nnu mer f\u00f6r dermatit, identiskt torra hudproblem, dock br\u00e4nnskador. Du kommer alltid att hitta f\u00f6rdelar med ren neemolja.   <\/p>\n<p><strong>Mot huvudl\u00f6ss<\/strong> Massera Neem-olja direkt eller blanda med 50 % balsam i h\u00e5rbotten och h\u00e5ret strax f\u00f6re badet.<\/p>\n<\/div>\n<\/div>\n<div>\n<div class=\"uk-card uk-card-default uk-card-body uk-background-muted\">\n<h3 class=\"uk-card-title\">Ett organiskt insektsmedel f\u00f6r v\u00e4xter och djur<\/h3>\n<p>F\u00f6r anv\u00e4ndning som ekologisk insekticid, s\u00e4rskilt f\u00f6r sprutning, f\u00f6resl\u00e5r vi 2 vattenl\u00f6sliga produkter <strong><a class=\"uk-button-link\" href=\"https:\/\/shop.natureneem.com\/e-shop\/totalcare-water-soluble-neem-oil\/\">TotalCare<\/a> <\/strong>formulering av neemolja optimerad snarare f\u00f6r v\u00e4xtspray och i ett annat fall <strong><a class=\"uk-button-link\" href=\"https:\/\/shop.natureneem.com\/sv\/e-shop\/biocare\/\">BioCare <\/a><\/strong>formulering av neemolja av ektoparasiter n\u00e4r de till exempel p\u00e5verkar djur.<\/p>\n<\/div>\n<\/div>\n<\/div>\n<div class=\"uk-grid-match uk-child-width-expand@s uk-text-center\" uk-grid=\"\">\n<div>\n<div class=\"uk-card uk-card-default uk-card-body\">\n<h2 class=\"uk-card-title\">Pure Neem Oil \u00e4r certifierad av Ecocerts klagom\u00e5l enligt NOP-, EU- och JAP-normer<\/h2>\n<div><img loading=\"lazy\" decoding=\"async\" class=\"alignnone wp-image-391 size-medium\" src=\"https:\/\/shop.natureneem.com\/wp-content\/uploads\/2023\/05\/nn_cert_facture-300x60.png\" alt=\"Nature Neem-produkter \u00e4r certifierade av Ecocert SA F-32600 och Europeiska kommissionens standarder, National Organic Program (NOP - USDA), Soil Association Certification.\" width=\"300\" height=\"60\"><\/div>\n<\/div>\n<\/div>\n<div>\n<div class=\"uk-card uk-card-secondary uk-card-body\">\n<h2 class=\"uk-card-title\">Hur applicerar man denna produkt?<\/h2>\n<p>Fullst\u00e4ndig beskrivning, applikationer, FAQ och information.<\/p>\n<div><a class=\"uk-button uk-button-primary\" href=\"https:\/\/natureneem.com\/en\/products\/pure-neem-oil\" target=\"_blank\" rel=\"noopener noreferrer\">KLICKA H\u00c4R<\/a><\/div>\n<\/div>\n<\/div>\n<\/div>\n<h3>Ren neemolja produceras av Nature Neem i Tamil Nadu, Indien.<br \/>\nAlla produkter fr\u00e5n Nature Neem India \u00e4r helt biologiska. <b>P\u00e5 samma s\u00e4tt kan du prova<\/b> <a href=\"https:\/\/shop.natureneem.com\/e-shop\/nutraza-pellet-of-neem-seed\/\">NutrAza<\/a> f\u00f6r att komplettera f\u00f6rdelarna med neemg\u00f6dselmedel och <a href=\"https:\/\/shop.natureneem.com\/sv\/e-shop\/biocare\/\">BioCare<\/a> specifikt f\u00f6r dina djur.<\/h3>\n","protected":false},"excerpt":{"rendered":"<div>\n<p><img decoding=\"async\" style=\"float: left;\" src=\"https:\/\/natureneem.com\/images\/logos\/nn_pure_oil.svg\" alt=\"NatureNeem Ren Neemolja\" width=\"100\">  Kallpressning av fr\u00f6k\u00e4rnan av segregerade mogna neemfr\u00f6n av god kvalitet.<\/p>\n<p><strong>Hur applicerar man denna produkt?<\/strong><\/p>\n<div><a class=\"uk-button uk-button-small uk-button-primary\" href=\"https:\/\/natureneem.com\/en\/products\/pure-neem-oil#applications\" target=\"_blank\" rel=\"noopener noreferrer\">KLICKA H\u00c4R<\/a><\/div>\n<div><\/div>\n<\/div>\n","protected":false},"featured_media":5979,"comment_status":"open","ping_status":"closed","template":"","meta":[],"product_brand":[],"product_cat":[236],"product_tag":[],"class_list":{"0":"post-5940","1":"product","2":"type-product","3":"status-publish","4":"has-post-thumbnail","6":"product_cat-neem-produkter","7":"pa_packing-1l-sv","8":"pa_packing-20l-sv","9":"pa_packing-250ml-sv","10":"pa_packing-5l-sv","11":"pa_packing-500ml-sv","13":"first","14":"instock","15":"shipping-taxable","16":"purchasable","17":"product-type-variable","18":"has-default-attributes"},"yoast_head":"<!-- This site is optimized with the Yoast SEO Premium plugin v27.1 (Yoast SEO v27.2) - https:\/\/yoast.com\/product\/yoast-seo-premium-wordpress\/ -->\n<title>Certifierad organisk ren neemolja: Inga tillsatser eller stabilisatorer \ud83d\udfe1 NatureNeem e-Shop<\/title>\n<meta name=\"description\" content=\"Upplev kraften i ren neemolja, extraherad fr\u00e5n neemfr\u00f6n av finaste kvalitet. 100% ekologisk och fri fr\u00e5n tillsatser. Skaffa din nu!\" \/>\n<meta name=\"robots\" content=\"index, follow, max-snippet:-1, max-image-preview:large, max-video-preview:-1\" \/>\n<link rel=\"canonical\" href=\"https:\/\/shop.natureneem.com\/sv\/e-shop\/ren-neemolja\/\" \/>\n<meta property=\"og:locale\" content=\"sv_SE\" \/>\n<meta property=\"og:type\" content=\"article\" \/>\n<meta property=\"og:title\" content=\"Upplev den biokemiska fabriken: Ren Neem-olja f\u00f6r naturliga l\u00f6sningar\" \/>\n<meta property=\"og:description\" content=\"Uppt\u00e4ck den renaste formen av neemolja, kallpressad fr\u00e5n noggrant utvalda neemfr\u00f6n. Upplev den organiska godheten som aldrig f\u00f6rr. Skaffa din nu!\" \/>\n<meta property=\"og:url\" content=\"https:\/\/shop.natureneem.com\/sv\/e-shop\/ren-neemolja\/\" \/>\n<meta property=\"og:site_name\" content=\"NatureNeem e-Shop\" \/>\n<meta property=\"article:publisher\" content=\"https:\/\/www.facebook.com\/natureneemindia\/\" \/>\n<meta property=\"article:modified_time\" content=\"2025-09-18T13:49:38+00:00\" \/>\n<meta property=\"og:image\" content=\"https:\/\/shop.natureneem.com\/wp-content\/uploads\/2019\/07\/nn_pureneemoil_01-1.jpg\" \/>\n\t<meta property=\"og:image:width\" content=\"1000\" \/>\n\t<meta property=\"og:image:height\" content=\"1000\" \/>\n\t<meta property=\"og:image:type\" content=\"image\/jpeg\" \/>\n<meta name=\"twitter:card\" content=\"summary_large_image\" \/>\n<meta name=\"twitter:title\" content=\"Ren Neemolja: Kallpressad f\u00f6r \u00f6verl\u00e4gsen kvalitet och renhet\" \/>\n<meta name=\"twitter:description\" content=\"Upplev kraften i ren neemolja, kallpressad fr\u00e5n de finaste neemfr\u00f6na. Certifierad ekologisk, utan tillsatser eller emulgeringsmedel. Skaffa din idag och njut av dess m\u00e5nga f\u00f6rdelar!\" \/>\n<meta name=\"twitter:site\" content=\"@natureneem\" \/>\n<meta name=\"twitter:label1\" content=\"Tillg\u00e4nglig\" \/>\n\t<meta name=\"twitter:data1\" content=\"I lager\" \/>\n<script type=\"application\/ld+json\" class=\"yoast-schema-graph\">{\"@context\":\"https:\/\/schema.org\",\"@graph\":[{\"@type\":\"WebPage\",\"@id\":\"https:\/\/shop.natureneem.com\/sv\/e-shop\/ren-neemolja\/\",\"url\":\"https:\/\/shop.natureneem.com\/sv\/e-shop\/ren-neemolja\/\",\"name\":\"Certifierad organisk ren neemolja: Inga tillsatser eller stabilisatorer \ud83d\udfe1 NatureNeem e-Shop\",\"isPartOf\":{\"@id\":\"https:\/\/shop.natureneem.com\/sv\/#website\"},\"primaryImageOfPage\":{\"@id\":\"https:\/\/shop.natureneem.com\/sv\/e-shop\/ren-neemolja\/#primaryimage\"},\"image\":{\"@id\":\"https:\/\/shop.natureneem.com\/sv\/e-shop\/ren-neemolja\/#primaryimage\"},\"thumbnailUrl\":\"https:\/\/shop.natureneem.com\/wp-content\/uploads\/2019\/07\/nn_pureneemoil_01-1.jpg\",\"datePublished\":\"2019-07-06T16:49:41+00:00\",\"dateModified\":\"2025-09-18T13:49:38+00:00\",\"description\":\"Upplev kraften i ren neemolja, extraherad fr\u00e5n neemfr\u00f6n av finaste kvalitet. 100% ekologisk och fri fr\u00e5n tillsatser. Skaffa din nu!\",\"breadcrumb\":{\"@id\":\"https:\/\/shop.natureneem.com\/sv\/e-shop\/ren-neemolja\/#breadcrumb\"},\"inLanguage\":\"sv-SE\",\"potentialAction\":[{\"@type\":\"ReadAction\",\"target\":[\"https:\/\/shop.natureneem.com\/sv\/e-shop\/ren-neemolja\/\"]}]},{\"@type\":\"ImageObject\",\"inLanguage\":\"sv-SE\",\"@id\":\"https:\/\/shop.natureneem.com\/sv\/e-shop\/ren-neemolja\/#primaryimage\",\"url\":\"https:\/\/shop.natureneem.com\/wp-content\/uploads\/2019\/07\/nn_pureneemoil_01-1.jpg\",\"contentUrl\":\"https:\/\/shop.natureneem.com\/wp-content\/uploads\/2019\/07\/nn_pureneemoil_01-1.jpg\",\"width\":1000,\"height\":1000,\"caption\":\"Ren Neemolja fr\u00e5n Nature Neem\"},{\"@type\":\"BreadcrumbList\",\"@id\":\"https:\/\/shop.natureneem.com\/sv\/e-shop\/ren-neemolja\/#breadcrumb\",\"itemListElement\":[{\"@type\":\"ListItem\",\"position\":1,\"name\":\"Home\",\"item\":\"https:\/\/shop.natureneem.com\/sv\/hem\/\"},{\"@type\":\"ListItem\",\"position\":2,\"name\":\"e-butik\",\"item\":\"https:\/\/shop.natureneem.com\/sv\/e-butik\/\"},{\"@type\":\"ListItem\",\"position\":3,\"name\":\"Ren Neemolja\"}]},{\"@type\":\"WebSite\",\"@id\":\"https:\/\/shop.natureneem.com\/sv\/#website\",\"url\":\"https:\/\/shop.natureneem.com\/sv\/\",\"name\":\"NatureNeem e-Shop\",\"description\":\"Official Shop from Nature Neem\",\"publisher\":{\"@id\":\"https:\/\/shop.natureneem.com\/sv\/#organization\"},\"alternateName\":\"Nature Neem\",\"potentialAction\":[{\"@type\":\"SearchAction\",\"target\":{\"@type\":\"EntryPoint\",\"urlTemplate\":\"https:\/\/shop.natureneem.com\/sv\/?s={search_term_string}\"},\"query-input\":{\"@type\":\"PropertyValueSpecification\",\"valueRequired\":true,\"valueName\":\"search_term_string\"}}],\"inLanguage\":\"sv-SE\"},{\"@type\":\"Organization\",\"@id\":\"https:\/\/shop.natureneem.com\/sv\/#organization\",\"name\":\"Nature Neem\",\"alternateName\":\"Lorsun SAS\",\"url\":\"https:\/\/shop.natureneem.com\/sv\/\",\"logo\":{\"@type\":\"ImageObject\",\"inLanguage\":\"sv-SE\",\"@id\":\"https:\/\/shop.natureneem.com\/sv\/#\/schema\/logo\/image\/\",\"url\":\"https:\/\/shop.natureneem.com\/wp-content\/uploads\/2024\/09\/nn-logo-symbole-2024-01.svg\",\"contentUrl\":\"https:\/\/shop.natureneem.com\/wp-content\/uploads\/2024\/09\/nn-logo-symbole-2024-01.svg\",\"width\":1,\"height\":1,\"caption\":\"Nature Neem\"},\"image\":{\"@id\":\"https:\/\/shop.natureneem.com\/sv\/#\/schema\/logo\/image\/\"},\"sameAs\":[\"https:\/\/www.facebook.com\/natureneemindia\/\",\"https:\/\/x.com\/natureneem\",\"https:\/\/www.youtube.com\/user\/natureneem\",\"https:\/\/www.linkedin.com\/company\/natureneem\"],\"description\":\"Vi \u00e4r engagerade i utveckling och kommersialisering av ekologiska l\u00f6sningar. Vi forts\u00e4tter att uppfinna dessa naturliga alternativa l\u00f6sningar som effektivt kan ers\u00e4tta de kemiskt syntetiserade produkter som skadar v\u00e5r milj\u00f6. V\u00e5rt team \u00e4r s\u00e4rskilt kompetent n\u00e4r det g\u00e4ller att f\u00f6resl\u00e5 ekologiska insatsvaror f\u00f6r jordbruket. Vi fungerar ocks\u00e5 som en sammanslutning av likasinnade m\u00e4nniskor som tror att naturen uppr\u00e4tth\u00e5ller l\u00f6sningen p\u00e5 alla milj\u00f6problem som m\u00e4nniskor st\u00e5r inf\u00f6r.   \",\"email\":\"info@natureneem.com\",\"telephone\":\"+91 77084 00899\",\"legalName\":\"NATURE NEEM PRODUCTS\",\"vatID\":\"FR08891657884\",\"numberOfEmployees\":{\"@type\":\"QuantitativeValue\",\"minValue\":\"51\",\"maxValue\":\"200\"},\"publishingPrinciples\":\"https:\/\/shop.natureneem.com\/\",\"actionableFeedbackPolicy\":\"https:\/\/shop.natureneem.com\/return-and-refund-policy\/\",\"hasMerchantReturnPolicy\":{\"@type\":\"MerchantReturnPolicy\",\"merchantReturnLink\":\"https:\/\/shop.natureneem.com\/return-and-refund-policy\/\"}}]}<\/script>\n<meta property=\"og:availability\" content=\"instock\" \/>\n<meta property=\"product:availability\" content=\"instock\" \/>\n<meta property=\"product:retailer_item_id\" content=\"Pure_Neem_Oil\" \/>\n<meta property=\"product:condition\" content=\"new\" \/>\n<!-- \/ Yoast SEO Premium plugin. -->","yoast_head_json":{"title":"Certifierad organisk ren neemolja: Inga tillsatser eller stabilisatorer \ud83d\udfe1 NatureNeem e-Shop","description":"Upplev kraften i ren neemolja, extraherad fr\u00e5n neemfr\u00f6n av finaste kvalitet. 100% ekologisk och fri fr\u00e5n tillsatser. Skaffa din nu!","robots":{"index":"index","follow":"follow","max-snippet":"max-snippet:-1","max-image-preview":"max-image-preview:large","max-video-preview":"max-video-preview:-1"},"canonical":"https:\/\/shop.natureneem.com\/sv\/e-shop\/ren-neemolja\/","og_locale":"sv_SE","og_type":"article","og_title":"Upplev den biokemiska fabriken: Ren Neem-olja f\u00f6r naturliga l\u00f6sningar","og_description":"Uppt\u00e4ck den renaste formen av neemolja, kallpressad fr\u00e5n noggrant utvalda neemfr\u00f6n. Upplev den organiska godheten som aldrig f\u00f6rr. Skaffa din nu!","og_url":"https:\/\/shop.natureneem.com\/sv\/e-shop\/ren-neemolja\/","og_site_name":"NatureNeem e-Shop","article_publisher":"https:\/\/www.facebook.com\/natureneemindia\/","article_modified_time":"2025-09-18T13:49:38+00:00","og_image":[{"width":1000,"height":1000,"url":"https:\/\/shop.natureneem.com\/wp-content\/uploads\/2019\/07\/nn_pureneemoil_01-1.jpg","type":"image\/jpeg"}],"twitter_card":"summary_large_image","twitter_title":"Ren Neemolja: Kallpressad f\u00f6r \u00f6verl\u00e4gsen kvalitet och renhet","twitter_description":"Upplev kraften i ren neemolja, kallpressad fr\u00e5n de finaste neemfr\u00f6na. Certifierad ekologisk, utan tillsatser eller emulgeringsmedel. Skaffa din idag och njut av dess m\u00e5nga f\u00f6rdelar!","twitter_site":"@natureneem","twitter_misc":{"Tillg\u00e4nglig":"I lager"},"schema":{"@context":"https:\/\/schema.org","@graph":[{"@type":"WebPage","@id":"https:\/\/shop.natureneem.com\/sv\/e-shop\/ren-neemolja\/","url":"https:\/\/shop.natureneem.com\/sv\/e-shop\/ren-neemolja\/","name":"Certifierad organisk ren neemolja: Inga tillsatser eller stabilisatorer \ud83d\udfe1 NatureNeem e-Shop","isPartOf":{"@id":"https:\/\/shop.natureneem.com\/sv\/#website"},"primaryImageOfPage":{"@id":"https:\/\/shop.natureneem.com\/sv\/e-shop\/ren-neemolja\/#primaryimage"},"image":{"@id":"https:\/\/shop.natureneem.com\/sv\/e-shop\/ren-neemolja\/#primaryimage"},"thumbnailUrl":"https:\/\/shop.natureneem.com\/wp-content\/uploads\/2019\/07\/nn_pureneemoil_01-1.jpg","datePublished":"2019-07-06T16:49:41+00:00","dateModified":"2025-09-18T13:49:38+00:00","description":"Upplev kraften i ren neemolja, extraherad fr\u00e5n neemfr\u00f6n av finaste kvalitet. 100% ekologisk och fri fr\u00e5n tillsatser. Skaffa din nu!","breadcrumb":{"@id":"https:\/\/shop.natureneem.com\/sv\/e-shop\/ren-neemolja\/#breadcrumb"},"inLanguage":"sv-SE","potentialAction":[{"@type":"ReadAction","target":["https:\/\/shop.natureneem.com\/sv\/e-shop\/ren-neemolja\/"]}]},{"@type":"ImageObject","inLanguage":"sv-SE","@id":"https:\/\/shop.natureneem.com\/sv\/e-shop\/ren-neemolja\/#primaryimage","url":"https:\/\/shop.natureneem.com\/wp-content\/uploads\/2019\/07\/nn_pureneemoil_01-1.jpg","contentUrl":"https:\/\/shop.natureneem.com\/wp-content\/uploads\/2019\/07\/nn_pureneemoil_01-1.jpg","width":1000,"height":1000,"caption":"Ren Neemolja fr\u00e5n Nature Neem"},{"@type":"BreadcrumbList","@id":"https:\/\/shop.natureneem.com\/sv\/e-shop\/ren-neemolja\/#breadcrumb","itemListElement":[{"@type":"ListItem","position":1,"name":"Home","item":"https:\/\/shop.natureneem.com\/sv\/hem\/"},{"@type":"ListItem","position":2,"name":"e-butik","item":"https:\/\/shop.natureneem.com\/sv\/e-butik\/"},{"@type":"ListItem","position":3,"name":"Ren Neemolja"}]},{"@type":"WebSite","@id":"https:\/\/shop.natureneem.com\/sv\/#website","url":"https:\/\/shop.natureneem.com\/sv\/","name":"NatureNeem e-Shop","description":"Official Shop from Nature Neem","publisher":{"@id":"https:\/\/shop.natureneem.com\/sv\/#organization"},"alternateName":"Nature Neem","potentialAction":[{"@type":"SearchAction","target":{"@type":"EntryPoint","urlTemplate":"https:\/\/shop.natureneem.com\/sv\/?s={search_term_string}"},"query-input":{"@type":"PropertyValueSpecification","valueRequired":true,"valueName":"search_term_string"}}],"inLanguage":"sv-SE"},{"@type":"Organization","@id":"https:\/\/shop.natureneem.com\/sv\/#organization","name":"Nature Neem","alternateName":"Lorsun SAS","url":"https:\/\/shop.natureneem.com\/sv\/","logo":{"@type":"ImageObject","inLanguage":"sv-SE","@id":"https:\/\/shop.natureneem.com\/sv\/#\/schema\/logo\/image\/","url":"https:\/\/shop.natureneem.com\/wp-content\/uploads\/2024\/09\/nn-logo-symbole-2024-01.svg","contentUrl":"https:\/\/shop.natureneem.com\/wp-content\/uploads\/2024\/09\/nn-logo-symbole-2024-01.svg","width":1,"height":1,"caption":"Nature Neem"},"image":{"@id":"https:\/\/shop.natureneem.com\/sv\/#\/schema\/logo\/image\/"},"sameAs":["https:\/\/www.facebook.com\/natureneemindia\/","https:\/\/x.com\/natureneem","https:\/\/www.youtube.com\/user\/natureneem","https:\/\/www.linkedin.com\/company\/natureneem"],"description":"Vi \u00e4r engagerade i utveckling och kommersialisering av ekologiska l\u00f6sningar. Vi forts\u00e4tter att uppfinna dessa naturliga alternativa l\u00f6sningar som effektivt kan ers\u00e4tta de kemiskt syntetiserade produkter som skadar v\u00e5r milj\u00f6. V\u00e5rt team \u00e4r s\u00e4rskilt kompetent n\u00e4r det g\u00e4ller att f\u00f6resl\u00e5 ekologiska insatsvaror f\u00f6r jordbruket. Vi fungerar ocks\u00e5 som en sammanslutning av likasinnade m\u00e4nniskor som tror att naturen uppr\u00e4tth\u00e5ller l\u00f6sningen p\u00e5 alla milj\u00f6problem som m\u00e4nniskor st\u00e5r inf\u00f6r.   ","email":"info@natureneem.com","telephone":"+91 77084 00899","legalName":"NATURE NEEM PRODUCTS","vatID":"FR08891657884","numberOfEmployees":{"@type":"QuantitativeValue","minValue":"51","maxValue":"200"},"publishingPrinciples":"https:\/\/shop.natureneem.com\/","actionableFeedbackPolicy":"https:\/\/shop.natureneem.com\/return-and-refund-policy\/","hasMerchantReturnPolicy":{"@type":"MerchantReturnPolicy","merchantReturnLink":"https:\/\/shop.natureneem.com\/return-and-refund-policy\/"}}]},"og_availability":"instock","product_availability":"instock","product_retailer_item_id":"Pure_Neem_Oil","product_condition":"new"},"_links":{"self":[{"href":"https:\/\/shop.natureneem.com\/sv\/wp-json\/wp\/v2\/product\/5940","targetHints":{"allow":["GET"]}}],"collection":[{"href":"https:\/\/shop.natureneem.com\/sv\/wp-json\/wp\/v2\/product"}],"about":[{"href":"https:\/\/shop.natureneem.com\/sv\/wp-json\/wp\/v2\/types\/product"}],"replies":[{"embeddable":true,"href":"https:\/\/shop.natureneem.com\/sv\/wp-json\/wp\/v2\/comments?post=5940"}],"wp:featuredmedia":[{"embeddable":true,"href":"https:\/\/shop.natureneem.com\/sv\/wp-json\/wp\/v2\/media\/5979"}],"wp:attachment":[{"href":"https:\/\/shop.natureneem.com\/sv\/wp-json\/wp\/v2\/media?parent=5940"}],"wp:term":[{"taxonomy":"product_brand","embeddable":true,"href":"https:\/\/shop.natureneem.com\/sv\/wp-json\/wp\/v2\/product_brand?post=5940"},{"taxonomy":"product_cat","embeddable":true,"href":"https:\/\/shop.natureneem.com\/sv\/wp-json\/wp\/v2\/product_cat?post=5940"},{"taxonomy":"product_tag","embeddable":true,"href":"https:\/\/shop.natureneem.com\/sv\/wp-json\/wp\/v2\/product_tag?post=5940"}],"curies":[{"name":"wp","href":"https:\/\/api.w.org\/{rel}","templated":true}]}}