{"id":5986,"date":"2019-07-06T19:06:49","date_gmt":"2019-07-06T17:06:49","guid":{"rendered":"https:\/\/shop.natureneem.com\/e-shop\/biocare\/"},"modified":"2025-09-12T12:57:38","modified_gmt":"2025-09-12T10:57:38","slug":"biocare","status":"publish","type":"product","link":"https:\/\/shop.natureneem.com\/sv\/e-shop\/biocare\/","title":{"rendered":"BioCare"},"content":{"rendered":"<h2>Neemolja f\u00f6r djur: BioCare<\/h2>\n<p><strong>BioCare, neemolja f\u00f6r djur, \u00e4r en originalformulering fr\u00e5n Nature Neem R&amp;D.<\/strong> Dess ingredienser \u00e4r optimerade f\u00f6r djur och f\u00e5glar. Den \u00e4r effektiv f\u00f6r att kontrollera externa parasiter och olika svampsjukdomar som drabbar djur och f\u00e5glar.  <\/p>\n<p>BioCare \u00e4r valet f\u00f6r djurh\u00e5llare som vill s\u00f6ka efter ett naturligt alternativ till kemiska bek\u00e4mpningsmedel. BioCare tillh\u00f6r kategorin bek\u00e4mpningsmedel med medelstort till brett spektrum. Det verkar genom att ingripa i flera stadier av parasiternas livscykel.  <\/p>\n<div class=\"uk-grid-match uk-child-width-expand@s\" uk-grid=\"\">\n<div>\n<div class=\"uk-card uk-card-primary uk-card-body\">\n<h3 class=\"uk-card-title\">BioCare som svamp- och bakteried\u00f6dande medel<\/h3>\n<p>Du kan hitta alla doser f\u00f6r h\u00e4star, grisar, kaniner och naturligtvis f\u00f6r dina hundar, katter och f\u00e5glar. Det finns trots allt m\u00e5nga fallstudier som visar att olja f\u00f6r djur har botat och f\u00f6ryngrat huden p\u00e5 hundar.<br \/>\nNeemoljan f\u00f6r djur skapar inga milj\u00f6problem och h\u00e5ller agroekosystemet f\u00f6roreningsfritt. <\/p>\n<\/div>\n<\/div>\n<div>\n<div class=\"uk-card uk-card-default uk-card-body uk-background-muted\">\n<p>M\u00e5nga metoder f\u00f6r att utrota skadedjuren :<\/p>\n<ul>\n<li style=\"text-align: justify;\"><strong>Steriliserar insekternas fortplantningssystem<\/strong> och st\u00f6r fortplantningen.<\/li>\n<li><strong>Minskar insekternas<\/strong> f\u00f6rm\u00e5ga att <strong>l\u00e4gga \u00e4gg.<\/strong> <\/li>\n<li><strong>St\u00f6r \u00e4ggens<\/strong> kl\u00e4ckningsbarhet.<\/li>\n<li><strong>P\u00e5verkar<\/strong> negativt <strong>utvecklingen av larver<\/strong>, puppor och nymfer.<\/li>\n<\/ul>\n<\/div>\n<\/div>\n<\/div>\n<div class=\"uk-grid-match uk-child-width-expand@s uk-text-center\" uk-grid=\"\">\n<div>\n<div class=\"uk-card uk-card-default uk-card-body\">\n<h3>Varf\u00f6r \u00e4r BioCare \u00f6verl\u00e4gsen andra oljor? Tveka inte att j\u00e4mf\u00f6ra, du kommer att bli f\u00f6rv\u00e5nad! <\/h3>\n<p>Azadirachtin, som \u00e4r huvudingrediensen, ligger n\u00e4mligen p\u00e5 cirka 2500 ppm (0,25 %). Typiska partier under vissa s\u00e4songer har visat rekordniv\u00e5er p\u00e5 3000 ppm Azadirachtin.<br \/>\n<strong>Azadirachtinhalten i billigare produkter som finns p\u00e5 marknaden \u00f6verstiger dock inte 300 ppm.<\/strong><\/p>\n<h2 class=\"uk-card-title\">BioCare \u00e4r certifierat av Ecocerts klagom\u00e5l till NOP &amp; EU-normer<\/h2>\n<div><img loading=\"lazy\" decoding=\"async\" class=\"alignnone wp-image-391 size-medium\" title=\"BioCare-certifieringar\" src=\"https:\/\/shop.natureneem.com\/wp-content\/uploads\/2023\/05\/nn_cert_facture-300x60.png\" alt=\"Nature Neem-produkter \u00e4r certifierade av Ecocert SA F-32600 och Europeiska kommissionens standarder, National Organic Programe (NOP - USDA), Soil Association Certification.\" width=\"300\" height=\"60\"><\/div>\n<\/div>\n<\/div>\n<div>\n<div class=\"uk-card uk-card-secondary uk-card-body\">\n<h2 class=\"uk-card-title\">Hur applicerar man denna produkt?<\/h2>\n<p>Fullst\u00e4ndig beskrivning, applikationer, FAQ och information.<\/p>\n<div><a class=\"uk-button uk-button-primary\" href=\"https:\/\/natureneem.com\/en\/products\/biocare\" target=\"_blank\" rel=\"noopener noreferrer\">KLICKA H\u00c4R<\/a><\/div>\n<\/div>\n<\/div>\n<\/div>\n<h3>Den vattenl\u00f6sliga neemoljan f\u00f6r djur i ett ord \u00e4r BioCare. Man m\u00e5ste komma ih\u00e5g att det \u00e4r s\u00e5 enkelt att anv\u00e4nda, i f\u00f6rsta hand f\u00f6r alla dina husdjur, d\u00e4ggdjur, h\u00e4star, &#8230;<br \/>\nAlla produkter fr\u00e5n Nature Neem India \u00e4r full bio. Prova <a href=\"https:\/\/shop.natureneem.com\/sv\/e-shop\/nutraza\/\">NutrAza<\/a> f\u00f6r att slutf\u00f6ra f\u00f6rdelarna med neem-g\u00f6dselmedel och <a href=\"https:\/\/shop.natureneem.com\/sv\/e-shop\/totalcare\/\">TotalCare<\/a> f\u00f6r dina v\u00e4xter.  <\/h3>\n","protected":false},"excerpt":{"rendered":"<h3 class=\"ai-optimize-19\">Vattenl\u00f6slig neemolja f\u00f6r hudv\u00e5rd av djur<\/h3>\n<p class=\"ai-optimize-20\">Naturlig bio-certifierad kvalitetsprodukt sedan 1990 av Nature Neem India. Effektivt biologiskt bek\u00e4mpningsmedel, fungicid och baktericid. Icke-toxisk f\u00f6r m\u00e4nniskor, djur, f\u00e5glar &#8230;  <\/p>\n","protected":false},"featured_media":11988,"comment_status":"open","ping_status":"closed","template":"","meta":[],"product_brand":[],"product_cat":[236],"product_tag":[],"class_list":{"0":"post-5986","1":"product","2":"type-product","3":"status-publish","4":"has-post-thumbnail","6":"product_cat-neem-produkter","7":"pa_packing-1l-sv","8":"pa_packing-20l-sv","9":"pa_packing-250ml-sv","10":"pa_packing-5l-sv","11":"pa_packing-500ml-sv","13":"first","14":"instock","15":"shipping-taxable","16":"purchasable","17":"product-type-variable","18":"has-default-attributes"},"yoast_head":"<!-- This site is optimized with the Yoast SEO Premium plugin v27.1 (Yoast SEO v27.2) - https:\/\/yoast.com\/product\/yoast-seo-premium-wordpress\/ -->\n<title>BioCare Neemolja f\u00f6r djur: Naturligt alternativ till bek\u00e4mpningsmedel.<\/title>\n<meta name=\"description\" content=\"S\u00e4g adj\u00f6 till kemiska bek\u00e4mpningsmedel! BioCares neemolja f\u00f6r s\u00e4llskapsdjur \u00e4r naturligt effektiv mot parasiter och svampsjukdomar. \ud83d\udc36 \ud83d\udc34 \ud83d\udc2e. Ingen stress f\u00f6r dina husdjur.\" \/>\n<meta name=\"robots\" content=\"index, follow, max-snippet:-1, max-image-preview:large, max-video-preview:-1\" \/>\n<link rel=\"canonical\" href=\"https:\/\/shop.natureneem.com\/sv\/e-shop\/biocare\/\" \/>\n<meta property=\"og:locale\" content=\"sv_SE\" \/>\n<meta property=\"og:type\" content=\"article\" \/>\n<meta property=\"og:title\" content=\"BioCare: Neemolja f\u00f6r djur - s\u00e4ker och naturlig l\u00f6sning\" \/>\n<meta property=\"og:description\" content=\"Letar du efter ett naturligt alternativ till kemiska bek\u00e4mpningsmedel? BioCare, neemoljan f\u00f6r djur, \u00e4r det perfekta valet f\u00f6r ansvarsfulla djurh\u00e5llare. \ud83c\udf3f\" \/>\n<meta property=\"og:url\" content=\"https:\/\/shop.natureneem.com\/sv\/e-shop\/biocare\/\" \/>\n<meta property=\"og:site_name\" content=\"NatureNeem e-Shop\" \/>\n<meta property=\"article:publisher\" content=\"https:\/\/www.facebook.com\/natureneemindia\/\" \/>\n<meta property=\"article:modified_time\" content=\"2025-09-12T10:57:38+00:00\" \/>\n<meta property=\"og:image\" content=\"https:\/\/shop.natureneem.com\/wp-content\/uploads\/2019\/07\/NN-BIOCARE-2025_GROUP_01.jpg\" \/>\n\t<meta property=\"og:image:width\" content=\"800\" \/>\n\t<meta property=\"og:image:height\" content=\"800\" \/>\n\t<meta property=\"og:image:type\" content=\"image\/jpeg\" \/>\n<meta name=\"twitter:card\" content=\"summary_large_image\" \/>\n<meta name=\"twitter:title\" content=\"Neemolja f\u00f6r djur: Naturlig l\u00f6sning f\u00f6r att kontrollera parasiter\" \/>\n<meta name=\"twitter:description\" content=\"S\u00e4g adj\u00f6 till kemiska bek\u00e4mpningsmedel! BioCare neemolja f\u00f6r djur \u00e4r en s\u00e4ker och effektiv l\u00f6sning f\u00f6r att kontrollera parasiter och svampsjukdomar. Skaffa din idag! \ud83d\udc3e\" \/>\n<meta name=\"twitter:site\" content=\"@natureneem\" \/>\n<meta name=\"twitter:label1\" content=\"Tillg\u00e4nglig\" \/>\n\t<meta name=\"twitter:data1\" content=\"I lager\" \/>\n<script type=\"application\/ld+json\" class=\"yoast-schema-graph\">{\"@context\":\"https:\/\/schema.org\",\"@graph\":[{\"@type\":\"WebPage\",\"@id\":\"https:\/\/shop.natureneem.com\/sv\/e-shop\/biocare\/\",\"url\":\"https:\/\/shop.natureneem.com\/sv\/e-shop\/biocare\/\",\"name\":\"BioCare Neemolja f\u00f6r djur: Naturligt alternativ till bek\u00e4mpningsmedel.\",\"isPartOf\":{\"@id\":\"https:\/\/shop.natureneem.com\/sv\/#website\"},\"primaryImageOfPage\":{\"@id\":\"https:\/\/shop.natureneem.com\/sv\/e-shop\/biocare\/#primaryimage\"},\"image\":{\"@id\":\"https:\/\/shop.natureneem.com\/sv\/e-shop\/biocare\/#primaryimage\"},\"thumbnailUrl\":\"https:\/\/shop.natureneem.com\/wp-content\/uploads\/2019\/07\/NN-BIOCARE-2025_GROUP_01.jpg\",\"datePublished\":\"2019-07-06T17:06:49+00:00\",\"dateModified\":\"2025-09-12T10:57:38+00:00\",\"description\":\"S\u00e4g adj\u00f6 till kemiska bek\u00e4mpningsmedel! BioCares neemolja f\u00f6r s\u00e4llskapsdjur \u00e4r naturligt effektiv mot parasiter och svampsjukdomar. \ud83d\udc36 \ud83d\udc34 \ud83d\udc2e. Ingen stress f\u00f6r dina husdjur.\",\"breadcrumb\":{\"@id\":\"https:\/\/shop.natureneem.com\/sv\/e-shop\/biocare\/#breadcrumb\"},\"inLanguage\":\"sv-SE\",\"potentialAction\":[{\"@type\":\"ReadAction\",\"target\":[\"https:\/\/shop.natureneem.com\/sv\/e-shop\/biocare\/\"]}]},{\"@type\":\"ImageObject\",\"inLanguage\":\"sv-SE\",\"@id\":\"https:\/\/shop.natureneem.com\/sv\/e-shop\/biocare\/#primaryimage\",\"url\":\"https:\/\/shop.natureneem.com\/wp-content\/uploads\/2019\/07\/NN-BIOCARE-2025_GROUP_01.jpg\",\"contentUrl\":\"https:\/\/shop.natureneem.com\/wp-content\/uploads\/2019\/07\/NN-BIOCARE-2025_GROUP_01.jpg\",\"width\":800,\"height\":800,\"caption\":\"BioCare by Nature Neem\"},{\"@type\":\"BreadcrumbList\",\"@id\":\"https:\/\/shop.natureneem.com\/sv\/e-shop\/biocare\/#breadcrumb\",\"itemListElement\":[{\"@type\":\"ListItem\",\"position\":1,\"name\":\"Home\",\"item\":\"https:\/\/shop.natureneem.com\/sv\/hem\/\"},{\"@type\":\"ListItem\",\"position\":2,\"name\":\"e-butik\",\"item\":\"https:\/\/shop.natureneem.com\/sv\/e-butik\/\"},{\"@type\":\"ListItem\",\"position\":3,\"name\":\"BioCare\"}]},{\"@type\":\"WebSite\",\"@id\":\"https:\/\/shop.natureneem.com\/sv\/#website\",\"url\":\"https:\/\/shop.natureneem.com\/sv\/\",\"name\":\"NatureNeem e-Shop\",\"description\":\"Official Shop from Nature Neem\",\"publisher\":{\"@id\":\"https:\/\/shop.natureneem.com\/sv\/#organization\"},\"alternateName\":\"Nature Neem\",\"potentialAction\":[{\"@type\":\"SearchAction\",\"target\":{\"@type\":\"EntryPoint\",\"urlTemplate\":\"https:\/\/shop.natureneem.com\/sv\/?s={search_term_string}\"},\"query-input\":{\"@type\":\"PropertyValueSpecification\",\"valueRequired\":true,\"valueName\":\"search_term_string\"}}],\"inLanguage\":\"sv-SE\"},{\"@type\":\"Organization\",\"@id\":\"https:\/\/shop.natureneem.com\/sv\/#organization\",\"name\":\"Nature Neem\",\"alternateName\":\"Lorsun SAS\",\"url\":\"https:\/\/shop.natureneem.com\/sv\/\",\"logo\":{\"@type\":\"ImageObject\",\"inLanguage\":\"sv-SE\",\"@id\":\"https:\/\/shop.natureneem.com\/sv\/#\/schema\/logo\/image\/\",\"url\":\"https:\/\/shop.natureneem.com\/wp-content\/uploads\/2024\/09\/nn-logo-symbole-2024-01.svg\",\"contentUrl\":\"https:\/\/shop.natureneem.com\/wp-content\/uploads\/2024\/09\/nn-logo-symbole-2024-01.svg\",\"width\":1,\"height\":1,\"caption\":\"Nature Neem\"},\"image\":{\"@id\":\"https:\/\/shop.natureneem.com\/sv\/#\/schema\/logo\/image\/\"},\"sameAs\":[\"https:\/\/www.facebook.com\/natureneemindia\/\",\"https:\/\/x.com\/natureneem\",\"https:\/\/www.youtube.com\/user\/natureneem\",\"https:\/\/www.linkedin.com\/company\/natureneem\"],\"description\":\"Vi \u00e4r engagerade i utveckling och kommersialisering av ekologiska l\u00f6sningar. Vi forts\u00e4tter att uppfinna dessa naturliga alternativa l\u00f6sningar som effektivt kan ers\u00e4tta de kemiskt syntetiserade produkter som skadar v\u00e5r milj\u00f6. V\u00e5rt team \u00e4r s\u00e4rskilt kompetent n\u00e4r det g\u00e4ller att f\u00f6resl\u00e5 ekologiska insatsvaror f\u00f6r jordbruket. Vi fungerar ocks\u00e5 som en sammanslutning av likasinnade m\u00e4nniskor som tror att naturen uppr\u00e4tth\u00e5ller l\u00f6sningen p\u00e5 alla milj\u00f6problem som m\u00e4nniskor st\u00e5r inf\u00f6r.   \",\"email\":\"info@natureneem.com\",\"telephone\":\"+91 77084 00899\",\"legalName\":\"NATURE NEEM PRODUCTS\",\"vatID\":\"FR08891657884\",\"numberOfEmployees\":{\"@type\":\"QuantitativeValue\",\"minValue\":\"51\",\"maxValue\":\"200\"},\"publishingPrinciples\":\"https:\/\/shop.natureneem.com\/\",\"actionableFeedbackPolicy\":\"https:\/\/shop.natureneem.com\/return-and-refund-policy\/\",\"hasMerchantReturnPolicy\":{\"@type\":\"MerchantReturnPolicy\",\"merchantReturnLink\":\"https:\/\/shop.natureneem.com\/return-and-refund-policy\/\"}}]}<\/script>\n<meta property=\"og:availability\" content=\"instock\" \/>\n<meta property=\"product:availability\" content=\"instock\" \/>\n<meta property=\"product:retailer_item_id\" content=\"BioCare\" \/>\n<meta property=\"product:condition\" content=\"new\" \/>\n<!-- \/ Yoast SEO Premium plugin. -->","yoast_head_json":{"title":"BioCare Neemolja f\u00f6r djur: Naturligt alternativ till bek\u00e4mpningsmedel.","description":"S\u00e4g adj\u00f6 till kemiska bek\u00e4mpningsmedel! BioCares neemolja f\u00f6r s\u00e4llskapsdjur \u00e4r naturligt effektiv mot parasiter och svampsjukdomar. \ud83d\udc36 \ud83d\udc34 \ud83d\udc2e. Ingen stress f\u00f6r dina husdjur.","robots":{"index":"index","follow":"follow","max-snippet":"max-snippet:-1","max-image-preview":"max-image-preview:large","max-video-preview":"max-video-preview:-1"},"canonical":"https:\/\/shop.natureneem.com\/sv\/e-shop\/biocare\/","og_locale":"sv_SE","og_type":"article","og_title":"BioCare: Neemolja f\u00f6r djur - s\u00e4ker och naturlig l\u00f6sning","og_description":"Letar du efter ett naturligt alternativ till kemiska bek\u00e4mpningsmedel? BioCare, neemoljan f\u00f6r djur, \u00e4r det perfekta valet f\u00f6r ansvarsfulla djurh\u00e5llare. \ud83c\udf3f","og_url":"https:\/\/shop.natureneem.com\/sv\/e-shop\/biocare\/","og_site_name":"NatureNeem e-Shop","article_publisher":"https:\/\/www.facebook.com\/natureneemindia\/","article_modified_time":"2025-09-12T10:57:38+00:00","og_image":[{"width":800,"height":800,"url":"https:\/\/shop.natureneem.com\/wp-content\/uploads\/2019\/07\/NN-BIOCARE-2025_GROUP_01.jpg","type":"image\/jpeg"}],"twitter_card":"summary_large_image","twitter_title":"Neemolja f\u00f6r djur: Naturlig l\u00f6sning f\u00f6r att kontrollera parasiter","twitter_description":"S\u00e4g adj\u00f6 till kemiska bek\u00e4mpningsmedel! BioCare neemolja f\u00f6r djur \u00e4r en s\u00e4ker och effektiv l\u00f6sning f\u00f6r att kontrollera parasiter och svampsjukdomar. Skaffa din idag! \ud83d\udc3e","twitter_site":"@natureneem","twitter_misc":{"Tillg\u00e4nglig":"I lager"},"schema":{"@context":"https:\/\/schema.org","@graph":[{"@type":"WebPage","@id":"https:\/\/shop.natureneem.com\/sv\/e-shop\/biocare\/","url":"https:\/\/shop.natureneem.com\/sv\/e-shop\/biocare\/","name":"BioCare Neemolja f\u00f6r djur: Naturligt alternativ till bek\u00e4mpningsmedel.","isPartOf":{"@id":"https:\/\/shop.natureneem.com\/sv\/#website"},"primaryImageOfPage":{"@id":"https:\/\/shop.natureneem.com\/sv\/e-shop\/biocare\/#primaryimage"},"image":{"@id":"https:\/\/shop.natureneem.com\/sv\/e-shop\/biocare\/#primaryimage"},"thumbnailUrl":"https:\/\/shop.natureneem.com\/wp-content\/uploads\/2019\/07\/NN-BIOCARE-2025_GROUP_01.jpg","datePublished":"2019-07-06T17:06:49+00:00","dateModified":"2025-09-12T10:57:38+00:00","description":"S\u00e4g adj\u00f6 till kemiska bek\u00e4mpningsmedel! BioCares neemolja f\u00f6r s\u00e4llskapsdjur \u00e4r naturligt effektiv mot parasiter och svampsjukdomar. \ud83d\udc36 \ud83d\udc34 \ud83d\udc2e. Ingen stress f\u00f6r dina husdjur.","breadcrumb":{"@id":"https:\/\/shop.natureneem.com\/sv\/e-shop\/biocare\/#breadcrumb"},"inLanguage":"sv-SE","potentialAction":[{"@type":"ReadAction","target":["https:\/\/shop.natureneem.com\/sv\/e-shop\/biocare\/"]}]},{"@type":"ImageObject","inLanguage":"sv-SE","@id":"https:\/\/shop.natureneem.com\/sv\/e-shop\/biocare\/#primaryimage","url":"https:\/\/shop.natureneem.com\/wp-content\/uploads\/2019\/07\/NN-BIOCARE-2025_GROUP_01.jpg","contentUrl":"https:\/\/shop.natureneem.com\/wp-content\/uploads\/2019\/07\/NN-BIOCARE-2025_GROUP_01.jpg","width":800,"height":800,"caption":"BioCare by Nature Neem"},{"@type":"BreadcrumbList","@id":"https:\/\/shop.natureneem.com\/sv\/e-shop\/biocare\/#breadcrumb","itemListElement":[{"@type":"ListItem","position":1,"name":"Home","item":"https:\/\/shop.natureneem.com\/sv\/hem\/"},{"@type":"ListItem","position":2,"name":"e-butik","item":"https:\/\/shop.natureneem.com\/sv\/e-butik\/"},{"@type":"ListItem","position":3,"name":"BioCare"}]},{"@type":"WebSite","@id":"https:\/\/shop.natureneem.com\/sv\/#website","url":"https:\/\/shop.natureneem.com\/sv\/","name":"NatureNeem e-Shop","description":"Official Shop from Nature Neem","publisher":{"@id":"https:\/\/shop.natureneem.com\/sv\/#organization"},"alternateName":"Nature Neem","potentialAction":[{"@type":"SearchAction","target":{"@type":"EntryPoint","urlTemplate":"https:\/\/shop.natureneem.com\/sv\/?s={search_term_string}"},"query-input":{"@type":"PropertyValueSpecification","valueRequired":true,"valueName":"search_term_string"}}],"inLanguage":"sv-SE"},{"@type":"Organization","@id":"https:\/\/shop.natureneem.com\/sv\/#organization","name":"Nature Neem","alternateName":"Lorsun SAS","url":"https:\/\/shop.natureneem.com\/sv\/","logo":{"@type":"ImageObject","inLanguage":"sv-SE","@id":"https:\/\/shop.natureneem.com\/sv\/#\/schema\/logo\/image\/","url":"https:\/\/shop.natureneem.com\/wp-content\/uploads\/2024\/09\/nn-logo-symbole-2024-01.svg","contentUrl":"https:\/\/shop.natureneem.com\/wp-content\/uploads\/2024\/09\/nn-logo-symbole-2024-01.svg","width":1,"height":1,"caption":"Nature Neem"},"image":{"@id":"https:\/\/shop.natureneem.com\/sv\/#\/schema\/logo\/image\/"},"sameAs":["https:\/\/www.facebook.com\/natureneemindia\/","https:\/\/x.com\/natureneem","https:\/\/www.youtube.com\/user\/natureneem","https:\/\/www.linkedin.com\/company\/natureneem"],"description":"Vi \u00e4r engagerade i utveckling och kommersialisering av ekologiska l\u00f6sningar. Vi forts\u00e4tter att uppfinna dessa naturliga alternativa l\u00f6sningar som effektivt kan ers\u00e4tta de kemiskt syntetiserade produkter som skadar v\u00e5r milj\u00f6. V\u00e5rt team \u00e4r s\u00e4rskilt kompetent n\u00e4r det g\u00e4ller att f\u00f6resl\u00e5 ekologiska insatsvaror f\u00f6r jordbruket. Vi fungerar ocks\u00e5 som en sammanslutning av likasinnade m\u00e4nniskor som tror att naturen uppr\u00e4tth\u00e5ller l\u00f6sningen p\u00e5 alla milj\u00f6problem som m\u00e4nniskor st\u00e5r inf\u00f6r.   ","email":"info@natureneem.com","telephone":"+91 77084 00899","legalName":"NATURE NEEM PRODUCTS","vatID":"FR08891657884","numberOfEmployees":{"@type":"QuantitativeValue","minValue":"51","maxValue":"200"},"publishingPrinciples":"https:\/\/shop.natureneem.com\/","actionableFeedbackPolicy":"https:\/\/shop.natureneem.com\/return-and-refund-policy\/","hasMerchantReturnPolicy":{"@type":"MerchantReturnPolicy","merchantReturnLink":"https:\/\/shop.natureneem.com\/return-and-refund-policy\/"}}]},"og_availability":"instock","product_availability":"instock","product_retailer_item_id":"BioCare","product_condition":"new"},"_links":{"self":[{"href":"https:\/\/shop.natureneem.com\/sv\/wp-json\/wp\/v2\/product\/5986","targetHints":{"allow":["GET"]}}],"collection":[{"href":"https:\/\/shop.natureneem.com\/sv\/wp-json\/wp\/v2\/product"}],"about":[{"href":"https:\/\/shop.natureneem.com\/sv\/wp-json\/wp\/v2\/types\/product"}],"replies":[{"embeddable":true,"href":"https:\/\/shop.natureneem.com\/sv\/wp-json\/wp\/v2\/comments?post=5986"}],"wp:featuredmedia":[{"embeddable":true,"href":"https:\/\/shop.natureneem.com\/sv\/wp-json\/wp\/v2\/media\/11988"}],"wp:attachment":[{"href":"https:\/\/shop.natureneem.com\/sv\/wp-json\/wp\/v2\/media?parent=5986"}],"wp:term":[{"taxonomy":"product_brand","embeddable":true,"href":"https:\/\/shop.natureneem.com\/sv\/wp-json\/wp\/v2\/product_brand?post=5986"},{"taxonomy":"product_cat","embeddable":true,"href":"https:\/\/shop.natureneem.com\/sv\/wp-json\/wp\/v2\/product_cat?post=5986"},{"taxonomy":"product_tag","embeddable":true,"href":"https:\/\/shop.natureneem.com\/sv\/wp-json\/wp\/v2\/product_tag?post=5986"}],"curies":[{"name":"wp","href":"https:\/\/api.w.org\/{rel}","templated":true}]}}