{"id":6095,"date":"2019-07-06T19:00:23","date_gmt":"2019-07-06T17:00:23","guid":{"rendered":"https:\/\/shop.natureneem.com\/e-shop\/totalvard\/"},"modified":"2026-03-12T23:22:57","modified_gmt":"2026-03-12T22:22:57","slug":"totalcare","status":"publish","type":"product","link":"https:\/\/shop.natureneem.com\/sv\/e-shop\/totalcare\/","title":{"rendered":"TotalCare"},"content":{"rendered":"<h3><strong>TotalCare,  <\/strong><strong>neemolja f\u00f6r v\u00e4xter i vattenl\u00f6slig formulering. Sp\u00e4d bara ut i vatten och spraya.   <\/strong><\/h3>\n<p>TotalCare \u00e4r det b\u00e4sta botaniska bek\u00e4mpningsmedlet f\u00f6r ekologiskt jordbruk och tr\u00e4dg\u00e5rdar. Det erh\u00e5lls genom att emulgera ren kallpressad neemolja fr\u00e5n neemfr\u00f6n fr\u00e5n den aktuella s\u00e4songen och garanterar effektiviteten hos neem. Valet och doseringen av emulgeringsmedel har optimerats under m\u00e5nga \u00e5rs forskning f\u00f6r att bevara de magiska ingredienserna i neem. Det \u00e4r \u00f6verl\u00e4gset andra organiska l\u00f6sningar p\u00e5 grund av dess bredare till\u00e4mpning och dess inflytande p\u00e5 200 skadedjursarter. Det \u00e4r anm\u00e4rkningsv\u00e4rt att vissa av dem redan \u00e4r resistenta eller sv\u00e5ra att bek\u00e4mpa med konventionella bek\u00e4mpningsmedel.     Vattenl\u00f6slig neemolja f\u00f6r v\u00e4xter bek\u00e4mpningsmedel i ekologiskt jordbruk och tr\u00e4dg\u00e5rdar.<\/p>\n<h3><strong>Det b\u00e4sta botaniska bek\u00e4mpningsmedlet f\u00f6r ekologiska tr\u00e4dg\u00e5rdar. Vattenl\u00f6slig neemolja f\u00f6r v\u00e4xter. <\/strong><\/h3>\n<h3 style=\"padding-left: 40px;\"><strong>Dosering:  <\/strong><\/h3>\n<p style=\"padding-left: 40px;\"><strong>5-15 ml per liter vatten beroende p\u00e5 angrepp och vattenvolym som anv\u00e4nds vid besprutningen.<\/strong><\/p>\n<p style=\"padding-left: 80px;\"><strong>Exempel p\u00e5 detta:<\/strong><\/p>\n<ul>\n<li style=\"list-style-type: none;\">\n<ul>\n<li><strong>F\u00f6r frukttr\u00e4d och buskar<\/strong> som kr\u00e4ver mer vatten f\u00f6r att t\u00e4ckas r\u00e4cker det med 2-5 ml per liter vatten.<\/li>\n<li><strong>F\u00f6r k\u00f6kstr\u00e4dg\u00e5rdar eller tr\u00e4dg\u00e5rdsv\u00e4xter<\/strong> d\u00e4r man i allm\u00e4nhet anv\u00e4nder handsprutor, blanda 5-10 ml TotalCare per liter vatten beroende p\u00e5 f\u00f6rekomst av skadedjur.<\/li>\n<li><strong>F\u00f6r moderna motorsprutor<\/strong> som anv\u00e4nds i f\u00e4ltgr\u00f6dor som kr\u00e4ver mindre vatten f\u00f6r att t\u00e4cka, blanda 30-50 ml per liter vatten.<br \/>\n<a href=\"https:\/\/natureneem.com\/en\/products\/totalcare#applications\" target=\"_blank\" rel=\"noopener\">Detaljerade uppgifter om dosering av TotalCare<\/a>.<\/li>\n<\/ul>\n<\/li>\n<\/ul>\n<div class=\"uk-grid-match uk-child-width-expand@s\" uk-grid=\"\">\n<div>\n<div class=\"uk-card uk-card-primary uk-card-body\">\n<h3 class=\"uk-card-title\">Ekologisk, giftfri och biologiskt nedbrytbar<\/h3>\n<p>TotalCare \u00e4r inte giftigt f\u00f6r d\u00e4ggdjur, djur, f\u00e5glar och vattenlevande organismer. Ingen resttoxicitet \u00f6verf\u00f6rs till den sk\u00f6rdade produkten. Det finns ingen v\u00e4ntetid, och du kan applicera i alla stadier av v\u00e4xten. Den passar b\u00e4st i v\u00e4xthus och k\u00f6kstr\u00e4dg\u00e5rdar. Det anv\u00e4nds ocks\u00e5 i stor utstr\u00e4ckning inom blomsterodling och tr\u00e4dg\u00e5rdsodling samt f\u00f6r f\u00e4ltgr\u00f6dor som kr\u00e4ver ekologisk certifiering.    <\/p>\n<p><a class=\"uk-button uk-button-small uk-button-secondary\" href=\"https:\/\/shop.natureneem.com\/download\/694\/certifications\/10698\/issued-eu-attestation-nature-neem-2023\">  Utf\u00e4rdat EU-intyg &#8211; Nature Neem-2023<\/a><\/p>\n<p><a class=\"uk-button uk-button-small uk-button-secondary\" href=\"https:\/\/shop.natureneem.com\/download\/694\/certifications\/10699\/issued-jas-attestation-nature-neem-2023\">  Utf\u00e4rdade JAS-intyg &#8211; Nature Neem-2023<\/a><\/p>\n<p><a class=\"uk-button uk-button-small uk-button-secondary\" href=\"https:\/\/shop.natureneem.com\/download\/694\/certifications\/10700\/issued-nop-attestation-nature-neem-2023\">  Utf\u00e4rdat NOP-intyg &#8211; Nature Neem-2023<\/a><\/p>\n<\/div>\n<\/div>\n<div>\n<div class=\"uk-card uk-card-default uk-card-body uk-background-muted\">\n<h3 class=\"uk-card-title\">Den v\u00e4xtbaserade kraften hos neem<\/h3>\n<p>Det ger ett naturligt botemedel genom att \u00f6ka v\u00e4xtens allm\u00e4nna h\u00e4lsa och genom att \u00f6ka dess motst\u00e5ndskraft mot skadedjur och sjukdomar. TotalCare inneh\u00e5ller ocks\u00e5 den organiska k\u00e4llan till makro- och mikron\u00e4rings\u00e4mnen. Den inneh\u00e5ller n\u00e4stan 200 oligoelement.  <\/p>\n<h3>Varf\u00f6r TotalCare \u00e4r \u00f6verl\u00e4gsen andra oljor? Tveka inte att j\u00e4mf\u00f6ra, du kommer att bli f\u00f6rv\u00e5nad! <\/h3>\n<p>Vi utvinner olja fr\u00e5n v\u00e4lmogna inre neemk\u00e4rnor med hj\u00e4lp av den traditionella kallpressade metoden. I TotalCare \u00e4r azadirachtin, den viktigaste ingrediensen, cirka 2700 ppm (0,27 %). Typiska partier under vissa s\u00e4songer har visat rekordniv\u00e5er p\u00e5 3000 ppm azadirachtin. Men 90% av den s\u00e5 kallade rena neemoljan som finns p\u00e5 den europeiska marknaden \u00e4r bara rester av neemolja fr\u00e5n neemindustrier och deras azadirachtinniv\u00e5 kommer att ligga runt 150 ppm.   <\/p>\n<\/div>\n<\/div>\n<\/div>\n<div class=\"uk-grid-match uk-child-width-expand@s uk-text-center\" uk-grid=\"\">\n<div>\n<div class=\"uk-card uk-card-default uk-card-body\">\n<h2 class=\"uk-card-title\">TotalCare \u00e4r ekologiskt certifierat av Ecocert enligt EU:s, NOP:s (USDA) och JAP:s ekologiska standarder.<\/h2>\n<div><img loading=\"lazy\" decoding=\"async\" class=\"alignnone wp-image-391 size-medium\" title=\"TotalCare-tj\u00e4nstem\u00e4n certifieringar fr\u00e5n NatureNeem\" src=\"https:\/\/shop.natureneem.com\/wp-content\/uploads\/2023\/05\/nn_cert_facture-300x60.png\" alt=\"Nature Neem-produkter \u00e4r certifierade av Ecocert SA F-32600 och Europeiska kommissionens standarder, National Organic Program (NOP - USDA), Soil Association Certification.\" width=\"300\" height=\"60\"><\/div>\n<\/div>\n<\/div>\n<div>\n<div class=\"uk-card uk-card-secondary uk-card-body\">\n<h2 class=\"uk-card-title\">Hur applicerar man denna produkt?<\/h2>\n<p>Fullst\u00e4ndig beskrivning, applikationer, FAQ och information.<\/p>\n<div><a class=\"uk-button uk-button-primary\" href=\"https:\/\/natureneem.com\/en\/products\/totalcare\" target=\"_blank\" rel=\"noopener noreferrer\">KLICKA H\u00c4R<\/a><\/div>\n<\/div>\n<\/div>\n<\/div>\n<h3>Den vattenl\u00f6sliga neemoljan f\u00f6r v\u00e4xter \u00e4r med ett ord TotalCare. Sammanfattningsvis m\u00e5ste man komma ih\u00e5g att det \u00e4r s\u00e5 enkelt att anv\u00e4nda, effektivt och giftfritt. Det \u00e4r den b\u00e4sta passformen f\u00f6r din k\u00f6kstr\u00e4dg\u00e5rd, v\u00e4xthus och blommor.<br \/>\nAlla produkter fr\u00e5n Nature Neem India \u00e4r full bio. <b>P\u00e5 samma s\u00e4tt kan du prova<\/b> <a href=\"https:\/\/shop.natureneem.com\/e-shop\/nutraza-pellet-of-neem-seed\/\">NutrAza<\/a> f\u00f6r att komplettera f\u00f6rdelarna med neemg\u00f6dselmedel och <a href=\"https:\/\/shop.natureneem.com\/sv\/e-shop\/biocare\/\">BioCare<\/a> f\u00f6r dina djur.  <\/h3>\n","protected":false},"excerpt":{"rendered":"<h3 class=\"ai-optimize-20\">Vattenl\u00f6slig Neemolja f\u00f6r v\u00e4xtspray<\/h3>\n<p><img loading=\"lazy\" decoding=\"async\" class=\"alignnone\" style=\"float: left;\" title=\"TotalCare-symbol fr\u00e5n NatureNeem\" src=\"https:\/\/natureneem.com\/images\/logos\/nn_plant_care.svg\" alt=\"NatureNeem v\u00e4xtv\u00e5rd med TotalCare\" width=\"160\" height=\"599\"><\/p>\n<p class=\"ai-optimize-21\"><strong>Det b\u00e4sta botaniska bek\u00e4mpningsmedlet f\u00f6r ekologiska tr\u00e4dg\u00e5rdar.<br \/>\n<\/strong><strong>Vattenl\u00f6slig neemolja f\u00f6r v\u00e4xter bek\u00e4mpningsmedel i ekologiskt jordbruk och tr\u00e4dg\u00e5rdar<br \/>\nNaturlig bio-certifierad kvalitetsprodukt sedan 1990 av Nature Neem India<br \/>\nBlanda 5-10 ml per liter vatten och spray. Giftfri f\u00f6r m\u00e4nniskor, djur, f\u00e5glar &#8230; <\/strong><\/p>\n","protected":false},"featured_media":11976,"comment_status":"open","ping_status":"closed","template":"","meta":[],"product_brand":[],"product_cat":[236],"product_tag":[],"class_list":{"0":"post-6095","1":"product","2":"type-product","3":"status-publish","4":"has-post-thumbnail","6":"product_cat-neem-produkter","7":"pa_packing-1l-sv","8":"pa_packing-20l-sv","9":"pa_packing-250ml-sv","10":"pa_packing-5l-sv","11":"pa_packing-500ml-sv","13":"first","14":"instock","15":"shipping-taxable","16":"purchasable","17":"product-type-variable","18":"has-default-attributes"},"yoast_head":"<!-- This site is optimized with the Yoast SEO Premium plugin v27.1 (Yoast SEO v27.2) - https:\/\/yoast.com\/product\/yoast-seo-premium-wordpress\/ -->\n<title>Vattenl\u00f6slig Neemolja f\u00f6r v\u00e4xter: Organisk l\u00f6sning f\u00f6r skadedjursbek\u00e4mpning<\/title>\n<meta name=\"description\" content=\"Skydda dina v\u00e4xter med naturens kraft! TotalCare : Vattenl\u00f6slig neemolja f\u00f6r v\u00e4xter bek\u00e4mpningsmedel i ekologiskt jordbruk och tr\u00e4dg\u00e5rdar. Skaffa din idag.\" \/>\n<meta name=\"robots\" content=\"index, follow, max-snippet:-1, max-image-preview:large, max-video-preview:-1\" \/>\n<link rel=\"canonical\" href=\"https:\/\/shop.natureneem.com\/sv\/e-shop\/totalcare\/\" \/>\n<meta property=\"og:locale\" content=\"sv_SE\" \/>\n<meta property=\"og:type\" content=\"article\" \/>\n<meta property=\"og:title\" content=\"Bli organisk med Neem-olja f\u00f6r v\u00e4xter i din tr\u00e4dg\u00e5rd\" \/>\n<meta property=\"og:description\" content=\"Vill du ha ett bek\u00e4mpningsmedel som \u00e4r s\u00e4kert f\u00f6r dina v\u00e4xter och milj\u00f6n? Prova TotalCare, den b\u00e4sta neemoljan f\u00f6r v\u00e4xter. Skydda din tr\u00e4dg\u00e5rd p\u00e5 ett naturligt s\u00e4tt! \ud83c\udf31\" \/>\n<meta property=\"og:url\" content=\"https:\/\/shop.natureneem.com\/sv\/e-shop\/totalcare\/\" \/>\n<meta property=\"og:site_name\" content=\"NatureNeem e-Shop\" \/>\n<meta property=\"article:publisher\" content=\"https:\/\/www.facebook.com\/natureneemindia\/\" \/>\n<meta property=\"article:modified_time\" content=\"2026-03-12T22:22:57+00:00\" \/>\n<meta property=\"og:image\" content=\"https:\/\/shop.natureneem.com\/wp-content\/uploads\/nc\/images\/products\/totalcare\/nn_totalcare_en_champ_et_ecocert.jpg\" \/>\n<meta name=\"twitter:card\" content=\"summary_large_image\" \/>\n<meta name=\"twitter:title\" content=\"TotalCare: Neemolja f\u00f6r v\u00e4xter - Ekologisk skadedjursbek\u00e4mpning f\u00f6r tr\u00e4dg\u00e5rdar\" \/>\n<meta name=\"twitter:description\" content=\"Skydda dina v\u00e4xter p\u00e5 ett naturligt s\u00e4tt med TotalCare, det b\u00e4sta botaniska bek\u00e4mpningsmedlet inom ekologiskt jordbruk och ekologiska tr\u00e4dg\u00e5rdar. S\u00e4kert, effektivt och milj\u00f6v\u00e4nligt. \ud83c\udf3f #OrganiskTr\u00e4dg\u00e5rd\" \/>\n<meta name=\"twitter:site\" content=\"@natureneem\" \/>\n<meta name=\"twitter:label1\" content=\"Tillg\u00e4nglig\" \/>\n\t<meta name=\"twitter:data1\" content=\"I lager\" \/>\n<script type=\"application\/ld+json\" class=\"yoast-schema-graph\">{\"@context\":\"https:\/\/schema.org\",\"@graph\":[{\"@type\":\"WebPage\",\"@id\":\"https:\/\/shop.natureneem.com\/sv\/e-shop\/totalcare\/\",\"url\":\"https:\/\/shop.natureneem.com\/sv\/e-shop\/totalcare\/\",\"name\":\"Vattenl\u00f6slig Neemolja f\u00f6r v\u00e4xter: Organisk l\u00f6sning f\u00f6r skadedjursbek\u00e4mpning\",\"isPartOf\":{\"@id\":\"https:\/\/shop.natureneem.com\/sv\/#website\"},\"primaryImageOfPage\":{\"@id\":\"https:\/\/shop.natureneem.com\/sv\/e-shop\/totalcare\/#primaryimage\"},\"image\":{\"@id\":\"https:\/\/shop.natureneem.com\/sv\/e-shop\/totalcare\/#primaryimage\"},\"thumbnailUrl\":\"https:\/\/shop.natureneem.com\/wp-content\/uploads\/2019\/07\/NN-TOTALCARE-2025_GROUP_01.jpg\",\"datePublished\":\"2019-07-06T17:00:23+00:00\",\"dateModified\":\"2026-03-12T22:22:57+00:00\",\"description\":\"Skydda dina v\u00e4xter med naturens kraft! TotalCare : Vattenl\u00f6slig neemolja f\u00f6r v\u00e4xter bek\u00e4mpningsmedel i ekologiskt jordbruk och tr\u00e4dg\u00e5rdar. Skaffa din idag.\",\"breadcrumb\":{\"@id\":\"https:\/\/shop.natureneem.com\/sv\/e-shop\/totalcare\/#breadcrumb\"},\"inLanguage\":\"sv-SE\",\"potentialAction\":[{\"@type\":\"ReadAction\",\"target\":[\"https:\/\/shop.natureneem.com\/sv\/e-shop\/totalcare\/\"]}]},{\"@type\":\"ImageObject\",\"inLanguage\":\"sv-SE\",\"@id\":\"https:\/\/shop.natureneem.com\/sv\/e-shop\/totalcare\/#primaryimage\",\"url\":\"https:\/\/shop.natureneem.com\/wp-content\/uploads\/2019\/07\/NN-TOTALCARE-2025_GROUP_01.jpg\",\"contentUrl\":\"https:\/\/shop.natureneem.com\/wp-content\/uploads\/2019\/07\/NN-TOTALCARE-2025_GROUP_01.jpg\",\"width\":800,\"height\":800},{\"@type\":\"BreadcrumbList\",\"@id\":\"https:\/\/shop.natureneem.com\/sv\/e-shop\/totalcare\/#breadcrumb\",\"itemListElement\":[{\"@type\":\"ListItem\",\"position\":1,\"name\":\"Home\",\"item\":\"https:\/\/shop.natureneem.com\/sv\/hem\/\"},{\"@type\":\"ListItem\",\"position\":2,\"name\":\"e-butik\",\"item\":\"https:\/\/shop.natureneem.com\/sv\/e-butik\/\"},{\"@type\":\"ListItem\",\"position\":3,\"name\":\"TotalCare\"}]},{\"@type\":\"WebSite\",\"@id\":\"https:\/\/shop.natureneem.com\/sv\/#website\",\"url\":\"https:\/\/shop.natureneem.com\/sv\/\",\"name\":\"NatureNeem e-Shop\",\"description\":\"Official Shop from Nature Neem\",\"publisher\":{\"@id\":\"https:\/\/shop.natureneem.com\/sv\/#organization\"},\"alternateName\":\"Nature Neem\",\"potentialAction\":[{\"@type\":\"SearchAction\",\"target\":{\"@type\":\"EntryPoint\",\"urlTemplate\":\"https:\/\/shop.natureneem.com\/sv\/?s={search_term_string}\"},\"query-input\":{\"@type\":\"PropertyValueSpecification\",\"valueRequired\":true,\"valueName\":\"search_term_string\"}}],\"inLanguage\":\"sv-SE\"},{\"@type\":\"Organization\",\"@id\":\"https:\/\/shop.natureneem.com\/sv\/#organization\",\"name\":\"Nature Neem\",\"alternateName\":\"Lorsun SAS\",\"url\":\"https:\/\/shop.natureneem.com\/sv\/\",\"logo\":{\"@type\":\"ImageObject\",\"inLanguage\":\"sv-SE\",\"@id\":\"https:\/\/shop.natureneem.com\/sv\/#\/schema\/logo\/image\/\",\"url\":\"https:\/\/shop.natureneem.com\/wp-content\/uploads\/2024\/09\/nn-logo-symbole-2024-01.svg\",\"contentUrl\":\"https:\/\/shop.natureneem.com\/wp-content\/uploads\/2024\/09\/nn-logo-symbole-2024-01.svg\",\"width\":1,\"height\":1,\"caption\":\"Nature Neem\"},\"image\":{\"@id\":\"https:\/\/shop.natureneem.com\/sv\/#\/schema\/logo\/image\/\"},\"sameAs\":[\"https:\/\/www.facebook.com\/natureneemindia\/\",\"https:\/\/x.com\/natureneem\",\"https:\/\/www.youtube.com\/user\/natureneem\",\"https:\/\/www.linkedin.com\/company\/natureneem\"],\"description\":\"Vi \u00e4r engagerade i utveckling och kommersialisering av ekologiska l\u00f6sningar. Vi forts\u00e4tter att uppfinna dessa naturliga alternativa l\u00f6sningar som effektivt kan ers\u00e4tta de kemiskt syntetiserade produkter som skadar v\u00e5r milj\u00f6. V\u00e5rt team \u00e4r s\u00e4rskilt kompetent n\u00e4r det g\u00e4ller att f\u00f6resl\u00e5 ekologiska insatsvaror f\u00f6r jordbruket. Vi fungerar ocks\u00e5 som en sammanslutning av likasinnade m\u00e4nniskor som tror att naturen uppr\u00e4tth\u00e5ller l\u00f6sningen p\u00e5 alla milj\u00f6problem som m\u00e4nniskor st\u00e5r inf\u00f6r.   \",\"email\":\"info@natureneem.com\",\"telephone\":\"+91 77084 00899\",\"legalName\":\"NATURE NEEM PRODUCTS\",\"vatID\":\"FR08891657884\",\"numberOfEmployees\":{\"@type\":\"QuantitativeValue\",\"minValue\":\"51\",\"maxValue\":\"200\"},\"publishingPrinciples\":\"https:\/\/shop.natureneem.com\/\",\"actionableFeedbackPolicy\":\"https:\/\/shop.natureneem.com\/return-and-refund-policy\/\",\"hasMerchantReturnPolicy\":{\"@type\":\"MerchantReturnPolicy\",\"merchantReturnLink\":\"https:\/\/shop.natureneem.com\/return-and-refund-policy\/\"}}]}<\/script>\n<meta property=\"og:availability\" content=\"instock\" \/>\n<meta property=\"product:availability\" content=\"instock\" \/>\n<meta property=\"product:retailer_item_id\" content=\"TotalCare\" \/>\n<meta property=\"product:condition\" content=\"new\" \/>\n<!-- \/ Yoast SEO Premium plugin. -->","yoast_head_json":{"title":"Vattenl\u00f6slig Neemolja f\u00f6r v\u00e4xter: Organisk l\u00f6sning f\u00f6r skadedjursbek\u00e4mpning","description":"Skydda dina v\u00e4xter med naturens kraft! TotalCare : Vattenl\u00f6slig neemolja f\u00f6r v\u00e4xter bek\u00e4mpningsmedel i ekologiskt jordbruk och tr\u00e4dg\u00e5rdar. Skaffa din idag.","robots":{"index":"index","follow":"follow","max-snippet":"max-snippet:-1","max-image-preview":"max-image-preview:large","max-video-preview":"max-video-preview:-1"},"canonical":"https:\/\/shop.natureneem.com\/sv\/e-shop\/totalcare\/","og_locale":"sv_SE","og_type":"article","og_title":"Bli organisk med Neem-olja f\u00f6r v\u00e4xter i din tr\u00e4dg\u00e5rd","og_description":"Vill du ha ett bek\u00e4mpningsmedel som \u00e4r s\u00e4kert f\u00f6r dina v\u00e4xter och milj\u00f6n? Prova TotalCare, den b\u00e4sta neemoljan f\u00f6r v\u00e4xter. Skydda din tr\u00e4dg\u00e5rd p\u00e5 ett naturligt s\u00e4tt! \ud83c\udf31","og_url":"https:\/\/shop.natureneem.com\/sv\/e-shop\/totalcare\/","og_site_name":"NatureNeem e-Shop","article_publisher":"https:\/\/www.facebook.com\/natureneemindia\/","article_modified_time":"2026-03-12T22:22:57+00:00","og_image":[{"url":"https:\/\/shop.natureneem.com\/wp-content\/uploads\/nc\/images\/products\/totalcare\/nn_totalcare_en_champ_et_ecocert.jpg","type":"","width":"","height":""}],"twitter_card":"summary_large_image","twitter_title":"TotalCare: Neemolja f\u00f6r v\u00e4xter - Ekologisk skadedjursbek\u00e4mpning f\u00f6r tr\u00e4dg\u00e5rdar","twitter_description":"Skydda dina v\u00e4xter p\u00e5 ett naturligt s\u00e4tt med TotalCare, det b\u00e4sta botaniska bek\u00e4mpningsmedlet inom ekologiskt jordbruk och ekologiska tr\u00e4dg\u00e5rdar. S\u00e4kert, effektivt och milj\u00f6v\u00e4nligt. \ud83c\udf3f #OrganiskTr\u00e4dg\u00e5rd","twitter_site":"@natureneem","twitter_misc":{"Tillg\u00e4nglig":"I lager"},"schema":{"@context":"https:\/\/schema.org","@graph":[{"@type":"WebPage","@id":"https:\/\/shop.natureneem.com\/sv\/e-shop\/totalcare\/","url":"https:\/\/shop.natureneem.com\/sv\/e-shop\/totalcare\/","name":"Vattenl\u00f6slig Neemolja f\u00f6r v\u00e4xter: Organisk l\u00f6sning f\u00f6r skadedjursbek\u00e4mpning","isPartOf":{"@id":"https:\/\/shop.natureneem.com\/sv\/#website"},"primaryImageOfPage":{"@id":"https:\/\/shop.natureneem.com\/sv\/e-shop\/totalcare\/#primaryimage"},"image":{"@id":"https:\/\/shop.natureneem.com\/sv\/e-shop\/totalcare\/#primaryimage"},"thumbnailUrl":"https:\/\/shop.natureneem.com\/wp-content\/uploads\/2019\/07\/NN-TOTALCARE-2025_GROUP_01.jpg","datePublished":"2019-07-06T17:00:23+00:00","dateModified":"2026-03-12T22:22:57+00:00","description":"Skydda dina v\u00e4xter med naturens kraft! TotalCare : Vattenl\u00f6slig neemolja f\u00f6r v\u00e4xter bek\u00e4mpningsmedel i ekologiskt jordbruk och tr\u00e4dg\u00e5rdar. Skaffa din idag.","breadcrumb":{"@id":"https:\/\/shop.natureneem.com\/sv\/e-shop\/totalcare\/#breadcrumb"},"inLanguage":"sv-SE","potentialAction":[{"@type":"ReadAction","target":["https:\/\/shop.natureneem.com\/sv\/e-shop\/totalcare\/"]}]},{"@type":"ImageObject","inLanguage":"sv-SE","@id":"https:\/\/shop.natureneem.com\/sv\/e-shop\/totalcare\/#primaryimage","url":"https:\/\/shop.natureneem.com\/wp-content\/uploads\/2019\/07\/NN-TOTALCARE-2025_GROUP_01.jpg","contentUrl":"https:\/\/shop.natureneem.com\/wp-content\/uploads\/2019\/07\/NN-TOTALCARE-2025_GROUP_01.jpg","width":800,"height":800},{"@type":"BreadcrumbList","@id":"https:\/\/shop.natureneem.com\/sv\/e-shop\/totalcare\/#breadcrumb","itemListElement":[{"@type":"ListItem","position":1,"name":"Home","item":"https:\/\/shop.natureneem.com\/sv\/hem\/"},{"@type":"ListItem","position":2,"name":"e-butik","item":"https:\/\/shop.natureneem.com\/sv\/e-butik\/"},{"@type":"ListItem","position":3,"name":"TotalCare"}]},{"@type":"WebSite","@id":"https:\/\/shop.natureneem.com\/sv\/#website","url":"https:\/\/shop.natureneem.com\/sv\/","name":"NatureNeem e-Shop","description":"Official Shop from Nature Neem","publisher":{"@id":"https:\/\/shop.natureneem.com\/sv\/#organization"},"alternateName":"Nature Neem","potentialAction":[{"@type":"SearchAction","target":{"@type":"EntryPoint","urlTemplate":"https:\/\/shop.natureneem.com\/sv\/?s={search_term_string}"},"query-input":{"@type":"PropertyValueSpecification","valueRequired":true,"valueName":"search_term_string"}}],"inLanguage":"sv-SE"},{"@type":"Organization","@id":"https:\/\/shop.natureneem.com\/sv\/#organization","name":"Nature Neem","alternateName":"Lorsun SAS","url":"https:\/\/shop.natureneem.com\/sv\/","logo":{"@type":"ImageObject","inLanguage":"sv-SE","@id":"https:\/\/shop.natureneem.com\/sv\/#\/schema\/logo\/image\/","url":"https:\/\/shop.natureneem.com\/wp-content\/uploads\/2024\/09\/nn-logo-symbole-2024-01.svg","contentUrl":"https:\/\/shop.natureneem.com\/wp-content\/uploads\/2024\/09\/nn-logo-symbole-2024-01.svg","width":1,"height":1,"caption":"Nature Neem"},"image":{"@id":"https:\/\/shop.natureneem.com\/sv\/#\/schema\/logo\/image\/"},"sameAs":["https:\/\/www.facebook.com\/natureneemindia\/","https:\/\/x.com\/natureneem","https:\/\/www.youtube.com\/user\/natureneem","https:\/\/www.linkedin.com\/company\/natureneem"],"description":"Vi \u00e4r engagerade i utveckling och kommersialisering av ekologiska l\u00f6sningar. Vi forts\u00e4tter att uppfinna dessa naturliga alternativa l\u00f6sningar som effektivt kan ers\u00e4tta de kemiskt syntetiserade produkter som skadar v\u00e5r milj\u00f6. V\u00e5rt team \u00e4r s\u00e4rskilt kompetent n\u00e4r det g\u00e4ller att f\u00f6resl\u00e5 ekologiska insatsvaror f\u00f6r jordbruket. Vi fungerar ocks\u00e5 som en sammanslutning av likasinnade m\u00e4nniskor som tror att naturen uppr\u00e4tth\u00e5ller l\u00f6sningen p\u00e5 alla milj\u00f6problem som m\u00e4nniskor st\u00e5r inf\u00f6r.   ","email":"info@natureneem.com","telephone":"+91 77084 00899","legalName":"NATURE NEEM PRODUCTS","vatID":"FR08891657884","numberOfEmployees":{"@type":"QuantitativeValue","minValue":"51","maxValue":"200"},"publishingPrinciples":"https:\/\/shop.natureneem.com\/","actionableFeedbackPolicy":"https:\/\/shop.natureneem.com\/return-and-refund-policy\/","hasMerchantReturnPolicy":{"@type":"MerchantReturnPolicy","merchantReturnLink":"https:\/\/shop.natureneem.com\/return-and-refund-policy\/"}}]},"og_availability":"instock","product_availability":"instock","product_retailer_item_id":"TotalCare","product_condition":"new"},"_links":{"self":[{"href":"https:\/\/shop.natureneem.com\/sv\/wp-json\/wp\/v2\/product\/6095","targetHints":{"allow":["GET"]}}],"collection":[{"href":"https:\/\/shop.natureneem.com\/sv\/wp-json\/wp\/v2\/product"}],"about":[{"href":"https:\/\/shop.natureneem.com\/sv\/wp-json\/wp\/v2\/types\/product"}],"replies":[{"embeddable":true,"href":"https:\/\/shop.natureneem.com\/sv\/wp-json\/wp\/v2\/comments?post=6095"}],"wp:featuredmedia":[{"embeddable":true,"href":"https:\/\/shop.natureneem.com\/sv\/wp-json\/wp\/v2\/media\/11976"}],"wp:attachment":[{"href":"https:\/\/shop.natureneem.com\/sv\/wp-json\/wp\/v2\/media?parent=6095"}],"wp:term":[{"taxonomy":"product_brand","embeddable":true,"href":"https:\/\/shop.natureneem.com\/sv\/wp-json\/wp\/v2\/product_brand?post=6095"},{"taxonomy":"product_cat","embeddable":true,"href":"https:\/\/shop.natureneem.com\/sv\/wp-json\/wp\/v2\/product_cat?post=6095"},{"taxonomy":"product_tag","embeddable":true,"href":"https:\/\/shop.natureneem.com\/sv\/wp-json\/wp\/v2\/product_tag?post=6095"}],"curies":[{"name":"wp","href":"https:\/\/api.w.org\/{rel}","templated":true}]}}