{"id":6110,"date":"2020-03-31T18:54:27","date_gmt":"2020-03-31T16:54:27","guid":{"rendered":"https:\/\/shop.natureneem.com\/e-shop\/coco-grow\/"},"modified":"2025-06-20T16:07:53","modified_gmt":"2025-06-20T14:07:53","slug":"coco-grow","status":"publish","type":"product","link":"https:\/\/shop.natureneem.com\/sv\/e-shop\/coco-grow\/","title":{"rendered":"CocoGrow"},"content":{"rendered":"<h3>Coco Grow en p\u00e5se med naturlig torv och fibrer fr\u00e5n kokosn\u00f6t f\u00f6r dina v\u00e4xter<\/h3>\n<ul>\n<li>100% naturligt, berikat och buffrat planteringsmedium fr\u00e5n kokos.<\/li>\n<li>Utm\u00e4rkt luftning och dr\u00e4nering f\u00f6r starka och friska rotsystem<\/li>\n<li>Minimerar transplantationschock, perfekt f\u00f6r k\u00e4nsliga kulturer<\/li>\n<li>Kostnadseffektivt och flexibelt eftersom det helt enkelt l\u00e4ggs ut efter behov och hydratiseras.<\/li>\n<li>L\u00e4tt att hantera, f\u00f6rvara och anv\u00e4nda<\/li>\n<\/ul>\n<p><strong>Coco Grow<\/strong> \u00e4r en blandning av torv och fibrer fr\u00e5n kokosn\u00f6t som tv\u00e4ttats och buffrats. Denna blandning ger god retention, dr\u00e4nering och luftning, utan risk f\u00f6r \u00f6verdriven salthalt p\u00e5 r\u00f6tterna. Den \u00e4r fri fr\u00e5n ogr\u00e4sfr\u00f6n eller patogener. Den \u00e4r mycket popul\u00e4r bland frukt- och gr\u00f6nsaksodlare.   <\/p>\n<div class=\"uk-grid-match uk-child-width-expand@s\">\n<div>\n<div class=\"uk-card uk-card-default uk-card-body\">\n<h2 class=\"uk-card-title\">Varf\u00f6r m\u00e5ste jag anv\u00e4nda det?<\/h2>\n<h4><img loading=\"lazy\" decoding=\"async\" class=\"alignnone size-medium wp-image-12113\" src=\"https:\/\/shop.natureneem.com\/wp-content\/uploads\/2025\/06\/nn_eshop_cocogrow_bag-300x197.jpg\" alt=\"CocoGrow av NatureNeem\" width=\"300\" height=\"197\" srcset=\"https:\/\/shop.natureneem.com\/wp-content\/uploads\/2025\/06\/nn_eshop_cocogrow_bag-300x197.jpg 300w, https:\/\/shop.natureneem.com\/wp-content\/uploads\/2025\/06\/nn_eshop_cocogrow_bag-1024x672.jpg 1024w, https:\/\/shop.natureneem.com\/wp-content\/uploads\/2025\/06\/nn_eshop_cocogrow_bag-768x504.jpg 768w, https:\/\/shop.natureneem.com\/wp-content\/uploads\/2025\/06\/nn_eshop_cocogrow_bag-500x328.jpg 500w, https:\/\/shop.natureneem.com\/wp-content\/uploads\/2025\/06\/nn_eshop_cocogrow_bag.jpg 1280w\" sizes=\"(max-width: 300px) 100vw, 300px\" \/>1 p\u00e5se Coco Grow<br \/>\n= 9 liter planteringsf\u00e4rdig<br \/>\nf\u00f6rfylld jord i en p\u00e5se<\/h4>\n<\/div>\n<\/div>\n<div>\n<div class=\"uk-card uk-card-primary uk-card-body\">\n<h2 class=\"uk-card-title\">Hur kan jag anv\u00e4nda det?<\/h2>\n<ul>\n<li>Packa upp p\u00e5sen med 1 kg f\u00f6rpackad <a href=\"https:\/\/fr.wikipedia.org\/wiki\/Coconut\" target=\"_blank\" rel=\"noopener\">kokosn\u00f6t<\/a>.<\/li>\n<li>Tills\u00e4tt vatten och fyll n\u00e4stan hela p\u00e5sen med Coco Grow.<\/li>\n<li>G\u00f6r 2 till 4 h\u00e5l p\u00e5 2-3 cm avst\u00e5nd fr\u00e5n botten.<\/li>\n<li>Tills\u00e4tt 25 g <a href=\"https:\/\/shop.natureneem.com\/e-shop\/nutraza-pellet-of-neem-seed\/\" target=\"_blank\" rel=\"noopener noreferrer\">NutrAza<\/a>, den naturliga komposten.<\/li>\n<li>Antalet plantor per p\u00e5se beror p\u00e5 deras storlek.<\/li>\n<li>Tips : V\u00e4skan \u00e4r \u00e5tervinningsbar i 3 s\u00e4songer !<\/li>\n<\/ul>\n<\/div>\n<\/div>\n<\/div>\n<div class=\"uk-grid-match uk-child-width-expand@s\">\n<div>\n<div class=\"uk-card uk-card-secondary uk-card-body\">\n<h2 class=\"uk-card-title\">Natur Neem Channel<\/h2>\n<p><iframe loading=\"lazy\" title=\"Rempotage dans un sac de culture pr\u00e9 rempli de terreau de coco\" width=\"500\" height=\"281\" src=\"https:\/\/www.youtube.com\/embed\/yjb7McnAWbg?feature=oembed\" frameborder=\"0\" allow=\"accelerometer; autoplay; clipboard-write; encrypted-media; gyroscope; picture-in-picture; web-share\" referrerpolicy=\"strict-origin-when-cross-origin\" allowfullscreen><\/iframe><\/p>\n<\/div>\n<\/div>\n<div>\n<div class=\"uk-card uk-card-default uk-card-body uk-background-muted\">\n<h2 class=\"uk-card-title\">Ta en titt p\u00e5 v\u00e5r YouTube-kanal<\/h2>\n<h3>F\u00f6lj v\u00e5ra b\u00e4sta r\u00e5d om Coco<em>Grow<\/em><br \/>\n<em>Omplantering i en odlingsp\u00e5se som \u00e4r fylld med krukv\u00e4xtjord av kokosn\u00f6t<\/em><\/h3>\n<\/div>\n<\/div>\n<\/div>\n<h3>Odla dina gr\u00f6nsaker, v\u00e4xter och till och med frukter. Det \u00e4r enkelt, ekonomiskt och milj\u00f6v\u00e4nligt med en krukv\u00e4xtjord som \u00e4r f\u00e4rdig att anv\u00e4nda. Med bara 9 liter vatten f\u00e5r du en p\u00e5se med planteringsjord tillverkad av 100 % naturliga kokosfibrer. L\u00e4tt att b\u00e4ra, l\u00e4tt att implementera.   <\/h3>\n<h3 class=\"uk-alert\">Du har ingen tr\u00e4dg\u00e5rd och lite utrymme f\u00f6r att f\u00f6rvara krukv\u00e4xtjord? T\u00e4nk p\u00e5 Coco Grow ! <\/h3>\n<h3 class=\"uk-alert\">\u00c4r du tr\u00f6tt p\u00e5 att b\u00e4ra p\u00e5sar med jord som \u00e4r f\u00f6r tunga i skrymmande f\u00f6rem\u00e5l? V\u00e4lj Coco Grow ! <\/h3>\n<h3>Ta en titt p\u00e5 v\u00e5ra andra Coco produkter, som <a href=\"https:\/\/shop.natureneem.com\/sv\/e-shop\/coco-brick\/\">Coco Brick,<\/a> ett utm\u00e4rkt planteringssubstrat och jordf\u00f6rb\u00e4ttringsmedel. Prova b\u00e4sts\u00e4ljaren <a href=\"https:\/\/shop.natureneem.com\/e-shop\/naturecoco-organic-virgin-coconut-oil\/\">NatureCoco<\/a> den ekologiska jungfru kokosn\u00f6tsoljan. Coco Grow All-in-one bio, ekologisk l\u00f6sning f\u00f6r sm\u00e5 platser.  <\/h3>\n","protected":false},"excerpt":{"rendered":"<h2 class=\"ai-optimize-19\">Odlingsp\u00e5se av kokos<\/h2>\n<p class=\"ai-optimize-20\">f\u00f6r alla typer av v\u00e4xter<br \/>\n1 p\u00e5se = 9 liter<br \/>\nRedo att plantera!<\/p>\n","protected":false},"featured_media":12158,"comment_status":"open","ping_status":"closed","template":"","meta":[],"product_brand":[],"product_cat":[249],"product_tag":[],"class_list":{"0":"post-6110","1":"product","2":"type-product","3":"status-publish","4":"has-post-thumbnail","6":"product_cat-kokosprodukter","7":"product_shipping_class-11-kg-sv","9":"first","10":"instock","11":"shipping-taxable","12":"purchasable","13":"product-type-simple"},"yoast_head":"<!-- This site is optimized with the Yoast SEO Premium plugin v27.1 (Yoast SEO v27.2) - https:\/\/yoast.com\/product\/yoast-seo-premium-wordpress\/ -->\n<title>Coco V\u00e4xa: L\u00e4tt att anv\u00e4nda och hantera planteringsmedium f\u00f6r v\u00e4xter \ud83e\udd65 NatureNeem e-Shop<\/title>\n<meta name=\"description\" content=\"Ge dina v\u00e4xter den b\u00e4sta starten med Coco Grow, ett kostnadseffektivt och flexibelt planteringsmedium. Minimera transplantationschocken. Njut av enkel hantering och f\u00f6rvaring.\" \/>\n<meta name=\"robots\" content=\"index, follow, max-snippet:-1, max-image-preview:large, max-video-preview:-1\" \/>\n<link rel=\"canonical\" href=\"https:\/\/shop.natureneem.com\/sv\/e-shop\/coco-grow\/\" \/>\n<meta property=\"og:locale\" content=\"sv_SE\" \/>\n<meta property=\"og:type\" content=\"article\" \/>\n<meta property=\"og:title\" content=\"CocoGrow\" \/>\n<meta property=\"og:description\" content=\"Ge dina v\u00e4xter den b\u00e4sta starten med Coco Grow, ett kostnadseffektivt och flexibelt planteringsmedium. Minimera transplantationschocken. Njut av enkel hantering och f\u00f6rvaring.\" \/>\n<meta property=\"og:url\" content=\"https:\/\/shop.natureneem.com\/sv\/e-shop\/coco-grow\/\" \/>\n<meta property=\"og:site_name\" content=\"NatureNeem e-Shop\" \/>\n<meta property=\"article:publisher\" content=\"https:\/\/www.facebook.com\/natureneemindia\/\" \/>\n<meta property=\"article:modified_time\" content=\"2025-06-20T14:07:53+00:00\" \/>\n<meta property=\"og:image\" content=\"https:\/\/shop.natureneem.com\/wp-content\/uploads\/2020\/03\/NN-COCOGROW-2025_01.jpg\" \/>\n\t<meta property=\"og:image:width\" content=\"2000\" \/>\n\t<meta property=\"og:image:height\" content=\"2000\" \/>\n\t<meta property=\"og:image:type\" content=\"image\/jpeg\" \/>\n<meta name=\"twitter:card\" content=\"summary_large_image\" \/>\n<meta name=\"twitter:site\" content=\"@natureneem\" \/>\n<meta name=\"twitter:label1\" content=\"Pris\" \/>\n\t<meta name=\"twitter:data1\" content=\"7,99&nbsp;&euro;\" \/>\n\t<meta name=\"twitter:label2\" content=\"Tillg\u00e4nglig\" \/>\n\t<meta name=\"twitter:data2\" content=\"I lager\" \/>\n<script type=\"application\/ld+json\" class=\"yoast-schema-graph\">{\"@context\":\"https:\/\/schema.org\",\"@graph\":[{\"@type\":\"WebPage\",\"@id\":\"https:\/\/shop.natureneem.com\/sv\/e-shop\/coco-grow\/\",\"url\":\"https:\/\/shop.natureneem.com\/sv\/e-shop\/coco-grow\/\",\"name\":\"Coco V\u00e4xa: L\u00e4tt att anv\u00e4nda och hantera planteringsmedium f\u00f6r v\u00e4xter \ud83e\udd65 NatureNeem e-Shop\",\"isPartOf\":{\"@id\":\"https:\/\/shop.natureneem.com\/sv\/#website\"},\"primaryImageOfPage\":{\"@id\":\"https:\/\/shop.natureneem.com\/sv\/e-shop\/coco-grow\/#primaryimage\"},\"image\":{\"@id\":\"https:\/\/shop.natureneem.com\/sv\/e-shop\/coco-grow\/#primaryimage\"},\"thumbnailUrl\":\"https:\/\/shop.natureneem.com\/wp-content\/uploads\/2020\/03\/NN-COCOGROW-2025_01.jpg\",\"datePublished\":\"2020-03-31T16:54:27+00:00\",\"dateModified\":\"2025-06-20T14:07:53+00:00\",\"description\":\"Ge dina v\u00e4xter den b\u00e4sta starten med Coco Grow, ett kostnadseffektivt och flexibelt planteringsmedium. Minimera transplantationschocken. Njut av enkel hantering och f\u00f6rvaring.\",\"breadcrumb\":{\"@id\":\"https:\/\/shop.natureneem.com\/sv\/e-shop\/coco-grow\/#breadcrumb\"},\"inLanguage\":\"sv-SE\",\"potentialAction\":[{\"@type\":\"ReadAction\",\"target\":[\"https:\/\/shop.natureneem.com\/sv\/e-shop\/coco-grow\/\"]}]},{\"@type\":\"ImageObject\",\"inLanguage\":\"sv-SE\",\"@id\":\"https:\/\/shop.natureneem.com\/sv\/e-shop\/coco-grow\/#primaryimage\",\"url\":\"https:\/\/shop.natureneem.com\/wp-content\/uploads\/2020\/03\/NN-COCOGROW-2025_01.jpg\",\"contentUrl\":\"https:\/\/shop.natureneem.com\/wp-content\/uploads\/2020\/03\/NN-COCOGROW-2025_01.jpg\",\"width\":2000,\"height\":2000,\"caption\":\"CocoGrow by NatureNeem - L\u00e4tt att hantera, f\u00f6rvara och anv\u00e4nda\"},{\"@type\":\"BreadcrumbList\",\"@id\":\"https:\/\/shop.natureneem.com\/sv\/e-shop\/coco-grow\/#breadcrumb\",\"itemListElement\":[{\"@type\":\"ListItem\",\"position\":1,\"name\":\"Home\",\"item\":\"https:\/\/shop.natureneem.com\/sv\/hem\/\"},{\"@type\":\"ListItem\",\"position\":2,\"name\":\"e-butik\",\"item\":\"https:\/\/shop.natureneem.com\/sv\/e-butik\/\"},{\"@type\":\"ListItem\",\"position\":3,\"name\":\"CocoGrow\"}]},{\"@type\":\"WebSite\",\"@id\":\"https:\/\/shop.natureneem.com\/sv\/#website\",\"url\":\"https:\/\/shop.natureneem.com\/sv\/\",\"name\":\"NatureNeem e-Shop\",\"description\":\"Official Shop from Nature Neem\",\"publisher\":{\"@id\":\"https:\/\/shop.natureneem.com\/sv\/#organization\"},\"alternateName\":\"Nature Neem\",\"potentialAction\":[{\"@type\":\"SearchAction\",\"target\":{\"@type\":\"EntryPoint\",\"urlTemplate\":\"https:\/\/shop.natureneem.com\/sv\/?s={search_term_string}\"},\"query-input\":{\"@type\":\"PropertyValueSpecification\",\"valueRequired\":true,\"valueName\":\"search_term_string\"}}],\"inLanguage\":\"sv-SE\"},{\"@type\":\"Organization\",\"@id\":\"https:\/\/shop.natureneem.com\/sv\/#organization\",\"name\":\"Nature Neem\",\"alternateName\":\"Lorsun SAS\",\"url\":\"https:\/\/shop.natureneem.com\/sv\/\",\"logo\":{\"@type\":\"ImageObject\",\"inLanguage\":\"sv-SE\",\"@id\":\"https:\/\/shop.natureneem.com\/sv\/#\/schema\/logo\/image\/\",\"url\":\"https:\/\/shop.natureneem.com\/wp-content\/uploads\/2024\/09\/nn-logo-symbole-2024-01.svg\",\"contentUrl\":\"https:\/\/shop.natureneem.com\/wp-content\/uploads\/2024\/09\/nn-logo-symbole-2024-01.svg\",\"width\":1,\"height\":1,\"caption\":\"Nature Neem\"},\"image\":{\"@id\":\"https:\/\/shop.natureneem.com\/sv\/#\/schema\/logo\/image\/\"},\"sameAs\":[\"https:\/\/www.facebook.com\/natureneemindia\/\",\"https:\/\/x.com\/natureneem\",\"https:\/\/www.youtube.com\/user\/natureneem\",\"https:\/\/www.linkedin.com\/company\/natureneem\"],\"description\":\"Vi \u00e4r engagerade i utveckling och kommersialisering av ekologiska l\u00f6sningar. Vi forts\u00e4tter att uppfinna dessa naturliga alternativa l\u00f6sningar som effektivt kan ers\u00e4tta de kemiskt syntetiserade produkter som skadar v\u00e5r milj\u00f6. V\u00e5rt team \u00e4r s\u00e4rskilt kompetent n\u00e4r det g\u00e4ller att f\u00f6resl\u00e5 ekologiska insatsvaror f\u00f6r jordbruket. Vi fungerar ocks\u00e5 som en sammanslutning av likasinnade m\u00e4nniskor som tror att naturen uppr\u00e4tth\u00e5ller l\u00f6sningen p\u00e5 alla milj\u00f6problem som m\u00e4nniskor st\u00e5r inf\u00f6r.   \",\"email\":\"info@natureneem.com\",\"telephone\":\"+91 77084 00899\",\"legalName\":\"NATURE NEEM PRODUCTS\",\"vatID\":\"FR08891657884\",\"numberOfEmployees\":{\"@type\":\"QuantitativeValue\",\"minValue\":\"51\",\"maxValue\":\"200\"},\"publishingPrinciples\":\"https:\/\/shop.natureneem.com\/\",\"actionableFeedbackPolicy\":\"https:\/\/shop.natureneem.com\/return-and-refund-policy\/\",\"hasMerchantReturnPolicy\":{\"@type\":\"MerchantReturnPolicy\",\"merchantReturnLink\":\"https:\/\/shop.natureneem.com\/return-and-refund-policy\/\"}}]}<\/script>\n<meta property=\"product:price:amount\" content=\"7.99\" \/>\n<meta property=\"product:price:currency\" content=\"EUR\" \/>\n<meta property=\"og:availability\" content=\"instock\" \/>\n<meta property=\"product:availability\" content=\"instock\" \/>\n<meta property=\"product:retailer_item_id\" content=\"NN-GP-CG\" \/>\n<meta property=\"product:condition\" content=\"new\" \/>\n<!-- \/ Yoast SEO Premium plugin. -->","yoast_head_json":{"title":"Coco V\u00e4xa: L\u00e4tt att anv\u00e4nda och hantera planteringsmedium f\u00f6r v\u00e4xter \ud83e\udd65 NatureNeem e-Shop","description":"Ge dina v\u00e4xter den b\u00e4sta starten med Coco Grow, ett kostnadseffektivt och flexibelt planteringsmedium. Minimera transplantationschocken. Njut av enkel hantering och f\u00f6rvaring.","robots":{"index":"index","follow":"follow","max-snippet":"max-snippet:-1","max-image-preview":"max-image-preview:large","max-video-preview":"max-video-preview:-1"},"canonical":"https:\/\/shop.natureneem.com\/sv\/e-shop\/coco-grow\/","og_locale":"sv_SE","og_type":"article","og_title":"CocoGrow","og_description":"Ge dina v\u00e4xter den b\u00e4sta starten med Coco Grow, ett kostnadseffektivt och flexibelt planteringsmedium. Minimera transplantationschocken. Njut av enkel hantering och f\u00f6rvaring.","og_url":"https:\/\/shop.natureneem.com\/sv\/e-shop\/coco-grow\/","og_site_name":"NatureNeem e-Shop","article_publisher":"https:\/\/www.facebook.com\/natureneemindia\/","article_modified_time":"2025-06-20T14:07:53+00:00","og_image":[{"width":2000,"height":2000,"url":"https:\/\/shop.natureneem.com\/wp-content\/uploads\/2020\/03\/NN-COCOGROW-2025_01.jpg","type":"image\/jpeg"}],"twitter_card":"summary_large_image","twitter_site":"@natureneem","twitter_misc":{"Pris":"7,99&nbsp;&euro;","Tillg\u00e4nglig":"I lager"},"schema":{"@context":"https:\/\/schema.org","@graph":[{"@type":"WebPage","@id":"https:\/\/shop.natureneem.com\/sv\/e-shop\/coco-grow\/","url":"https:\/\/shop.natureneem.com\/sv\/e-shop\/coco-grow\/","name":"Coco V\u00e4xa: L\u00e4tt att anv\u00e4nda och hantera planteringsmedium f\u00f6r v\u00e4xter \ud83e\udd65 NatureNeem e-Shop","isPartOf":{"@id":"https:\/\/shop.natureneem.com\/sv\/#website"},"primaryImageOfPage":{"@id":"https:\/\/shop.natureneem.com\/sv\/e-shop\/coco-grow\/#primaryimage"},"image":{"@id":"https:\/\/shop.natureneem.com\/sv\/e-shop\/coco-grow\/#primaryimage"},"thumbnailUrl":"https:\/\/shop.natureneem.com\/wp-content\/uploads\/2020\/03\/NN-COCOGROW-2025_01.jpg","datePublished":"2020-03-31T16:54:27+00:00","dateModified":"2025-06-20T14:07:53+00:00","description":"Ge dina v\u00e4xter den b\u00e4sta starten med Coco Grow, ett kostnadseffektivt och flexibelt planteringsmedium. Minimera transplantationschocken. Njut av enkel hantering och f\u00f6rvaring.","breadcrumb":{"@id":"https:\/\/shop.natureneem.com\/sv\/e-shop\/coco-grow\/#breadcrumb"},"inLanguage":"sv-SE","potentialAction":[{"@type":"ReadAction","target":["https:\/\/shop.natureneem.com\/sv\/e-shop\/coco-grow\/"]}]},{"@type":"ImageObject","inLanguage":"sv-SE","@id":"https:\/\/shop.natureneem.com\/sv\/e-shop\/coco-grow\/#primaryimage","url":"https:\/\/shop.natureneem.com\/wp-content\/uploads\/2020\/03\/NN-COCOGROW-2025_01.jpg","contentUrl":"https:\/\/shop.natureneem.com\/wp-content\/uploads\/2020\/03\/NN-COCOGROW-2025_01.jpg","width":2000,"height":2000,"caption":"CocoGrow by NatureNeem - L\u00e4tt att hantera, f\u00f6rvara och anv\u00e4nda"},{"@type":"BreadcrumbList","@id":"https:\/\/shop.natureneem.com\/sv\/e-shop\/coco-grow\/#breadcrumb","itemListElement":[{"@type":"ListItem","position":1,"name":"Home","item":"https:\/\/shop.natureneem.com\/sv\/hem\/"},{"@type":"ListItem","position":2,"name":"e-butik","item":"https:\/\/shop.natureneem.com\/sv\/e-butik\/"},{"@type":"ListItem","position":3,"name":"CocoGrow"}]},{"@type":"WebSite","@id":"https:\/\/shop.natureneem.com\/sv\/#website","url":"https:\/\/shop.natureneem.com\/sv\/","name":"NatureNeem e-Shop","description":"Official Shop from Nature Neem","publisher":{"@id":"https:\/\/shop.natureneem.com\/sv\/#organization"},"alternateName":"Nature Neem","potentialAction":[{"@type":"SearchAction","target":{"@type":"EntryPoint","urlTemplate":"https:\/\/shop.natureneem.com\/sv\/?s={search_term_string}"},"query-input":{"@type":"PropertyValueSpecification","valueRequired":true,"valueName":"search_term_string"}}],"inLanguage":"sv-SE"},{"@type":"Organization","@id":"https:\/\/shop.natureneem.com\/sv\/#organization","name":"Nature Neem","alternateName":"Lorsun SAS","url":"https:\/\/shop.natureneem.com\/sv\/","logo":{"@type":"ImageObject","inLanguage":"sv-SE","@id":"https:\/\/shop.natureneem.com\/sv\/#\/schema\/logo\/image\/","url":"https:\/\/shop.natureneem.com\/wp-content\/uploads\/2024\/09\/nn-logo-symbole-2024-01.svg","contentUrl":"https:\/\/shop.natureneem.com\/wp-content\/uploads\/2024\/09\/nn-logo-symbole-2024-01.svg","width":1,"height":1,"caption":"Nature Neem"},"image":{"@id":"https:\/\/shop.natureneem.com\/sv\/#\/schema\/logo\/image\/"},"sameAs":["https:\/\/www.facebook.com\/natureneemindia\/","https:\/\/x.com\/natureneem","https:\/\/www.youtube.com\/user\/natureneem","https:\/\/www.linkedin.com\/company\/natureneem"],"description":"Vi \u00e4r engagerade i utveckling och kommersialisering av ekologiska l\u00f6sningar. Vi forts\u00e4tter att uppfinna dessa naturliga alternativa l\u00f6sningar som effektivt kan ers\u00e4tta de kemiskt syntetiserade produkter som skadar v\u00e5r milj\u00f6. V\u00e5rt team \u00e4r s\u00e4rskilt kompetent n\u00e4r det g\u00e4ller att f\u00f6resl\u00e5 ekologiska insatsvaror f\u00f6r jordbruket. Vi fungerar ocks\u00e5 som en sammanslutning av likasinnade m\u00e4nniskor som tror att naturen uppr\u00e4tth\u00e5ller l\u00f6sningen p\u00e5 alla milj\u00f6problem som m\u00e4nniskor st\u00e5r inf\u00f6r.   ","email":"info@natureneem.com","telephone":"+91 77084 00899","legalName":"NATURE NEEM PRODUCTS","vatID":"FR08891657884","numberOfEmployees":{"@type":"QuantitativeValue","minValue":"51","maxValue":"200"},"publishingPrinciples":"https:\/\/shop.natureneem.com\/","actionableFeedbackPolicy":"https:\/\/shop.natureneem.com\/return-and-refund-policy\/","hasMerchantReturnPolicy":{"@type":"MerchantReturnPolicy","merchantReturnLink":"https:\/\/shop.natureneem.com\/return-and-refund-policy\/"}}]},"product_price_amount":"7.99","product_price_currency":"EUR","og_availability":"instock","product_availability":"instock","product_retailer_item_id":"NN-GP-CG","product_condition":"new"},"_links":{"self":[{"href":"https:\/\/shop.natureneem.com\/sv\/wp-json\/wp\/v2\/product\/6110","targetHints":{"allow":["GET"]}}],"collection":[{"href":"https:\/\/shop.natureneem.com\/sv\/wp-json\/wp\/v2\/product"}],"about":[{"href":"https:\/\/shop.natureneem.com\/sv\/wp-json\/wp\/v2\/types\/product"}],"replies":[{"embeddable":true,"href":"https:\/\/shop.natureneem.com\/sv\/wp-json\/wp\/v2\/comments?post=6110"}],"wp:featuredmedia":[{"embeddable":true,"href":"https:\/\/shop.natureneem.com\/sv\/wp-json\/wp\/v2\/media\/12158"}],"wp:attachment":[{"href":"https:\/\/shop.natureneem.com\/sv\/wp-json\/wp\/v2\/media?parent=6110"}],"wp:term":[{"taxonomy":"product_brand","embeddable":true,"href":"https:\/\/shop.natureneem.com\/sv\/wp-json\/wp\/v2\/product_brand?post=6110"},{"taxonomy":"product_cat","embeddable":true,"href":"https:\/\/shop.natureneem.com\/sv\/wp-json\/wp\/v2\/product_cat?post=6110"},{"taxonomy":"product_tag","embeddable":true,"href":"https:\/\/shop.natureneem.com\/sv\/wp-json\/wp\/v2\/product_tag?post=6110"}],"curies":[{"name":"wp","href":"https:\/\/api.w.org\/{rel}","templated":true}]}}