{"id":6116,"date":"2021-05-15T12:16:27","date_gmt":"2021-05-15T10:16:27","guid":{"rendered":"https:\/\/shop.natureneem.com\/e-shop\/naturcoco\/"},"modified":"2026-04-30T19:13:21","modified_gmt":"2026-04-30T17:13:21","slug":"naturecoco","status":"publish","type":"product","link":"https:\/\/shop.natureneem.com\/sv\/e-shop\/naturecoco\/","title":{"rendered":"NaturCoco"},"content":{"rendered":"<div>\n<h3>Ren kokosn\u00f6tsolja kallpressad med tr\u00e4press &#8211; 500 ml<\/h3>\n<\/div>\n<h4><strong>Bruksanvisning f\u00f6r Nature Coco<\/strong><\/h4>\n<p>M\u00e5ngsidig matolja och ett h\u00e4lsosammare alternativ till traditionellt matfett. Anv\u00e4nds ocks\u00e5 som fuktgivare i h\u00e5r, p\u00e5 l\u00e4ppar och hud. <\/p>\n<ul class=\"uk-list uk-list-bullet uk-scrollspy-inview \" uk-scrollspy-class=\"\">\n<li class=\"el-item\">\n<div class=\"el-content uk-panel\">\n<p>\u00c4kta kokosolja erh\u00e5lls fr\u00e5n naturligt torkad, mogen kokosn\u00f6t COPRA<\/p>\n<\/div>\n<\/li>\n<li class=\"el-item\">\n<div class=\"el-content uk-panel\">\n<p>Oljan utvinns med den traditionella kallpressningsmetoden med hj\u00e4lp av tr\u00e4slipar.<\/p>\n<\/div>\n<\/li>\n<li class=\"el-item\">\n<div class=\"el-content uk-panel\">\n<p>De magiska ingredienserna i kokosn\u00f6ten och dess ursprungliga smak bevaras.<\/p>\n<\/div>\n<\/li>\n<li class=\"el-item\">\n<div class=\"el-content uk-panel\">\n<p>Inga konserveringsmedel tills\u00e4tts f\u00f6r att f\u00f6rl\u00e4nga h\u00e5llbarheten eller blekning g\u00f6rs f\u00f6r att p\u00e5 konstgjord v\u00e4g f\u00f6rb\u00e4ttra kvaliteten.<\/p>\n<\/div>\n<\/li>\n<li class=\"el-item\">\n<div class=\"el-content uk-panel\">\n<p>Livsmedelsgodk\u00e4nd olja som inte inneh\u00e5ller n\u00e5gra sp\u00e5r av bek\u00e4mpningsmedel, tungmetaller eller OGM.<\/p>\n<\/div>\n<\/li>\n<li class=\"el-item\">\n<div class=\"el-content uk-panel\">\n<p>Anv\u00e4ndningsomr\u00e5den: kosmetika &#8211; fuktighetskr\u00e4m, massage. Matlagning &#8211; ett h\u00e4lsosammare alternativ till traditionella matlagningsfetter. <\/p>\n<\/div>\n<\/li>\n<\/ul>\n<div class=\"tm-grid-expand uk-margin uk-grid\" uk-grid=\"\" uk-height-match=\"target: .uk-card\">\n<div class=\"uk-width-1-2@s uk-first-column\">\n<div class=\"uk-card uk-card-secondary uk-card-body uk-margin-remove-first-child uk-margin\">\n<h4 class=\"el-title uk-heading-small uk-margin-top uk-margin-remove-bottom\">Kosmetika<\/h4>\n<div class=\"el-content uk-panel uk-text-lead uk-column-1-2@m uk-margin-top\">Appliceras p\u00e5 h\u00e5r, l\u00e4ppar och hud som fuktkr\u00e4m. S\u00e4gs \u00f6ka h\u00e5rv\u00e4xten. B\u00e4sta oljan f\u00f6r massage. Kan anv\u00e4ndas f\u00f6r att lugna och bota allergisk hud. Anv\u00e4nds som sminkborttagare.    <\/div>\n<\/div>\n<\/div>\n<div class=\"uk-width-1-2@s\">\n<div class=\"uk-card uk-card-primary uk-card-body uk-margin-remove-first-child uk-margin\">\n<h4 class=\"el-title uk-heading-small uk-margin-top uk-margin-remove-bottom\">Matlagning<\/h4>\n<div class=\"el-content uk-panel uk-text-lead uk-column-1-2@m uk-margin-top\">En m\u00e5ngsidig olja och ett h\u00e4lsosammare alternativ till traditionellt matfett. Kan anv\u00e4ndas till dressingar, matlagning, stekning, rostning, bakning, s\u00e5ser och marinader. Perfekt f\u00f6r sallader och kalla r\u00e4tter. Den oraffinerade kallpressade oljan tillf\u00f6r doft och smak av kokosn\u00f6t till v\u00e5ra r\u00e4tter.   <\/div>\n<\/div>\n<\/div>\n<\/div>\n<div>\n<h4><strong>Sammans\u00e4ttning<\/strong><\/h4>\n<ul>\n<li>Inneh\u00e5ller 100% f\u00f6rst kallpressad kokosolja (copra).<\/li>\n<li>Genomsnittligt n\u00e4ringsinneh\u00e5ll f\u00f6r 100 g.<\/li>\n<li>Energi: 898 kcal.<\/li>\n<li>Fetter: 99 g varav m\u00e4ttade fettsyror: 93 g.<\/li>\n<li>Glukider \/ Proteiner \/ salter: 0 g<\/li>\n<\/ul>\n<\/div>\n<h4><strong>F\u00f6rvaring<\/strong><\/h4>\n<p>Anv\u00e4nds inom 6 m\u00e5nader efter att flaskan \u00f6ppnats. Kan f\u00f6rvaras i upp till 2 \u00e5r i kylsk\u00e5p.<br \/>\nF\u00f6rvaras svalt, torrt och skyddat fr\u00e5n solljus <\/p>\n<h4><strong>S\u00e4kerhetsinformation<\/strong><\/h4>\n<p>Inneh\u00e5ller inga proteiner. Kontaktallergisk dermatit kan f\u00f6rekomma i extremt s\u00e4llsynta fall.<br \/>\nF\u00f6rpackning i BPA-fria PEG-\u00e5tervinningsbara flaskor. <\/p>\n<h3>F\u00e5 mer information om NatureCoco ren kokosn\u00f6tsolja<\/h3>\n<p><img loading=\"lazy\" decoding=\"async\" class=\"alignleft wp-image-416 size-thumbnail\" src=\"https:\/\/shop.natureneem.com\/wp-content\/uploads\/2021\/05\/nn_naturecoco_deco02-150x150.webp\" alt=\"NatureCoco av NatureNeem\" width=\"150\" height=\"150\"><\/p>\n<div><a class=\"uk-button uk-button-secondary uk-button-large\" href=\"https:\/\/natureneem.com\/en\/products\/naturecoco\" target=\"_blank\" rel=\"noopener noreferrer\">Klicka h\u00e4r<\/a><\/div>\n<div><\/div>\n","protected":false},"excerpt":{"rendered":"<h3 class=\"ai-optimize-10\">Ekologisk jungfru kokosn\u00f6tsolja<\/h3>\n<p class=\"ai-optimize-11\">Ingen v\u00e4rme, inget blekmedel, inga konserveringsmedel<\/p>\n","protected":false},"featured_media":11922,"comment_status":"open","ping_status":"closed","template":"","meta":[],"product_brand":[],"product_cat":[249],"product_tag":[],"class_list":{"0":"post-6116","1":"product","2":"type-product","3":"status-publish","4":"has-post-thumbnail","6":"product_cat-kokosprodukter","7":"product_shipping_class-06-kg-sv","9":"first","10":"instock","11":"sale","12":"shipping-taxable","13":"purchasable","14":"product-type-simple"},"yoast_head":"<!-- This site is optimized with the Yoast SEO Premium plugin v27.5 (Yoast SEO v27.5) - https:\/\/yoast.com\/product\/yoast-seo-premium-wordpress\/ -->\n<title>Ren kallpressad kokosn\u00f6tsolja<\/title>\n<meta name=\"description\" content=\"Njut av den rena godheten i Nature Cocos ekologiska jungfru kokosn\u00f6tsolja. Inga bek\u00e4mpningsmedel, tungmetaller eller OGM. F\u00f6rb\u00e4ttra ditt v\u00e4lbefinnande idag!\" \/>\n<meta name=\"robots\" content=\"index, follow, max-snippet:-1, max-image-preview:large, max-video-preview:-1\" \/>\n<link rel=\"canonical\" href=\"https:\/\/shop.natureneem.com\/sv\/e-shop\/naturecoco\/\" \/>\n<meta property=\"og:locale\" content=\"sv_SE\" \/>\n<meta property=\"og:type\" content=\"article\" \/>\n<meta property=\"og:title\" content=\"NaturCoco\" \/>\n<meta property=\"og:description\" content=\"Njut av den rena godheten i Nature Cocos ekologiska jungfru kokosn\u00f6tsolja. Inga bek\u00e4mpningsmedel, tungmetaller eller OGM. F\u00f6rb\u00e4ttra ditt v\u00e4lbefinnande idag!\" \/>\n<meta property=\"og:url\" content=\"https:\/\/shop.natureneem.com\/sv\/e-shop\/naturecoco\/\" \/>\n<meta property=\"og:site_name\" content=\"NatureNeem e-Shop\" \/>\n<meta property=\"article:publisher\" content=\"https:\/\/www.facebook.com\/natureneemindia\/\" \/>\n<meta property=\"article:modified_time\" content=\"2026-04-30T17:13:21+00:00\" \/>\n<meta property=\"og:image\" content=\"https:\/\/shop.natureneem.com\/wp-content\/uploads\/2021\/05\/NN-COCO-2025_01.jpg\" \/>\n\t<meta property=\"og:image:width\" content=\"800\" \/>\n\t<meta property=\"og:image:height\" content=\"800\" \/>\n\t<meta property=\"og:image:type\" content=\"image\/jpeg\" \/>\n<meta name=\"twitter:card\" content=\"summary_large_image\" \/>\n<meta name=\"twitter:site\" content=\"@natureneem\" \/>\n<meta name=\"twitter:label1\" content=\"Pris\" \/>\n\t<meta name=\"twitter:data1\" content=\"9,99&nbsp;&euro;\" \/>\n\t<meta name=\"twitter:label2\" content=\"Tillg\u00e4nglig\" \/>\n\t<meta name=\"twitter:data2\" content=\"I lager\" \/>\n<script type=\"application\/ld+json\" class=\"yoast-schema-graph\">{\"@context\":\"https:\\\/\\\/schema.org\",\"@graph\":[{\"@type\":\"WebPage\",\"@id\":\"https:\\\/\\\/shop.natureneem.com\\\/sv\\\/e-shop\\\/naturecoco\\\/\",\"url\":\"https:\\\/\\\/shop.natureneem.com\\\/sv\\\/e-shop\\\/naturecoco\\\/\",\"name\":\"Ren kallpressad kokosn\u00f6tsolja\",\"isPartOf\":{\"@id\":\"https:\\\/\\\/shop.natureneem.com\\\/sv\\\/#website\"},\"primaryImageOfPage\":{\"@id\":\"https:\\\/\\\/shop.natureneem.com\\\/sv\\\/e-shop\\\/naturecoco\\\/#primaryimage\"},\"image\":{\"@id\":\"https:\\\/\\\/shop.natureneem.com\\\/sv\\\/e-shop\\\/naturecoco\\\/#primaryimage\"},\"thumbnailUrl\":\"https:\\\/\\\/shop.natureneem.com\\\/wp-content\\\/uploads\\\/2021\\\/05\\\/NN-COCO-2025_01.jpg\",\"datePublished\":\"2021-05-15T10:16:27+00:00\",\"dateModified\":\"2026-04-30T17:13:21+00:00\",\"description\":\"Njut av den rena godheten i Nature Cocos ekologiska jungfru kokosn\u00f6tsolja. Inga bek\u00e4mpningsmedel, tungmetaller eller OGM. F\u00f6rb\u00e4ttra ditt v\u00e4lbefinnande idag!\",\"breadcrumb\":{\"@id\":\"https:\\\/\\\/shop.natureneem.com\\\/sv\\\/e-shop\\\/naturecoco\\\/#breadcrumb\"},\"inLanguage\":\"sv-SE\",\"potentialAction\":[{\"@type\":\"ReadAction\",\"target\":[\"https:\\\/\\\/shop.natureneem.com\\\/sv\\\/e-shop\\\/naturecoco\\\/\"]}]},{\"@type\":\"ImageObject\",\"inLanguage\":\"sv-SE\",\"@id\":\"https:\\\/\\\/shop.natureneem.com\\\/sv\\\/e-shop\\\/naturecoco\\\/#primaryimage\",\"url\":\"https:\\\/\\\/shop.natureneem.com\\\/wp-content\\\/uploads\\\/2021\\\/05\\\/NN-COCO-2025_01.jpg\",\"contentUrl\":\"https:\\\/\\\/shop.natureneem.com\\\/wp-content\\\/uploads\\\/2021\\\/05\\\/NN-COCO-2025_01.jpg\",\"width\":800,\"height\":800},{\"@type\":\"BreadcrumbList\",\"@id\":\"https:\\\/\\\/shop.natureneem.com\\\/sv\\\/e-shop\\\/naturecoco\\\/#breadcrumb\",\"itemListElement\":[{\"@type\":\"ListItem\",\"position\":1,\"name\":\"Home\",\"item\":\"https:\\\/\\\/shop.natureneem.com\\\/sv\\\/hem\\\/\"},{\"@type\":\"ListItem\",\"position\":2,\"name\":\"e-butik\",\"item\":\"https:\\\/\\\/shop.natureneem.com\\\/sv\\\/e-butik\\\/\"},{\"@type\":\"ListItem\",\"position\":3,\"name\":\"NaturCoco\"}]},{\"@type\":\"WebSite\",\"@id\":\"https:\\\/\\\/shop.natureneem.com\\\/sv\\\/#website\",\"url\":\"https:\\\/\\\/shop.natureneem.com\\\/sv\\\/\",\"name\":\"NatureNeem e-Shop\",\"description\":\"Official Shop from Nature Neem\",\"publisher\":{\"@id\":\"https:\\\/\\\/shop.natureneem.com\\\/sv\\\/#organization\"},\"alternateName\":\"Nature Neem\",\"potentialAction\":[{\"@type\":\"SearchAction\",\"target\":{\"@type\":\"EntryPoint\",\"urlTemplate\":\"https:\\\/\\\/shop.natureneem.com\\\/sv\\\/?s={search_term_string}\"},\"query-input\":{\"@type\":\"PropertyValueSpecification\",\"valueRequired\":true,\"valueName\":\"search_term_string\"}}],\"inLanguage\":\"sv-SE\"},{\"@type\":\"Organization\",\"@id\":\"https:\\\/\\\/shop.natureneem.com\\\/sv\\\/#organization\",\"name\":\"Nature Neem\",\"alternateName\":\"Lorsun SAS\",\"url\":\"https:\\\/\\\/shop.natureneem.com\\\/sv\\\/\",\"logo\":{\"@type\":\"ImageObject\",\"inLanguage\":\"sv-SE\",\"@id\":\"https:\\\/\\\/shop.natureneem.com\\\/sv\\\/#\\\/schema\\\/logo\\\/image\\\/\",\"url\":\"https:\\\/\\\/shop.natureneem.com\\\/wp-content\\\/uploads\\\/2024\\\/09\\\/nn-logo-symbole-2024-01.svg\",\"contentUrl\":\"https:\\\/\\\/shop.natureneem.com\\\/wp-content\\\/uploads\\\/2024\\\/09\\\/nn-logo-symbole-2024-01.svg\",\"width\":1,\"height\":1,\"caption\":\"Nature Neem\"},\"image\":{\"@id\":\"https:\\\/\\\/shop.natureneem.com\\\/sv\\\/#\\\/schema\\\/logo\\\/image\\\/\"},\"sameAs\":[\"https:\\\/\\\/www.facebook.com\\\/natureneemindia\\\/\",\"https:\\\/\\\/x.com\\\/natureneem\",\"https:\\\/\\\/www.youtube.com\\\/user\\\/natureneem\",\"https:\\\/\\\/www.linkedin.com\\\/company\\\/natureneem\"],\"description\":\"Vi \u00e4r engagerade i utveckling och kommersialisering av ekologiska l\u00f6sningar. Vi forts\u00e4tter att uppfinna dessa naturliga alternativa l\u00f6sningar som effektivt kan ers\u00e4tta de kemiskt syntetiserade produkter som skadar v\u00e5r milj\u00f6. V\u00e5rt team \u00e4r s\u00e4rskilt kompetent n\u00e4r det g\u00e4ller att f\u00f6resl\u00e5 ekologiska insatsvaror f\u00f6r jordbruket. Vi fungerar ocks\u00e5 som en sammanslutning av likasinnade m\u00e4nniskor som tror att naturen uppr\u00e4tth\u00e5ller l\u00f6sningen p\u00e5 alla milj\u00f6problem som m\u00e4nniskor st\u00e5r inf\u00f6r.   \",\"email\":\"info@natureneem.com\",\"telephone\":\"+91 77084 00899\",\"legalName\":\"NATURE NEEM PRODUCTS\",\"vatID\":\"FR08891657884\",\"numberOfEmployees\":{\"@type\":\"QuantitativeValue\",\"minValue\":\"51\",\"maxValue\":\"200\"},\"publishingPrinciples\":\"https:\\\/\\\/shop.natureneem.com\\\/\",\"actionableFeedbackPolicy\":\"https:\\\/\\\/shop.natureneem.com\\\/return-and-refund-policy\\\/\",\"hasMerchantReturnPolicy\":{\"@type\":\"MerchantReturnPolicy\",\"merchantReturnLink\":\"https:\\\/\\\/shop.natureneem.com\\\/return-and-refund-policy\\\/\"}}]}<\/script>\n<meta property=\"product:price:amount\" content=\"9.99\" \/>\n<meta property=\"product:price:currency\" content=\"EUR\" \/>\n<meta property=\"og:availability\" content=\"instock\" \/>\n<meta property=\"product:availability\" content=\"instock\" \/>\n<meta property=\"product:retailer_item_id\" content=\"NN-CP-NC-500\" \/>\n<meta property=\"product:condition\" content=\"new\" \/>\n<!-- \/ Yoast SEO Premium plugin. -->","yoast_head_json":{"title":"Ren kallpressad kokosn\u00f6tsolja","description":"Njut av den rena godheten i Nature Cocos ekologiska jungfru kokosn\u00f6tsolja. Inga bek\u00e4mpningsmedel, tungmetaller eller OGM. F\u00f6rb\u00e4ttra ditt v\u00e4lbefinnande idag!","robots":{"index":"index","follow":"follow","max-snippet":"max-snippet:-1","max-image-preview":"max-image-preview:large","max-video-preview":"max-video-preview:-1"},"canonical":"https:\/\/shop.natureneem.com\/sv\/e-shop\/naturecoco\/","og_locale":"sv_SE","og_type":"article","og_title":"NaturCoco","og_description":"Njut av den rena godheten i Nature Cocos ekologiska jungfru kokosn\u00f6tsolja. Inga bek\u00e4mpningsmedel, tungmetaller eller OGM. F\u00f6rb\u00e4ttra ditt v\u00e4lbefinnande idag!","og_url":"https:\/\/shop.natureneem.com\/sv\/e-shop\/naturecoco\/","og_site_name":"NatureNeem e-Shop","article_publisher":"https:\/\/www.facebook.com\/natureneemindia\/","article_modified_time":"2026-04-30T17:13:21+00:00","og_image":[{"width":800,"height":800,"url":"https:\/\/shop.natureneem.com\/wp-content\/uploads\/2021\/05\/NN-COCO-2025_01.jpg","type":"image\/jpeg"}],"twitter_card":"summary_large_image","twitter_site":"@natureneem","twitter_misc":{"Pris":"9,99&nbsp;&euro;","Tillg\u00e4nglig":"I lager"},"schema":{"@context":"https:\/\/schema.org","@graph":[{"@type":"WebPage","@id":"https:\/\/shop.natureneem.com\/sv\/e-shop\/naturecoco\/","url":"https:\/\/shop.natureneem.com\/sv\/e-shop\/naturecoco\/","name":"Ren kallpressad kokosn\u00f6tsolja","isPartOf":{"@id":"https:\/\/shop.natureneem.com\/sv\/#website"},"primaryImageOfPage":{"@id":"https:\/\/shop.natureneem.com\/sv\/e-shop\/naturecoco\/#primaryimage"},"image":{"@id":"https:\/\/shop.natureneem.com\/sv\/e-shop\/naturecoco\/#primaryimage"},"thumbnailUrl":"https:\/\/shop.natureneem.com\/wp-content\/uploads\/2021\/05\/NN-COCO-2025_01.jpg","datePublished":"2021-05-15T10:16:27+00:00","dateModified":"2026-04-30T17:13:21+00:00","description":"Njut av den rena godheten i Nature Cocos ekologiska jungfru kokosn\u00f6tsolja. Inga bek\u00e4mpningsmedel, tungmetaller eller OGM. F\u00f6rb\u00e4ttra ditt v\u00e4lbefinnande idag!","breadcrumb":{"@id":"https:\/\/shop.natureneem.com\/sv\/e-shop\/naturecoco\/#breadcrumb"},"inLanguage":"sv-SE","potentialAction":[{"@type":"ReadAction","target":["https:\/\/shop.natureneem.com\/sv\/e-shop\/naturecoco\/"]}]},{"@type":"ImageObject","inLanguage":"sv-SE","@id":"https:\/\/shop.natureneem.com\/sv\/e-shop\/naturecoco\/#primaryimage","url":"https:\/\/shop.natureneem.com\/wp-content\/uploads\/2021\/05\/NN-COCO-2025_01.jpg","contentUrl":"https:\/\/shop.natureneem.com\/wp-content\/uploads\/2021\/05\/NN-COCO-2025_01.jpg","width":800,"height":800},{"@type":"BreadcrumbList","@id":"https:\/\/shop.natureneem.com\/sv\/e-shop\/naturecoco\/#breadcrumb","itemListElement":[{"@type":"ListItem","position":1,"name":"Home","item":"https:\/\/shop.natureneem.com\/sv\/hem\/"},{"@type":"ListItem","position":2,"name":"e-butik","item":"https:\/\/shop.natureneem.com\/sv\/e-butik\/"},{"@type":"ListItem","position":3,"name":"NaturCoco"}]},{"@type":"WebSite","@id":"https:\/\/shop.natureneem.com\/sv\/#website","url":"https:\/\/shop.natureneem.com\/sv\/","name":"NatureNeem e-Shop","description":"Official Shop from Nature Neem","publisher":{"@id":"https:\/\/shop.natureneem.com\/sv\/#organization"},"alternateName":"Nature Neem","potentialAction":[{"@type":"SearchAction","target":{"@type":"EntryPoint","urlTemplate":"https:\/\/shop.natureneem.com\/sv\/?s={search_term_string}"},"query-input":{"@type":"PropertyValueSpecification","valueRequired":true,"valueName":"search_term_string"}}],"inLanguage":"sv-SE"},{"@type":"Organization","@id":"https:\/\/shop.natureneem.com\/sv\/#organization","name":"Nature Neem","alternateName":"Lorsun SAS","url":"https:\/\/shop.natureneem.com\/sv\/","logo":{"@type":"ImageObject","inLanguage":"sv-SE","@id":"https:\/\/shop.natureneem.com\/sv\/#\/schema\/logo\/image\/","url":"https:\/\/shop.natureneem.com\/wp-content\/uploads\/2024\/09\/nn-logo-symbole-2024-01.svg","contentUrl":"https:\/\/shop.natureneem.com\/wp-content\/uploads\/2024\/09\/nn-logo-symbole-2024-01.svg","width":1,"height":1,"caption":"Nature Neem"},"image":{"@id":"https:\/\/shop.natureneem.com\/sv\/#\/schema\/logo\/image\/"},"sameAs":["https:\/\/www.facebook.com\/natureneemindia\/","https:\/\/x.com\/natureneem","https:\/\/www.youtube.com\/user\/natureneem","https:\/\/www.linkedin.com\/company\/natureneem"],"description":"Vi \u00e4r engagerade i utveckling och kommersialisering av ekologiska l\u00f6sningar. Vi forts\u00e4tter att uppfinna dessa naturliga alternativa l\u00f6sningar som effektivt kan ers\u00e4tta de kemiskt syntetiserade produkter som skadar v\u00e5r milj\u00f6. V\u00e5rt team \u00e4r s\u00e4rskilt kompetent n\u00e4r det g\u00e4ller att f\u00f6resl\u00e5 ekologiska insatsvaror f\u00f6r jordbruket. Vi fungerar ocks\u00e5 som en sammanslutning av likasinnade m\u00e4nniskor som tror att naturen uppr\u00e4tth\u00e5ller l\u00f6sningen p\u00e5 alla milj\u00f6problem som m\u00e4nniskor st\u00e5r inf\u00f6r.   ","email":"info@natureneem.com","telephone":"+91 77084 00899","legalName":"NATURE NEEM PRODUCTS","vatID":"FR08891657884","numberOfEmployees":{"@type":"QuantitativeValue","minValue":"51","maxValue":"200"},"publishingPrinciples":"https:\/\/shop.natureneem.com\/","actionableFeedbackPolicy":"https:\/\/shop.natureneem.com\/return-and-refund-policy\/","hasMerchantReturnPolicy":{"@type":"MerchantReturnPolicy","merchantReturnLink":"https:\/\/shop.natureneem.com\/return-and-refund-policy\/"}}]},"product_price_amount":"9.99","product_price_currency":"EUR","og_availability":"instock","product_availability":"instock","product_retailer_item_id":"NN-CP-NC-500","product_condition":"new"},"_links":{"self":[{"href":"https:\/\/shop.natureneem.com\/sv\/wp-json\/wp\/v2\/product\/6116","targetHints":{"allow":["GET"]}}],"collection":[{"href":"https:\/\/shop.natureneem.com\/sv\/wp-json\/wp\/v2\/product"}],"about":[{"href":"https:\/\/shop.natureneem.com\/sv\/wp-json\/wp\/v2\/types\/product"}],"replies":[{"embeddable":true,"href":"https:\/\/shop.natureneem.com\/sv\/wp-json\/wp\/v2\/comments?post=6116"}],"wp:featuredmedia":[{"embeddable":true,"href":"https:\/\/shop.natureneem.com\/sv\/wp-json\/wp\/v2\/media\/11922"}],"wp:attachment":[{"href":"https:\/\/shop.natureneem.com\/sv\/wp-json\/wp\/v2\/media?parent=6116"}],"wp:term":[{"taxonomy":"product_brand","embeddable":true,"href":"https:\/\/shop.natureneem.com\/sv\/wp-json\/wp\/v2\/product_brand?post=6116"},{"taxonomy":"product_cat","embeddable":true,"href":"https:\/\/shop.natureneem.com\/sv\/wp-json\/wp\/v2\/product_cat?post=6116"},{"taxonomy":"product_tag","embeddable":true,"href":"https:\/\/shop.natureneem.com\/sv\/wp-json\/wp\/v2\/product_tag?post=6116"}],"curies":[{"name":"wp","href":"https:\/\/api.w.org\/{rel}","templated":true}]}}