{"id":6130,"date":"2023-05-06T17:02:45","date_gmt":"2023-05-06T15:02:45","guid":{"rendered":"https:\/\/shop.natureneem.com\/e-shop\/nutraza\/"},"modified":"2025-06-13T07:51:15","modified_gmt":"2025-06-13T05:51:15","slug":"nutraza","status":"publish","type":"product","link":"https:\/\/shop.natureneem.com\/sv\/e-shop\/nutraza\/","title":{"rendered":"NutrAza"},"content":{"rendered":"<h3><strong>Neemfr\u00f6kaka i pelletsform &#8211; B\u00e4sta organiska g\u00f6dselmedel, jordskyddsmedel och naturliga nematicider.<\/strong><\/h3>\n<h4><strong>Dosering<\/strong><\/h4>\n<ul>\n<li>Krukv\u00e4xt : 30 g \/ kg jord. Upp till 250 g f\u00f6r st\u00f6rre krukor. T\u00e4ck med en mulch.<br \/>\n<a href=\"https:\/\/www.youtube.com\/watch?v=yjb7McnAWbg\" target=\"_blank\" rel=\"noopener\">Krukv\u00e4xtvideo med NutrAza<\/a><\/li>\n<li>Plantskolor, k\u00f6kstr\u00e4dg\u00e5rd: 100 g \/ kvm. meter. 500-1000 g f\u00f6r en tomt p\u00e5 10-15 kvm. meter.   <\/li>\n<li>Tr\u00e4d och buskar : 100-500 g baserat p\u00e5 plantans storlek.<br \/>\nApplicering av NutrAza p\u00e5 frukttr\u00e4d. <a href=\"https:\/\/www.youtube.com\/watch?v=IKq8JdvQV0k\" target=\"_blank\" rel=\"noopener\">Video1<\/a> <a href=\"https:\/\/www.youtube.com\/watch?v=oZCcpArD4fs\" target=\"_blank\" rel=\"noopener\">Video2<\/a><\/li>\n<li>F\u00e4ltgr\u00f6dor: 1000-2000 kg per hektar beroende p\u00e5 markens b\u00f6rdighet och nematodf\u00f6rekomst.<\/li>\n<\/ul>\n<h4><strong>Berika och skydda din jord med ekologisk NutrAza. Ett g\u00f6dselmedel med l\u00e5ngsam fris\u00e4ttning som inte l\u00e4cker ut genom vatten.<br \/>\n<\/strong><\/h4>\n<p>NutrAza \u00e4r en speciell formulering av neemfr\u00f6kaka som beh\u00e5ller de viktigaste n\u00e4rings\u00e4mnena s\u00e5 l\u00e4nge som m\u00f6jligt. Dess pelleterade form \u00f6kar dess lagringsf\u00f6rm\u00e5ga i mer \u00e4n 2 \u00e5r, men neemfr\u00f6kaka eller pulver f\u00f6rs\u00e4mras om det lagras i mer \u00e4n 6 m\u00e5nader. NutrAza-pellets m\u00f6jligg\u00f6r basal jordapplicering eller toppdressing med hj\u00e4lp av sofistikerade mekaniserade maskiner.  <\/p>\n<h4><strong>Funktioner<\/strong><\/h4>\n<ul>\n<li style=\"list-style-type: none;\">\n<ul>\n<li>B\u00e4sta organiska g\u00f6dselmedel som inneh\u00e5ller makron\u00e4rings\u00e4mnen och mikron\u00e4rings\u00e4mnen i naturlig form.<\/li>\n<li>Biostimulerande medel f\u00f6r v\u00e4xterna n\u00e4r det absorberas genom r\u00f6tterna. Det p\u00e5skyndar rotutvecklingen och den totala v\u00e4xttillv\u00e4xten. <\/li>\n<li>NutrAza f\u00f6rb\u00e4ttrar det allm\u00e4nna utseendet p\u00e5 frukt och gr\u00f6nsaker och \u00f6kar blad\u00e5ldern, tillv\u00e4xten, blomningen och f\u00f6rst\u00e4rkningen av r\u00f6tterna.<\/li>\n<li>Jordf\u00f6rb\u00e4ttringsmedel som f\u00f6rb\u00e4ttrar markstrukturen genom att tillf\u00f6ra organiskt inneh\u00e5ll och \u00e5terf\u00f6ra markfloran.<\/li>\n<li>Naturligt jordbek\u00e4mpningsmedel och fungicid som st\u00f6ter bort jordinsekter och hindrar jordpatogena svampar.<\/li>\n<li>B\u00e4sta naturliga nematicide med en vetenskapligt bevisad l\u00e5ngsiktig l\u00f6sning mot ett spektrum av nematoder som p\u00e5verkar v\u00e4xter.<\/li>\n<li>G\u00f6dselmedel med l\u00e5ngsam fris\u00e4ttning som passar perfekt f\u00f6r h\u00f6st- och vinterg\u00f6dsling.<\/li>\n<\/ul>\n<\/li>\n<\/ul>\n<p><span style=\"text-decoration: underline;\"><strong>NutrAza \u00e4r certifierat av Ecocert<\/strong><\/span> som en ekologisk insatsvara i enlighet med de olika jordbruksstandarderna. Det \u00e4r den popul\u00e4raste insatsvaran f\u00f6r jordbrukare som s\u00f6ker ekologiska certifieringar. <\/p>\n<h4><strong>Skadedjursavvisande aktivitet hos NutrAza.  <\/strong><\/h4>\n<p><strong>NutrAza <\/strong>har visat sig vara effektivt mot ett brett spektrum av nematoder. Det h\u00e4mmar ocks\u00e5 tillv\u00e4xten av en rad jordburna parasitiska svampar som orsakar rotr\u00f6ta, vissnesjuka etc. <\/p>\n<h3><strong>Fullst\u00e4ndig beskrivning, applikationer och information om denna produkt.<\/strong><\/h3>\n<p><a class=\"uk-button uk-button-small uk-button-primary\" href=\"https:\/\/natureneem.com\/en\/products\/nutraza\" target=\"_blank\" rel=\"noopener noreferrer\">KLICKA H\u00c4R<\/a><\/p>\n","protected":false},"excerpt":{"rendered":"<h2 class=\"ai-optimize-15\">Pellet av neemfr\u00f6kaka som naturligt organiskt g\u00f6dselmedel och jordskyddsmedel<\/h2>\n","protected":false},"featured_media":11912,"comment_status":"open","ping_status":"closed","template":"","meta":[],"product_brand":[],"product_cat":[236],"product_tag":[263,264,260,261,262],"class_list":{"0":"post-6130","1":"product","2":"type-product","3":"status-publish","4":"has-post-thumbnail","6":"product_cat-neem-produkter","7":"product_tag-godselmedel","8":"product_tag-karnpulver","9":"product_tag-neem-sv","10":"product_tag-nutraza-sv","11":"product_tag-organisk","12":"pa_packing-10kg-sv","13":"pa_packing-15kg-sv","14":"pa_packing-2kg-sv","15":"pa_packing-20kg-sv","16":"pa_packing-25kg-sv","17":"pa_packing-25-kg_powder-sv","18":"pa_packing-5kg-sv","20":"first","21":"instock","22":"shipping-taxable","23":"purchasable","24":"product-type-variable","25":"has-default-attributes"},"yoast_head":"<!-- This site is optimized with the Yoast SEO Premium plugin v27.1 (Yoast SEO v27.2) - https:\/\/yoast.com\/product\/yoast-seo-premium-wordpress\/ -->\n<title>Neem Fr\u00f6 Pellet: Organisk jordberikning och g\u00f6dsling - NatureNeem e-Shop<\/title>\n<meta name=\"description\" content=\"\u00d6ka tillv\u00e4xten hos dina v\u00e4xter med NutrAZA, pellets av neemfr\u00f6kaka. Naturligt organiskt g\u00f6dselmedel. F\u00f6rb\u00e4ttrar rotutvecklingen och skyddar mot skadedjur. Neem pellets.\" \/>\n<meta name=\"robots\" content=\"index, follow, max-snippet:-1, max-image-preview:large, max-video-preview:-1\" \/>\n<link rel=\"canonical\" href=\"https:\/\/shop.natureneem.com\/sv\/e-shop\/nutraza\/\" \/>\n<meta property=\"og:locale\" content=\"sv_SE\" \/>\n<meta property=\"og:type\" content=\"article\" \/>\n<meta property=\"og:title\" content=\"Kraftfullt g\u00f6dningsmedel f\u00f6r Neem-fr\u00f6n f\u00f6r h\u00e4lsosam jord och v\u00e4xter\" \/>\n<meta property=\"og:description\" content=\"\u00d6ka v\u00e4xternas tillv\u00e4xt och rotutveckling med v\u00e5ra pellets av neemfr\u00f6. Tillverkad med naturliga makron\u00e4rings\u00e4mnen och mikron\u00e4rings\u00e4mnen, det \u00e4r det perfekta ekologiska valet. \ud83c\udf3f\" \/>\n<meta property=\"og:url\" content=\"https:\/\/shop.natureneem.com\/sv\/e-shop\/nutraza\/\" \/>\n<meta property=\"og:site_name\" content=\"NatureNeem e-Shop\" \/>\n<meta property=\"article:publisher\" content=\"https:\/\/www.facebook.com\/natureneemindia\/\" \/>\n<meta property=\"article:modified_time\" content=\"2025-06-13T05:51:15+00:00\" \/>\n<meta property=\"og:image\" content=\"https:\/\/shop.natureneem.com\/wp-content\/uploads\/2024\/10\/nn_nutraza_en-2kg-800x800-1.jpg\" \/>\n\t<meta property=\"og:image:width\" content=\"800\" \/>\n\t<meta property=\"og:image:height\" content=\"800\" \/>\n\t<meta property=\"og:image:type\" content=\"image\/jpeg\" \/>\n<meta name=\"twitter:card\" content=\"summary_large_image\" \/>\n<meta name=\"twitter:title\" content=\"Neem fr\u00f6 pellet: Organisk jordf\u00f6rb\u00e4ttrings- och g\u00f6dselmedel\" \/>\n<meta name=\"twitter:description\" content=\"Ge dina v\u00e4xter en naturlig boost med v\u00e5ra neemfr\u00f6pellets. Dessa biostimulanter fr\u00e4mjar rotutvecklingen och den totala v\u00e4xttillv\u00e4xten. Prova dem sj\u00e4lv och se skillnaden!\" \/>\n<meta name=\"twitter:site\" content=\"@natureneem\" \/>\n<meta name=\"twitter:label1\" content=\"Tillg\u00e4nglig\" \/>\n\t<meta name=\"twitter:data1\" content=\"I lager\" \/>\n<script type=\"application\/ld+json\" class=\"yoast-schema-graph\">{\"@context\":\"https:\/\/schema.org\",\"@graph\":[{\"@type\":\"WebPage\",\"@id\":\"https:\/\/shop.natureneem.com\/sv\/e-shop\/nutraza\/\",\"url\":\"https:\/\/shop.natureneem.com\/sv\/e-shop\/nutraza\/\",\"name\":\"Neem Fr\u00f6 Pellet: Organisk jordberikning och g\u00f6dsling - NatureNeem e-Shop\",\"isPartOf\":{\"@id\":\"https:\/\/shop.natureneem.com\/sv\/#website\"},\"primaryImageOfPage\":{\"@id\":\"https:\/\/shop.natureneem.com\/sv\/e-shop\/nutraza\/#primaryimage\"},\"image\":{\"@id\":\"https:\/\/shop.natureneem.com\/sv\/e-shop\/nutraza\/#primaryimage\"},\"thumbnailUrl\":\"https:\/\/shop.natureneem.com\/wp-content\/uploads\/2024\/10\/nn_nutraza_en-2kg-800x800-1.jpg\",\"datePublished\":\"2023-05-06T15:02:45+00:00\",\"dateModified\":\"2025-06-13T05:51:15+00:00\",\"description\":\"\u00d6ka tillv\u00e4xten hos dina v\u00e4xter med NutrAZA, pellets av neemfr\u00f6kaka. Naturligt organiskt g\u00f6dselmedel. F\u00f6rb\u00e4ttrar rotutvecklingen och skyddar mot skadedjur. Neem pellets.\",\"breadcrumb\":{\"@id\":\"https:\/\/shop.natureneem.com\/sv\/e-shop\/nutraza\/#breadcrumb\"},\"inLanguage\":\"sv-SE\",\"potentialAction\":[{\"@type\":\"ReadAction\",\"target\":[\"https:\/\/shop.natureneem.com\/sv\/e-shop\/nutraza\/\"]}]},{\"@type\":\"ImageObject\",\"inLanguage\":\"sv-SE\",\"@id\":\"https:\/\/shop.natureneem.com\/sv\/e-shop\/nutraza\/#primaryimage\",\"url\":\"https:\/\/shop.natureneem.com\/wp-content\/uploads\/2024\/10\/nn_nutraza_en-2kg-800x800-1.jpg\",\"contentUrl\":\"https:\/\/shop.natureneem.com\/wp-content\/uploads\/2024\/10\/nn_nutraza_en-2kg-800x800-1.jpg\",\"width\":800,\"height\":800},{\"@type\":\"BreadcrumbList\",\"@id\":\"https:\/\/shop.natureneem.com\/sv\/e-shop\/nutraza\/#breadcrumb\",\"itemListElement\":[{\"@type\":\"ListItem\",\"position\":1,\"name\":\"Home\",\"item\":\"https:\/\/shop.natureneem.com\/sv\/hem\/\"},{\"@type\":\"ListItem\",\"position\":2,\"name\":\"e-butik\",\"item\":\"https:\/\/shop.natureneem.com\/sv\/e-butik\/\"},{\"@type\":\"ListItem\",\"position\":3,\"name\":\"NutrAza\"}]},{\"@type\":\"WebSite\",\"@id\":\"https:\/\/shop.natureneem.com\/sv\/#website\",\"url\":\"https:\/\/shop.natureneem.com\/sv\/\",\"name\":\"NatureNeem e-Shop\",\"description\":\"Official Shop from Nature Neem\",\"publisher\":{\"@id\":\"https:\/\/shop.natureneem.com\/sv\/#organization\"},\"alternateName\":\"Nature Neem\",\"potentialAction\":[{\"@type\":\"SearchAction\",\"target\":{\"@type\":\"EntryPoint\",\"urlTemplate\":\"https:\/\/shop.natureneem.com\/sv\/?s={search_term_string}\"},\"query-input\":{\"@type\":\"PropertyValueSpecification\",\"valueRequired\":true,\"valueName\":\"search_term_string\"}}],\"inLanguage\":\"sv-SE\"},{\"@type\":\"Organization\",\"@id\":\"https:\/\/shop.natureneem.com\/sv\/#organization\",\"name\":\"Nature Neem\",\"alternateName\":\"Lorsun SAS\",\"url\":\"https:\/\/shop.natureneem.com\/sv\/\",\"logo\":{\"@type\":\"ImageObject\",\"inLanguage\":\"sv-SE\",\"@id\":\"https:\/\/shop.natureneem.com\/sv\/#\/schema\/logo\/image\/\",\"url\":\"https:\/\/shop.natureneem.com\/wp-content\/uploads\/2024\/09\/nn-logo-symbole-2024-01.svg\",\"contentUrl\":\"https:\/\/shop.natureneem.com\/wp-content\/uploads\/2024\/09\/nn-logo-symbole-2024-01.svg\",\"width\":1,\"height\":1,\"caption\":\"Nature Neem\"},\"image\":{\"@id\":\"https:\/\/shop.natureneem.com\/sv\/#\/schema\/logo\/image\/\"},\"sameAs\":[\"https:\/\/www.facebook.com\/natureneemindia\/\",\"https:\/\/x.com\/natureneem\",\"https:\/\/www.youtube.com\/user\/natureneem\",\"https:\/\/www.linkedin.com\/company\/natureneem\"],\"description\":\"Vi \u00e4r engagerade i utveckling och kommersialisering av ekologiska l\u00f6sningar. Vi forts\u00e4tter att uppfinna dessa naturliga alternativa l\u00f6sningar som effektivt kan ers\u00e4tta de kemiskt syntetiserade produkter som skadar v\u00e5r milj\u00f6. V\u00e5rt team \u00e4r s\u00e4rskilt kompetent n\u00e4r det g\u00e4ller att f\u00f6resl\u00e5 ekologiska insatsvaror f\u00f6r jordbruket. Vi fungerar ocks\u00e5 som en sammanslutning av likasinnade m\u00e4nniskor som tror att naturen uppr\u00e4tth\u00e5ller l\u00f6sningen p\u00e5 alla milj\u00f6problem som m\u00e4nniskor st\u00e5r inf\u00f6r.   \",\"email\":\"info@natureneem.com\",\"telephone\":\"+91 77084 00899\",\"legalName\":\"NATURE NEEM PRODUCTS\",\"vatID\":\"FR08891657884\",\"numberOfEmployees\":{\"@type\":\"QuantitativeValue\",\"minValue\":\"51\",\"maxValue\":\"200\"},\"publishingPrinciples\":\"https:\/\/shop.natureneem.com\/\",\"actionableFeedbackPolicy\":\"https:\/\/shop.natureneem.com\/return-and-refund-policy\/\",\"hasMerchantReturnPolicy\":{\"@type\":\"MerchantReturnPolicy\",\"merchantReturnLink\":\"https:\/\/shop.natureneem.com\/return-and-refund-policy\/\"}}]}<\/script>\n<meta property=\"og:availability\" content=\"instock\" \/>\n<meta property=\"product:availability\" content=\"instock\" \/>\n<meta property=\"product:retailer_item_id\" content=\"NN-NUT-XX\" \/>\n<meta property=\"product:condition\" content=\"new\" \/>\n<!-- \/ Yoast SEO Premium plugin. -->","yoast_head_json":{"title":"Neem Fr\u00f6 Pellet: Organisk jordberikning och g\u00f6dsling - NatureNeem e-Shop","description":"\u00d6ka tillv\u00e4xten hos dina v\u00e4xter med NutrAZA, pellets av neemfr\u00f6kaka. Naturligt organiskt g\u00f6dselmedel. F\u00f6rb\u00e4ttrar rotutvecklingen och skyddar mot skadedjur. Neem pellets.","robots":{"index":"index","follow":"follow","max-snippet":"max-snippet:-1","max-image-preview":"max-image-preview:large","max-video-preview":"max-video-preview:-1"},"canonical":"https:\/\/shop.natureneem.com\/sv\/e-shop\/nutraza\/","og_locale":"sv_SE","og_type":"article","og_title":"Kraftfullt g\u00f6dningsmedel f\u00f6r Neem-fr\u00f6n f\u00f6r h\u00e4lsosam jord och v\u00e4xter","og_description":"\u00d6ka v\u00e4xternas tillv\u00e4xt och rotutveckling med v\u00e5ra pellets av neemfr\u00f6. Tillverkad med naturliga makron\u00e4rings\u00e4mnen och mikron\u00e4rings\u00e4mnen, det \u00e4r det perfekta ekologiska valet. \ud83c\udf3f","og_url":"https:\/\/shop.natureneem.com\/sv\/e-shop\/nutraza\/","og_site_name":"NatureNeem e-Shop","article_publisher":"https:\/\/www.facebook.com\/natureneemindia\/","article_modified_time":"2025-06-13T05:51:15+00:00","og_image":[{"width":800,"height":800,"url":"https:\/\/shop.natureneem.com\/wp-content\/uploads\/2024\/10\/nn_nutraza_en-2kg-800x800-1.jpg","type":"image\/jpeg"}],"twitter_card":"summary_large_image","twitter_title":"Neem fr\u00f6 pellet: Organisk jordf\u00f6rb\u00e4ttrings- och g\u00f6dselmedel","twitter_description":"Ge dina v\u00e4xter en naturlig boost med v\u00e5ra neemfr\u00f6pellets. Dessa biostimulanter fr\u00e4mjar rotutvecklingen och den totala v\u00e4xttillv\u00e4xten. Prova dem sj\u00e4lv och se skillnaden!","twitter_site":"@natureneem","twitter_misc":{"Tillg\u00e4nglig":"I lager"},"schema":{"@context":"https:\/\/schema.org","@graph":[{"@type":"WebPage","@id":"https:\/\/shop.natureneem.com\/sv\/e-shop\/nutraza\/","url":"https:\/\/shop.natureneem.com\/sv\/e-shop\/nutraza\/","name":"Neem Fr\u00f6 Pellet: Organisk jordberikning och g\u00f6dsling - NatureNeem e-Shop","isPartOf":{"@id":"https:\/\/shop.natureneem.com\/sv\/#website"},"primaryImageOfPage":{"@id":"https:\/\/shop.natureneem.com\/sv\/e-shop\/nutraza\/#primaryimage"},"image":{"@id":"https:\/\/shop.natureneem.com\/sv\/e-shop\/nutraza\/#primaryimage"},"thumbnailUrl":"https:\/\/shop.natureneem.com\/wp-content\/uploads\/2024\/10\/nn_nutraza_en-2kg-800x800-1.jpg","datePublished":"2023-05-06T15:02:45+00:00","dateModified":"2025-06-13T05:51:15+00:00","description":"\u00d6ka tillv\u00e4xten hos dina v\u00e4xter med NutrAZA, pellets av neemfr\u00f6kaka. Naturligt organiskt g\u00f6dselmedel. F\u00f6rb\u00e4ttrar rotutvecklingen och skyddar mot skadedjur. Neem pellets.","breadcrumb":{"@id":"https:\/\/shop.natureneem.com\/sv\/e-shop\/nutraza\/#breadcrumb"},"inLanguage":"sv-SE","potentialAction":[{"@type":"ReadAction","target":["https:\/\/shop.natureneem.com\/sv\/e-shop\/nutraza\/"]}]},{"@type":"ImageObject","inLanguage":"sv-SE","@id":"https:\/\/shop.natureneem.com\/sv\/e-shop\/nutraza\/#primaryimage","url":"https:\/\/shop.natureneem.com\/wp-content\/uploads\/2024\/10\/nn_nutraza_en-2kg-800x800-1.jpg","contentUrl":"https:\/\/shop.natureneem.com\/wp-content\/uploads\/2024\/10\/nn_nutraza_en-2kg-800x800-1.jpg","width":800,"height":800},{"@type":"BreadcrumbList","@id":"https:\/\/shop.natureneem.com\/sv\/e-shop\/nutraza\/#breadcrumb","itemListElement":[{"@type":"ListItem","position":1,"name":"Home","item":"https:\/\/shop.natureneem.com\/sv\/hem\/"},{"@type":"ListItem","position":2,"name":"e-butik","item":"https:\/\/shop.natureneem.com\/sv\/e-butik\/"},{"@type":"ListItem","position":3,"name":"NutrAza"}]},{"@type":"WebSite","@id":"https:\/\/shop.natureneem.com\/sv\/#website","url":"https:\/\/shop.natureneem.com\/sv\/","name":"NatureNeem e-Shop","description":"Official Shop from Nature Neem","publisher":{"@id":"https:\/\/shop.natureneem.com\/sv\/#organization"},"alternateName":"Nature Neem","potentialAction":[{"@type":"SearchAction","target":{"@type":"EntryPoint","urlTemplate":"https:\/\/shop.natureneem.com\/sv\/?s={search_term_string}"},"query-input":{"@type":"PropertyValueSpecification","valueRequired":true,"valueName":"search_term_string"}}],"inLanguage":"sv-SE"},{"@type":"Organization","@id":"https:\/\/shop.natureneem.com\/sv\/#organization","name":"Nature Neem","alternateName":"Lorsun SAS","url":"https:\/\/shop.natureneem.com\/sv\/","logo":{"@type":"ImageObject","inLanguage":"sv-SE","@id":"https:\/\/shop.natureneem.com\/sv\/#\/schema\/logo\/image\/","url":"https:\/\/shop.natureneem.com\/wp-content\/uploads\/2024\/09\/nn-logo-symbole-2024-01.svg","contentUrl":"https:\/\/shop.natureneem.com\/wp-content\/uploads\/2024\/09\/nn-logo-symbole-2024-01.svg","width":1,"height":1,"caption":"Nature Neem"},"image":{"@id":"https:\/\/shop.natureneem.com\/sv\/#\/schema\/logo\/image\/"},"sameAs":["https:\/\/www.facebook.com\/natureneemindia\/","https:\/\/x.com\/natureneem","https:\/\/www.youtube.com\/user\/natureneem","https:\/\/www.linkedin.com\/company\/natureneem"],"description":"Vi \u00e4r engagerade i utveckling och kommersialisering av ekologiska l\u00f6sningar. Vi forts\u00e4tter att uppfinna dessa naturliga alternativa l\u00f6sningar som effektivt kan ers\u00e4tta de kemiskt syntetiserade produkter som skadar v\u00e5r milj\u00f6. V\u00e5rt team \u00e4r s\u00e4rskilt kompetent n\u00e4r det g\u00e4ller att f\u00f6resl\u00e5 ekologiska insatsvaror f\u00f6r jordbruket. Vi fungerar ocks\u00e5 som en sammanslutning av likasinnade m\u00e4nniskor som tror att naturen uppr\u00e4tth\u00e5ller l\u00f6sningen p\u00e5 alla milj\u00f6problem som m\u00e4nniskor st\u00e5r inf\u00f6r.   ","email":"info@natureneem.com","telephone":"+91 77084 00899","legalName":"NATURE NEEM PRODUCTS","vatID":"FR08891657884","numberOfEmployees":{"@type":"QuantitativeValue","minValue":"51","maxValue":"200"},"publishingPrinciples":"https:\/\/shop.natureneem.com\/","actionableFeedbackPolicy":"https:\/\/shop.natureneem.com\/return-and-refund-policy\/","hasMerchantReturnPolicy":{"@type":"MerchantReturnPolicy","merchantReturnLink":"https:\/\/shop.natureneem.com\/return-and-refund-policy\/"}}]},"og_availability":"instock","product_availability":"instock","product_retailer_item_id":"NN-NUT-XX","product_condition":"new"},"_links":{"self":[{"href":"https:\/\/shop.natureneem.com\/sv\/wp-json\/wp\/v2\/product\/6130","targetHints":{"allow":["GET"]}}],"collection":[{"href":"https:\/\/shop.natureneem.com\/sv\/wp-json\/wp\/v2\/product"}],"about":[{"href":"https:\/\/shop.natureneem.com\/sv\/wp-json\/wp\/v2\/types\/product"}],"replies":[{"embeddable":true,"href":"https:\/\/shop.natureneem.com\/sv\/wp-json\/wp\/v2\/comments?post=6130"}],"wp:featuredmedia":[{"embeddable":true,"href":"https:\/\/shop.natureneem.com\/sv\/wp-json\/wp\/v2\/media\/11912"}],"wp:attachment":[{"href":"https:\/\/shop.natureneem.com\/sv\/wp-json\/wp\/v2\/media?parent=6130"}],"wp:term":[{"taxonomy":"product_brand","embeddable":true,"href":"https:\/\/shop.natureneem.com\/sv\/wp-json\/wp\/v2\/product_brand?post=6130"},{"taxonomy":"product_cat","embeddable":true,"href":"https:\/\/shop.natureneem.com\/sv\/wp-json\/wp\/v2\/product_cat?post=6130"},{"taxonomy":"product_tag","embeddable":true,"href":"https:\/\/shop.natureneem.com\/sv\/wp-json\/wp\/v2\/product_tag?post=6130"}],"curies":[{"name":"wp","href":"https:\/\/api.w.org\/{rel}","templated":true}]}}