{"id":6178,"date":"2021-05-07T11:11:23","date_gmt":"2021-05-07T09:11:23","guid":{"rendered":"https:\/\/shop.natureneem.com\/e-shop\/coco-brick\/"},"modified":"2025-06-13T07:51:28","modified_gmt":"2025-06-13T05:51:28","slug":"coco-brick","status":"publish","type":"product","link":"https:\/\/shop.natureneem.com\/sv\/e-shop\/coco-brick\/","title":{"rendered":"CocoBrick"},"content":{"rendered":"<p style=\"text-align: left;\"><strong>1 tegelsten = 650 g tegelstenar i komprimerat tillst\u00e5nd = <\/strong><strong>12 liter planteringssubstrat efter tillsats av vatten.<br \/>\n<\/strong><strong>V\u00e4ger 3 g\u00e5nger l\u00e4ttare \u00e4n en klassisk krukv\u00e4xtjord.<br \/>\n<\/strong><strong>L\u00e4tt att f\u00f6rvara. Idealisk f\u00f6r stadsodling &#8211; l\u00e4genheter, terrasser &#8230; <\/strong><\/p>\n<p>Komprimerat planteringssubstrat tillverkat av kokosmassa och fiber. L\u00e4tt att f\u00f6rvara. 1 tegelsten p\u00e5 650 g = 12 liter planteringssubstrat efter \u00e5terfuktning. Ger utm\u00e4rkt vattenh\u00e5llning och luftningsegenskaper som fr\u00e4mjar v\u00e4xtetablering och snabb rottillv\u00e4xt. Passar perfekt f\u00f6r plantor, krukv\u00e4xter och k\u00f6kstr\u00e4dg\u00e5rdar.    <\/p>\n<p><strong>Beskrivning<\/strong><\/p>\n<p>Coco Bricks \u00e4r ett planteringsmedium eller substrat som tillverkas av kokosn\u00f6tsm\u00e4rg i komprimerad form. Med 4 liter vatten hydratiseras det inom n\u00e5gra minuter och ger ca 12 liter odlingsklart substrat. Detta substrat \u00e4r l\u00e4mpligt f\u00f6r alla typer av odling, b\u00e5de utomhus och inomhus. N\u00e4r det blandas med tr\u00e4dg\u00e5rdsjord eller andra krukv\u00e4xter fungerar det som jordf\u00f6rb\u00e4ttringsmedel och vattenh\u00e5llare.   <\/p>\n<p><strong>Hur tillverkas produkten?<\/strong><\/p>\n<p>&#8220;Coir&#8221; \u00e4r namnet p\u00e5 den tjocka fibr\u00f6sa mesokarp som omger kokosn\u00f6tens k\u00e4rna. Vid utvinning av fibern erh\u00e5lls en betydande m\u00e4ngd (ca 2\/3) material som kallas PEAT, PITH, DUST eller torv*. Produkten tv\u00e4ttas f\u00f6r att avl\u00e4gsna salter som finns naturligt i den krossade fibern. pH- och saltniv\u00e5erna kontrolleras noggrant f\u00f6r att uppfylla kraven f\u00f6r \u00e4ven k\u00e4nsliga gr\u00f6dor. Torven blandas med skurna kokosfibrer och komprimeras sedan i f\u00f6rh\u00e5llandet 8:1 till ett block med storleken 20 x 10 x 5 cm.    <\/p>\n<p><em>Kokostorv \u00e4r ett svampigt material som \u00e4r naturligt limmat p\u00e5 kokosfiber. Inte att f\u00f6rv\u00e4xla med den icke-f\u00f6rnybara torven, ett organiskt material som finns i vattenm\u00e4ttade milj\u00f6er och skogar och vars utvinning \u00e4r kontroversiell. <\/em><\/p>\n<p><strong>Hur anv\u00e4nder man den?<\/strong><\/p>\n<ul>\n<li>L\u00e4gg det oemballerade blocket i en hink.<\/li>\n<li>Tills\u00e4tt 4 liter vanligt vatten.<\/li>\n<li>L\u00e5t blocket absorbera vattnet i 30 till 60 minuter. Du kan \u00e4ven l\u00e4gga till 1 eller 2 skedar NutrAza, det naturliga g\u00f6dningsmedlet som motverkar skadedjur. <\/li>\n<li>Ett block p\u00e5 650 gram kan med 4 liter vatten ge en jordm\u00e4ngd p\u00e5 10-12 liter planteringsmedia.<\/li>\n<li>H\u00e4ll med \u00f6verfl\u00f6digt vatten efter absorptionsprocessen.<\/li>\n<\/ul>\n<p><strong>Anv\u00e4ndning<\/strong><\/p>\n<ul>\n<li>Passar perfekt f\u00f6r odling av v\u00e4xter och plantor, eller f\u00f6r att blanda med ditt planteringsmedium.<\/li>\n<li>Fr\u00e5nvaron av m\u00f6gel och den j\u00e4mna fuktigheten g\u00f6r att den passar perfekt f\u00f6r plantor, odling av \u00f6rter, gr\u00f6nsaker, prydnadsv\u00e4xter och exotiska v\u00e4xter.<\/li>\n<\/ul>\n<p><strong>Egenskaper<\/strong><\/p>\n<ul>\n<li>100% naturlig produkt, biologiskt nedbrytbar. Nedbrytningsprocess inom 5 \u00e5r. <\/li>\n<li>Minimerar transplantationschocken hos plantorna.<\/li>\n<li>Inga problem med ogr\u00e4s<\/li>\n<li>CocoBricks h\u00e5ller kvar vatten och sl\u00e4pper ut det till v\u00e4xterna n\u00e4r det beh\u00f6vs. Det mjukar upp jorden och m\u00f6jligg\u00f6r en god luftning av r\u00f6tterna, vilket underl\u00e4ttar upptaget av n\u00e4rings\u00e4mnen. Detta leder till h\u00e4rdning av stj\u00e4lkar och r\u00f6tter.  <\/li>\n<li>Eftersom den h\u00e4mmar m\u00f6geltillv\u00e4xt \u00e4r den v\u00e4l l\u00e4mpad f\u00f6r odling av exotiska v\u00e4xter, utan n\u00e5got tillskott<\/li>\n<\/ul>\n","protected":false},"excerpt":{"rendered":"<div>\n<p class=\"ai-optimize-introduction ai-optimize-25\"><strong>Planteringssubstrat &amp; jordf\u00f6rb\u00e4ttringsmedel<\/strong><br \/>\nUppt\u00e4ck f\u00f6rdelarna med Coco Brick, ett m\u00e5ngsidigt substrat, perfekt f\u00f6r en ekologisk tr\u00e4dg\u00e5rdsodling. Coco Brick \u00e4r ett h\u00e5llbart val som f\u00f6rb\u00e4ttrar v\u00e4xtlivet. <\/p>\n<\/div>\n","protected":false},"featured_media":11747,"comment_status":"open","ping_status":"closed","template":"","meta":[],"product_brand":[],"product_cat":[249],"product_tag":[],"class_list":{"0":"post-6178","1":"product","2":"type-product","3":"status-publish","4":"has-post-thumbnail","6":"product_cat-kokosprodukter","7":"product_shipping_class-06-kg-sv","8":"pa_packing-5-kg-70-litres-sv","9":"pa_packing-650-g-11-litres-sv","11":"first","12":"instock","13":"sale","14":"featured","15":"shipping-taxable","16":"purchasable","17":"product-type-variable"},"yoast_head":"<!-- This site is optimized with the Yoast SEO Premium plugin v27.1 (Yoast SEO v27.2) - https:\/\/yoast.com\/product\/yoast-seo-premium-wordpress\/ -->\n<title>Coco tegelsten: L\u00e4tt v\u00e4xtunderlag f\u00f6r urban tr\u00e4dg\u00e5rdssk\u00f6tsel - NatureNeem e-Shop<\/title>\n<meta name=\"description\" content=\"F\u00f6rvandla ditt tr\u00e4dg\u00e5rdsarbete med Coco Brick, ett komprimerat substrat som skapar 12 liter planteringsmedium! Perfekt f\u00f6r stadsodling. \ud83c\udf31\" \/>\n<meta name=\"robots\" content=\"index, follow, max-snippet:-1, max-image-preview:large, max-video-preview:-1\" \/>\n<link rel=\"canonical\" href=\"https:\/\/shop.natureneem.com\/sv\/e-shop\/coco-brick\/\" \/>\n<meta property=\"og:locale\" content=\"sv_SE\" \/>\n<meta property=\"og:type\" content=\"article\" \/>\n<meta property=\"og:title\" content=\"CocoBrick\" \/>\n<meta property=\"og:description\" content=\"F\u00f6rvandla ditt tr\u00e4dg\u00e5rdsarbete med Coco Brick, ett komprimerat substrat som skapar 12 liter planteringsmedium! Perfekt f\u00f6r stadsodling. \ud83c\udf31\" \/>\n<meta property=\"og:url\" content=\"https:\/\/shop.natureneem.com\/sv\/e-shop\/coco-brick\/\" \/>\n<meta property=\"og:site_name\" content=\"NatureNeem e-Shop\" \/>\n<meta property=\"article:publisher\" content=\"https:\/\/www.facebook.com\/natureneemindia\/\" \/>\n<meta property=\"article:modified_time\" content=\"2025-06-13T05:51:28+00:00\" \/>\n<meta property=\"og:image\" content=\"https:\/\/shop.natureneem.com\/wp-content\/uploads\/2021\/05\/2025-05-26-NN_COCO-BRICK-WEB-01-11.jpg\" \/>\n\t<meta property=\"og:image:width\" content=\"2400\" \/>\n\t<meta property=\"og:image:height\" content=\"2400\" \/>\n\t<meta property=\"og:image:type\" content=\"image\/jpeg\" \/>\n<meta name=\"twitter:card\" content=\"summary_large_image\" \/>\n<meta name=\"twitter:site\" content=\"@natureneem\" \/>\n<meta name=\"twitter:label1\" content=\"Tillg\u00e4nglig\" \/>\n\t<meta name=\"twitter:data1\" content=\"I lager\" \/>\n<script type=\"application\/ld+json\" class=\"yoast-schema-graph\">{\"@context\":\"https:\/\/schema.org\",\"@graph\":[{\"@type\":\"WebPage\",\"@id\":\"https:\/\/shop.natureneem.com\/sv\/e-shop\/coco-brick\/\",\"url\":\"https:\/\/shop.natureneem.com\/sv\/e-shop\/coco-brick\/\",\"name\":\"Coco tegelsten: L\u00e4tt v\u00e4xtunderlag f\u00f6r urban tr\u00e4dg\u00e5rdssk\u00f6tsel - NatureNeem e-Shop\",\"isPartOf\":{\"@id\":\"https:\/\/shop.natureneem.com\/sv\/#website\"},\"primaryImageOfPage\":{\"@id\":\"https:\/\/shop.natureneem.com\/sv\/e-shop\/coco-brick\/#primaryimage\"},\"image\":{\"@id\":\"https:\/\/shop.natureneem.com\/sv\/e-shop\/coco-brick\/#primaryimage\"},\"thumbnailUrl\":\"https:\/\/shop.natureneem.com\/wp-content\/uploads\/2021\/05\/2025-05-26-NN_COCO-BRICK-WEB-01-11.jpg\",\"datePublished\":\"2021-05-07T09:11:23+00:00\",\"dateModified\":\"2025-06-13T05:51:28+00:00\",\"description\":\"F\u00f6rvandla ditt tr\u00e4dg\u00e5rdsarbete med Coco Brick, ett komprimerat substrat som skapar 12 liter planteringsmedium! Perfekt f\u00f6r stadsodling. \ud83c\udf31\",\"breadcrumb\":{\"@id\":\"https:\/\/shop.natureneem.com\/sv\/e-shop\/coco-brick\/#breadcrumb\"},\"inLanguage\":\"sv-SE\",\"potentialAction\":[{\"@type\":\"ReadAction\",\"target\":[\"https:\/\/shop.natureneem.com\/sv\/e-shop\/coco-brick\/\"]}]},{\"@type\":\"ImageObject\",\"inLanguage\":\"sv-SE\",\"@id\":\"https:\/\/shop.natureneem.com\/sv\/e-shop\/coco-brick\/#primaryimage\",\"url\":\"https:\/\/shop.natureneem.com\/wp-content\/uploads\/2021\/05\/2025-05-26-NN_COCO-BRICK-WEB-01-11.jpg\",\"contentUrl\":\"https:\/\/shop.natureneem.com\/wp-content\/uploads\/2021\/05\/2025-05-26-NN_COCO-BRICK-WEB-01-11.jpg\",\"width\":2400,\"height\":2400,\"caption\":\"Block av Coco pith\"},{\"@type\":\"BreadcrumbList\",\"@id\":\"https:\/\/shop.natureneem.com\/sv\/e-shop\/coco-brick\/#breadcrumb\",\"itemListElement\":[{\"@type\":\"ListItem\",\"position\":1,\"name\":\"Home\",\"item\":\"https:\/\/shop.natureneem.com\/sv\/hem\/\"},{\"@type\":\"ListItem\",\"position\":2,\"name\":\"e-butik\",\"item\":\"https:\/\/shop.natureneem.com\/sv\/e-butik\/\"},{\"@type\":\"ListItem\",\"position\":3,\"name\":\"CocoBrick\"}]},{\"@type\":\"WebSite\",\"@id\":\"https:\/\/shop.natureneem.com\/sv\/#website\",\"url\":\"https:\/\/shop.natureneem.com\/sv\/\",\"name\":\"NatureNeem e-Shop\",\"description\":\"Official Shop from Nature Neem\",\"publisher\":{\"@id\":\"https:\/\/shop.natureneem.com\/sv\/#organization\"},\"alternateName\":\"Nature Neem\",\"potentialAction\":[{\"@type\":\"SearchAction\",\"target\":{\"@type\":\"EntryPoint\",\"urlTemplate\":\"https:\/\/shop.natureneem.com\/sv\/?s={search_term_string}\"},\"query-input\":{\"@type\":\"PropertyValueSpecification\",\"valueRequired\":true,\"valueName\":\"search_term_string\"}}],\"inLanguage\":\"sv-SE\"},{\"@type\":\"Organization\",\"@id\":\"https:\/\/shop.natureneem.com\/sv\/#organization\",\"name\":\"Nature Neem\",\"alternateName\":\"Lorsun SAS\",\"url\":\"https:\/\/shop.natureneem.com\/sv\/\",\"logo\":{\"@type\":\"ImageObject\",\"inLanguage\":\"sv-SE\",\"@id\":\"https:\/\/shop.natureneem.com\/sv\/#\/schema\/logo\/image\/\",\"url\":\"https:\/\/shop.natureneem.com\/wp-content\/uploads\/2024\/09\/nn-logo-symbole-2024-01.svg\",\"contentUrl\":\"https:\/\/shop.natureneem.com\/wp-content\/uploads\/2024\/09\/nn-logo-symbole-2024-01.svg\",\"width\":1,\"height\":1,\"caption\":\"Nature Neem\"},\"image\":{\"@id\":\"https:\/\/shop.natureneem.com\/sv\/#\/schema\/logo\/image\/\"},\"sameAs\":[\"https:\/\/www.facebook.com\/natureneemindia\/\",\"https:\/\/x.com\/natureneem\",\"https:\/\/www.youtube.com\/user\/natureneem\",\"https:\/\/www.linkedin.com\/company\/natureneem\"],\"description\":\"Vi \u00e4r engagerade i utveckling och kommersialisering av ekologiska l\u00f6sningar. Vi forts\u00e4tter att uppfinna dessa naturliga alternativa l\u00f6sningar som effektivt kan ers\u00e4tta de kemiskt syntetiserade produkter som skadar v\u00e5r milj\u00f6. V\u00e5rt team \u00e4r s\u00e4rskilt kompetent n\u00e4r det g\u00e4ller att f\u00f6resl\u00e5 ekologiska insatsvaror f\u00f6r jordbruket. Vi fungerar ocks\u00e5 som en sammanslutning av likasinnade m\u00e4nniskor som tror att naturen uppr\u00e4tth\u00e5ller l\u00f6sningen p\u00e5 alla milj\u00f6problem som m\u00e4nniskor st\u00e5r inf\u00f6r.   \",\"email\":\"info@natureneem.com\",\"telephone\":\"+91 77084 00899\",\"legalName\":\"NATURE NEEM PRODUCTS\",\"vatID\":\"FR08891657884\",\"numberOfEmployees\":{\"@type\":\"QuantitativeValue\",\"minValue\":\"51\",\"maxValue\":\"200\"},\"publishingPrinciples\":\"https:\/\/shop.natureneem.com\/\",\"actionableFeedbackPolicy\":\"https:\/\/shop.natureneem.com\/return-and-refund-policy\/\",\"hasMerchantReturnPolicy\":{\"@type\":\"MerchantReturnPolicy\",\"merchantReturnLink\":\"https:\/\/shop.natureneem.com\/return-and-refund-policy\/\"}}]}<\/script>\n<meta property=\"og:availability\" content=\"instock\" \/>\n<meta property=\"product:availability\" content=\"instock\" \/>\n<meta property=\"product:retailer_item_id\" content=\"NN-GP-CB\" \/>\n<meta property=\"product:condition\" content=\"new\" \/>\n<!-- \/ Yoast SEO Premium plugin. -->","yoast_head_json":{"title":"Coco tegelsten: L\u00e4tt v\u00e4xtunderlag f\u00f6r urban tr\u00e4dg\u00e5rdssk\u00f6tsel - NatureNeem e-Shop","description":"F\u00f6rvandla ditt tr\u00e4dg\u00e5rdsarbete med Coco Brick, ett komprimerat substrat som skapar 12 liter planteringsmedium! Perfekt f\u00f6r stadsodling. \ud83c\udf31","robots":{"index":"index","follow":"follow","max-snippet":"max-snippet:-1","max-image-preview":"max-image-preview:large","max-video-preview":"max-video-preview:-1"},"canonical":"https:\/\/shop.natureneem.com\/sv\/e-shop\/coco-brick\/","og_locale":"sv_SE","og_type":"article","og_title":"CocoBrick","og_description":"F\u00f6rvandla ditt tr\u00e4dg\u00e5rdsarbete med Coco Brick, ett komprimerat substrat som skapar 12 liter planteringsmedium! Perfekt f\u00f6r stadsodling. \ud83c\udf31","og_url":"https:\/\/shop.natureneem.com\/sv\/e-shop\/coco-brick\/","og_site_name":"NatureNeem e-Shop","article_publisher":"https:\/\/www.facebook.com\/natureneemindia\/","article_modified_time":"2025-06-13T05:51:28+00:00","og_image":[{"width":2400,"height":2400,"url":"https:\/\/shop.natureneem.com\/wp-content\/uploads\/2021\/05\/2025-05-26-NN_COCO-BRICK-WEB-01-11.jpg","type":"image\/jpeg"}],"twitter_card":"summary_large_image","twitter_site":"@natureneem","twitter_misc":{"Tillg\u00e4nglig":"I lager"},"schema":{"@context":"https:\/\/schema.org","@graph":[{"@type":"WebPage","@id":"https:\/\/shop.natureneem.com\/sv\/e-shop\/coco-brick\/","url":"https:\/\/shop.natureneem.com\/sv\/e-shop\/coco-brick\/","name":"Coco tegelsten: L\u00e4tt v\u00e4xtunderlag f\u00f6r urban tr\u00e4dg\u00e5rdssk\u00f6tsel - NatureNeem e-Shop","isPartOf":{"@id":"https:\/\/shop.natureneem.com\/sv\/#website"},"primaryImageOfPage":{"@id":"https:\/\/shop.natureneem.com\/sv\/e-shop\/coco-brick\/#primaryimage"},"image":{"@id":"https:\/\/shop.natureneem.com\/sv\/e-shop\/coco-brick\/#primaryimage"},"thumbnailUrl":"https:\/\/shop.natureneem.com\/wp-content\/uploads\/2021\/05\/2025-05-26-NN_COCO-BRICK-WEB-01-11.jpg","datePublished":"2021-05-07T09:11:23+00:00","dateModified":"2025-06-13T05:51:28+00:00","description":"F\u00f6rvandla ditt tr\u00e4dg\u00e5rdsarbete med Coco Brick, ett komprimerat substrat som skapar 12 liter planteringsmedium! Perfekt f\u00f6r stadsodling. \ud83c\udf31","breadcrumb":{"@id":"https:\/\/shop.natureneem.com\/sv\/e-shop\/coco-brick\/#breadcrumb"},"inLanguage":"sv-SE","potentialAction":[{"@type":"ReadAction","target":["https:\/\/shop.natureneem.com\/sv\/e-shop\/coco-brick\/"]}]},{"@type":"ImageObject","inLanguage":"sv-SE","@id":"https:\/\/shop.natureneem.com\/sv\/e-shop\/coco-brick\/#primaryimage","url":"https:\/\/shop.natureneem.com\/wp-content\/uploads\/2021\/05\/2025-05-26-NN_COCO-BRICK-WEB-01-11.jpg","contentUrl":"https:\/\/shop.natureneem.com\/wp-content\/uploads\/2021\/05\/2025-05-26-NN_COCO-BRICK-WEB-01-11.jpg","width":2400,"height":2400,"caption":"Block av Coco pith"},{"@type":"BreadcrumbList","@id":"https:\/\/shop.natureneem.com\/sv\/e-shop\/coco-brick\/#breadcrumb","itemListElement":[{"@type":"ListItem","position":1,"name":"Home","item":"https:\/\/shop.natureneem.com\/sv\/hem\/"},{"@type":"ListItem","position":2,"name":"e-butik","item":"https:\/\/shop.natureneem.com\/sv\/e-butik\/"},{"@type":"ListItem","position":3,"name":"CocoBrick"}]},{"@type":"WebSite","@id":"https:\/\/shop.natureneem.com\/sv\/#website","url":"https:\/\/shop.natureneem.com\/sv\/","name":"NatureNeem e-Shop","description":"Official Shop from Nature Neem","publisher":{"@id":"https:\/\/shop.natureneem.com\/sv\/#organization"},"alternateName":"Nature Neem","potentialAction":[{"@type":"SearchAction","target":{"@type":"EntryPoint","urlTemplate":"https:\/\/shop.natureneem.com\/sv\/?s={search_term_string}"},"query-input":{"@type":"PropertyValueSpecification","valueRequired":true,"valueName":"search_term_string"}}],"inLanguage":"sv-SE"},{"@type":"Organization","@id":"https:\/\/shop.natureneem.com\/sv\/#organization","name":"Nature Neem","alternateName":"Lorsun SAS","url":"https:\/\/shop.natureneem.com\/sv\/","logo":{"@type":"ImageObject","inLanguage":"sv-SE","@id":"https:\/\/shop.natureneem.com\/sv\/#\/schema\/logo\/image\/","url":"https:\/\/shop.natureneem.com\/wp-content\/uploads\/2024\/09\/nn-logo-symbole-2024-01.svg","contentUrl":"https:\/\/shop.natureneem.com\/wp-content\/uploads\/2024\/09\/nn-logo-symbole-2024-01.svg","width":1,"height":1,"caption":"Nature Neem"},"image":{"@id":"https:\/\/shop.natureneem.com\/sv\/#\/schema\/logo\/image\/"},"sameAs":["https:\/\/www.facebook.com\/natureneemindia\/","https:\/\/x.com\/natureneem","https:\/\/www.youtube.com\/user\/natureneem","https:\/\/www.linkedin.com\/company\/natureneem"],"description":"Vi \u00e4r engagerade i utveckling och kommersialisering av ekologiska l\u00f6sningar. Vi forts\u00e4tter att uppfinna dessa naturliga alternativa l\u00f6sningar som effektivt kan ers\u00e4tta de kemiskt syntetiserade produkter som skadar v\u00e5r milj\u00f6. V\u00e5rt team \u00e4r s\u00e4rskilt kompetent n\u00e4r det g\u00e4ller att f\u00f6resl\u00e5 ekologiska insatsvaror f\u00f6r jordbruket. Vi fungerar ocks\u00e5 som en sammanslutning av likasinnade m\u00e4nniskor som tror att naturen uppr\u00e4tth\u00e5ller l\u00f6sningen p\u00e5 alla milj\u00f6problem som m\u00e4nniskor st\u00e5r inf\u00f6r.   ","email":"info@natureneem.com","telephone":"+91 77084 00899","legalName":"NATURE NEEM PRODUCTS","vatID":"FR08891657884","numberOfEmployees":{"@type":"QuantitativeValue","minValue":"51","maxValue":"200"},"publishingPrinciples":"https:\/\/shop.natureneem.com\/","actionableFeedbackPolicy":"https:\/\/shop.natureneem.com\/return-and-refund-policy\/","hasMerchantReturnPolicy":{"@type":"MerchantReturnPolicy","merchantReturnLink":"https:\/\/shop.natureneem.com\/return-and-refund-policy\/"}}]},"og_availability":"instock","product_availability":"instock","product_retailer_item_id":"NN-GP-CB","product_condition":"new"},"_links":{"self":[{"href":"https:\/\/shop.natureneem.com\/sv\/wp-json\/wp\/v2\/product\/6178","targetHints":{"allow":["GET"]}}],"collection":[{"href":"https:\/\/shop.natureneem.com\/sv\/wp-json\/wp\/v2\/product"}],"about":[{"href":"https:\/\/shop.natureneem.com\/sv\/wp-json\/wp\/v2\/types\/product"}],"replies":[{"embeddable":true,"href":"https:\/\/shop.natureneem.com\/sv\/wp-json\/wp\/v2\/comments?post=6178"}],"wp:featuredmedia":[{"embeddable":true,"href":"https:\/\/shop.natureneem.com\/sv\/wp-json\/wp\/v2\/media\/11747"}],"wp:attachment":[{"href":"https:\/\/shop.natureneem.com\/sv\/wp-json\/wp\/v2\/media?parent=6178"}],"wp:term":[{"taxonomy":"product_brand","embeddable":true,"href":"https:\/\/shop.natureneem.com\/sv\/wp-json\/wp\/v2\/product_brand?post=6178"},{"taxonomy":"product_cat","embeddable":true,"href":"https:\/\/shop.natureneem.com\/sv\/wp-json\/wp\/v2\/product_cat?post=6178"},{"taxonomy":"product_tag","embeddable":true,"href":"https:\/\/shop.natureneem.com\/sv\/wp-json\/wp\/v2\/product_tag?post=6178"}],"curies":[{"name":"wp","href":"https:\/\/api.w.org\/{rel}","templated":true}]}}